{"id":18220,"date":"2024-02-08T14:06:38","date_gmt":"2024-02-08T13:06:38","guid":{"rendered":"https:\/\/showindustrial.com\/?post_type=product&#038;p=18220"},"modified":"2024-02-11T20:52:18","modified_gmt":"2024-02-11T19:52:18","slug":"basmat-cronos","status":"publish","type":"product","link":"https:\/\/showindustrial.com\/fr\/produit\/basmat-cronos\/","title":{"rendered":"Basmat Cronos &#8211; Paillasson en Aluminium 17 mm (Largeur Sp\u00e9ciale)"},"content":{"rendered":"<p><strong>Textile<\/strong><\/p>\n<p><img decoding=\"async\" class=\"alignnone size-medium wp-image-18213\" src=\"http:\/\/showindustrial.com\/wp-content\/uploads\/2024\/02\/felpudo-aluminio-17-mm-ancho-especial-400x53.webp\" alt=\"\" width=\"400\" height=\"53\" srcset=\"https:\/\/showindustrial.com\/wp-content\/uploads\/2024\/02\/felpudo-aluminio-17-mm-ancho-especial-400x53.webp 400w, https:\/\/showindustrial.com\/wp-content\/uploads\/2024\/02\/felpudo-aluminio-17-mm-ancho-especial-1300x174.webp 1300w, https:\/\/showindustrial.com\/wp-content\/uploads\/2024\/02\/felpudo-aluminio-17-mm-ancho-especial-768x103.webp 768w, https:\/\/showindustrial.com\/wp-content\/uploads\/2024\/02\/felpudo-aluminio-17-mm-ancho-especial-1536x205.webp 1536w, https:\/\/showindustrial.com\/wp-content\/uploads\/2024\/02\/felpudo-aluminio-17-mm-ancho-especial-430x57.webp 430w, https:\/\/showindustrial.com\/wp-content\/uploads\/2024\/02\/felpudo-aluminio-17-mm-ancho-especial-700x94.webp 700w, https:\/\/showindustrial.com\/wp-content\/uploads\/2024\/02\/felpudo-aluminio-17-mm-ancho-especial.webp 1766w\" sizes=\"(max-width: 400px) 100vw, 400px\" \/><\/p>\n<p><strong><span style=\"vertical-align: inherit;\">Hauteur<\/span><\/strong><br \/>\n<span style=\"vertical-align: inherit;\"> 17mm. <\/span><br \/>\n<strong><span style=\"vertical-align: inherit;\">Largeur de profil<\/span><\/strong><br \/>\n<span style=\"vertical-align: inherit;\"> 93 mm. <\/span><br \/>\n<strong><span style=\"vertical-align: inherit;\">Profils par m\u00e8tre lin\u00e9aire<\/span><\/strong><br \/>\n<span style=\"vertical-align: inherit;\"> 14 unit\u00e9s. <\/span><br \/>\n<strong><span style=\"vertical-align: inherit;\">Structure<\/span><\/strong><br \/>\n<span style=\"vertical-align: inherit;\"> 100% aluminium . Finition anodis\u00e9e. <\/span><br \/>\n<span style=\"vertical-align: inherit;\">7,35 kg d&rsquo;aluminium par m2.<\/span><\/p>\n<p><strong><span style=\"vertical-align: inherit;\">Finition<\/span><\/strong><br \/>\n<span style=\"vertical-align: inherit;\"> textile . <\/span><br \/>\n<strong><span style=\"vertical-align: inherit;\">Isolation et consolidation<\/span><\/strong><br \/>\n<span style=\"vertical-align: inherit;\"> Mousse de poly\u00e9thyl\u00e8ne autocollante <\/span><br \/>\n<span style=\"vertical-align: inherit;\">avec treillis de fixation. <\/span><br \/>\n<strong><span style=\"vertical-align: inherit;\">Accessoires en option<\/span><\/strong><br \/>\n<span style=\"vertical-align: inherit;\"> Profil\u00e9s lat\u00e9raux et pi\u00e8ces d&rsquo;angle. <\/span><br \/>\n<strong><span style=\"vertical-align: inherit;\">Niveau de difficult\u00e9<\/span><\/strong><br \/>\n<span style=\"vertical-align: inherit;\"> moyen . 20 minutes\/m2. <\/span><br \/>\n<strong><span style=\"vertical-align: inherit;\">Indiqu\u00e9 pour<\/span><\/strong><br \/>\n<span style=\"vertical-align: inherit;\"> une installation int\u00e9gr\u00e9e. <\/span><br \/>\n<strong><span style=\"vertical-align: inherit;\">Dimensions maximales<\/span><\/strong><br \/>\n<span style=\"vertical-align: inherit;\"> Largeur : 3 m \/ illimit\u00e9 (entrelac\u00e9). <\/span><br \/>\n<span style=\"vertical-align: inherit;\">Dur\u00e9e : Sans limites.<\/span><\/p>\n<p><img decoding=\"async\" class=\"alignnone wp-image-18060\" src=\"http:\/\/showindustrial.com\/wp-content\/uploads\/2024\/02\/colores-textil-felpudo-400x203.png\" alt=\"\" width=\"300\" height=\"152\" srcset=\"https:\/\/showindustrial.com\/wp-content\/uploads\/2024\/02\/colores-textil-felpudo-400x203.png 400w, https:\/\/showindustrial.com\/wp-content\/uploads\/2024\/02\/colores-textil-felpudo-768x389.png 768w, https:\/\/showindustrial.com\/wp-content\/uploads\/2024\/02\/colores-textil-felpudo-430x218.png 430w, https:\/\/showindustrial.com\/wp-content\/uploads\/2024\/02\/colores-textil-felpudo-700x355.png 700w, https:\/\/showindustrial.com\/wp-content\/uploads\/2024\/02\/colores-textil-felpudo.png 892w\" sizes=\"(max-width: 300px) 100vw, 300px\" \/><\/p>\n<p><img decoding=\"async\" class=\"alignnone wp-image-18064\" src=\"http:\/\/showindustrial.com\/wp-content\/uploads\/2024\/02\/Captura-de-pantalla-2024-02-07-a-las-23.16.18.png\" alt=\"\" width=\"72\" height=\"81\" \/><\/p>\n<p><strong><span style=\"vertical-align: inherit;\">Incendie &#8211; Production <\/span><\/strong> <strong><span style=\"vertical-align: inherit;\">d&rsquo;humus<\/span><\/strong><br \/>\n<span style=\"vertical-align: inherit;\"> B fl &#8211; S1 <\/span><br \/>\n<strong><span style=\"vertical-align: inherit;\">Charge verticale<\/span><\/strong><br \/>\n<span style=\"vertical-align: inherit;\"> 50 KN (5 000 kg) : Ok <\/span><br \/>\n<strong><span style=\"vertical-align: inherit;\">Resbaladicidad<\/span><\/strong><br \/>\n<span style=\"vertical-align: inherit;\"> Classe 3<\/span><\/p>\n","protected":false},"excerpt":{"rendered":"<p>Textile Hauteur 17mm. Largeur de profil 93 mm. Profils par m\u00e8tre lin\u00e9aire 14 unit\u00e9s. Structure 100% aluminium . Finition anodis\u00e9e. 7,35 kg d&rsquo;aluminium par m2. Finition textile . Isolation et consolidation Mousse de poly\u00e9thyl\u00e8ne autocollante avec treillis de fixation. Accessoires en option Profil\u00e9s lat\u00e9raux et pi\u00e8ces d&rsquo;angle. Niveau de difficult\u00e9 moyen . 20 minutes\/m2. Indiqu\u00e9 &#8230; <a title=\"Basmat Cronos &#8211; Paillasson en Aluminium 17 mm (Largeur Sp\u00e9ciale)\" class=\"read-more\" href=\"https:\/\/showindustrial.com\/fr\/produit\/basmat-cronos\/\" aria-label=\"Read more about Basmat Cronos &#8211; Paillasson en Aluminium 17 mm (Largeur Sp\u00e9ciale)\">Lire la suite<\/a><\/p>\n","protected":false},"featured_media":18212,"comment_status":"open","ping_status":"closed","template":"","meta":[],"product_cat":[109],"product_tag":[],"_links":{"self":[{"href":"https:\/\/showindustrial.com\/fr\/wp-json\/wp\/v2\/product\/18220"}],"collection":[{"href":"https:\/\/showindustrial.com\/fr\/wp-json\/wp\/v2\/product"}],"about":[{"href":"https:\/\/showindustrial.com\/fr\/wp-json\/wp\/v2\/types\/product"}],"replies":[{"embeddable":true,"href":"https:\/\/showindustrial.com\/fr\/wp-json\/wp\/v2\/comments?post=18220"}],"version-history":[{"count":2,"href":"https:\/\/showindustrial.com\/fr\/wp-json\/wp\/v2\/product\/18220\/revisions"}],"predecessor-version":[{"id":18223,"href":"https:\/\/showindustrial.com\/fr\/wp-json\/wp\/v2\/product\/18220\/revisions\/18223"}],"wp:featuredmedia":[{"embeddable":true,"href":"https:\/\/showindustrial.com\/fr\/wp-json\/wp\/v2\/media\/18212"}],"wp:attachment":[{"href":"https:\/\/showindustrial.com\/fr\/wp-json\/wp\/v2\/media?parent=18220"}],"wp:term":[{"taxonomy":"product_cat","embeddable":true,"href":"https:\/\/showindustrial.com\/fr\/wp-json\/wp\/v2\/product_cat?post=18220"},{"taxonomy":"product_tag","embeddable":true,"href":"https:\/\/showindustrial.com\/fr\/wp-json\/wp\/v2\/product_tag?post=18220"}],"curies":[{"name":"wp","href":"https:\/\/api.w.org\/{rel}","templated":true}]}}