{"id":18206,"date":"2024-02-08T14:01:11","date_gmt":"2024-02-08T13:01:11","guid":{"rendered":"https:\/\/showindustrial.com\/?post_type=product&#038;p=18206"},"modified":"2024-02-08T14:03:36","modified_gmt":"2024-02-08T13:03:36","slug":"basmat-cronos-paillasson-en-aluminium-17-mm-largeur-speciale","status":"publish","type":"product","link":"https:\/\/showindustrial.com\/fr\/produit\/basmat-cronos-paillasson-en-aluminium-17-mm-largeur-speciale\/","title":{"rendered":"Basmat Cronos &#8211; Paillasson en Aluminium 17 mm (Largeur Sp\u00e9ciale)"},"content":{"rendered":"<p><strong><span style=\"vertical-align: inherit;\">Textile<\/span><\/strong><\/p>\n<p><img decoding=\"async\" class=\"alignnone size-medium wp-image-18192\" src=\"http:\/\/showindustrial.com\/wp-content\/uploads\/2024\/02\/felpudo-aluminio-ancho-tecnico-400x54.webp\" alt=\"\" width=\"400\" height=\"54\" srcset=\"https:\/\/showindustrial.com\/wp-content\/uploads\/2024\/02\/felpudo-aluminio-ancho-tecnico-400x54.webp 400w, https:\/\/showindustrial.com\/wp-content\/uploads\/2024\/02\/felpudo-aluminio-ancho-tecnico-1300x176.webp 1300w, https:\/\/showindustrial.com\/wp-content\/uploads\/2024\/02\/felpudo-aluminio-ancho-tecnico-768x104.webp 768w, https:\/\/showindustrial.com\/wp-content\/uploads\/2024\/02\/felpudo-aluminio-ancho-tecnico-1536x208.webp 1536w, https:\/\/showindustrial.com\/wp-content\/uploads\/2024\/02\/felpudo-aluminio-ancho-tecnico-430x58.webp 430w, https:\/\/showindustrial.com\/wp-content\/uploads\/2024\/02\/felpudo-aluminio-ancho-tecnico-700x95.webp 700w, https:\/\/showindustrial.com\/wp-content\/uploads\/2024\/02\/felpudo-aluminio-ancho-tecnico.webp 1776w\" sizes=\"(max-width: 400px) 100vw, 400px\" \/><\/p>\n<p><strong><span style=\"vertical-align: inherit;\">Hauteur<\/span><\/strong><br \/>\n<span style=\"vertical-align: inherit;\"> 17mm. <\/span><br \/>\n<strong><span style=\"vertical-align: inherit;\">Largeur de profil<\/span><\/strong><br \/>\n<span style=\"vertical-align: inherit;\"> 69 mm. <\/span><br \/>\n<strong><span style=\"vertical-align: inherit;\">Profils par m\u00e8tre lin\u00e9aire<\/span><\/strong><br \/>\n<span style=\"vertical-align: inherit;\"> 14 unit\u00e9s. <\/span><br \/>\n<strong><span style=\"vertical-align: inherit;\">Structure<\/span><\/strong><br \/>\n<span style=\"vertical-align: inherit;\"> 100% aluminium . Finition anodis\u00e9e. <\/span><br \/>\n<span style=\"vertical-align: inherit;\">8,8 kg d&rsquo;aluminium par m2.<\/span><\/p>\n<p><strong><span style=\"vertical-align: inherit;\">Finition<\/span><\/strong><br \/>\n<span style=\"vertical-align: inherit;\"> textile . <\/span><br \/>\n<strong><span style=\"vertical-align: inherit;\">Isolation et consolidation<\/span><\/strong><br \/>\n<span style=\"vertical-align: inherit;\"> Mousse de poly\u00e9thyl\u00e8ne autocollante <\/span><br \/>\n<span style=\"vertical-align: inherit;\">avec treillis de fixation. <\/span><br \/>\n<strong><span style=\"vertical-align: inherit;\">Accessoires en option<\/span><\/strong><br \/>\n<span style=\"vertical-align: inherit;\"> Profil\u00e9s lat\u00e9raux et pi\u00e8ces d&rsquo;angle. <\/span><br \/>\n<strong><span style=\"vertical-align: inherit;\">Niveau de difficult\u00e9<\/span><\/strong><br \/>\n<span style=\"vertical-align: inherit;\"> tr\u00e8s faible . 10 minutes\/m2. <\/span><br \/>\n<strong><span style=\"vertical-align: inherit;\">Indiqu\u00e9 pour<\/span><\/strong><br \/>\n<span style=\"vertical-align: inherit;\"> une installation int\u00e9gr\u00e9e. Excellentes installations. <\/span><br \/>\n<strong><span style=\"vertical-align: inherit;\">Dimensions maximales<\/span><\/strong><br \/>\n<span style=\"vertical-align: inherit;\"> Largeur : 3 m \/ illimit\u00e9 (entrelac\u00e9). <\/span><br \/>\n<span style=\"vertical-align: inherit;\">Dur\u00e9e : Sans limites.<\/span><\/p>\n<p><img decoding=\"async\" class=\"alignnone wp-image-18060\" src=\"http:\/\/showindustrial.com\/wp-content\/uploads\/2024\/02\/colores-textil-felpudo-400x203.png\" alt=\"\" width=\"305\" height=\"155\" srcset=\"https:\/\/showindustrial.com\/wp-content\/uploads\/2024\/02\/colores-textil-felpudo-400x203.png 400w, https:\/\/showindustrial.com\/wp-content\/uploads\/2024\/02\/colores-textil-felpudo-768x389.png 768w, https:\/\/showindustrial.com\/wp-content\/uploads\/2024\/02\/colores-textil-felpudo-430x218.png 430w, https:\/\/showindustrial.com\/wp-content\/uploads\/2024\/02\/colores-textil-felpudo-700x355.png 700w, https:\/\/showindustrial.com\/wp-content\/uploads\/2024\/02\/colores-textil-felpudo.png 892w\" sizes=\"(max-width: 305px) 100vw, 305px\" \/><\/p>\n<p><img decoding=\"async\" class=\"alignnone wp-image-18064\" src=\"http:\/\/showindustrial.com\/wp-content\/uploads\/2024\/02\/Captura-de-pantalla-2024-02-07-a-las-23.16.18.png\" alt=\"\" width=\"78\" height=\"88\" \/><\/p>\n<p><strong><span style=\"vertical-align: inherit;\">Incendie &#8211; Production de fum\u00e9e<\/span><\/strong><br \/>\n<span style=\"vertical-align: inherit;\"> B fl &#8211; S1 <\/span><br \/>\n<strong><span style=\"vertical-align: inherit;\">Charge verticale<\/span><\/strong><br \/>\n<span style=\"vertical-align: inherit;\"> 50 KN (5 000 kg) : Ok <\/span><br \/>\n<strong><span style=\"vertical-align: inherit;\">Glissant<\/span><\/strong><br \/>\n<span style=\"vertical-align: inherit;\"> Classe 3<\/span><\/p>\n","protected":false},"excerpt":{"rendered":"<p>Textile Hauteur 17mm. Largeur de profil 69 mm. Profils par m\u00e8tre lin\u00e9aire 14 unit\u00e9s. Structure 100% aluminium . Finition anodis\u00e9e. 8,8 kg d&rsquo;aluminium par m2. Finition textile . Isolation et consolidation Mousse de poly\u00e9thyl\u00e8ne autocollante avec treillis de fixation. Accessoires en option Profil\u00e9s lat\u00e9raux et pi\u00e8ces d&rsquo;angle. Niveau de difficult\u00e9 tr\u00e8s faible . 10 minutes\/m2. &#8230; <a title=\"Basmat Cronos &#8211; Paillasson en Aluminium 17 mm (Largeur Sp\u00e9ciale)\" class=\"read-more\" href=\"https:\/\/showindustrial.com\/fr\/produit\/basmat-cronos-paillasson-en-aluminium-17-mm-largeur-speciale\/\" aria-label=\"Read more about Basmat Cronos &#8211; Paillasson en Aluminium 17 mm (Largeur Sp\u00e9ciale)\">Lire la suite<\/a><\/p>\n","protected":false},"featured_media":18199,"comment_status":"open","ping_status":"closed","template":"","meta":[],"product_cat":[109],"product_tag":[],"_links":{"self":[{"href":"https:\/\/showindustrial.com\/fr\/wp-json\/wp\/v2\/product\/18206"}],"collection":[{"href":"https:\/\/showindustrial.com\/fr\/wp-json\/wp\/v2\/product"}],"about":[{"href":"https:\/\/showindustrial.com\/fr\/wp-json\/wp\/v2\/types\/product"}],"replies":[{"embeddable":true,"href":"https:\/\/showindustrial.com\/fr\/wp-json\/wp\/v2\/comments?post=18206"}],"version-history":[{"count":1,"href":"https:\/\/showindustrial.com\/fr\/wp-json\/wp\/v2\/product\/18206\/revisions"}],"predecessor-version":[{"id":18207,"href":"https:\/\/showindustrial.com\/fr\/wp-json\/wp\/v2\/product\/18206\/revisions\/18207"}],"wp:featuredmedia":[{"embeddable":true,"href":"https:\/\/showindustrial.com\/fr\/wp-json\/wp\/v2\/media\/18199"}],"wp:attachment":[{"href":"https:\/\/showindustrial.com\/fr\/wp-json\/wp\/v2\/media?parent=18206"}],"wp:term":[{"taxonomy":"product_cat","embeddable":true,"href":"https:\/\/showindustrial.com\/fr\/wp-json\/wp\/v2\/product_cat?post=18206"},{"taxonomy":"product_tag","embeddable":true,"href":"https:\/\/showindustrial.com\/fr\/wp-json\/wp\/v2\/product_tag?post=18206"}],"curies":[{"name":"wp","href":"https:\/\/api.w.org\/{rel}","templated":true}]}}