{"id":18185,"date":"2024-02-08T13:56:13","date_gmt":"2024-02-08T12:56:13","guid":{"rendered":"https:\/\/showindustrial.com\/?post_type=product&#038;p=18185"},"modified":"2024-02-08T13:57:40","modified_gmt":"2024-02-08T12:57:40","slug":"basmat-artemis-paillasson-en-aluminium-9-mm-largeur-speciale","status":"publish","type":"product","link":"https:\/\/showindustrial.com\/fr\/produit\/basmat-artemis-paillasson-en-aluminium-9-mm-largeur-speciale\/","title":{"rendered":"Basmat Artemis &#8211; Paillasson en aluminium 9 mm (largeur sp\u00e9ciale)"},"content":{"rendered":"<p><img decoding=\"async\" class=\"alignnone wp-image-18177\" src=\"http:\/\/showindustrial.com\/wp-content\/uploads\/2024\/02\/felpudo-tecnico-de-aluminio-400x48.webp\" alt=\"\" width=\"425\" height=\"51\" srcset=\"https:\/\/showindustrial.com\/wp-content\/uploads\/2024\/02\/felpudo-tecnico-de-aluminio-400x48.webp 400w, https:\/\/showindustrial.com\/wp-content\/uploads\/2024\/02\/felpudo-tecnico-de-aluminio-1300x156.webp 1300w, https:\/\/showindustrial.com\/wp-content\/uploads\/2024\/02\/felpudo-tecnico-de-aluminio-768x92.webp 768w, https:\/\/showindustrial.com\/wp-content\/uploads\/2024\/02\/felpudo-tecnico-de-aluminio-1536x184.webp 1536w, https:\/\/showindustrial.com\/wp-content\/uploads\/2024\/02\/felpudo-tecnico-de-aluminio-430x52.webp 430w, https:\/\/showindustrial.com\/wp-content\/uploads\/2024\/02\/felpudo-tecnico-de-aluminio-700x84.webp 700w, https:\/\/showindustrial.com\/wp-content\/uploads\/2024\/02\/felpudo-tecnico-de-aluminio.webp 1720w\" sizes=\"(max-width: 425px) 100vw, 425px\" \/><\/p>\n<p><strong><span style=\"vertical-align: inherit;\">Hauteur<\/span><\/strong><br \/>\n<span style=\"vertical-align: inherit;\"> 9mm. <\/span><br \/>\n<strong><span style=\"vertical-align: inherit;\">Largeur de profil<\/span><\/strong><br \/>\n<span style=\"vertical-align: inherit;\"> 69 mm. <\/span><br \/>\n<strong><span style=\"vertical-align: inherit;\">Profils par m\u00e8tre lin\u00e9aire<\/span><\/strong><br \/>\n<span style=\"vertical-align: inherit;\"> 14 unit\u00e9s. <\/span><br \/>\n<strong><span style=\"vertical-align: inherit;\">Structure<\/span><\/strong><br \/>\n<span style=\"vertical-align: inherit;\"> 100% aluminium . Finition anodis\u00e9e. <\/span><br \/>\n<span style=\"vertical-align: inherit;\">5,5 kg d&rsquo;aluminium par m2.<\/span><\/p>\n<p><strong><span style=\"vertical-align: inherit;\">Finition<\/span><\/strong><br \/>\n<span style=\"vertical-align: inherit;\"> textile . <\/span><br \/>\n<strong><span style=\"vertical-align: inherit;\">Isolation et consolidation<\/span><\/strong><br \/>\n<span style=\"vertical-align: inherit;\"> Mousse de poly\u00e9thyl\u00e8ne autocollante <\/span><br \/>\n<span style=\"vertical-align: inherit;\">avec treillis de fixation. <\/span><br \/>\n<strong><span style=\"vertical-align: inherit;\">Accessoires en option<\/span><\/strong><br \/>\n<span style=\"vertical-align: inherit;\"> Profil\u00e9s lat\u00e9raux et pi\u00e8ces d&rsquo;angle. <\/span><br \/>\n<span style=\"vertical-align: inherit;\">Niveau de difficult\u00e9 tr\u00e8s faible <\/span><br \/>\n<span style=\"vertical-align: inherit;\">. 10 minutes\/m2. <\/span><br \/>\n<strong><span style=\"vertical-align: inherit;\">Indiqu\u00e9 pour<\/span><\/strong><\/p>\n<p><span style=\"vertical-align: inherit;\">Sols stratifi\u00e9s et sols de toute hauteur. Excellentes installations.<\/span><\/p>\n<p><strong><span style=\"vertical-align: inherit;\">Dimensions maximales<\/span><\/strong><br \/>\n<span style=\"vertical-align: inherit;\"> Largeur : 3 m \/ illimit\u00e9 (entrelac\u00e9). <\/span><br \/>\n<span style=\"vertical-align: inherit;\">Dur\u00e9e : Sans limites.<\/span><\/p>\n<p><img fetchpriority=\"high\" decoding=\"async\" class=\"alignnone wp-image-18060\" src=\"http:\/\/showindustrial.com\/wp-content\/uploads\/2024\/02\/colores-textil-felpudo-400x203.png\" alt=\"\" width=\"357\" height=\"181\" srcset=\"https:\/\/showindustrial.com\/wp-content\/uploads\/2024\/02\/colores-textil-felpudo-400x203.png 400w, https:\/\/showindustrial.com\/wp-content\/uploads\/2024\/02\/colores-textil-felpudo-768x389.png 768w, https:\/\/showindustrial.com\/wp-content\/uploads\/2024\/02\/colores-textil-felpudo-430x218.png 430w, https:\/\/showindustrial.com\/wp-content\/uploads\/2024\/02\/colores-textil-felpudo-700x355.png 700w, https:\/\/showindustrial.com\/wp-content\/uploads\/2024\/02\/colores-textil-felpudo.png 892w\" sizes=\"(max-width: 357px) 100vw, 357px\" \/><\/p>\n<p><img decoding=\"async\" class=\"alignnone wp-image-18064\" src=\"http:\/\/showindustrial.com\/wp-content\/uploads\/2024\/02\/Captura-de-pantalla-2024-02-07-a-las-23.16.18.png\" alt=\"\" width=\"86\" height=\"97\" \/><\/p>\n<p><strong><span style=\"vertical-align: inherit;\">Incendie &#8211; Production de fum\u00e9e<\/span><\/strong><br \/>\n<span style=\"vertical-align: inherit;\"> B fl &#8211; S1 <\/span><br \/>\n<strong><span style=\"vertical-align: inherit;\">Charge verticale<\/span><\/strong><br \/>\n<span style=\"vertical-align: inherit;\"> 50 KN (5 000 kg) : Ok <\/span><br \/>\n<strong><span style=\"vertical-align: inherit;\">Glissant<\/span><\/strong><br \/>\n<span style=\"vertical-align: inherit;\"> Classe 3<\/span><\/p>\n","protected":false},"excerpt":{"rendered":"<p>Hauteur 9mm. Largeur de profil 69 mm. Profils par m\u00e8tre lin\u00e9aire 14 unit\u00e9s. Structure 100% aluminium . Finition anodis\u00e9e. 5,5 kg d&rsquo;aluminium par m2. Finition textile . Isolation et consolidation Mousse de poly\u00e9thyl\u00e8ne autocollante avec treillis de fixation. Accessoires en option Profil\u00e9s lat\u00e9raux et pi\u00e8ces d&rsquo;angle. Niveau de difficult\u00e9 tr\u00e8s faible . 10 minutes\/m2. Indiqu\u00e9 &#8230; <a title=\"Basmat Artemis &#8211; Paillasson en aluminium 9 mm (largeur sp\u00e9ciale)\" class=\"read-more\" href=\"https:\/\/showindustrial.com\/fr\/produit\/basmat-artemis-paillasson-en-aluminium-9-mm-largeur-speciale\/\" aria-label=\"Read more about Basmat Artemis &#8211; Paillasson en aluminium 9 mm (largeur sp\u00e9ciale)\">Lire la suite<\/a><\/p>\n","protected":false},"featured_media":18176,"comment_status":"open","ping_status":"closed","template":"","meta":[],"product_cat":[109],"product_tag":[],"_links":{"self":[{"href":"https:\/\/showindustrial.com\/fr\/wp-json\/wp\/v2\/product\/18185"}],"collection":[{"href":"https:\/\/showindustrial.com\/fr\/wp-json\/wp\/v2\/product"}],"about":[{"href":"https:\/\/showindustrial.com\/fr\/wp-json\/wp\/v2\/types\/product"}],"replies":[{"embeddable":true,"href":"https:\/\/showindustrial.com\/fr\/wp-json\/wp\/v2\/comments?post=18185"}],"version-history":[{"count":1,"href":"https:\/\/showindustrial.com\/fr\/wp-json\/wp\/v2\/product\/18185\/revisions"}],"predecessor-version":[{"id":18187,"href":"https:\/\/showindustrial.com\/fr\/wp-json\/wp\/v2\/product\/18185\/revisions\/18187"}],"wp:featuredmedia":[{"embeddable":true,"href":"https:\/\/showindustrial.com\/fr\/wp-json\/wp\/v2\/media\/18176"}],"wp:attachment":[{"href":"https:\/\/showindustrial.com\/fr\/wp-json\/wp\/v2\/media?parent=18185"}],"wp:term":[{"taxonomy":"product_cat","embeddable":true,"href":"https:\/\/showindustrial.com\/fr\/wp-json\/wp\/v2\/product_cat?post=18185"},{"taxonomy":"product_tag","embeddable":true,"href":"https:\/\/showindustrial.com\/fr\/wp-json\/wp\/v2\/product_tag?post=18185"}],"curies":[{"name":"wp","href":"https:\/\/api.w.org\/{rel}","templated":true}]}}