{"id":18170,"date":"2024-02-08T13:47:42","date_gmt":"2024-02-08T12:47:42","guid":{"rendered":"https:\/\/showindustrial.com\/?post_type=product&#038;p=18170"},"modified":"2024-02-08T13:52:50","modified_gmt":"2024-02-08T12:52:50","slug":"basmat-atenea-ramps-paillasson-en-aluminium-pas-de-fosse-necessaire","status":"publish","type":"product","link":"https:\/\/showindustrial.com\/fr\/produit\/basmat-atenea-ramps-paillasson-en-aluminium-pas-de-fosse-necessaire\/","title":{"rendered":"Basmat Atenea + Ramps &#8211; Paillasson en aluminium (Pas de fosse n\u00e9cessaire)"},"content":{"rendered":"<p>&nbsp;<\/p>\n<table>\n<thead>\n<tr>\n<th><span style=\"vertical-align: inherit;\">Caract\u00e9ristiques<\/span><\/th>\n<th><span style=\"vertical-align: inherit;\">Textile &#8211; Rampes<\/span><\/p>\n<p><img fetchpriority=\"high\" decoding=\"async\" class=\"alignnone size-medium wp-image-18052\" src=\"http:\/\/showindustrial.com\/wp-content\/uploads\/2024\/02\/textil-felpudo-aluminio-400x162.png\" alt=\"\" width=\"400\" height=\"162\" srcset=\"https:\/\/showindustrial.com\/wp-content\/uploads\/2024\/02\/textil-felpudo-aluminio-400x162.png 400w, https:\/\/showindustrial.com\/wp-content\/uploads\/2024\/02\/textil-felpudo-aluminio-430x174.png 430w, https:\/\/showindustrial.com\/wp-content\/uploads\/2024\/02\/textil-felpudo-aluminio-700x283.png 700w, https:\/\/showindustrial.com\/wp-content\/uploads\/2024\/02\/textil-felpudo-aluminio.png 712w\" sizes=\"(max-width: 400px) 100vw, 400px\" \/><\/th>\n<th><span style=\"vertical-align: inherit;\">Caoutchouc &#8211; Rampes<\/span><\/p>\n<p><img decoding=\"async\" class=\"alignnone size-medium wp-image-18056\" src=\"http:\/\/showindustrial.com\/wp-content\/uploads\/2024\/02\/goma-felpudo-aluminio-400x138.png\" alt=\"\" width=\"400\" height=\"138\" srcset=\"https:\/\/showindustrial.com\/wp-content\/uploads\/2024\/02\/goma-felpudo-aluminio-400x138.png 400w, https:\/\/showindustrial.com\/wp-content\/uploads\/2024\/02\/goma-felpudo-aluminio-430x148.png 430w, https:\/\/showindustrial.com\/wp-content\/uploads\/2024\/02\/goma-felpudo-aluminio-700x241.png 700w, https:\/\/showindustrial.com\/wp-content\/uploads\/2024\/02\/goma-felpudo-aluminio.png 748w\" sizes=\"(max-width: 400px) 100vw, 400px\" \/><\/th>\n<th><span style=\"vertical-align: inherit;\"><span class=\"VIpgJd-yAWNEb-VIpgJd-fmcmS-sn54Q\" style=\"vertical-align: inherit;\">Brosses &#8211; Rampes<\/span><\/span><\/p>\n<p><img decoding=\"async\" class=\"alignnone size-medium wp-image-18155\" src=\"http:\/\/showindustrial.com\/wp-content\/uploads\/2024\/02\/cepillos-aluminio-tecnico-felpudo-400x101.webp\" alt=\"\" width=\"400\" height=\"101\" srcset=\"https:\/\/showindustrial.com\/wp-content\/uploads\/2024\/02\/cepillos-aluminio-tecnico-felpudo-400x101.webp 400w, https:\/\/showindustrial.com\/wp-content\/uploads\/2024\/02\/cepillos-aluminio-tecnico-felpudo-768x193.webp 768w, https:\/\/showindustrial.com\/wp-content\/uploads\/2024\/02\/cepillos-aluminio-tecnico-felpudo-430x108.webp 430w, https:\/\/showindustrial.com\/wp-content\/uploads\/2024\/02\/cepillos-aluminio-tecnico-felpudo-700x176.webp 700w, https:\/\/showindustrial.com\/wp-content\/uploads\/2024\/02\/cepillos-aluminio-tecnico-felpudo.webp 826w\" sizes=\"(max-width: 400px) 100vw, 400px\" \/><\/th>\n<\/tr>\n<\/thead>\n<tbody>\n<tr>\n<td><span style=\"vertical-align: inherit;\">Hauteur<\/span><\/td>\n<td><span style=\"vertical-align: inherit;\">9 millim\u00e8tres<\/span><\/td>\n<td><span style=\"vertical-align: inherit;\">9 millim\u00e8tres<\/span><\/td>\n<td><span style=\"vertical-align: inherit;\">9 millim\u00e8tres<\/span><\/td>\n<\/tr>\n<tr>\n<td><span style=\"vertical-align: inherit;\">Largeur du profil<\/span><\/td>\n<td><span style=\"vertical-align: inherit;\">33mm<\/span><\/td>\n<td><span style=\"vertical-align: inherit;\">33mm<\/span><\/td>\n<td><span style=\"vertical-align: inherit;\">33mm<\/span><\/td>\n<\/tr>\n<tr>\n<td><span style=\"vertical-align: inherit;\">Profils par m\u00e8tre lin\u00e9aire<\/span><\/td>\n<td><span style=\"vertical-align: inherit;\">30 unit\u00e9s<\/span><\/td>\n<td><span style=\"vertical-align: inherit;\">30 unit\u00e9s<\/span><\/td>\n<td><span style=\"vertical-align: inherit;\">30 unit\u00e9s<\/span><\/td>\n<\/tr>\n<tr>\n<td><span style=\"vertical-align: inherit;\">Structure<\/span><\/td>\n<td><span style=\"vertical-align: inherit;\">100% aluminium. finition anodis\u00e9e<\/span><\/td>\n<td><span style=\"vertical-align: inherit;\">100% aluminium. finition anodis\u00e9e<\/span><\/td>\n<td><span style=\"vertical-align: inherit;\">100% aluminium. finition anodis\u00e9e<\/span><\/td>\n<\/tr>\n<tr>\n<td><span style=\"vertical-align: inherit;\">Poids de l&rsquo;aluminium par m2<\/span><\/td>\n<td><span style=\"vertical-align: inherit;\">7,3 kg<\/span><\/td>\n<td><span style=\"vertical-align: inherit;\">7,3 kg<\/span><\/td>\n<td><span style=\"vertical-align: inherit;\">7,3 kg<\/span><\/td>\n<\/tr>\n<tr>\n<td><span style=\"vertical-align: inherit;\">Finition<\/span><\/td>\n<td><span style=\"vertical-align: inherit;\">Textile<\/span><\/td>\n<td><span style=\"vertical-align: inherit;\">Dix<\/span><\/td>\n<td><span style=\"vertical-align: inherit;\">Pinceaux<\/span><\/td>\n<\/tr>\n<tr>\n<td><span style=\"vertical-align: inherit;\">Isolement et consolidation<\/span><\/td>\n<td><span style=\"vertical-align: inherit;\">Mousse de caoutchouc autocollante antid\u00e9rapante avec filet agrippant<\/span><\/td>\n<td><span style=\"vertical-align: inherit;\">Mousse de caoutchouc autocollante antid\u00e9rapante avec filet agrippant<\/span><\/td>\n<td><span style=\"vertical-align: inherit;\">Mousse de caoutchouc autocollante antid\u00e9rapante avec filet agrippant<\/span><\/td>\n<\/tr>\n<tr>\n<td><span style=\"vertical-align: inherit;\">Accessoires inclus<\/span><\/td>\n<td><span style=\"vertical-align: inherit;\">Rampes et pi\u00e8ces d&rsquo;angle<\/span><\/td>\n<td><span style=\"vertical-align: inherit;\">Rampes et pi\u00e8ces d&rsquo;angle<\/span><\/td>\n<td><span style=\"vertical-align: inherit;\">Rampes et pi\u00e8ces d&rsquo;angle<\/span><\/td>\n<\/tr>\n<tr>\n<td><span style=\"vertical-align: inherit;\">Niveau de difficult\u00e9<\/span><\/td>\n<td><span style=\"vertical-align: inherit;\">Bajo. 15 minutes\/m2<\/span><\/td>\n<td><span style=\"vertical-align: inherit;\">Bajo. 15 minutes\/m2<\/span><\/td>\n<td><span style=\"vertical-align: inherit;\">Bajo. 15 minutes\/m2<\/span><\/td>\n<\/tr>\n<tr>\n<td><span style=\"vertical-align: inherit;\">Indiqu\u00e9 pour<\/span><\/td>\n<td><span style=\"vertical-align: inherit;\">Chauss\u00e9es sans fosse<\/span><\/td>\n<td><span style=\"vertical-align: inherit;\">Chauss\u00e9es sans fosse<\/span><\/td>\n<td><span style=\"vertical-align: inherit;\">Chauss\u00e9es sans fosse<\/span><\/td>\n<\/tr>\n<tr>\n<td><span style=\"vertical-align: inherit;\">Dimensions maximales<\/span><\/td>\n<td><span style=\"vertical-align: inherit;\">Largeur : 3 m \/ illimit\u00e9 (entrelac\u00e9). Dur\u00e9e\u00a0: Illimit\u00e9e<\/span><\/td>\n<td><span style=\"vertical-align: inherit;\">Largeur : 3 m \/ illimit\u00e9 (entrelac\u00e9). Dur\u00e9e\u00a0: Illimit\u00e9e<\/span><\/td>\n<td><span style=\"vertical-align: inherit;\">Largeur : 3 m \/ illimit\u00e9 (entrelac\u00e9). Dur\u00e9e\u00a0: Illimit\u00e9e<\/span><\/td>\n<\/tr>\n<tr>\n<td><span style=\"vertical-align: inherit;\">Incendie &#8211; Production de fum\u00e9e<\/span><\/td>\n<td><span style=\"vertical-align: inherit;\">B en S1<\/span><\/td>\n<td><span style=\"vertical-align: inherit;\">D fl &#8211; S1<\/span><\/td>\n<td><span style=\"vertical-align: inherit;\">B en S1<\/span><\/td>\n<\/tr>\n<tr>\n<td><span style=\"vertical-align: inherit;\">Chargement vertical<\/span><\/td>\n<td><span style=\"vertical-align: inherit;\">50 KN (5 000 kg)\u00a0: OK<\/span><\/td>\n<td><span style=\"vertical-align: inherit;\">50 KN (5 000 kg)\u00a0: OK<\/span><\/td>\n<td><span style=\"vertical-align: inherit;\">50 KN (5 000 kg)\u00a0: OK<\/span><\/td>\n<\/tr>\n<tr>\n<td><span style=\"vertical-align: inherit;\">Glissance<\/span><\/td>\n<td><span style=\"vertical-align: inherit;\">Classe 3<\/span><\/td>\n<td><span style=\"vertical-align: inherit;\">Classe 3<\/span><\/td>\n<td><span style=\"vertical-align: inherit;\">Classe 3<\/span><\/td>\n<\/tr>\n<tr>\n<td><span style=\"vertical-align: inherit;\">Couleurs<\/span><\/td>\n<td><img loading=\"lazy\" decoding=\"async\" class=\"alignnone size-medium wp-image-18060\" src=\"http:\/\/showindustrial.com\/wp-content\/uploads\/2024\/02\/colores-textil-felpudo-400x203.png\" alt=\"\" width=\"400\" height=\"203\" srcset=\"https:\/\/showindustrial.com\/wp-content\/uploads\/2024\/02\/colores-textil-felpudo-400x203.png 400w, https:\/\/showindustrial.com\/wp-content\/uploads\/2024\/02\/colores-textil-felpudo-768x389.png 768w, https:\/\/showindustrial.com\/wp-content\/uploads\/2024\/02\/colores-textil-felpudo-430x218.png 430w, https:\/\/showindustrial.com\/wp-content\/uploads\/2024\/02\/colores-textil-felpudo-700x355.png 700w, https:\/\/showindustrial.com\/wp-content\/uploads\/2024\/02\/colores-textil-felpudo.png 892w\" sizes=\"(max-width: 400px) 100vw, 400px\" \/><\/p>\n<p><img loading=\"lazy\" decoding=\"async\" class=\"alignnone wp-image-18064\" src=\"http:\/\/showindustrial.com\/wp-content\/uploads\/2024\/02\/Captura-de-pantalla-2024-02-07-a-las-23.16.18.png\" alt=\"\" width=\"66\" height=\"74\" \/><\/td>\n<td><img loading=\"lazy\" decoding=\"async\" class=\"alignnone wp-image-18068\" src=\"http:\/\/showindustrial.com\/wp-content\/uploads\/2024\/02\/felpudo-goma-colores.png\" alt=\"\" width=\"62\" height=\"75\" \/><\/td>\n<td><img loading=\"lazy\" decoding=\"async\" class=\"alignnone size-medium wp-image-18072\" src=\"http:\/\/showindustrial.com\/wp-content\/uploads\/2024\/02\/colores-felpudo-cepillo-400x107.png\" alt=\"\" width=\"400\" height=\"107\" srcset=\"https:\/\/showindustrial.com\/wp-content\/uploads\/2024\/02\/colores-felpudo-cepillo-400x107.png 400w, https:\/\/showindustrial.com\/wp-content\/uploads\/2024\/02\/colores-felpudo-cepillo-768x205.png 768w, https:\/\/showindustrial.com\/wp-content\/uploads\/2024\/02\/colores-felpudo-cepillo-430x115.png 430w, https:\/\/showindustrial.com\/wp-content\/uploads\/2024\/02\/colores-felpudo-cepillo-700x187.png 700w, https:\/\/showindustrial.com\/wp-content\/uploads\/2024\/02\/colores-felpudo-cepillo.png 868w\" sizes=\"(max-width: 400px) 100vw, 400px\" \/><\/td>\n<\/tr>\n<\/tbody>\n<\/table>\n","protected":false},"excerpt":{"rendered":"<p>&nbsp; Caract\u00e9ristiques Textile &#8211; Rampes Caoutchouc &#8211; Rampes Brosses &#8211; Rampes Hauteur 9 millim\u00e8tres 9 millim\u00e8tres 9 millim\u00e8tres Largeur du profil 33mm 33mm 33mm Profils par m\u00e8tre lin\u00e9aire 30 unit\u00e9s 30 unit\u00e9s 30 unit\u00e9s Structure 100% aluminium. finition anodis\u00e9e 100% aluminium. finition anodis\u00e9e 100% aluminium. finition anodis\u00e9e Poids de l&rsquo;aluminium par m2 7,3 kg 7,3 &#8230; <a title=\"Basmat Atenea + Ramps &#8211; Paillasson en aluminium (Pas de fosse n\u00e9cessaire)\" class=\"read-more\" href=\"https:\/\/showindustrial.com\/fr\/produit\/basmat-atenea-ramps-paillasson-en-aluminium-pas-de-fosse-necessaire\/\" aria-label=\"Read more about Basmat Atenea + Ramps &#8211; Paillasson en aluminium (Pas de fosse n\u00e9cessaire)\">Lire la suite<\/a><\/p>\n","protected":false},"featured_media":18162,"comment_status":"open","ping_status":"closed","template":"","meta":[],"product_cat":[109],"product_tag":[],"_links":{"self":[{"href":"https:\/\/showindustrial.com\/fr\/wp-json\/wp\/v2\/product\/18170"}],"collection":[{"href":"https:\/\/showindustrial.com\/fr\/wp-json\/wp\/v2\/product"}],"about":[{"href":"https:\/\/showindustrial.com\/fr\/wp-json\/wp\/v2\/types\/product"}],"replies":[{"embeddable":true,"href":"https:\/\/showindustrial.com\/fr\/wp-json\/wp\/v2\/comments?post=18170"}],"version-history":[{"count":1,"href":"https:\/\/showindustrial.com\/fr\/wp-json\/wp\/v2\/product\/18170\/revisions"}],"predecessor-version":[{"id":18171,"href":"https:\/\/showindustrial.com\/fr\/wp-json\/wp\/v2\/product\/18170\/revisions\/18171"}],"wp:featuredmedia":[{"embeddable":true,"href":"https:\/\/showindustrial.com\/fr\/wp-json\/wp\/v2\/media\/18162"}],"wp:attachment":[{"href":"https:\/\/showindustrial.com\/fr\/wp-json\/wp\/v2\/media?parent=18170"}],"wp:term":[{"taxonomy":"product_cat","embeddable":true,"href":"https:\/\/showindustrial.com\/fr\/wp-json\/wp\/v2\/product_cat?post=18170"},{"taxonomy":"product_tag","embeddable":true,"href":"https:\/\/showindustrial.com\/fr\/wp-json\/wp\/v2\/product_tag?post=18170"}],"curies":[{"name":"wp","href":"https:\/\/api.w.org\/{rel}","templated":true}]}}