{"id":18147,"date":"2024-02-08T13:36:16","date_gmt":"2024-02-08T12:36:16","guid":{"rendered":"https:\/\/showindustrial.com\/?post_type=product&#038;p=18147"},"modified":"2024-02-08T13:42:11","modified_gmt":"2024-02-08T12:42:11","slug":"basmat-apolo-paillasson-en-aluminium-22-mm-sols-epais","status":"publish","type":"product","link":"https:\/\/showindustrial.com\/fr\/produit\/basmat-apolo-paillasson-en-aluminium-22-mm-sols-epais\/","title":{"rendered":"Basmat Apolo &#8211; Paillasson en aluminium 22 mm (sols \u00e9pais)"},"content":{"rendered":"<p><strong><span style=\"vertical-align: inherit;\">Textile<\/span><\/strong><\/p>\n<p><img decoding=\"async\" class=\"alignnone wp-image-18052\" src=\"http:\/\/showindustrial.com\/wp-content\/uploads\/2024\/02\/textil-felpudo-aluminio-400x162.png\" alt=\"\" width=\"212\" height=\"86\" srcset=\"https:\/\/showindustrial.com\/wp-content\/uploads\/2024\/02\/textil-felpudo-aluminio-400x162.png 400w, https:\/\/showindustrial.com\/wp-content\/uploads\/2024\/02\/textil-felpudo-aluminio-430x174.png 430w, https:\/\/showindustrial.com\/wp-content\/uploads\/2024\/02\/textil-felpudo-aluminio-700x283.png 700w, https:\/\/showindustrial.com\/wp-content\/uploads\/2024\/02\/textil-felpudo-aluminio.png 712w\" sizes=\"(max-width: 212px) 100vw, 212px\" \/><\/p>\n<p><strong><span style=\"vertical-align: inherit;\">Hauteur<\/span><\/strong><br \/>\n<span style=\"vertical-align: inherit;\"> 22 mm. <\/span><br \/>\n<strong><span style=\"vertical-align: inherit;\">Largeur de profil<\/span><\/strong><br \/>\n<span style=\"vertical-align: inherit;\"> 33 mm. <\/span><br \/>\n<strong><span style=\"vertical-align: inherit;\">Profils par m\u00e8tre lin\u00e9aire<\/span><\/strong><br \/>\n<span style=\"vertical-align: inherit;\"> 30 unit\u00e9s. <\/span><br \/>\n<strong><span style=\"vertical-align: inherit;\">Structure<\/span><\/strong><br \/>\n<span style=\"vertical-align: inherit;\"> 100% aluminium . Finition anodis\u00e9e. <\/span><br \/>\n<span style=\"vertical-align: inherit;\">12,2 kg d&rsquo;aluminium par m2<\/span><\/p>\n<p><strong><span style=\"vertical-align: inherit;\">Finition Textile<\/span><\/strong><br \/>\n<span style=\"vertical-align: inherit;\"> Isolation et consolidation <\/span><br \/>\n<strong><span style=\"vertical-align: inherit;\">Mousse poly\u00e9thyl\u00e8ne autocollante<\/span><\/strong><br \/>\n<span style=\"vertical-align: inherit;\"> avec filet de fixation. <\/span><br \/>\n<strong><span style=\"vertical-align: inherit;\">Accessoires en option<\/span><\/strong><br \/>\n<span style=\"vertical-align: inherit;\"> Profil\u00e9s lat\u00e9raux et pi\u00e8ces d&rsquo;angle. <\/span><br \/>\n<strong><span style=\"vertical-align: inherit;\">Niveau de difficult\u00e9<\/span><\/strong><br \/>\n<span style=\"vertical-align: inherit;\"> faible . 15 minutes\/m2. <\/span><br \/>\n<strong><span style=\"vertical-align: inherit;\">Indiqu\u00e9 pour <\/span><\/strong><br \/>\n<strong><span style=\"vertical-align: inherit;\">une installation int\u00e9gr\u00e9e.<\/span><\/strong><br \/>\n<span style=\"vertical-align: inherit;\"> Dimensions maximales <\/span><br \/>\n<span style=\"vertical-align: inherit;\">Largeur : 3 m \/ illimit\u00e9 (entrelac\u00e9). <\/span><br \/>\n<span style=\"vertical-align: inherit;\">Dur\u00e9e : Sans limites.<\/span><\/p>\n<p><img decoding=\"async\" class=\"alignnone wp-image-18060\" src=\"http:\/\/showindustrial.com\/wp-content\/uploads\/2024\/02\/colores-textil-felpudo-400x203.png\" alt=\"\" width=\"298\" height=\"151\" srcset=\"https:\/\/showindustrial.com\/wp-content\/uploads\/2024\/02\/colores-textil-felpudo-400x203.png 400w, https:\/\/showindustrial.com\/wp-content\/uploads\/2024\/02\/colores-textil-felpudo-768x389.png 768w, https:\/\/showindustrial.com\/wp-content\/uploads\/2024\/02\/colores-textil-felpudo-430x218.png 430w, https:\/\/showindustrial.com\/wp-content\/uploads\/2024\/02\/colores-textil-felpudo-700x355.png 700w, https:\/\/showindustrial.com\/wp-content\/uploads\/2024\/02\/colores-textil-felpudo.png 892w\" sizes=\"(max-width: 298px) 100vw, 298px\" \/><\/p>\n<p><img decoding=\"async\" class=\"alignnone wp-image-18064\" src=\"http:\/\/showindustrial.com\/wp-content\/uploads\/2024\/02\/Captura-de-pantalla-2024-02-07-a-las-23.16.18.png\" alt=\"\" width=\"76\" height=\"85\" \/><\/p>\n<p><strong><span style=\"vertical-align: inherit;\">Dix<\/span><\/strong><\/p>\n<p><img loading=\"lazy\" decoding=\"async\" class=\"alignnone wp-image-18056\" src=\"http:\/\/showindustrial.com\/wp-content\/uploads\/2024\/02\/goma-felpudo-aluminio-400x138.png\" alt=\"\" width=\"241\" height=\"83\" srcset=\"https:\/\/showindustrial.com\/wp-content\/uploads\/2024\/02\/goma-felpudo-aluminio-400x138.png 400w, https:\/\/showindustrial.com\/wp-content\/uploads\/2024\/02\/goma-felpudo-aluminio-430x148.png 430w, https:\/\/showindustrial.com\/wp-content\/uploads\/2024\/02\/goma-felpudo-aluminio-700x241.png 700w, https:\/\/showindustrial.com\/wp-content\/uploads\/2024\/02\/goma-felpudo-aluminio.png 748w\" sizes=\"(max-width: 241px) 100vw, 241px\" \/><\/p>\n<p><strong><span style=\"vertical-align: inherit;\">Hauteur<\/span><\/strong><br \/>\n<span style=\"vertical-align: inherit;\"> 22mm. <\/span><br \/>\n<strong><span style=\"vertical-align: inherit;\">Largeur de profil<\/span><\/strong><br \/>\n<span style=\"vertical-align: inherit;\"> 33 mm. <\/span><br \/>\n<strong><span style=\"vertical-align: inherit;\">Profils par m\u00e8tre lin\u00e9aire<\/span><\/strong><br \/>\n<span style=\"vertical-align: inherit;\"> 30 unit\u00e9s. <\/span><br \/>\n<strong><span style=\"vertical-align: inherit;\">Structure<\/span><\/strong><br \/>\n<span style=\"vertical-align: inherit;\"> 100% aluminium . Finition anodis\u00e9e. <\/span><br \/>\n<span style=\"vertical-align: inherit;\">12,2 kg d&rsquo;aluminium par m2.<\/span><\/p>\n<p><strong><span style=\"vertical-align: inherit;\">Finition<\/span><\/strong><br \/>\n<span style=\"vertical-align: inherit;\"> en caoutchouc . <\/span><br \/>\n<strong><span style=\"vertical-align: inherit;\">Isolation et consolidation<\/span><\/strong><br \/>\n<span style=\"vertical-align: inherit;\"> Mousse de poly\u00e9thyl\u00e8ne autocollante <\/span><br \/>\n<span style=\"vertical-align: inherit;\">avec treillis de fixation. <\/span><br \/>\n<strong><span style=\"vertical-align: inherit;\">Accessoires en option<\/span><\/strong><br \/>\n<span style=\"vertical-align: inherit;\"> Profil\u00e9s lat\u00e9raux et pi\u00e8ces d&rsquo;angle. <\/span><br \/>\n<strong><span style=\"vertical-align: inherit;\">Niveau de difficult\u00e9<\/span><\/strong><br \/>\n<span style=\"vertical-align: inherit;\"> faible . 15 minutes\/m2. <\/span><br \/>\n<strong><span style=\"vertical-align: inherit;\">Indiqu\u00e9 pour<\/span><\/strong><br \/>\n<span style=\"vertical-align: inherit;\"> une installation int\u00e9gr\u00e9e. <\/span><br \/>\n<strong><span style=\"vertical-align: inherit;\">Dimensions maximales<\/span><\/strong><br \/>\n<span style=\"vertical-align: inherit;\"> Largeur : 3 m \/ illimit\u00e9 (entrelac\u00e9). <\/span><br \/>\n<span style=\"vertical-align: inherit;\">Dur\u00e9e : Sans limites.<\/span><\/p>\n<p><img loading=\"lazy\" decoding=\"async\" class=\"alignnone wp-image-18068\" src=\"http:\/\/showindustrial.com\/wp-content\/uploads\/2024\/02\/felpudo-goma-colores.png\" alt=\"\" width=\"78\" height=\"94\" \/><\/p>\n<p><strong><span style=\"vertical-align: inherit;\">Pinceaux<\/span><\/strong><\/p>\n<p><img loading=\"lazy\" decoding=\"async\" class=\"alignnone wp-image-18076\" src=\"http:\/\/showindustrial.com\/wp-content\/uploads\/2024\/02\/cepillos-felpudo-aluminio-400x161.webp\" alt=\"\" width=\"221\" height=\"89\" srcset=\"https:\/\/showindustrial.com\/wp-content\/uploads\/2024\/02\/cepillos-felpudo-aluminio-400x161.webp 400w, https:\/\/showindustrial.com\/wp-content\/uploads\/2024\/02\/cepillos-felpudo-aluminio-430x173.webp 430w, https:\/\/showindustrial.com\/wp-content\/uploads\/2024\/02\/cepillos-felpudo-aluminio-700x281.webp 700w, https:\/\/showindustrial.com\/wp-content\/uploads\/2024\/02\/cepillos-felpudo-aluminio.webp 702w\" sizes=\"(max-width: 221px) 100vw, 221px\" \/><\/p>\n<p><strong><span style=\"vertical-align: inherit;\">Hauteur<\/span><\/strong><br \/>\n<span style=\"vertical-align: inherit;\"> 22mm. <\/span><br \/>\n<strong><span style=\"vertical-align: inherit;\">Largeur de profil<\/span><\/strong><br \/>\n<span style=\"vertical-align: inherit;\"> 33 mm. <\/span><br \/>\n<strong><span style=\"vertical-align: inherit;\">Profils par m\u00e8tre lin\u00e9aire<\/span><\/strong><br \/>\n<span style=\"vertical-align: inherit;\"> 30 unit\u00e9s. <\/span><br \/>\n<strong><span style=\"vertical-align: inherit;\">Structure<\/span><\/strong><br \/>\n<span style=\"vertical-align: inherit;\"> 100% aluminium . Finition anodis\u00e9e. <\/span><br \/>\n<span style=\"vertical-align: inherit;\">12,2 kg d&rsquo;aluminium par m2.<\/span><\/p>\n<p><strong><span style=\"vertical-align: inherit;\">Pinceaux de finition<\/span><\/strong><br \/>\n<span style=\"vertical-align: inherit;\"> . <\/span><br \/>\n<strong><span style=\"vertical-align: inherit;\">Isolation et consolidation<\/span><\/strong><br \/>\n<span style=\"vertical-align: inherit;\"> Mousse de poly\u00e9thyl\u00e8ne autocollante <\/span><br \/>\n<span style=\"vertical-align: inherit;\">avec treillis de fixation. <\/span><br \/>\n<strong><span style=\"vertical-align: inherit;\">Accessoires en option<\/span><\/strong><br \/>\n<span style=\"vertical-align: inherit;\"> Profil\u00e9s lat\u00e9raux et pi\u00e8ces d&rsquo;angle. <\/span><br \/>\n<strong><span style=\"vertical-align: inherit;\">Niveau de difficult\u00e9<\/span><\/strong><br \/>\n<span style=\"vertical-align: inherit;\"> faible . 15 minutes\/m2. <\/span><br \/>\n<strong><span style=\"vertical-align: inherit;\">Indiqu\u00e9 pour<\/span><\/strong><br \/>\n<span style=\"vertical-align: inherit;\"> une installation int\u00e9gr\u00e9e. <\/span><br \/>\n<strong><span style=\"vertical-align: inherit;\">Dimensions maximales<\/span><\/strong><br \/>\n<span style=\"vertical-align: inherit;\"> Largeur : 3 m \/ illimit\u00e9 (entrelac\u00e9). <\/span><br \/>\n<span style=\"vertical-align: inherit;\">Dur\u00e9e : Sans limites.<\/span><\/p>\n<p><img loading=\"lazy\" decoding=\"async\" class=\"alignnone wp-image-18072\" src=\"http:\/\/showindustrial.com\/wp-content\/uploads\/2024\/02\/colores-felpudo-cepillo-400x107.png\" alt=\"\" width=\"262\" height=\"70\" srcset=\"https:\/\/showindustrial.com\/wp-content\/uploads\/2024\/02\/colores-felpudo-cepillo-400x107.png 400w, https:\/\/showindustrial.com\/wp-content\/uploads\/2024\/02\/colores-felpudo-cepillo-768x205.png 768w, https:\/\/showindustrial.com\/wp-content\/uploads\/2024\/02\/colores-felpudo-cepillo-430x115.png 430w, https:\/\/showindustrial.com\/wp-content\/uploads\/2024\/02\/colores-felpudo-cepillo-700x187.png 700w, https:\/\/showindustrial.com\/wp-content\/uploads\/2024\/02\/colores-felpudo-cepillo.png 868w\" sizes=\"(max-width: 262px) 100vw, 262px\" \/><\/p>\n","protected":false},"excerpt":{"rendered":"<p>Textile Hauteur 22 mm. Largeur de profil 33 mm. Profils par m\u00e8tre lin\u00e9aire 30 unit\u00e9s. Structure 100% aluminium . Finition anodis\u00e9e. 12,2 kg d&rsquo;aluminium par m2 Finition Textile Isolation et consolidation Mousse poly\u00e9thyl\u00e8ne autocollante avec filet de fixation. Accessoires en option Profil\u00e9s lat\u00e9raux et pi\u00e8ces d&rsquo;angle. Niveau de difficult\u00e9 faible . 15 minutes\/m2. Indiqu\u00e9 pour &#8230; <a title=\"Basmat Apolo &#8211; Paillasson en aluminium 22 mm (sols \u00e9pais)\" class=\"read-more\" href=\"https:\/\/showindustrial.com\/fr\/produit\/basmat-apolo-paillasson-en-aluminium-22-mm-sols-epais\/\" aria-label=\"Read more about Basmat Apolo &#8211; Paillasson en aluminium 22 mm (sols \u00e9pais)\">Lire la suite<\/a><\/p>\n","protected":false},"featured_media":18153,"comment_status":"open","ping_status":"closed","template":"","meta":[],"product_cat":[109],"product_tag":[],"_links":{"self":[{"href":"https:\/\/showindustrial.com\/fr\/wp-json\/wp\/v2\/product\/18147"}],"collection":[{"href":"https:\/\/showindustrial.com\/fr\/wp-json\/wp\/v2\/product"}],"about":[{"href":"https:\/\/showindustrial.com\/fr\/wp-json\/wp\/v2\/types\/product"}],"replies":[{"embeddable":true,"href":"https:\/\/showindustrial.com\/fr\/wp-json\/wp\/v2\/comments?post=18147"}],"version-history":[{"count":1,"href":"https:\/\/showindustrial.com\/fr\/wp-json\/wp\/v2\/product\/18147\/revisions"}],"predecessor-version":[{"id":18148,"href":"https:\/\/showindustrial.com\/fr\/wp-json\/wp\/v2\/product\/18147\/revisions\/18148"}],"wp:featuredmedia":[{"embeddable":true,"href":"https:\/\/showindustrial.com\/fr\/wp-json\/wp\/v2\/media\/18153"}],"wp:attachment":[{"href":"https:\/\/showindustrial.com\/fr\/wp-json\/wp\/v2\/media?parent=18147"}],"wp:term":[{"taxonomy":"product_cat","embeddable":true,"href":"https:\/\/showindustrial.com\/fr\/wp-json\/wp\/v2\/product_cat?post=18147"},{"taxonomy":"product_tag","embeddable":true,"href":"https:\/\/showindustrial.com\/fr\/wp-json\/wp\/v2\/product_tag?post=18147"}],"curies":[{"name":"wp","href":"https:\/\/api.w.org\/{rel}","templated":true}]}}