{"id":18130,"date":"2024-02-08T12:58:34","date_gmt":"2024-02-08T11:58:34","guid":{"rendered":"https:\/\/showindustrial.com\/?post_type=product&#038;p=18130"},"modified":"2024-02-08T13:11:41","modified_gmt":"2024-02-08T12:11:41","slug":"basmat-hermes-paillasson-aluminium-17-mm","status":"publish","type":"product","link":"https:\/\/showindustrial.com\/fr\/produit\/basmat-hermes-paillasson-aluminium-17-mm\/","title":{"rendered":"Basmat Hermes &#8211; Paillasson Aluminium 17 mm"},"content":{"rendered":"<p><strong><span style=\"vertical-align: inherit;\">Textile<\/span><\/strong><\/p>\n<p><img decoding=\"async\" class=\"alignnone wp-image-18052\" src=\"http:\/\/showindustrial.com\/wp-content\/uploads\/2024\/02\/textil-felpudo-aluminio-400x162.png\" alt=\"\" width=\"207\" height=\"84\" srcset=\"https:\/\/showindustrial.com\/wp-content\/uploads\/2024\/02\/textil-felpudo-aluminio-400x162.png 400w, https:\/\/showindustrial.com\/wp-content\/uploads\/2024\/02\/textil-felpudo-aluminio-430x174.png 430w, https:\/\/showindustrial.com\/wp-content\/uploads\/2024\/02\/textil-felpudo-aluminio-700x283.png 700w, https:\/\/showindustrial.com\/wp-content\/uploads\/2024\/02\/textil-felpudo-aluminio.png 712w\" sizes=\"(max-width: 207px) 100vw, 207px\" \/><\/p>\n<p><strong><span style=\"vertical-align: inherit;\">Hauteur<\/span><\/strong><br \/>\n<span style=\"vertical-align: inherit;\"> 17mm. <\/span><br \/>\n<strong><span style=\"vertical-align: inherit;\">Largeur de profil<\/span><\/strong><br \/>\n<span style=\"vertical-align: inherit;\"> 33 mm. <\/span><br \/>\n<strong><span style=\"vertical-align: inherit;\">Profils par m\u00e8tre lin\u00e9aire<\/span><\/strong><br \/>\n<span style=\"vertical-align: inherit;\"> 30 unit\u00e9s. <\/span><br \/>\n<strong><span style=\"vertical-align: inherit;\">Structure<\/span><\/strong><br \/>\n<span style=\"vertical-align: inherit;\"> 100% aluminium . Finition anodis\u00e9e. <\/span><br \/>\n<span style=\"vertical-align: inherit;\">10 kg d&rsquo;aluminium par m2<\/span><\/p>\n<p><strong><span style=\"vertical-align: inherit;\">Finition<\/span><\/strong><br \/>\n<span style=\"vertical-align: inherit;\"> textile . <\/span><br \/>\n<strong><span style=\"vertical-align: inherit;\">Isolation et consolidation<\/span><\/strong><br \/>\n<span style=\"vertical-align: inherit;\"> Mousse de poly\u00e9thyl\u00e8ne autocollante <\/span><br \/>\n<span style=\"vertical-align: inherit;\">avec treillis de fixation. <\/span><br \/>\n<strong><span style=\"vertical-align: inherit;\">Accessoires en option<\/span><\/strong><br \/>\n<span style=\"vertical-align: inherit;\"> Profil\u00e9s lat\u00e9raux et pi\u00e8ces d&rsquo;angle. <\/span><br \/>\n<strong><span style=\"vertical-align: inherit;\">Niveau de difficult\u00e9<\/span><\/strong><br \/>\n<span style=\"vertical-align: inherit;\"> faible . 15 minutes\/m2. <\/span><br \/>\n<strong><span style=\"vertical-align: inherit;\">Indiqu\u00e9 pour<\/span><\/strong><br \/>\n<span style=\"vertical-align: inherit;\"> une installation int\u00e9gr\u00e9e. <\/span><br \/>\n<strong><span style=\"vertical-align: inherit;\">Dimensions maximales<\/span><\/strong><br \/>\n<span style=\"vertical-align: inherit;\"> Largeur : 3 m \/ illimit\u00e9 (entrelac\u00e9). <\/span><br \/>\n<span style=\"vertical-align: inherit;\">Dur\u00e9e : Sans limites.<\/span><\/p>\n<p><strong><span style=\"vertical-align: inherit;\">Polypropyl\u00e8ne<\/span><\/strong><\/p>\n<p><img decoding=\"async\" class=\"alignnone wp-image-18060\" src=\"http:\/\/showindustrial.com\/wp-content\/uploads\/2024\/02\/colores-textil-felpudo-400x203.png\" alt=\"\" width=\"288\" height=\"146\" srcset=\"https:\/\/showindustrial.com\/wp-content\/uploads\/2024\/02\/colores-textil-felpudo-400x203.png 400w, https:\/\/showindustrial.com\/wp-content\/uploads\/2024\/02\/colores-textil-felpudo-768x389.png 768w, https:\/\/showindustrial.com\/wp-content\/uploads\/2024\/02\/colores-textil-felpudo-430x218.png 430w, https:\/\/showindustrial.com\/wp-content\/uploads\/2024\/02\/colores-textil-felpudo-700x355.png 700w, https:\/\/showindustrial.com\/wp-content\/uploads\/2024\/02\/colores-textil-felpudo.png 892w\" sizes=\"(max-width: 288px) 100vw, 288px\" \/><\/p>\n<p><strong><span style=\"vertical-align: inherit;\">Polypropyl\u00e8ne &#8211; Diamant<\/span><\/strong><\/p>\n<p><img decoding=\"async\" class=\"alignnone wp-image-18064\" src=\"http:\/\/showindustrial.com\/wp-content\/uploads\/2024\/02\/Captura-de-pantalla-2024-02-07-a-las-23.16.18.png\" alt=\"\" width=\"70\" height=\"79\" \/><\/p>\n<p><strong><span style=\"vertical-align: inherit;\">Dix<\/span><\/strong><\/p>\n<p><img loading=\"lazy\" decoding=\"async\" class=\"alignnone wp-image-18056\" src=\"http:\/\/showindustrial.com\/wp-content\/uploads\/2024\/02\/goma-felpudo-aluminio-400x138.png\" alt=\"\" width=\"241\" height=\"83\" srcset=\"https:\/\/showindustrial.com\/wp-content\/uploads\/2024\/02\/goma-felpudo-aluminio-400x138.png 400w, https:\/\/showindustrial.com\/wp-content\/uploads\/2024\/02\/goma-felpudo-aluminio-430x148.png 430w, https:\/\/showindustrial.com\/wp-content\/uploads\/2024\/02\/goma-felpudo-aluminio-700x241.png 700w, https:\/\/showindustrial.com\/wp-content\/uploads\/2024\/02\/goma-felpudo-aluminio.png 748w\" sizes=\"(max-width: 241px) 100vw, 241px\" \/><\/p>\n<p><strong><span style=\"vertical-align: inherit;\">Hauteur<\/span><\/strong><br \/>\n<span style=\"vertical-align: inherit;\"> 17mm. <\/span><br \/>\n<strong><span style=\"vertical-align: inherit;\">Largeur de profil<\/span><\/strong><br \/>\n<span style=\"vertical-align: inherit;\"> 33 mm. <\/span><br \/>\n<strong><span style=\"vertical-align: inherit;\">Profils par m\u00e8tre lin\u00e9aire<\/span><\/strong><br \/>\n<span style=\"vertical-align: inherit;\"> 30 unit\u00e9s. <\/span><br \/>\n<strong><span style=\"vertical-align: inherit;\">Structure<\/span><\/strong><br \/>\n<span style=\"vertical-align: inherit;\"> 100% aluminium . Finition anodis\u00e9e. <\/span><br \/>\n<span style=\"vertical-align: inherit;\">10 kg d&rsquo;aluminium par m2<\/span><\/p>\n<p><strong><span style=\"vertical-align: inherit;\">Finition<\/span><\/strong><br \/>\n<span style=\"vertical-align: inherit;\"> en caoutchouc . <\/span><br \/>\n<strong><span style=\"vertical-align: inherit;\">Isolation et consolidation<\/span><\/strong><br \/>\n<span style=\"vertical-align: inherit;\"> Mousse de poly\u00e9thyl\u00e8ne autocollante <\/span><br \/>\n<span style=\"vertical-align: inherit;\">avec treillis de fixation. <\/span><br \/>\n<strong><span style=\"vertical-align: inherit;\">Accessoires en option<\/span><\/strong><br \/>\n<span style=\"vertical-align: inherit;\"> Profil\u00e9s lat\u00e9raux et pi\u00e8ces d&rsquo;angle. <\/span><br \/>\n<strong><span style=\"vertical-align: inherit;\">Niveau de difficult\u00e9<\/span><\/strong><br \/>\n<span style=\"vertical-align: inherit;\"> faible . 15 min\/m2 <\/span><br \/>\n<strong><span style=\"vertical-align: inherit;\">Indiqu\u00e9 pour<\/span><\/strong><br \/>\n<span style=\"vertical-align: inherit;\"> une installation encastr\u00e9e. <\/span><br \/>\n<strong><span style=\"vertical-align: inherit;\">Dimensions maximales<\/span><\/strong><br \/>\n<span style=\"vertical-align: inherit;\"> Largeur : 3 m \/ illimit\u00e9 (entrelac\u00e9). <\/span><br \/>\n<span style=\"vertical-align: inherit;\">Dur\u00e9e : Sans limites.<\/span><\/p>\n<p><img loading=\"lazy\" decoding=\"async\" class=\"alignnone wp-image-18068\" src=\"http:\/\/showindustrial.com\/wp-content\/uploads\/2024\/02\/felpudo-goma-colores.png\" alt=\"\" width=\"72\" height=\"87\" \/><\/p>\n<p><strong><span style=\"vertical-align: inherit;\">Pinceaux<\/span><\/strong><\/p>\n<p><img loading=\"lazy\" decoding=\"async\" class=\"alignnone wp-image-18076\" src=\"http:\/\/showindustrial.com\/wp-content\/uploads\/2024\/02\/cepillos-felpudo-aluminio-400x161.webp\" alt=\"\" width=\"241\" height=\"97\" srcset=\"https:\/\/showindustrial.com\/wp-content\/uploads\/2024\/02\/cepillos-felpudo-aluminio-400x161.webp 400w, https:\/\/showindustrial.com\/wp-content\/uploads\/2024\/02\/cepillos-felpudo-aluminio-430x173.webp 430w, https:\/\/showindustrial.com\/wp-content\/uploads\/2024\/02\/cepillos-felpudo-aluminio-700x281.webp 700w, https:\/\/showindustrial.com\/wp-content\/uploads\/2024\/02\/cepillos-felpudo-aluminio.webp 702w\" sizes=\"(max-width: 241px) 100vw, 241px\" \/><\/p>\n<p><strong><span style=\"vertical-align: inherit;\">Hauteur<\/span><\/strong><br \/>\n<span style=\"vertical-align: inherit;\"> 17mm. <\/span><br \/>\n<strong><span style=\"vertical-align: inherit;\">Largeur de profil<\/span><\/strong><br \/>\n<span style=\"vertical-align: inherit;\"> 33 mm. <\/span><br \/>\n<strong><span style=\"vertical-align: inherit;\">Profils par m\u00e8tre lin\u00e9aire<\/span><\/strong><br \/>\n<span style=\"vertical-align: inherit;\"> 30 unit\u00e9s. <\/span><br \/>\n<strong><span style=\"vertical-align: inherit;\">Structure<\/span><\/strong><br \/>\n<span style=\"vertical-align: inherit;\"> 100% aluminium . Finition anodis\u00e9e. <\/span><br \/>\n<span style=\"vertical-align: inherit;\">10 kg d&rsquo;aluminium par m2.<\/span><\/p>\n<p><strong><span style=\"vertical-align: inherit;\">Pinceaux de finition<\/span><\/strong><br \/>\n<strong><span style=\"vertical-align: inherit;\">Isolation et consolidation<\/span><\/strong><br \/>\n<span style=\"vertical-align: inherit;\"> Mousse de poly\u00e9thyl\u00e8ne autocollante <\/span><br \/>\n<span style=\"vertical-align: inherit;\">avec treillis de fixation. <\/span><br \/>\n<strong><span style=\"vertical-align: inherit;\">Accessoires en option<\/span><\/strong><br \/>\n<span style=\"vertical-align: inherit;\"> Profil\u00e9s lat\u00e9raux et pi\u00e8ces d&rsquo;angle. <\/span><br \/>\n<strong><span style=\"vertical-align: inherit;\">Niveau de difficult\u00e9<\/span><\/strong><br \/>\n<span style=\"vertical-align: inherit;\"> faible . 15 minutes\/m2. <\/span><br \/>\n<strong><span style=\"vertical-align: inherit;\">Indiqu\u00e9 pour<\/span><\/strong><br \/>\n<span style=\"vertical-align: inherit;\"> une installation int\u00e9gr\u00e9e. <\/span><br \/>\n<strong><span style=\"vertical-align: inherit;\">Dimensions maximales<\/span><\/strong><br \/>\n<span style=\"vertical-align: inherit;\"> Largeur : 3 m \/ illimit\u00e9 (entrelac\u00e9). <\/span><br \/>\n<span style=\"vertical-align: inherit;\">Dur\u00e9e : Sans limites.<\/span><\/p>\n<p><img loading=\"lazy\" decoding=\"async\" class=\"alignnone wp-image-18072\" src=\"http:\/\/showindustrial.com\/wp-content\/uploads\/2024\/02\/colores-felpudo-cepillo-400x107.png\" alt=\"\" width=\"280\" height=\"75\" srcset=\"https:\/\/showindustrial.com\/wp-content\/uploads\/2024\/02\/colores-felpudo-cepillo-400x107.png 400w, https:\/\/showindustrial.com\/wp-content\/uploads\/2024\/02\/colores-felpudo-cepillo-768x205.png 768w, https:\/\/showindustrial.com\/wp-content\/uploads\/2024\/02\/colores-felpudo-cepillo-430x115.png 430w, https:\/\/showindustrial.com\/wp-content\/uploads\/2024\/02\/colores-felpudo-cepillo-700x187.png 700w, https:\/\/showindustrial.com\/wp-content\/uploads\/2024\/02\/colores-felpudo-cepillo.png 868w\" sizes=\"(max-width: 280px) 100vw, 280px\" \/><\/p>\n","protected":false},"excerpt":{"rendered":"<p>Textile Hauteur 17mm. Largeur de profil 33 mm. Profils par m\u00e8tre lin\u00e9aire 30 unit\u00e9s. Structure 100% aluminium . Finition anodis\u00e9e. 10 kg d&rsquo;aluminium par m2 Finition textile . Isolation et consolidation Mousse de poly\u00e9thyl\u00e8ne autocollante avec treillis de fixation. Accessoires en option Profil\u00e9s lat\u00e9raux et pi\u00e8ces d&rsquo;angle. Niveau de difficult\u00e9 faible . 15 minutes\/m2. Indiqu\u00e9 &#8230; <a title=\"Basmat Hermes &#8211; Paillasson Aluminium 17 mm\" class=\"read-more\" href=\"https:\/\/showindustrial.com\/fr\/produit\/basmat-hermes-paillasson-aluminium-17-mm\/\" aria-label=\"Read more about Basmat Hermes &#8211; Paillasson Aluminium 17 mm\">Lire la suite<\/a><\/p>\n","protected":false},"featured_media":18121,"comment_status":"open","ping_status":"closed","template":"","meta":[],"product_cat":[109],"product_tag":[],"_links":{"self":[{"href":"https:\/\/showindustrial.com\/fr\/wp-json\/wp\/v2\/product\/18130"}],"collection":[{"href":"https:\/\/showindustrial.com\/fr\/wp-json\/wp\/v2\/product"}],"about":[{"href":"https:\/\/showindustrial.com\/fr\/wp-json\/wp\/v2\/types\/product"}],"replies":[{"embeddable":true,"href":"https:\/\/showindustrial.com\/fr\/wp-json\/wp\/v2\/comments?post=18130"}],"version-history":[{"count":1,"href":"https:\/\/showindustrial.com\/fr\/wp-json\/wp\/v2\/product\/18130\/revisions"}],"predecessor-version":[{"id":18131,"href":"https:\/\/showindustrial.com\/fr\/wp-json\/wp\/v2\/product\/18130\/revisions\/18131"}],"wp:featuredmedia":[{"embeddable":true,"href":"https:\/\/showindustrial.com\/fr\/wp-json\/wp\/v2\/media\/18121"}],"wp:attachment":[{"href":"https:\/\/showindustrial.com\/fr\/wp-json\/wp\/v2\/media?parent=18130"}],"wp:term":[{"taxonomy":"product_cat","embeddable":true,"href":"https:\/\/showindustrial.com\/fr\/wp-json\/wp\/v2\/product_cat?post=18130"},{"taxonomy":"product_tag","embeddable":true,"href":"https:\/\/showindustrial.com\/fr\/wp-json\/wp\/v2\/product_tag?post=18130"}],"curies":[{"name":"wp","href":"https:\/\/api.w.org\/{rel}","templated":true}]}}