{"id":18081,"date":"2024-02-07T23:23:16","date_gmt":"2024-02-07T22:23:16","guid":{"rendered":"https:\/\/showindustrial.com\/?post_type=product&#038;p=18081"},"modified":"2024-02-08T10:46:50","modified_gmt":"2024-02-08T09:46:50","slug":"basmat-athena-pelfut-aluminium-9-mm","status":"publish","type":"product","link":"https:\/\/showindustrial.com\/fr\/produit\/basmat-athena-pelfut-aluminium-9-mm\/","title":{"rendered":"Basmat Atenea &#8211; Paillasson en aluminium 9 mm"},"content":{"rendered":"<p><strong><span style=\"vertical-align: inherit;\">Textile<\/span><\/strong><\/p>\n<p><img decoding=\"async\" class=\"alignnone wp-image-18049\" src=\"http:\/\/showindustrial.com\/wp-content\/uploads\/2024\/02\/textil-felpudo-aluminio-400x162.png\" alt=\"\" width=\"254\" height=\"103\" srcset=\"https:\/\/showindustrial.com\/wp-content\/uploads\/2024\/02\/textil-felpudo-aluminio-400x162.png 400w, https:\/\/showindustrial.com\/wp-content\/uploads\/2024\/02\/textil-felpudo-aluminio-430x174.png 430w, https:\/\/showindustrial.com\/wp-content\/uploads\/2024\/02\/textil-felpudo-aluminio-700x283.png 700w, https:\/\/showindustrial.com\/wp-content\/uploads\/2024\/02\/textil-felpudo-aluminio.png 712w\" sizes=\"(max-width: 254px) 100vw, 254px\" \/><\/p>\n<p><strong><span style=\"vertical-align: inherit;\">Hauteur<\/span><\/strong><br \/>\n<span style=\"vertical-align: inherit;\"> 17 mm. <\/span><br \/>\n<strong><span style=\"vertical-align: inherit;\">Largeur de profil<\/span><\/strong><br \/>\n<span style=\"vertical-align: inherit;\"> 33 mm. <\/span><br \/>\n<strong><span style=\"vertical-align: inherit;\">Profils par m\u00e8tre lin\u00e9aire<\/span><\/strong><br \/>\n<span style=\"vertical-align: inherit;\"> 30 unit\u00e9s. <\/span><br \/>\n<strong><span style=\"vertical-align: inherit;\">Structure<\/span><\/strong><br \/>\n<span style=\"vertical-align: inherit;\"> 100% aluminium . Finition anodis\u00e9e. <\/span><br \/>\n<span style=\"vertical-align: inherit;\">10 kg d&rsquo;aluminium par m2<\/span><\/p>\n<p><strong><span style=\"vertical-align: inherit;\">Finition Textile<\/span><\/strong><br \/>\n<span style=\"vertical-align: inherit;\"> Isolation et consolidation <\/span><br \/>\n<span style=\"vertical-align: inherit;\">Mousse poly\u00e9thyl\u00e8ne autocollante <\/span><br \/>\n<span style=\"vertical-align: inherit;\">avec filet de fixation. <\/span><br \/>\n<span style=\"vertical-align: inherit;\">Accessoires en option <\/span><br \/>\n<span style=\"vertical-align: inherit;\">Profil\u00e9s lat\u00e9raux et d&rsquo;angle. <\/span><br \/>\n<span style=\"vertical-align: inherit;\">Niveau de difficult\u00e9 <\/span><br \/>\n<span style=\"vertical-align: inherit;\">Faible. 15 min\/m2 <\/span><br \/>\n<strong><span style=\"vertical-align: inherit;\">Indiqu\u00e9 pour<\/span><\/strong><br \/>\n<span style=\"vertical-align: inherit;\"> une installation encastr\u00e9e. <\/span><br \/>\n<strong><span style=\"vertical-align: inherit;\">Dimensions maximales<\/span><\/strong><br \/>\n<span style=\"vertical-align: inherit;\"> Largeur : 3 m\/sans limite (entrelac\u00e9). <\/span><br \/>\n<span style=\"vertical-align: inherit;\">Dur\u00e9e : illimit\u00e9e.<\/span><\/p>\n<p><strong><span style=\"vertical-align: inherit;\">Couleurs de propyl\u00e8ne<\/span><\/strong><\/p>\n<p><img fetchpriority=\"high\" decoding=\"async\" class=\"alignnone wp-image-18057\" src=\"http:\/\/showindustrial.com\/wp-content\/uploads\/2024\/02\/colores-textil-felpudo-400x203.png\" alt=\"\" width=\"337\" height=\"171\" srcset=\"https:\/\/showindustrial.com\/wp-content\/uploads\/2024\/02\/colores-textil-felpudo-400x203.png 400w, https:\/\/showindustrial.com\/wp-content\/uploads\/2024\/02\/colores-textil-felpudo-768x389.png 768w, https:\/\/showindustrial.com\/wp-content\/uploads\/2024\/02\/colores-textil-felpudo-430x218.png 430w, https:\/\/showindustrial.com\/wp-content\/uploads\/2024\/02\/colores-textil-felpudo-700x355.png 700w, https:\/\/showindustrial.com\/wp-content\/uploads\/2024\/02\/colores-textil-felpudo.png 892w\" sizes=\"(max-width: 337px) 100vw, 337px\" \/><\/p>\n<p><strong><span style=\"vertical-align: inherit;\">Couleurs Propyl\u00e8ne &#8211; Diamant<\/span><\/strong><\/p>\n<p><img decoding=\"async\" class=\"alignnone wp-image-18061\" src=\"http:\/\/showindustrial.com\/wp-content\/uploads\/2024\/02\/Captura-de-pantalla-2024-02-07-a-las-23.16.18.png\" alt=\"\" width=\"77\" height=\"87\" \/><\/p>\n<p><span style=\"vertical-align: inherit;\">Incendie &#8211; Production de fum\u00e9e <\/span><br \/>\n<span style=\"vertical-align: inherit;\">B fl &#8211; S1 <\/span><br \/>\n<span style=\"vertical-align: inherit;\">Charge verticale <\/span><br \/>\n<span style=\"vertical-align: inherit;\">50 KN (5 000 kg) : Ok <\/span><br \/>\n<span style=\"vertical-align: inherit;\">Resbaladicidad <\/span><br \/>\n<span style=\"vertical-align: inherit;\">Classe 3<\/span><\/p>\n<p><strong><span style=\"vertical-align: inherit;\">\u00c7a a donn\u00e9<\/span><\/strong><\/p>\n<p><img loading=\"lazy\" decoding=\"async\" class=\"alignnone wp-image-18053\" src=\"http:\/\/showindustrial.com\/wp-content\/uploads\/2024\/02\/goma-felpudo-aluminio-400x138.png\" alt=\"\" width=\"287\" height=\"99\" srcset=\"https:\/\/showindustrial.com\/wp-content\/uploads\/2024\/02\/goma-felpudo-aluminio-400x138.png 400w, https:\/\/showindustrial.com\/wp-content\/uploads\/2024\/02\/goma-felpudo-aluminio-430x148.png 430w, https:\/\/showindustrial.com\/wp-content\/uploads\/2024\/02\/goma-felpudo-aluminio-700x241.png 700w, https:\/\/showindustrial.com\/wp-content\/uploads\/2024\/02\/goma-felpudo-aluminio.png 748w\" sizes=\"(max-width: 287px) 100vw, 287px\" \/><\/p>\n<p><strong><span style=\"vertical-align: inherit;\">Hauteur<\/span><\/strong><br \/>\n<span style=\"vertical-align: inherit;\"> 17 mm. <\/span><br \/>\n<strong><span style=\"vertical-align: inherit;\">Largeur de profil<\/span><\/strong><br \/>\n<span style=\"vertical-align: inherit;\"> 33 mm. <\/span><br \/>\n<span style=\"vertical-align: inherit;\">Profils par m\u00e8tre lin\u00e9aire <\/span><br \/>\n<span style=\"vertical-align: inherit;\">30 unit\u00e9s. <\/span><br \/>\n<strong><span style=\"vertical-align: inherit;\">Structure<\/span><\/strong><br \/>\n<span style=\"vertical-align: inherit;\"> 100% aluminium . Finition anodis\u00e9e. <\/span><br \/>\n<span style=\"vertical-align: inherit;\">10 kg d&rsquo;aluminium par m2 <\/span><br \/>\n<strong><span style=\"vertical-align: inherit;\">Finition<\/span><\/strong><br \/>\n<span style=\"vertical-align: inherit;\"> Caoutchouc. <\/span><br \/>\n<strong><span style=\"vertical-align: inherit;\">Isolation et consolidation<\/span><\/strong><br \/>\n<span style=\"vertical-align: inherit;\"> Mousse de poly\u00e9thyl\u00e8ne autocollante <\/span><br \/>\n<span style=\"vertical-align: inherit;\">avec treillis de fixation. <\/span><br \/>\n<strong><span style=\"vertical-align: inherit;\">Accessoires en option<\/span><\/strong><br \/>\n<span style=\"vertical-align: inherit;\"> Profil\u00e9s lat\u00e9raux et d&rsquo;angle. <\/span><br \/>\n<strong><span style=\"vertical-align: inherit;\">Niveau de difficult\u00e9<\/span><\/strong><br \/>\n<span style=\"vertical-align: inherit;\"> Faible. 15 minutes\/m2. <\/span><br \/>\n<strong><span style=\"vertical-align: inherit;\">Indiqu\u00e9 pour<\/span><\/strong><br \/>\n<span style=\"vertical-align: inherit;\"> une installation encastr\u00e9e. <\/span><br \/>\n<strong><span style=\"vertical-align: inherit;\">Dimensions maximales<\/span><\/strong><br \/>\n<span style=\"vertical-align: inherit;\"> Largeur : 3 m\/sans limites (intercal\u00e9es). <\/span><br \/>\n<span style=\"vertical-align: inherit;\">Dur\u00e9e\u00a0: Aucune limite.<\/span><\/p>\n<p><img loading=\"lazy\" decoding=\"async\" class=\"alignnone wp-image-18065\" src=\"http:\/\/showindustrial.com\/wp-content\/uploads\/2024\/02\/felpudo-goma-colores.png\" alt=\"\" width=\"72\" height=\"87\" \/><\/p>\n<p><span style=\"vertical-align: inherit;\">Incendie &#8211; Production de fum\u00e9e <\/span><br \/>\n<span style=\"vertical-align: inherit;\">D fl &#8211; S1 <\/span><br \/>\n<span style=\"vertical-align: inherit;\">Charge verticale <\/span><br \/>\n<span style=\"vertical-align: inherit;\">50 KN (5 000 kg) : Ok <\/span><br \/>\n<span style=\"vertical-align: inherit;\">Resbaladicidad <\/span><br \/>\n<span style=\"vertical-align: inherit;\">Classe 3<\/span><\/p>\n<p><strong><span style=\"vertical-align: inherit;\">R\u00e9exp\u00e9ditions<\/span><\/strong><\/p>\n<p><img loading=\"lazy\" decoding=\"async\" class=\"alignnone wp-image-18073\" src=\"http:\/\/showindustrial.com\/wp-content\/uploads\/2024\/02\/cepillos-felpudo-aluminio-400x161.webp\" alt=\"\" width=\"258\" height=\"104\" srcset=\"https:\/\/showindustrial.com\/wp-content\/uploads\/2024\/02\/cepillos-felpudo-aluminio-400x161.webp 400w, https:\/\/showindustrial.com\/wp-content\/uploads\/2024\/02\/cepillos-felpudo-aluminio-430x173.webp 430w, https:\/\/showindustrial.com\/wp-content\/uploads\/2024\/02\/cepillos-felpudo-aluminio-700x281.webp 700w, https:\/\/showindustrial.com\/wp-content\/uploads\/2024\/02\/cepillos-felpudo-aluminio.webp 702w\" sizes=\"(max-width: 258px) 100vw, 258px\" \/><\/p>\n<p><strong><span style=\"vertical-align: inherit;\">Hauteur<\/span><\/strong><br \/>\n<span style=\"vertical-align: inherit;\"> 17 mm. <\/span><br \/>\n<strong><span style=\"vertical-align: inherit;\">Largeur de profil<\/span><\/strong><br \/>\n<span style=\"vertical-align: inherit;\"> 33 mm. <\/span><br \/>\n<strong><span style=\"vertical-align: inherit;\">Profils par m\u00e8tre lin\u00e9aire<\/span><\/strong><br \/>\n<span style=\"vertical-align: inherit;\"> 30 unit\u00e9s. <\/span><br \/>\n<strong><span style=\"vertical-align: inherit;\">Structure<\/span><\/strong><br \/>\n<span style=\"vertical-align: inherit;\"> 100% aluminium . Finition anodis\u00e9e. <\/span><br \/>\n<span style=\"vertical-align: inherit;\">10 kg d&rsquo;aluminium par m2.<\/span><\/p>\n<p><strong><span style=\"vertical-align: inherit;\">Terminer<\/span><\/strong><br \/>\n<span style=\"vertical-align: inherit;\"> les pinceaux. <\/span><br \/>\n<span style=\"vertical-align: inherit;\">Isolation et consolidation <\/span><br \/>\n<strong><span style=\"vertical-align: inherit;\">Mousse de poly\u00e9thyl\u00e8ne autocollante<\/span><\/strong><br \/>\n<span style=\"vertical-align: inherit;\"> avec treillis de fixation. <\/span><br \/>\n<strong><span style=\"vertical-align: inherit;\">Accessoires en option<\/span><\/strong><br \/>\n<span style=\"vertical-align: inherit;\"> Profil\u00e9s lat\u00e9raux et d&rsquo;angle. <\/span><br \/>\n<strong><span style=\"vertical-align: inherit;\">Niveau de difficult\u00e9<\/span><\/strong><br \/>\n<span style=\"vertical-align: inherit;\"> Faible. 15 minutes\/m2. <\/span><br \/>\n<strong><span style=\"vertical-align: inherit;\">Indiqu\u00e9 pour<\/span><\/strong><br \/>\n<span style=\"vertical-align: inherit;\"> une installation encastr\u00e9e. <\/span><br \/>\n<strong><span style=\"vertical-align: inherit;\">Dimensions maximales<\/span><\/strong><br \/>\n<span style=\"vertical-align: inherit;\"> Largeur : 3 m\/sans limite (entrelac\u00e9). <\/span><br \/>\n<span style=\"vertical-align: inherit;\">Dur\u00e9e : illimit\u00e9e.<\/span><\/p>\n<p><img loading=\"lazy\" decoding=\"async\" class=\"alignnone wp-image-18069\" src=\"http:\/\/showindustrial.com\/wp-content\/uploads\/2024\/02\/colores-felpudo-cepillo-400x107.png\" alt=\"\" width=\"280\" height=\"75\" srcset=\"https:\/\/showindustrial.com\/wp-content\/uploads\/2024\/02\/colores-felpudo-cepillo-400x107.png 400w, https:\/\/showindustrial.com\/wp-content\/uploads\/2024\/02\/colores-felpudo-cepillo-768x205.png 768w, https:\/\/showindustrial.com\/wp-content\/uploads\/2024\/02\/colores-felpudo-cepillo-430x115.png 430w, https:\/\/showindustrial.com\/wp-content\/uploads\/2024\/02\/colores-felpudo-cepillo-700x187.png 700w, https:\/\/showindustrial.com\/wp-content\/uploads\/2024\/02\/colores-felpudo-cepillo.png 868w\" sizes=\"(max-width: 280px) 100vw, 280px\" \/><\/p>\n<p><strong><span style=\"vertical-align: inherit;\">Incendie &#8211; Production de fum\u00e9e <\/span><\/strong><br \/>\n<span style=\"vertical-align: inherit;\">B fl &#8211; S1 <\/span><br \/>\n<strong><span style=\"vertical-align: inherit;\">Charge verticale <\/span><\/strong><br \/>\n<span style=\"vertical-align: inherit;\">50 KN (5 000 kg) : Ok <\/span><br \/>\n<strong><span style=\"vertical-align: inherit;\">Resbaladicidad <\/span><\/strong><br \/>\n<span style=\"vertical-align: inherit;\">Classe 3<\/span><\/p>\n","protected":false},"excerpt":{"rendered":"<p>Textile Hauteur 17 mm. Largeur de profil 33 mm. Profils par m\u00e8tre lin\u00e9aire 30 unit\u00e9s. Structure 100% aluminium . Finition anodis\u00e9e. 10 kg d&rsquo;aluminium par m2 Finition Textile Isolation et consolidation Mousse poly\u00e9thyl\u00e8ne autocollante avec filet de fixation. Accessoires en option Profil\u00e9s lat\u00e9raux et d&rsquo;angle. Niveau de difficult\u00e9 Faible. 15 min\/m2 Indiqu\u00e9 pour une installation &#8230; <a title=\"Basmat Atenea &#8211; Paillasson en aluminium 9 mm\" class=\"read-more\" href=\"https:\/\/showindustrial.com\/fr\/produit\/basmat-athena-pelfut-aluminium-9-mm\/\" aria-label=\"Read more about Basmat Atenea &#8211; Paillasson en aluminium 9 mm\">Lire la suite<\/a><\/p>\n","protected":false},"featured_media":18047,"comment_status":"open","ping_status":"closed","template":"","meta":[],"product_cat":[109],"product_tag":[],"_links":{"self":[{"href":"https:\/\/showindustrial.com\/fr\/wp-json\/wp\/v2\/product\/18081"}],"collection":[{"href":"https:\/\/showindustrial.com\/fr\/wp-json\/wp\/v2\/product"}],"about":[{"href":"https:\/\/showindustrial.com\/fr\/wp-json\/wp\/v2\/types\/product"}],"replies":[{"embeddable":true,"href":"https:\/\/showindustrial.com\/fr\/wp-json\/wp\/v2\/comments?post=18081"}],"version-history":[{"count":2,"href":"https:\/\/showindustrial.com\/fr\/wp-json\/wp\/v2\/product\/18081\/revisions"}],"predecessor-version":[{"id":18086,"href":"https:\/\/showindustrial.com\/fr\/wp-json\/wp\/v2\/product\/18081\/revisions\/18086"}],"wp:featuredmedia":[{"embeddable":true,"href":"https:\/\/showindustrial.com\/fr\/wp-json\/wp\/v2\/media\/18047"}],"wp:attachment":[{"href":"https:\/\/showindustrial.com\/fr\/wp-json\/wp\/v2\/media?parent=18081"}],"wp:term":[{"taxonomy":"product_cat","embeddable":true,"href":"https:\/\/showindustrial.com\/fr\/wp-json\/wp\/v2\/product_cat?post=18081"},{"taxonomy":"product_tag","embeddable":true,"href":"https:\/\/showindustrial.com\/fr\/wp-json\/wp\/v2\/product_tag?post=18081"}],"curies":[{"name":"wp","href":"https:\/\/api.w.org\/{rel}","templated":true}]}}