{"id":17864,"date":"2024-01-29T13:05:59","date_gmt":"2024-01-29T12:05:59","guid":{"rendered":"https:\/\/showindustrial.com\/?post_type=product&#038;p=17864"},"modified":"2024-01-29T13:38:14","modified_gmt":"2024-01-29T12:38:14","slug":"adriatico-gazon","status":"publish","type":"product","link":"https:\/\/showindustrial.com\/fr\/produit\/adriatico-gazon\/","title":{"rendered":"Adri\u00e1tico Gazon 30 \/ 40 mm"},"content":{"rendered":"<p><span style=\"vertical-align: inherit;\">Le gazon artificiel Adriatique de Bonerva est parfait pour d\u00e9corer votre jardin ou votre terrasse. La combinaison de ses fils et de sa hauteur de 40 mm lui conf\u00e8re un <\/span><strong><span style=\"vertical-align: inherit;\">\u00a0bel aspect naturel et esth\u00e9tique<\/span><\/strong><span style=\"vertical-align: inherit;\"> . Le gazon artificiel est un tr\u00e8s bon choix pour \u00e9conomiser les co\u00fbts d\u2019eau et d\u2019entretien, en plus d\u2019\u00eatre tr\u00e8s facile \u00e0 installer. L&rsquo;herbe Adriatique a\u00a0 <\/span><strong><span style=\"vertical-align: inherit;\">une r\u00e9sistance et une m\u00e9moire verticale \u00e9lev\u00e9e.<\/span><\/strong><span style=\"vertical-align: inherit;\"> \u00a0La gamme Bonerva Adriatic est parfaite pour ceux qui souhaitent avoir une pelouse esth\u00e9tique, belle et verte toute l&rsquo;ann\u00e9e sans avoir \u00e0 investir une somme financi\u00e8re importante.<\/span><\/p>\n<h6><span style=\"vertical-align: inherit;\">CARACT\u00c9RISTIQUES TECHNIQUES<\/span><\/h6>\n<ul>\n<li><span style=\"vertical-align: inherit;\">Couleur : Vert avec des fils de 4 couleurs diff\u00e9rentes.<\/span><\/li>\n<li><span style=\"vertical-align: inherit;\">Hauteur 30 \/ 40 mm (+\/-1).<\/span><\/li>\n<li><span style=\"vertical-align: inherit;\">Enfilez en \u00ab C \u00bb Plus. R\u00e9alisme et m\u00e9moire verticale \u00e9lev\u00e9e.<\/span><\/li>\n<li><span style=\"vertical-align: inherit;\">Fil\u00a0: fil droit PE (5\u00a0300) + fil boucl\u00e9 PP (3\u00a0600).<\/span><\/li>\n<li><span style=\"vertical-align: inherit;\">Points\/m2 : 18 900 (+-3%)<\/span><\/li>\n<\/ul>\n","protected":false},"excerpt":{"rendered":"<p>Le gazon artificiel Adriatique de Bonerva est parfait pour d\u00e9corer votre jardin ou votre terrasse. La combinaison de ses fils et de sa hauteur de 40 mm lui conf\u00e8re un \u00a0bel aspect naturel et esth\u00e9tique . Le gazon artificiel est un tr\u00e8s bon choix pour \u00e9conomiser les co\u00fbts d\u2019eau et d\u2019entretien, en plus d\u2019\u00eatre tr\u00e8s &#8230; <a title=\"Adri\u00e1tico Gazon 30 \/ 40 mm\" class=\"read-more\" href=\"https:\/\/showindustrial.com\/fr\/produit\/adriatico-gazon\/\" aria-label=\"Read more about Adri\u00e1tico Gazon 30 \/ 40 mm\">Lire la suite<\/a><\/p>\n","protected":false},"featured_media":17845,"comment_status":"open","ping_status":"closed","template":"","meta":[],"product_cat":[105],"product_tag":[],"_links":{"self":[{"href":"https:\/\/showindustrial.com\/fr\/wp-json\/wp\/v2\/product\/17864"}],"collection":[{"href":"https:\/\/showindustrial.com\/fr\/wp-json\/wp\/v2\/product"}],"about":[{"href":"https:\/\/showindustrial.com\/fr\/wp-json\/wp\/v2\/types\/product"}],"replies":[{"embeddable":true,"href":"https:\/\/showindustrial.com\/fr\/wp-json\/wp\/v2\/comments?post=17864"}],"version-history":[{"count":2,"href":"https:\/\/showindustrial.com\/fr\/wp-json\/wp\/v2\/product\/17864\/revisions"}],"predecessor-version":[{"id":17918,"href":"https:\/\/showindustrial.com\/fr\/wp-json\/wp\/v2\/product\/17864\/revisions\/17918"}],"wp:featuredmedia":[{"embeddable":true,"href":"https:\/\/showindustrial.com\/fr\/wp-json\/wp\/v2\/media\/17845"}],"wp:attachment":[{"href":"https:\/\/showindustrial.com\/fr\/wp-json\/wp\/v2\/media?parent=17864"}],"wp:term":[{"taxonomy":"product_cat","embeddable":true,"href":"https:\/\/showindustrial.com\/fr\/wp-json\/wp\/v2\/product_cat?post=17864"},{"taxonomy":"product_tag","embeddable":true,"href":"https:\/\/showindustrial.com\/fr\/wp-json\/wp\/v2\/product_tag?post=17864"}],"curies":[{"name":"wp","href":"https:\/\/api.w.org\/{rel}","templated":true}]}}