{"id":17835,"date":"2024-01-29T13:01:29","date_gmt":"2024-01-29T12:01:29","guid":{"rendered":"https:\/\/showindustrial.com\/?post_type=product&#038;p=17835"},"modified":"2024-01-29T13:36:05","modified_gmt":"2024-01-29T12:36:05","slug":"estoril-gazon","status":"publish","type":"product","link":"https:\/\/showindustrial.com\/fr\/produit\/estoril-gazon\/","title":{"rendered":"Estoril Gazon 40 mm"},"content":{"rendered":"<p><span style=\"vertical-align: inherit;\">Le gazon artificiel Estoril est parfait pour d\u00e9corer votre jardin ou votre terrasse. La combinaison de ses fils et sa hauteur de 40 mm lui conf\u00e8rent un bel aspect naturel et esth\u00e9tique. Le gazon artificiel est un tr\u00e8s bon choix pour \u00e9conomiser les co\u00fbts d\u2019eau et d\u2019entretien, en plus d\u2019\u00eatre tr\u00e8s facile \u00e0 installer. L&rsquo;herbe d&rsquo;Estoril a <\/span><strong><span style=\"vertical-align: inherit;\">une grande r\u00e9sistance et une m\u00e9moire verticale \u00e9lev\u00e9e.<\/span><\/strong><span style=\"vertical-align: inherit;\"> \u00a0La gamme Estoril de Bonerva est la meilleure du march\u00e9 en termes de rapport qualit\u00e9-prix. Conserver une\u00a0 <\/span><strong><span style=\"vertical-align: inherit;\">apparence tr\u00e8s r\u00e9ussie<\/span><\/strong><span style=\"vertical-align: inherit;\"> \u00a0\u00e0 un prix r\u00e9duit.<\/span><\/p>\n<h6><span style=\"vertical-align: inherit;\">CARACT\u00c9RISTIQUES TECHNIQUES<\/span><\/h6>\n<ul>\n<li><span style=\"vertical-align: inherit;\">Couleur : vert avec des fils de 4 couleurs diff\u00e9rentes.<\/span><\/li>\n<li><span style=\"vertical-align: inherit;\">Hauteur 40 mm (+\/-1).<\/span><\/li>\n<li><span style=\"vertical-align: inherit;\">Fil \u00ab\u00a0C\u00a0\u00bb.<\/span><\/li>\n<li><span style=\"vertical-align: inherit;\">Dtex : Fil droit PE (5 500) + Fil boucl\u00e9 PP (3 300).<\/span><\/li>\n<li><span style=\"vertical-align: inherit;\">Points : 25 000(+\/- 3%).<\/span><\/li>\n<\/ul>\n","protected":false},"excerpt":{"rendered":"<p>Le gazon artificiel Estoril est parfait pour d\u00e9corer votre jardin ou votre terrasse. La combinaison de ses fils et sa hauteur de 40 mm lui conf\u00e8rent un bel aspect naturel et esth\u00e9tique. Le gazon artificiel est un tr\u00e8s bon choix pour \u00e9conomiser les co\u00fbts d\u2019eau et d\u2019entretien, en plus d\u2019\u00eatre tr\u00e8s facile \u00e0 installer. L&rsquo;herbe &#8230; <a title=\"Estoril Gazon 40 mm\" class=\"read-more\" href=\"https:\/\/showindustrial.com\/fr\/produit\/estoril-gazon\/\" aria-label=\"Read more about Estoril Gazon 40 mm\">Lire la suite<\/a><\/p>\n","protected":false},"featured_media":17820,"comment_status":"open","ping_status":"closed","template":"","meta":[],"product_cat":[105],"product_tag":[],"_links":{"self":[{"href":"https:\/\/showindustrial.com\/fr\/wp-json\/wp\/v2\/product\/17835"}],"collection":[{"href":"https:\/\/showindustrial.com\/fr\/wp-json\/wp\/v2\/product"}],"about":[{"href":"https:\/\/showindustrial.com\/fr\/wp-json\/wp\/v2\/types\/product"}],"replies":[{"embeddable":true,"href":"https:\/\/showindustrial.com\/fr\/wp-json\/wp\/v2\/comments?post=17835"}],"version-history":[{"count":2,"href":"https:\/\/showindustrial.com\/fr\/wp-json\/wp\/v2\/product\/17835\/revisions"}],"predecessor-version":[{"id":17913,"href":"https:\/\/showindustrial.com\/fr\/wp-json\/wp\/v2\/product\/17835\/revisions\/17913"}],"wp:featuredmedia":[{"embeddable":true,"href":"https:\/\/showindustrial.com\/fr\/wp-json\/wp\/v2\/media\/17820"}],"wp:attachment":[{"href":"https:\/\/showindustrial.com\/fr\/wp-json\/wp\/v2\/media?parent=17835"}],"wp:term":[{"taxonomy":"product_cat","embeddable":true,"href":"https:\/\/showindustrial.com\/fr\/wp-json\/wp\/v2\/product_cat?post=17835"},{"taxonomy":"product_tag","embeddable":true,"href":"https:\/\/showindustrial.com\/fr\/wp-json\/wp\/v2\/product_tag?post=17835"}],"curies":[{"name":"wp","href":"https:\/\/api.w.org\/{rel}","templated":true}]}}