{"id":17461,"date":"2024-01-20T12:45:20","date_gmt":"2024-01-20T11:45:20","guid":{"rendered":"https:\/\/showindustrial.com\/?post_type=product&#038;p=17461"},"modified":"2024-01-27T23:22:26","modified_gmt":"2024-01-27T22:22:26","slug":"mortier-intumescent-blatem","status":"publish","type":"product","link":"https:\/\/showindustrial.com\/fr\/produit\/mortier-intumescent-blatem\/","title":{"rendered":"Mortier intumescent Blatem"},"content":{"rendered":"<p><strong><span style=\"vertical-align: inherit;\">Description<\/span><\/strong><br \/>\n<span style=\"vertical-align: inherit;\"> Mortier intumescent compos\u00e9 de granulats l\u00e9gers expans\u00e9s, de perlite et de vermiculite, <\/span><br \/>\n<span style=\"vertical-align: inherit;\">de liants hydrauliques, de contr\u00f4leurs de prise et d&rsquo;am\u00e9liorateurs de projection.<\/span><\/p>\n<p><strong><span style=\"vertical-align: inherit;\">Propri\u00e9t\u00e9s<\/span><\/strong><br \/>\n<span style=\"vertical-align: inherit;\"> Le mortier forme une couche isolante entre le support et le feu, produisant un ensemble <\/span><br \/>\n<span style=\"vertical-align: inherit;\">de r\u00e9actions physico-chimiques qui donnent naissance \u00e0 des structures carbonif\u00e8res et isolantes en exposant un mat\u00e9riau \u00e0 la flamme.<\/span><\/p>\n<p><strong><span style=\"vertical-align: inherit;\">Applications<\/span><\/strong><br \/>\n<span style=\"vertical-align: inherit;\"> Pour la protection des structures m\u00e9talliques, dans les h\u00f4tels, les b\u00e2timents publics, les pubs, les discoth\u00e8ques, <\/span><br \/>\n<span style=\"vertical-align: inherit;\">les zones d&rsquo;habitat des navires, les entrep\u00f4ts industriels. <\/span><br \/>\n<span style=\"vertical-align: inherit;\">Caract\u00e9ristiques techniques <\/span><br \/>\n<span style=\"vertical-align: inherit;\">\u00b7 Densit\u00e9 de la poudre : 550 et 650 kg\/m3. <\/span><br \/>\n<span style=\"vertical-align: inherit;\">\u00b7 pH : 12 non oxydant. <\/span><br \/>\n<span style=\"vertical-align: inherit;\">\u00b7 R\u00e9action au feu : A1. <\/span><br \/>\n<span style=\"vertical-align: inherit;\">\u00b7 R\u00e9sistance au jet d&rsquo;eau : Norme UNE 23806-81. Conductivit\u00e9 thermique : 0,29 W\/mK. <\/span><br \/>\n<span style=\"vertical-align: inherit;\">\u00b7 Adh\u00e9rence : Jusqu&rsquo;\u00e0 0,15 N\/mm2. Temp\u00e9rature d&rsquo;application\u00a0: sup\u00e9rieure \u00e0 0\u00baC. <\/span><br \/>\n<span style=\"vertical-align: inherit;\">\u00b7 R\u00e9sistance \u00e0 la flexion : \u2265 1 Mpa. <\/span><br \/>\n<span style=\"vertical-align: inherit;\">\u00b7 R\u00e9sistance \u00e0 la compression : \u2265 2 Mpa. R\u00e9sistance \u00e0 la traction\u00a0: \u2265Mpa. <\/span><br \/>\n<span style=\"vertical-align: inherit;\">\u00b7 Couleur blanche.<\/span><\/p>\n<p><strong><span style=\"vertical-align: inherit;\">Approbations et tests<\/span><\/strong><br \/>\n<span style=\"vertical-align: inherit;\"> Test\u00e9 selon les normes : <\/span><br \/>\n<span style=\"vertical-align: inherit;\">Norme europ\u00e9enne : (r\u00e8glementation EN) 13381-8 <\/span><br \/>\n<span style=\"vertical-align: inherit;\">R\u00e9glementation chilienne : Nch 935\/1. <\/span><br \/>\n<span style=\"vertical-align: inherit;\">Il dispose du marquage CE, DITE 12\/0005. <\/span><br \/>\n<span style=\"vertical-align: inherit;\">Pr\u00e9paration de la surface <\/span><br \/>\n<span style=\"vertical-align: inherit;\">Pour une application manuelle, il est recommand\u00e9 de placer au pr\u00e9alable un treillis m\u00e9tallique, convenablement fix\u00e9 \u00e0 la surface \u00e0 prot\u00e9ger.<\/span><\/p>\n<p><strong><span style=\"vertical-align: inherit;\">Mode d&#8217;emploi<\/span><\/strong><br \/>\n<span style=\"vertical-align: inherit;\"> Le mat\u00e9riel est livr\u00e9 pr\u00e9par\u00e9 pour l&rsquo;utilisation. <\/span><br \/>\n<span style=\"vertical-align: inherit;\">Pour une application manuelle et m\u00e9canique, <\/span><br \/>\n<span style=\"vertical-align: inherit;\">il faut ajouter entre 8 et 9 litres d&rsquo;eau par sac. <\/span><br \/>\n<span style=\"vertical-align: inherit;\">L&rsquo;application m\u00e9canique doit \u00eatre effectu\u00e9e \u00e0 l&rsquo;aide de machines \u00e0 projeter le mortier \u00e9quip\u00e9es d&rsquo; <\/span><br \/>\n<span style=\"vertical-align: inherit;\">une pompe \u00e0 vis humide de type Putzmeister MP-25.<\/span><\/p>\n<p><strong><span style=\"vertical-align: inherit;\">Observations g\u00e9n\u00e9rales<\/span><\/strong><br \/>\n<span style=\"vertical-align: inherit;\"> Les conditions d&rsquo;humidit\u00e9 ambiante doivent \u00eatre inf\u00e9rieures \u00e0 97% et la temp\u00e9rature <\/span><br \/>\n<span style=\"vertical-align: inherit;\">sup\u00e9rieure \u00e0 0\u00baC.<\/span><\/p>\n<p><strong><span style=\"vertical-align: inherit;\">Pr\u00e9sentation<\/span><\/strong><br \/>\n<span style=\"vertical-align: inherit;\"> En sacs de 17 Kg. <\/span><br \/>\n<span style=\"vertical-align: inherit;\">Coloris : Blanc.<\/span><\/p>\n<p><strong><span style=\"vertical-align: inherit;\">Stockage<\/span><\/strong><br \/>\n<span style=\"vertical-align: inherit;\"> Le MORTIER INTUMESCENT peut \u00eatre utilis\u00e9 jusqu&rsquo;\u00e0 un an apr\u00e8s sa fourniture \u00e0 condition d&rsquo;\u00eatre stock\u00e9 \u00e0 l&rsquo;abri de la pluie, de l&rsquo;humidit\u00e9 et du froid. <\/span><br \/>\n<span style=\"vertical-align: inherit;\">Le sac doit \u00eatre conserv\u00e9 ferm\u00e9 et dans un endroit sec.<\/span><\/p>\n<p><strong><span style=\"vertical-align: inherit;\">Informations de s\u00e9curit\u00e9<\/span><\/strong><br \/>\n<span style=\"vertical-align: inherit;\"> Il est essentiel de suivre les instructions figurant sur l&rsquo;\u00e9tiquette du contenant. Pour plus d&rsquo;informations, <\/span><br \/>\n<span style=\"vertical-align: inherit;\">consultez la fiche de s\u00e9curit\u00e9 du produit.<\/span><\/p>\n","protected":false},"excerpt":{"rendered":"<p>Description Mortier intumescent compos\u00e9 de granulats l\u00e9gers expans\u00e9s, de perlite et de vermiculite, de liants hydrauliques, de contr\u00f4leurs de prise et d&rsquo;am\u00e9liorateurs de projection. Propri\u00e9t\u00e9s Le mortier forme une couche isolante entre le support et le feu, produisant un ensemble de r\u00e9actions physico-chimiques qui donnent naissance \u00e0 des structures carbonif\u00e8res et isolantes en exposant un &#8230; <a title=\"Mortier intumescent Blatem\" class=\"read-more\" href=\"https:\/\/showindustrial.com\/fr\/produit\/mortier-intumescent-blatem\/\" aria-label=\"Read more about Mortier intumescent Blatem\">Lire la suite<\/a><\/p>\n","protected":false},"featured_media":17464,"comment_status":"open","ping_status":"closed","template":"","meta":[],"product_cat":[96],"product_tag":[],"_links":{"self":[{"href":"https:\/\/showindustrial.com\/fr\/wp-json\/wp\/v2\/product\/17461"}],"collection":[{"href":"https:\/\/showindustrial.com\/fr\/wp-json\/wp\/v2\/product"}],"about":[{"href":"https:\/\/showindustrial.com\/fr\/wp-json\/wp\/v2\/types\/product"}],"replies":[{"embeddable":true,"href":"https:\/\/showindustrial.com\/fr\/wp-json\/wp\/v2\/comments?post=17461"}],"version-history":[{"count":1,"href":"https:\/\/showindustrial.com\/fr\/wp-json\/wp\/v2\/product\/17461\/revisions"}],"predecessor-version":[{"id":17463,"href":"https:\/\/showindustrial.com\/fr\/wp-json\/wp\/v2\/product\/17461\/revisions\/17463"}],"wp:featuredmedia":[{"embeddable":true,"href":"https:\/\/showindustrial.com\/fr\/wp-json\/wp\/v2\/media\/17464"}],"wp:attachment":[{"href":"https:\/\/showindustrial.com\/fr\/wp-json\/wp\/v2\/media?parent=17461"}],"wp:term":[{"taxonomy":"product_cat","embeddable":true,"href":"https:\/\/showindustrial.com\/fr\/wp-json\/wp\/v2\/product_cat?post=17461"},{"taxonomy":"product_tag","embeddable":true,"href":"https:\/\/showindustrial.com\/fr\/wp-json\/wp\/v2\/product_tag?post=17461"}],"curies":[{"name":"wp","href":"https:\/\/api.w.org\/{rel}","templated":true}]}}