{"id":17451,"date":"2024-01-26T12:41:03","date_gmt":"2024-01-26T11:41:03","guid":{"rendered":"https:\/\/showindustrial.com\/?post_type=product&#038;p=17451"},"modified":"2024-01-26T12:42:57","modified_gmt":"2024-01-26T11:42:57","slug":"stofire-euroquimica-intumescent","status":"publish","type":"product","link":"https:\/\/showindustrial.com\/fr\/produit\/stofire-euroquimica-intumescent\/","title":{"rendered":"Stofire Euroqu\u00edmica Intumescent"},"content":{"rendered":"<p><strong><span style=\"vertical-align: inherit;\">DESCRIPTION<\/span><\/strong><br \/>\n<span style=\"vertical-align: inherit;\"> Rev\u00eatement pare-feu \u00e0 intumescence progressive. <\/span><br \/>\n<span style=\"vertical-align: inherit;\">Sa mission sp\u00e9cifique est de retarder l&rsquo;action destructrice d&rsquo;un incendie. Il r\u00e9agit en pr\u00e9sence et <\/span><br \/>\n<span style=\"vertical-align: inherit;\">au contact de la flamme, en gonflant, formant un isolant multicellulaire, avec action extinctrice. <\/span><br \/>\n<span style=\"vertical-align: inherit;\">Prolonge la stabilit\u00e9 des structures et \u00e9l\u00e9ments de construction soumis aux <\/span><br \/>\n<span style=\"vertical-align: inherit;\">temp\u00e9ratures \u00e9lev\u00e9es d&rsquo;un incendie.<\/span><\/p>\n<p><strong><span style=\"vertical-align: inherit;\">DOMAINE D&rsquo;APPLICATION<\/span><\/strong><br \/>\n<span style=\"vertical-align: inherit;\"> Protection incendie de tous types d&rsquo;\u00e9l\u00e9ments de construction en acier. <\/span><br \/>\n<span style=\"vertical-align: inherit;\">En raison de ses caract\u00e9ristiques particuli\u00e8res, il est utilis\u00e9 dans la protection passive contre l&rsquo;incendie des <\/span><br \/>\n<span style=\"vertical-align: inherit;\">\u00e9l\u00e9ments structurels des b\u00e2timents, tant priv\u00e9s que publics (maisons, appartements, bureaux, <\/span><br \/>\n<span style=\"vertical-align: inherit;\">h\u00f4tels, h\u00f4pitaux, \u00e9coles, supermarch\u00e9s, spectacles, escaliers, etc.), conforme aux <\/span><br \/>\n<span style=\"vertical-align: inherit;\">exigences du Code Technique du B\u00e2timent. <\/span><br \/>\n<span style=\"vertical-align: inherit;\">Dans les zones d&rsquo;habitat d&rsquo;un navire. <\/span><br \/>\n<span style=\"vertical-align: inherit;\">Son utilisation est particuli\u00e8rement importante pour la protection passive contre l&rsquo;incendie dans l&rsquo;industrie en <\/span><br \/>\n<span style=\"vertical-align: inherit;\">g\u00e9n\u00e9ral (entrep\u00f4ts industriels, supports, entrep\u00f4ts, silos, etc.), en respectant les exigences du <\/span><br \/>\n<span style=\"vertical-align: inherit;\">R\u00e8glement sur la s\u00e9curit\u00e9 incendie dans les \u00e9tablissements industriels.<\/span><\/p>\n<p><strong><span style=\"vertical-align: inherit;\">CARACT\u00c9RISTIQUES TECHNIQUES<\/span><\/strong><span style=\"vertical-align: inherit;\"> (Couleur Blanc 90) <\/span><br \/>\n<span style=\"vertical-align: inherit;\">Couleur : Blanc 90, Gris 994. <\/span><br \/>\n<span style=\"vertical-align: inherit;\">Finition : Mat. <\/span><br \/>\n<span style=\"vertical-align: inherit;\">Poids sp\u00e9cifique : 1,39 \u00b1 0,1. <\/span><br \/>\n<span style=\"vertical-align: inherit;\">\u00c9paisseur s\u00e8che recommand\u00e9e\u00a0: Selon le tableau officiel de massivit\u00e9 (de 140\u03bc <\/span><br \/>\n<span style=\"vertical-align: inherit;\">\u00e0 &gt;600\u03bc par couche(*). <\/span><br \/>\n<span style=\"vertical-align: inherit;\">% de solides en volume\u00a0: 62% \u00b1 1%. <\/span><br \/>\n<span style=\"vertical-align: inherit;\">Rendement par couche (600\u03bc): 1,03 m2.\/ <\/span><br \/>\n<span style=\"vertical-align: inherit;\">lt.= 0,74 m2 .\/ <\/span><br \/>\n<span style=\"vertical-align: inherit;\">kg. <\/span><br \/>\n<span style=\"vertical-align: inherit;\">Temps de s\u00e9chage au toucher : 2 heures, \u00e0 20\u00baC et 60% HR. <\/span><br \/>\n<span style=\"vertical-align: inherit;\">Peut \u00eatre repeint : 24 heures, \u00e0 20\u00baC et 60% HR. <\/span><br \/>\n<span style=\"vertical-align: inherit;\">Durcissement : 5 jours, \u00e0 20\u00baC et 60% HR. <\/span><br \/>\n<span style=\"vertical-align: inherit;\">Diluant indiqu\u00e9 : STF (exclusivement ) <\/span><br \/>\n<span style=\"vertical-align: inherit;\">Application : Brosse, rouleau et pistolet airless <\/span><br \/>\n<span style=\"vertical-align: inherit;\">Apport de COV : 360 gr\/lt <\/span><br \/>\n<span style=\"vertical-align: inherit;\">(*) \u2013 Cela d\u00e9pend du syst\u00e8me d&rsquo;application choisi et de la g\u00e9om\u00e9trie des \u00e9l\u00e9ments \u00e0 prot\u00e9ger. Il faut <\/span><br \/>\n<span style=\"vertical-align: inherit;\">\u00e9viter d&rsquo;appliquer une \u00e9paisseur qui pourrait provoquer des affaissements et des coulures dus \u00e0 la couche exc\u00e9dentaire.<\/span><\/p>\n<p><strong><span style=\"vertical-align: inherit;\">TRAITEMENT PR\u00c9LIMINAIRE DES SURFACES<\/span><\/strong><br \/>\n<span style=\"vertical-align: inherit;\"> Surfaces m\u00e9talliques : Elles doivent \u00eatre pr\u00e9alablement appr\u00eat\u00e9es avec des produits \u00e0 haute <\/span><br \/>\n<span style=\"vertical-align: inherit;\">capacit\u00e9 anticorrosion, compatibles avec le rev\u00eatement intumescent et dont le <\/span><br \/>\n<span style=\"vertical-align: inherit;\">caract\u00e8re ignifuge est prouv\u00e9, tels que HK-2-E, ST-28, TAC PRIMER , etc. <\/span><br \/>\n<span style=\"vertical-align: inherit;\">Surfaces non m\u00e9talliques : Sur bois, pl\u00e2tre, ciment, etc., veuillez consulter notre<\/span><\/p>\n<p><strong><span style=\"vertical-align: inherit;\">MODE D&rsquo;APPLICATION<\/span><\/strong><br \/>\n<span style=\"vertical-align: inherit;\"> Bien homog\u00e9n\u00e9iser le contenu du r\u00e9cipient, de pr\u00e9f\u00e9rence avec un agitateur m\u00e9canique. Le produit <\/span><br \/>\n<span style=\"vertical-align: inherit;\">est servi pr\u00eat \u00e0 l&#8217;emploi. Pour faciliter son application avec un spray airless, il peut \u00eatre dilu\u00e9 avec un <\/span><br \/>\n<span style=\"vertical-align: inherit;\">maximum de 10% de STF. N&rsquo;utilisez pas d&rsquo;autres solvants. <\/span><br \/>\n<span style=\"vertical-align: inherit;\">Pinceau : Uniquement pour les retouches et les petites zones. Appliquer sans diluer. <\/span><br \/>\n<span style=\"vertical-align: inherit;\">Rouleau : Appliquer sans diluer. Utilisez des rouleaux de laine \u00e0 poils longs. <\/span><br \/>\n<span style=\"vertical-align: inherit;\">Pistolet a\u00e9rographe : Chaudi\u00e8re \u00e0 pression. <\/span><br \/>\n<span style=\"vertical-align: inherit;\">Diluer avec 5 \u00e0 15% de STF. <\/span><br \/>\n<span style=\"vertical-align: inherit;\">Pression, 4 Kgs\/cm2 <\/span><br \/>\n<span style=\"vertical-align: inherit;\">. Buses de 2,6 \u00e0 2,8 mm. \u2205 <\/span><br \/>\n<span style=\"vertical-align: inherit;\">Pistolet Airless (*) : Diluer avec 0 \u00e0 10% de STF. <\/span><br \/>\n<span style=\"vertical-align: inherit;\">\u00c9quipement capable de fournir un d\u00e9bit libre sup\u00e9rieur \u00e0 5,8 litres\/min., avec <\/span><br \/>\n<span style=\"vertical-align: inherit;\">une pression maintenue sup\u00e9rieure \u00e0 120 Kgs\/cm2.<\/span><\/p>\n<p><span style=\"vertical-align: inherit;\">Buses 0,025 \u00e0 0,031\u201d. <\/span><br \/>\n<span style=\"vertical-align: inherit;\">Ajustez l&rsquo;angle de la buse \u00e0 la taille des profils \u00e0 rev\u00eatir. <\/span><br \/>\n<span style=\"vertical-align: inherit;\">Le syst\u00e8me STOFIRE doit \u00eatre utilis\u00e9 en int\u00e9rieur, \u00e0 l&rsquo;abri de l&rsquo;humidit\u00e9, des intemp\u00e9ries, de la condensation <\/span><br \/>\n<span style=\"vertical-align: inherit;\">, etc. Dans les environnements int\u00e9rieurs, \u00e0 agression environnementale mod\u00e9r\u00e9e, <\/span><br \/>\n<span style=\"vertical-align: inherit;\">l&rsquo;application d&rsquo;une ou deux couches de finition REXMALT est fortement recommand\u00e9e. <\/span><br \/>\n<span style=\"vertical-align: inherit;\">En cas d&rsquo;\u00e9l\u00e9ments ext\u00e9rieurs ou de conditions environnementales agressives, il est n\u00e9cessaire de sceller compl\u00e8tement la <\/span><br \/>\n<span style=\"vertical-align: inherit;\">surface avec EUROPOL (Consulter notre Service Technique). <\/span><br \/>\n<span style=\"vertical-align: inherit;\">Le syst\u00e8me STOFIRE ne doit pas \u00eatre appliqu\u00e9 lorsque les conditions environnementales de l&rsquo;\u00e9l\u00e9ment \u00e0 prot\u00e9ger <\/span><br \/>\n<span style=\"vertical-align: inherit;\">ne sont pas ad\u00e9quates\u00a0: temp\u00e9ratures inf\u00e9rieures \u00e0 10\u00baC, humidit\u00e9 sup\u00e9rieure \u00e0 80%, <\/span><br \/>\n<span style=\"vertical-align: inherit;\">conditions de condensation \u00e0 n&rsquo;importe quelle temp\u00e9rature et humidit\u00e9 ambiantes, ou temp\u00e9rature de support ne d\u00e9passant pas <\/span><br \/>\n<span style=\"vertical-align: inherit;\">3\u00baC de la ros\u00e9e. indiquer. <\/span><br \/>\n<span style=\"vertical-align: inherit;\">(*)Pistolets pneumatiques type WIWA mod\u00e8les 1132 et 4432. <\/span><br \/>\n<span style=\"vertical-align: inherit;\">Pistolets \u00e9lectriques ou \u00e0 essence, type AIRLESSCO, mod\u00e8les 6100 et 9100.<\/span><\/p>\n<p><strong><span style=\"vertical-align: inherit;\">CARACT\u00c9RISTIQUES DU FILM SEC<\/span><\/strong><br \/>\n<span style=\"vertical-align: inherit;\"> Il r\u00e9agit au contact de la flamme ou des temp\u00e9ratures \u00e9lev\u00e9es, en gonflant et en formant une <\/span><br \/>\n<span style=\"vertical-align: inherit;\">mousse multicellulaire \u00e0 haut pouvoir isolant. <\/span><br \/>\n<span style=\"vertical-align: inherit;\">Ininflammable. Une fois son travail termin\u00e9, il calcine sans produire ni communiquer la flamme.<\/span><\/p>\n<p><strong><span style=\"vertical-align: inherit;\">ESSAIS DE CLASSEMENT AU FEU<\/span><\/strong><br \/>\n<span style=\"vertical-align: inherit;\"> * Essais de r\u00e9sistance au feu entre 15 et 120 minutes en \u00e9tuve charg\u00e9e selon l&rsquo;essai europ\u00e9en <\/span><br \/>\n<span style=\"vertical-align: inherit;\">UNE-ENV 13381-4:2005. Certifi\u00e9 selon la norme UNE-EN 13501-2:2004. <\/span><br \/>\n<span style=\"vertical-align: inherit;\">* Conforme \u00e0 la norme UNE 48287-1.<\/span><\/p>\n<p><strong><span style=\"vertical-align: inherit;\">PR\u00c9CAUTIONS<\/span><\/strong><br \/>\n<span style=\"vertical-align: inherit;\"> L&rsquo;application doit \u00eatre effectu\u00e9e avec un apport d&rsquo;air abondant ou avec des syst\u00e8mes de ventilation pr\u00e9par\u00e9s \u00e0 cet effet. <\/span><br \/>\n<span style=\"vertical-align: inherit;\">Les \u00e9l\u00e9ments de protection individuelle habituels doivent \u00eatre utilis\u00e9s pour \u00e9viter l&rsquo;ingestion, l&rsquo;inhalation ou <\/span><br \/>\n<span style=\"vertical-align: inherit;\">le contact avec la peau. Des pr\u00e9cautions normales contre l&rsquo;incendie doivent \u00eatre prises pendant l&rsquo;application. <\/span><br \/>\n<span style=\"vertical-align: inherit;\">Garder les r\u00e9cipients bien ferm\u00e9s apr\u00e8s utilisation. Ne jetez pas de d\u00e9chets dans les \u00e9gouts. <\/span><br \/>\n<span style=\"vertical-align: inherit;\">Stabilit\u00e9 de stockage : 1 an dans ses emballages d&rsquo;origine ferm\u00e9s et dans de bonnes <\/span><br \/>\n<span style=\"vertical-align: inherit;\">conditions de stockage.<\/span><\/p>\n<p><strong><span style=\"vertical-align: inherit;\">OBSERVATIONS<\/span><\/strong><br \/>\n<span style=\"vertical-align: inherit;\"> Nous garantissons la qualit\u00e9 de nos produits conform\u00e9ment \u00e0 nos conditions g\u00e9n\u00e9rales de vente et <\/span><br \/>\n<span style=\"vertical-align: inherit;\">de fourniture. Nos conseils techniques d\u2019utilisation, exprim\u00e9s verbalement, par \u00e9crit ou au travers d\u2019essais, sont <\/span><br \/>\n<span style=\"vertical-align: inherit;\">propos\u00e9s conform\u00e9ment \u00e0 nos connaissances et exp\u00e9riences actuelles. Il s\u2019agit de simples indications qui ne <\/span><br \/>\n<span style=\"vertical-align: inherit;\">compromettent pas notre responsabilit\u00e9 et ne vous dispensent pas non plus de v\u00e9rifier pour vous. De m\u00eame que les <\/span><br \/>\n<span style=\"vertical-align: inherit;\">produits que nous fournissons correspondent aux proc\u00e9dures et objectifs recherch\u00e9s par vous, <\/span><br \/>\n<span style=\"vertical-align: inherit;\">effectuant vos propres contr\u00f4les et tests. L&rsquo;application et l&rsquo;utilisation des produits \u00e9chappent \u00e0 notre <\/span><br \/>\n<span style=\"vertical-align: inherit;\">contr\u00f4le et d\u00e9pendent donc exclusivement de votre responsabilit\u00e9 personnelle, et <\/span><br \/>\n<span style=\"vertical-align: inherit;\">nous ne pouvons \u00eatre tenus responsables des r\u00e9sultats autres que ceux refl\u00e9t\u00e9s ici. Nos recommandations en mati\u00e8re de <\/span><br \/>\n<span style=\"vertical-align: inherit;\">s\u00e9curit\u00e9 ne vous emp\u00eachent pas de d\u00e9terminer vos propres mesures, adapt\u00e9es aux <\/span><br \/>\n<span style=\"vertical-align: inherit;\">conditions de vos installations. Nous nous r\u00e9servons le droit de modifier les donn\u00e9es contenues ici, sans pr\u00e9avis <\/span><br \/>\n<span style=\"vertical-align: inherit;\">, en fonction de l&rsquo;\u00e9volution technologique de celles-ci.<\/span><\/p>\n","protected":false},"excerpt":{"rendered":"<p>DESCRIPTION Rev\u00eatement pare-feu \u00e0 intumescence progressive. Sa mission sp\u00e9cifique est de retarder l&rsquo;action destructrice d&rsquo;un incendie. Il r\u00e9agit en pr\u00e9sence et au contact de la flamme, en gonflant, formant un isolant multicellulaire, avec action extinctrice. Prolonge la stabilit\u00e9 des structures et \u00e9l\u00e9ments de construction soumis aux temp\u00e9ratures \u00e9lev\u00e9es d&rsquo;un incendie. DOMAINE D&rsquo;APPLICATION Protection incendie de &#8230; <a title=\"Stofire Euroqu\u00edmica Intumescent\" class=\"read-more\" href=\"https:\/\/showindustrial.com\/fr\/produit\/stofire-euroquimica-intumescent\/\" aria-label=\"Read more about Stofire Euroqu\u00edmica Intumescent\">Lire la suite<\/a><\/p>\n","protected":false},"featured_media":17444,"comment_status":"open","ping_status":"closed","template":"","meta":[],"product_cat":[96,91],"product_tag":[],"_links":{"self":[{"href":"https:\/\/showindustrial.com\/fr\/wp-json\/wp\/v2\/product\/17451"}],"collection":[{"href":"https:\/\/showindustrial.com\/fr\/wp-json\/wp\/v2\/product"}],"about":[{"href":"https:\/\/showindustrial.com\/fr\/wp-json\/wp\/v2\/types\/product"}],"replies":[{"embeddable":true,"href":"https:\/\/showindustrial.com\/fr\/wp-json\/wp\/v2\/comments?post=17451"}],"version-history":[{"count":1,"href":"https:\/\/showindustrial.com\/fr\/wp-json\/wp\/v2\/product\/17451\/revisions"}],"predecessor-version":[{"id":17453,"href":"https:\/\/showindustrial.com\/fr\/wp-json\/wp\/v2\/product\/17451\/revisions\/17453"}],"wp:featuredmedia":[{"embeddable":true,"href":"https:\/\/showindustrial.com\/fr\/wp-json\/wp\/v2\/media\/17444"}],"wp:attachment":[{"href":"https:\/\/showindustrial.com\/fr\/wp-json\/wp\/v2\/media?parent=17451"}],"wp:term":[{"taxonomy":"product_cat","embeddable":true,"href":"https:\/\/showindustrial.com\/fr\/wp-json\/wp\/v2\/product_cat?post=17451"},{"taxonomy":"product_tag","embeddable":true,"href":"https:\/\/showindustrial.com\/fr\/wp-json\/wp\/v2\/product_tag?post=17451"}],"curies":[{"name":"wp","href":"https:\/\/api.w.org\/{rel}","templated":true}]}}