{"id":17436,"date":"2024-01-26T12:18:20","date_gmt":"2024-01-26T11:18:20","guid":{"rendered":"https:\/\/showindustrial.com\/?post_type=product&#038;p=17436"},"modified":"2024-01-26T12:24:11","modified_gmt":"2024-01-26T11:24:11","slug":"montofoc-intumescente-base-deau","status":"publish","type":"product","link":"https:\/\/showindustrial.com\/fr\/produit\/montofoc-intumescente-base-deau\/","title":{"rendered":"Montofoc Intumescente Base d&rsquo;Eau"},"content":{"rendered":"<section class=\"product__basic-info grid-justify-space-between\">\n<div class=\"grid-container\">\n<div class=\"col-6-12\">\n<div class=\"product__subtitle\">\n<div class=\"html-content\"><span style=\"vertical-align: inherit;\">Peinture intumescente \u00e0 base d&rsquo;eau qui, gr\u00e2ce \u00e0 la chaleur intense, g\u00e9n\u00e8re une mousse protectrice qui isole thermiquement le support, emp\u00eachant la propagation du feu et retardant la d\u00e9t\u00e9rioration du support. Test\u00e9 et certifi\u00e9 par des laboratoires ind\u00e9pendants selon la norme europ\u00e9enne EN 13381-8:2010.<\/span><\/div>\n<div><\/div>\n<\/div>\n<div class=\"lSSlideOuter\">\n<div class=\"lSSlideWrapper usingCss\">\n<div class=\"slideshow darkTheme product-short-details lightSlider lsGrab lSSlide\">\n<div class=\"product-short-details__item lslide active\">\n<div class=\"product-short-details__title\"><strong><span style=\"vertical-align: inherit;\">Utilisation :\u00a0<\/span><\/strong><span style=\"vertical-align: inherit;\"> Int\u00e9rieur<\/span><\/div>\n<\/div>\n<div class=\"product-short-details__item lslide\">\n<div class=\"product-short-details__title\"><span style=\"vertical-align: inherit;\"><strong>Finition: <\/strong>mate<\/span><\/div>\n<\/div>\n<div class=\"product-short-details__item lslide\">\n<div class=\"product-short-details__title\"><strong><span style=\"vertical-align: inherit;\">Temps de s\u00e9chage :<\/span><\/strong><span style=\"vertical-align: inherit;\"> 1 \u00e0 3 heures<\/span><\/div>\n<\/div>\n<div class=\"product-short-details__item lslide\">\n<div class=\"product-short-details__title\"><strong><span style=\"vertical-align: inherit;\">Format\u00a0:<\/span><\/strong><span style=\"vertical-align: inherit;\"> 20K<\/span><\/div>\n<\/div>\n<\/div>\n<\/div>\n<\/div>\n<div class=\"product__actions\">\n<div class=\"grid-container\">\n<div class=\"col-6-12\"><\/div>\n<\/div>\n<\/div>\n<\/div>\n<\/div>\n<\/section>\n<section class=\"product__use-info\">\n<div class=\"grid-container\">\n<div class=\"col-4-12\">\n<h3 class=\"product__section-title\"><span style=\"vertical-align: inherit;\">Applications<\/span><\/h3>\n<div class=\"html-content\">\n<ul>\n<li><span style=\"vertical-align: inherit;\">Int\u00e9rieur<\/span><\/li>\n<li><span style=\"vertical-align: inherit;\">Ext\u00e9rieur avec protection<\/span><\/li>\n<li><span style=\"vertical-align: inherit;\">Poutres et piliers en fer\/acier pr\u00e9alablement appr\u00eat\u00e9s.<\/span><\/li>\n<li><span style=\"vertical-align: inherit;\">Structures m\u00e9talliques<\/span><\/li>\n<\/ul>\n<\/div>\n<\/div>\n<div class=\"col-4-12\">\n<h3 class=\"product__section-title\"><span style=\"vertical-align: inherit;\">Comment l&rsquo;appliquer ?<\/span><\/h3>\n<div class=\"html-content\">\n<ul>\n<li><span style=\"vertical-align: inherit;\">Pistolet sans air<\/span><\/li>\n<li><span style=\"vertical-align: inherit;\">Pistolet \u00e0 air<\/span><\/li>\n<li><span style=\"vertical-align: inherit;\">Brosse<\/span><\/li>\n<li><span style=\"vertical-align: inherit;\">D\u00e9sordonn\u00e9<\/span><\/li>\n<\/ul>\n<\/div>\n<\/div>\n<div class=\"col-4-12\">\n<h3 class=\"product__section-title\"><span style=\"vertical-align: inherit;\">Couleurs<\/span><\/h3>\n<div class=\"html-content\"><span style=\"vertical-align: inherit;\">Blanc 103<\/span><\/div>\n<div><\/div>\n<\/div>\n<\/div>\n<\/section>\n<section class=\"product__full-info\">\n<div class=\"grid-container\">\n<div class=\"col-12-12\">\n<div class=\"product__tabs__selector-list\"><strong><span style=\"vertical-align: inherit;\">Mode d&#8217;emploi<\/span><\/strong><\/div>\n<div class=\"product__tabs\">\n<div class=\"product__tabs__content active\" data-tab=\"how-to-use\">\n<div class=\"html-content\"><span style=\"vertical-align: inherit;\">-Remuez le produit jusqu&rsquo;\u00e0 homog\u00e9n\u00e9isation parfaite. <\/span><br \/>\n<span style=\"vertical-align: inherit;\">-Ne pas appliquer avec une humidit\u00e9 relative sup\u00e9rieure \u00e0 80%. <\/span><br \/>\n<span style=\"vertical-align: inherit;\">-Deux \u00e0 trois couches sont recommand\u00e9es pour obtenir une \u00e9paisseur de couche sup\u00e9rieure \u00e0 500-600 microns secs. <\/span><br \/>\n<span style=\"vertical-align: inherit;\">-Suivez les m\u00e9thodes d&rsquo;application d&rsquo;une peinture \u00e0 l&rsquo;eau, sauf en termes d&rsquo;\u00e9paisseurs de couche, car l&rsquo;\u00e9paisseur est \u00e9galement plus efficace. <\/span><br \/>\n<span style=\"vertical-align: inherit;\">-Dans les applications ext\u00e9rieures, prot\u00e9ger le produit avec les produits Monto certifi\u00e9s r\u00e9action au feu.<\/span><\/div>\n<div><\/div>\n<\/div>\n<div><strong><span style=\"vertical-align: inherit;\">Pr\u00e9paration du support<\/span><\/strong><\/div>\n<div><span style=\"vertical-align: inherit;\">Nouveau support : <\/span><br \/>\n<span style=\"vertical-align: inherit;\">&#8211; Traiter comme le sont habituellement les peintures ou vernis pr\u00e9conis\u00e9s dans le tableau supports\/proc\u00e9d\u00e9s. -Chaque produit doit \u00eatre trait\u00e9 selon le primaire choisi et la couche interm\u00e9diaire appropri\u00e9e. <\/span><br \/>\n<span style=\"vertical-align: inherit;\">&#8211; Dans le cas des Appr\u00eats et couches interm\u00e9diaires recommand\u00e9s par PINTURAS MONTO, SA, les normes et intervalles \u00e9tablis pour chaque produit doivent \u00eatre respect\u00e9s, c&rsquo;est pourquoi les mesures \u00e0 prendre seront prises comme indiqu\u00e9 dans la fiche technique de chaque produit utilisable dans le Syst\u00e8me de Pr\u00e9paration. <\/span><br \/>\n<span style=\"vertical-align: inherit;\">-Nettoyage : Eau. Restauration et Entretien : <\/span><br \/>\n<span style=\"vertical-align: inherit;\">-Enlever enti\u00e8rement les anciennes peintures en mauvais \u00e9tat ou mal adh\u00e9r\u00e9es. <\/span><br \/>\n<span style=\"vertical-align: inherit;\">-\u00c9liminer la pr\u00e9sence de produits \u00e9trangers en utilisant les proc\u00e9dures habituelles. <\/span><br \/>\n<span style=\"vertical-align: inherit;\">&#8211; Un d\u00e9faut d&rsquo;adh\u00e9rence entre les couches pr\u00e9c\u00e9dentes \u00e9tant possible, il est recommand\u00e9 d&rsquo;enlever les anciennes couches par brossage, d\u00e9capage, sablage ou autre moyen. <\/span><br \/>\n<span style=\"vertical-align: inherit;\">-Dans le cas des primaires et couches interm\u00e9diaires recommand\u00e9s par PINTURAS MONTO, SA, les normes et intervalles \u00e9tablis pour chaque produit doivent \u00eatre respect\u00e9s, c&rsquo;est pourquoi la fiche technique de chaque produit utilisable dans le Syst\u00e8me de Pr\u00e9paration sera revue. <\/span><br \/>\n<span style=\"vertical-align: inherit;\">-Coller les d\u00e9fauts du support avec de l&rsquo;enduit (voir dans la famille PR\u00c9PARATION DU FOND les lignes correspondant aux enduits en poudre et mastics pr\u00e9par\u00e9s pour faire un bon choix).<\/span><\/div>\n<div><\/div>\n<\/div>\n<\/div>\n<\/div>\n<\/section>\n<div><a href=\"https:\/\/montopinturas.com\/public\/pdf\/503610-es-montofoc%20acqua.pdf\" target=\"_blank\" rel=\"noopener\"><span style=\"vertical-align: inherit;\">Fiche de donn\u00e9es<\/span><\/a><\/div>\n","protected":false},"excerpt":{"rendered":"<p>Peinture intumescente \u00e0 base d&rsquo;eau qui, gr\u00e2ce \u00e0 la chaleur intense, g\u00e9n\u00e8re une mousse protectrice qui isole thermiquement le support, emp\u00eachant la propagation du feu et retardant la d\u00e9t\u00e9rioration du support. Test\u00e9 et certifi\u00e9 par des laboratoires ind\u00e9pendants selon la norme europ\u00e9enne EN 13381-8:2010. Utilisation :\u00a0 Int\u00e9rieur Finition: mate Temps de s\u00e9chage : 1 \u00e0 &#8230; <a title=\"Montofoc Intumescente Base d&rsquo;Eau\" class=\"read-more\" href=\"https:\/\/showindustrial.com\/fr\/produit\/montofoc-intumescente-base-deau\/\" aria-label=\"Read more about Montofoc Intumescente Base d&rsquo;Eau\">Lire la suite<\/a><\/p>\n","protected":false},"featured_media":17426,"comment_status":"open","ping_status":"closed","template":"","meta":[],"product_cat":[96],"product_tag":[],"_links":{"self":[{"href":"https:\/\/showindustrial.com\/fr\/wp-json\/wp\/v2\/product\/17436"}],"collection":[{"href":"https:\/\/showindustrial.com\/fr\/wp-json\/wp\/v2\/product"}],"about":[{"href":"https:\/\/showindustrial.com\/fr\/wp-json\/wp\/v2\/types\/product"}],"replies":[{"embeddable":true,"href":"https:\/\/showindustrial.com\/fr\/wp-json\/wp\/v2\/comments?post=17436"}],"version-history":[{"count":1,"href":"https:\/\/showindustrial.com\/fr\/wp-json\/wp\/v2\/product\/17436\/revisions"}],"predecessor-version":[{"id":17438,"href":"https:\/\/showindustrial.com\/fr\/wp-json\/wp\/v2\/product\/17436\/revisions\/17438"}],"wp:featuredmedia":[{"embeddable":true,"href":"https:\/\/showindustrial.com\/fr\/wp-json\/wp\/v2\/media\/17426"}],"wp:attachment":[{"href":"https:\/\/showindustrial.com\/fr\/wp-json\/wp\/v2\/media?parent=17436"}],"wp:term":[{"taxonomy":"product_cat","embeddable":true,"href":"https:\/\/showindustrial.com\/fr\/wp-json\/wp\/v2\/product_cat?post=17436"},{"taxonomy":"product_tag","embeddable":true,"href":"https:\/\/showindustrial.com\/fr\/wp-json\/wp\/v2\/product_tag?post=17436"}],"curies":[{"name":"wp","href":"https:\/\/api.w.org\/{rel}","templated":true}]}}