{"id":17405,"date":"2024-01-25T19:05:54","date_gmt":"2024-01-25T18:05:54","guid":{"rendered":"https:\/\/showindustrial.com\/?post_type=product&#038;p=17405"},"modified":"2024-01-27T23:30:02","modified_gmt":"2024-01-27T22:30:02","slug":"inesfire-tix-blanco-422-hy-intumescente","status":"publish","type":"product","link":"https:\/\/showindustrial.com\/fr\/produit\/inesfire-tix-blanco-422-hy-intumescente\/","title":{"rendered":"Inesfire TIX Blanc 422 HY Intumescent"},"content":{"rendered":"<p><strong><span style=\"vertical-align: inherit;\"><span style=\"vertical-align: inherit;\">Description<\/span><\/span><\/strong><\/p>\n<p><span style=\"vertical-align: inherit;\"><span style=\"vertical-align: inherit;\">Peinture intumescente retardatrice du feu.<\/span><\/span><\/p>\n<p><strong><span style=\"vertical-align: inherit;\"><span style=\"vertical-align: inherit;\">Propri\u00e9t\u00e9s<\/span><\/span><\/strong><\/p>\n<p><span style=\"vertical-align: inherit;\"><span style=\"vertical-align: inherit;\">La peinture forme une couche isolante entre le support et le feu, produisant un ensemble de r\u00e9actions physico-chimiques qui donnent naissance \u00e0 des structures carbonif\u00e8res et isolantes en exposant un mat\u00e9riau \u00e0 la flamme.<\/span><\/span><\/p>\n<p><strong><span style=\"vertical-align: inherit;\"><span style=\"vertical-align: inherit;\">Applications<\/span><\/span><\/strong><\/p>\n<p><span style=\"vertical-align: inherit;\"><span style=\"vertical-align: inherit;\">Pour la protection des structures m\u00e9talliques, dans les h\u00f4tels, les b\u00e2timents publics, les pubs, les discoth\u00e8ques, les zones d&rsquo;habitat naval, les entrep\u00f4ts industriels. Dans le cas d&rsquo;applications ext\u00e9rieures, il est n\u00e9cessaire d&rsquo;enduire l&rsquo;Inesfire TIX HY d&rsquo;une couche de finition, de pr\u00e9f\u00e9rence notre Blatemlac Ignifuge Satin\u00e9.<\/span><\/span><\/p>\n<p><strong><span style=\"vertical-align: inherit;\"><span style=\"vertical-align: inherit;\">Caract\u00e9ristiques techniques<\/span><\/span><\/strong><\/p>\n<p><span style=\"vertical-align: inherit;\"><span style=\"vertical-align: inherit;\">\u00b7 Fini : Blanc mat. <\/span><\/span><br \/>\n<span style=\"vertical-align: inherit;\"><span style=\"vertical-align: inherit;\">\u00b7 Nivellement : Excellent. <\/span><\/span><br \/>\n<span style=\"vertical-align: inherit;\"><span style=\"vertical-align: inherit;\">\u00b7 Adh\u00e9rence : Bonne. <\/span><\/span><br \/>\n<span style=\"vertical-align: inherit;\"><span style=\"vertical-align: inherit;\">\u00b7 Non volatile : 72 \u00b1 3 %. <\/span><\/span><br \/>\n<span style=\"vertical-align: inherit;\"><span style=\"vertical-align: inherit;\">\u00b7 Solides en volume : 60 \u00b1 2 %. S\u00e9chage : 2 heures. <\/span><\/span><br \/>\n<span style=\"vertical-align: inherit;\"><span style=\"vertical-align: inherit;\">\u00b7 Repeindre : 18 \u00e0 24 heures. <\/span><\/span><br \/>\n<span style=\"vertical-align: inherit;\"><span style=\"vertical-align: inherit;\">\u00b7 Densit\u00e9 : 1,25 \u00b1 0,1 gr\/cc (UNE-EN-ISO 2811-1 et 2). <\/span><\/span><br \/>\n<span style=\"vertical-align: inherit;\"><span style=\"vertical-align: inherit;\">\u00b7 Performances : Selon la r\u00e9sistance au feu n\u00e9cessaire (voir catalogue). Duret\u00e9 : Excellente. <\/span><\/span><br \/>\n<span style=\"vertical-align: inherit;\"><span style=\"vertical-align: inherit;\">\u00b7 Stabilit\u00e9 sous emballage : Plus d&rsquo;un an dans l&#8217;emballage d&rsquo;origine ferm\u00e9. <\/span><\/span><br \/>\n<span style=\"vertical-align: inherit;\"><span style=\"vertical-align: inherit;\">\u00b7 Nettoyage des ustensiles : Solvant de nettoyage L.<\/span><\/span><\/p>\n<p><strong><span style=\"vertical-align: inherit;\"><span style=\"vertical-align: inherit;\">Approbations et tests<\/span><\/span><\/strong><\/p>\n<p><span style=\"vertical-align: inherit;\"><span style=\"vertical-align: inherit;\">Stabilit\u00e9 au feu selon la norme EN 13381-8.<\/span><\/span><\/p>\n<p><strong><span style=\"vertical-align: inherit;\"><span style=\"vertical-align: inherit;\">Pr\u00e9paration de surface<\/span><\/span><\/strong><\/p>\n<p><span style=\"vertical-align: inherit;\"><span style=\"vertical-align: inherit;\">Fer et acier : avant l&rsquo;appr\u00eat, effectuer un nettoyage manuel ou m\u00e9canique jusqu&rsquo;au grade ST 2-2.5. Les surfaces m\u00e9talliques doivent \u00eatre pr\u00e9alablement appr\u00eat\u00e9es avec Antioxidant Fireproof Blatprimer, un produit certifi\u00e9 ignifuge selon la norme UNE-EN 13501- 1:07+A1:2010, classes europ\u00e9ennes.<\/span><\/span><\/p>\n<p><strong><span style=\"vertical-align: inherit;\"><span style=\"vertical-align: inherit;\">Mode d&#8217;emploi<\/span><\/span><\/strong><\/p>\n<p><span style=\"vertical-align: inherit;\"><span style=\"vertical-align: inherit;\">Pistolet airless, pistolet airmix, a\u00e9rographe : Solvant Inesfire : 0-40% selon le type de pistolet.<\/span><\/span><\/p>\n<p><strong><span style=\"vertical-align: inherit;\"><span style=\"vertical-align: inherit;\">Remarques g\u00e9n\u00e9rales<\/span><\/span><\/strong><\/p>\n<p><span style=\"vertical-align: inherit;\"><span style=\"vertical-align: inherit;\">La consommation indiqu\u00e9e par m2 est th\u00e9orique. Les pertes doivent \u00eatre calcul\u00e9es l\u00e0-dessus. Toutes les peintures intumescentes disposent de certifications officielles de r\u00e9sistance au feu dans le temps, et il existe un tableau qui relie la r\u00e9sistance au feu aux variables temps, \u00e9paisseur, charge et consommation. \u00b7 Bois neufs \u00e0 l&rsquo;ext\u00e9rieur non expos\u00e9s au soleil ou \u00e0 la pluie : Appliquer une couche de notre Poliur\u00e9thane Fondo 799 (enduit polyur\u00e9thane) pour sceller le bois. Appliquez ensuite deux couches de Varnilac comme sur les bois int\u00e9rieurs. \u00b7 Bois vernis en bon \u00e9tat : Une fois ponc\u00e9 et nettoy\u00e9, appliquer deux couches de Varnilac sur les surfaces r\u00e9chauff\u00e9es comme dans les cas pr\u00e9c\u00e9dents. \u00b7 Bois vernis en mauvais \u00e9tat : Une fois d\u00e9cap\u00e9 et nettoy\u00e9, proc\u00e9der comme pour un bois neuf. Appliquer le produit en couches fines et en respectant les d\u00e9lais de repeinture.<\/span><\/span><\/p>\n<p><strong><span style=\"vertical-align: inherit;\"><span style=\"vertical-align: inherit;\">recommandations<\/span><\/span><\/strong><\/p>\n<p><span style=\"vertical-align: inherit;\"><span style=\"vertical-align: inherit;\">Ne pas appliquer sur des surfaces surchauff\u00e9es. Remuer le contenu du r\u00e9cipient jusqu&rsquo;\u00e0 ce que le produit soit homog\u00e9n\u00e9is\u00e9. Apr\u00e8s utilisation, couvrez le r\u00e9cipient en essayant de laisser peu d&rsquo;espace d&rsquo;air, sinon la r\u00e9utilisation prendra beaucoup de temps. Pr\u00e9sentation En bidons de 4 L et 15 L. Conservation Dur\u00e9e de conservation maximale recommand\u00e9e : 12 mois dans son r\u00e9cipient d&rsquo;origine, bien ferm\u00e9 et \u00e0 l&rsquo;abri des intemp\u00e9ries (couvert et \u00e0 une temp\u00e9rature comprise entre 5 et 35\u00baC).<\/span><\/span><\/p>\n<p><strong><span style=\"vertical-align: inherit;\"><span style=\"vertical-align: inherit;\">Information de s\u00e9curit\u00e9<\/span><\/span><\/strong><\/p>\n<p><span style=\"vertical-align: inherit;\"><span style=\"vertical-align: inherit;\">Il est essentiel de suivre les instructions figurant sur l&rsquo;\u00e9tiquette du contenant. Pour plus d&rsquo;informations, consultez la fiche de s\u00e9curit\u00e9 du produit.<\/span><\/span><\/p>\n","protected":false},"excerpt":{"rendered":"<p>Description Peinture intumescente retardatrice du feu. Propri\u00e9t\u00e9s La peinture forme une couche isolante entre le support et le feu, produisant un ensemble de r\u00e9actions physico-chimiques qui donnent naissance \u00e0 des structures carbonif\u00e8res et isolantes en exposant un mat\u00e9riau \u00e0 la flamme. Applications Pour la protection des structures m\u00e9talliques, dans les h\u00f4tels, les b\u00e2timents publics, les &#8230; <a title=\"Inesfire TIX Blanc 422 HY Intumescent\" class=\"read-more\" href=\"https:\/\/showindustrial.com\/fr\/produit\/inesfire-tix-blanco-422-hy-intumescente\/\" aria-label=\"Read more about Inesfire TIX Blanc 422 HY Intumescent\">Lire la suite<\/a><\/p>\n","protected":false},"featured_media":17410,"comment_status":"open","ping_status":"closed","template":"","meta":[],"product_cat":[96],"product_tag":[],"_links":{"self":[{"href":"https:\/\/showindustrial.com\/fr\/wp-json\/wp\/v2\/product\/17405"}],"collection":[{"href":"https:\/\/showindustrial.com\/fr\/wp-json\/wp\/v2\/product"}],"about":[{"href":"https:\/\/showindustrial.com\/fr\/wp-json\/wp\/v2\/types\/product"}],"replies":[{"embeddable":true,"href":"https:\/\/showindustrial.com\/fr\/wp-json\/wp\/v2\/comments?post=17405"}],"version-history":[{"count":2,"href":"https:\/\/showindustrial.com\/fr\/wp-json\/wp\/v2\/product\/17405\/revisions"}],"predecessor-version":[{"id":17409,"href":"https:\/\/showindustrial.com\/fr\/wp-json\/wp\/v2\/product\/17405\/revisions\/17409"}],"wp:featuredmedia":[{"embeddable":true,"href":"https:\/\/showindustrial.com\/fr\/wp-json\/wp\/v2\/media\/17410"}],"wp:attachment":[{"href":"https:\/\/showindustrial.com\/fr\/wp-json\/wp\/v2\/media?parent=17405"}],"wp:term":[{"taxonomy":"product_cat","embeddable":true,"href":"https:\/\/showindustrial.com\/fr\/wp-json\/wp\/v2\/product_cat?post=17405"},{"taxonomy":"product_tag","embeddable":true,"href":"https:\/\/showindustrial.com\/fr\/wp-json\/wp\/v2\/product_tag?post=17405"}],"curies":[{"name":"wp","href":"https:\/\/api.w.org\/{rel}","templated":true}]}}