{"id":17401,"date":"2024-01-25T18:58:16","date_gmt":"2024-01-25T17:58:16","guid":{"rendered":"https:\/\/showindustrial.com\/?post_type=product&#038;p=17401"},"modified":"2024-01-25T19:00:41","modified_gmt":"2024-01-25T18:00:41","slug":"blatepox-sols-wd-3-peinture-epoxy-dispersion-aqueuse","status":"publish","type":"product","link":"https:\/\/showindustrial.com\/fr\/produit\/blatepox-sols-wd-3-peinture-epoxy-dispersion-aqueuse\/","title":{"rendered":"Blatepox sols WD\/3 Peinture Epoxy Dispersion Aqueuse"},"content":{"rendered":"<p><strong><span style=\"vertical-align: inherit;\">Description<\/span><\/strong><\/p>\n<p><span style=\"vertical-align: inherit;\">Peinture de finition \u00e9poxy en dispersion aqueuse. Utilisation en int\u00e9rieur.<\/span><\/p>\n<p><strong><span style=\"vertical-align: inherit;\">Propri\u00e9t\u00e9s<\/span><\/strong><\/p>\n<p><span style=\"vertical-align: inherit;\">Haute r\u00e9sistance \u00e0 l&rsquo;abrasion. R\u00e9sistance \u00e0 l&rsquo;alcalinit\u00e9. Excellente adh\u00e9rence. La fin du m\u00e9lange est visible.<\/span><\/p>\n<p><strong><span style=\"vertical-align: inherit;\">Applications<\/span><\/strong><\/p>\n<p><span style=\"vertical-align: inherit;\">Protection et d\u00e9coration des sols en b\u00e9ton, soumis \u00e0 des contraintes m\u00e9caniques, tels que garages, entrep\u00f4ts, entrep\u00f4ts industriels, etc.<\/span><\/p>\n<p><strong><span style=\"vertical-align: inherit;\">Caract\u00e9ristiques techniques<\/span><\/strong><\/p>\n<p><span style=\"vertical-align: inherit;\">\u00b7 Couleur : Rouge RAL 3009, Vert RAL 6021, Gris RAL 7038 et Blanc. <\/span><br \/>\n<span style=\"vertical-align: inherit;\">\u00b7 Aspect : Satin\u00e9. <\/span><br \/>\n<span style=\"vertical-align: inherit;\">\u00b7 Densit\u00e9 : 1,64 \u00b1 0,1 gr\/cc (UNE-EN-ISO 2811-1 et 2). <\/span><br \/>\n<span style=\"vertical-align: inherit;\">\u00b7 Solides en volume : 50 \u00b1 2 %. <\/span><br \/>\n<span style=\"vertical-align: inherit;\">\u00b7 S\u00e9chage (toucher) : 6-8 heures. <\/span><br \/>\n<span style=\"vertical-align: inherit;\">\u00b7 Repeindre : Minimum 8 heures \/ Maximum 3 jours. <\/span><br \/>\n<span style=\"vertical-align: inherit;\">\u00b7 Ininflammable. <\/span><br \/>\n<span style=\"vertical-align: inherit;\">\u00b7 \u00c9paisseur recommand\u00e9e : Humide 60-120 microns \/ Sec 30-60 microns. <\/span><br \/>\n<span style=\"vertical-align: inherit;\">\u00b7 Performance : 6-8 m 2 \/ lt (50 microns). <\/span><br \/>\n<span style=\"vertical-align: inherit;\">\u00b7 Donn\u00e9es pour produit m\u00e9lang\u00e9 \u00e0 25\u00baC. <\/span><br \/>\n<span style=\"vertical-align: inherit;\">\u00b7 Nombre de couches : 1-2. <\/span><br \/>\n<span style=\"vertical-align: inherit;\">\u00b7 Rapport de m\u00e9lange : Poids : 4 \/ 1. \/ Volume : 2,44 \/ 1. <\/span><br \/>\n<span style=\"vertical-align: inherit;\">\u00b7 Catalyseur : catalyseur Blatepox WD\/3. <\/span><br \/>\n<span style=\"vertical-align: inherit;\">\u00b7 Dur\u00e9e de vie du m\u00e9lange : 1 heure. <\/span><br \/>\n<span style=\"vertical-align: inherit;\">\u00b7 Stabilit\u00e9 dans le r\u00e9cipient (endroit frais et sec; 15-30\u00baC, RH-60%)\u00a0: Plus d&rsquo;un an dans le r\u00e9cipient d&rsquo;origine ferm\u00e9. COV\u00a0: 2004\/42\/II A(j)(140\/140) Max. COVS 71 g\/Lt.<\/span><\/p>\n<p><strong><span style=\"vertical-align: inherit;\">Approbations et tests<\/span><\/strong><\/p>\n<p><span style=\"vertical-align: inherit;\">Perm\u00e9abilit\u00e9 \u00e0 l&rsquo;eau (Marquage CE) W &lt; 0,1 Kg\/m2 h0,5. Valeur obtenue : W= 0,05 Kg\/m2 h0,5 (EN 1062-3:2005). Perm\u00e9abilit\u00e9 \u00e0 la vapeur d&rsquo;eau (marquage CE) Classe ISD. Valeur obtenue : SD = 1,2 m (EN-ISO 7783-1\/2). Adh\u00e9rence pelable (marquage CE) \u2265 1,0 (0,7) b. Valeur obtenue : 4,18 \u00b1 0,22 MPa (UNE 1542:2000). R\u00e9sistance \u00e0 l&rsquo;abrasion (test TABER) (marquage CE). Pertes de poids inf\u00e9rieures \u00e0 3000 mg, meule H22 \/ rotation 1000 cycles \/ charge 1000 g. Valeur obtenue : 138 \u00b1 31 mg (EN-ISO 5470-1). R\u00e9sistance aux chocs (Marquage CE) Classe I (\u2265 4 Nm). Valeur obtenue : \u2265 4 Nm (EN-ISO 6272-1). R\u00e9sistance aux fortes attaques chimiques (Marquage CE). Diminution de la duret\u00e9 de moins de 50 %, lorsque la mesure est effectu\u00e9e selon la m\u00e9thode Buchholz EN-ISO 2815, ou selon la m\u00e9thode Shore, EN-ISO 868, 24 heures apr\u00e8s le retrait du rev\u00eatement par immersion dans le liquide d&rsquo;essai. Valeur obtenue : Classe II (28 jours sans pression) pour les liquides d&rsquo;essai suivants : &#8211; Groupe 1 (essence). &#8211; Groupe 3 (diesel et huile moteur et engrenage non utilis\u00e9e). &#8211; Groupe 11 (bases inorganiques et leurs sels alcalins hydrolysants en solution aqueuse (pH&gt;8) \u00e0 l&rsquo;exception des solutions d&rsquo;ammonium et des solutions de sels oxydantes). Glissance (UNE-ENV 12633). R\u00e9sistance au glissement Rd&gt;45 : Classe 3. Classement au feu des rev\u00eatements (UNE-EN 13501:07+A1:2010) : Comportement au feu : A2 fl. Production de fum\u00e9e : S1.<\/span><\/p>\n<p><strong><span style=\"vertical-align: inherit;\">Pr\u00e9paration de surface<\/span><\/strong><\/p>\n<p><span style=\"vertical-align: inherit;\">B\u00e9ton : Appliquer sur des primaires \u00e9poxy incolores ou pigment\u00e9s, \u00e0 base solvant\u00e9e ou aqueuse.<\/span><\/p>\n<p><strong><span style=\"vertical-align: inherit;\">Mode d&#8217;emploi<\/span><\/strong><\/p>\n<p><span style=\"vertical-align: inherit;\">Pistolet \u00e0 air\u00a0: tel quel, buse 1,5-2 m\/m, 3-4 atm). Diluant : Eau. Pinceau\/rouleau\u00a0: 0-10% avec de l&rsquo;eau. Solvant de nettoyage : Eau. Conditions d&rsquo;application : Temp\u00e9rature \u2265 12\u00baC \/ humidit\u00e9 \u2264 80%.<\/span><\/p>\n<p><strong><span style=\"vertical-align: inherit;\">recommandations<\/span><\/strong><\/p>\n<p><span style=\"vertical-align: inherit;\">Remuer le contenu des r\u00e9cipients et le m\u00e9lange des deux composants, jusqu&rsquo;\u00e0 ce que le produit soit homog\u00e8ne ; Ne stockez pas les conteneurs ouverts ou d\u00e9marr\u00e9s. Consulter les fiches de s\u00e9curit\u00e9 pour les donn\u00e9es toxicologiques.<\/span><\/p>\n<p><strong><span style=\"vertical-align: inherit;\">Pr\u00e9sentation<\/span><\/strong><\/p>\n<p><span style=\"vertical-align: inherit;\">En conteneurs de 10 (8+2) Kg. Couleurs : Gris RAL 7038, Vert RAL 6021, Rouge RAL 3009 et Blanc. Stockage Dur\u00e9e de conservation maximale recommand\u00e9e : 1 an dans son contenant d&rsquo;origine, bien ferm\u00e9 et \u00e0 l&rsquo;abri des intemp\u00e9ries (couvert et \u00e0 une temp\u00e9rature comprise entre 5 et 35\u00baC.)<\/span><\/p>\n<p><strong><span style=\"vertical-align: inherit;\">Information de s\u00e9curit\u00e9<\/span><\/strong><\/p>\n<p><span style=\"vertical-align: inherit;\">En cas d&rsquo;application au pistolet, il est conseill\u00e9 d&rsquo;utiliser un masque. En cas de contact avec les yeux, laver abondamment \u00e0 l&rsquo;eau claire. Pour plus d&rsquo;informations, consultez la fiche de s\u00e9curit\u00e9 du produit.<\/span><\/p>\n","protected":false},"excerpt":{"rendered":"<p>Description Peinture de finition \u00e9poxy en dispersion aqueuse. Utilisation en int\u00e9rieur. Propri\u00e9t\u00e9s Haute r\u00e9sistance \u00e0 l&rsquo;abrasion. R\u00e9sistance \u00e0 l&rsquo;alcalinit\u00e9. Excellente adh\u00e9rence. La fin du m\u00e9lange est visible. Applications Protection et d\u00e9coration des sols en b\u00e9ton, soumis \u00e0 des contraintes m\u00e9caniques, tels que garages, entrep\u00f4ts, entrep\u00f4ts industriels, etc. Caract\u00e9ristiques techniques \u00b7 Couleur : Rouge RAL 3009, &#8230; <a title=\"Blatepox sols WD\/3 Peinture Epoxy Dispersion Aqueuse\" class=\"read-more\" href=\"https:\/\/showindustrial.com\/fr\/produit\/blatepox-sols-wd-3-peinture-epoxy-dispersion-aqueuse\/\" aria-label=\"Read more about Blatepox sols WD\/3 Peinture Epoxy Dispersion Aqueuse\">Lire la suite<\/a><\/p>\n","protected":false},"featured_media":17395,"comment_status":"open","ping_status":"closed","template":"","meta":[],"product_cat":[91],"product_tag":[],"_links":{"self":[{"href":"https:\/\/showindustrial.com\/fr\/wp-json\/wp\/v2\/product\/17401"}],"collection":[{"href":"https:\/\/showindustrial.com\/fr\/wp-json\/wp\/v2\/product"}],"about":[{"href":"https:\/\/showindustrial.com\/fr\/wp-json\/wp\/v2\/types\/product"}],"replies":[{"embeddable":true,"href":"https:\/\/showindustrial.com\/fr\/wp-json\/wp\/v2\/comments?post=17401"}],"version-history":[{"count":1,"href":"https:\/\/showindustrial.com\/fr\/wp-json\/wp\/v2\/product\/17401\/revisions"}],"predecessor-version":[{"id":17402,"href":"https:\/\/showindustrial.com\/fr\/wp-json\/wp\/v2\/product\/17401\/revisions\/17402"}],"wp:featuredmedia":[{"embeddable":true,"href":"https:\/\/showindustrial.com\/fr\/wp-json\/wp\/v2\/media\/17395"}],"wp:attachment":[{"href":"https:\/\/showindustrial.com\/fr\/wp-json\/wp\/v2\/media?parent=17401"}],"wp:term":[{"taxonomy":"product_cat","embeddable":true,"href":"https:\/\/showindustrial.com\/fr\/wp-json\/wp\/v2\/product_cat?post=17401"},{"taxonomy":"product_tag","embeddable":true,"href":"https:\/\/showindustrial.com\/fr\/wp-json\/wp\/v2\/product_tag?post=17401"}],"curies":[{"name":"wp","href":"https:\/\/api.w.org\/{rel}","templated":true}]}}