{"id":17387,"date":"2024-01-25T18:48:38","date_gmt":"2024-01-25T17:48:38","guid":{"rendered":"https:\/\/showindustrial.com\/?post_type=product&#038;p=17387"},"modified":"2024-02-20T09:57:40","modified_gmt":"2024-02-20T08:57:40","slug":"finition-epoxy-a-base-de-solvant-pour-sols-blatepox","status":"publish","type":"product","link":"https:\/\/showindustrial.com\/fr\/produit\/finition-epoxy-a-base-de-solvant-pour-sols-blatepox\/","title":{"rendered":"Finition \u00e9poxy \u00e0 base de solvant pour sols Blatepox"},"content":{"rendered":"<p><strong><span style=\"vertical-align: inherit;\">Description<\/span><\/strong><\/p>\n<p><span style=\"vertical-align: inherit;\">Finition \u00e9poxy \u00e0 base de solvant, durcie avec des polyamides modifi\u00e9s. Propri\u00e9t\u00e9s Bonne adh\u00e9rence, r\u00e9sistance \u00e0 l&rsquo;abrasion et aux produits chimiques (notamment bases) ; bonne application, performance et couverture.<\/span><\/p>\n<p><strong><span style=\"vertical-align: inherit;\">Applications<\/span><\/strong><\/p>\n<p><span style=\"vertical-align: inherit;\">Peinture \u00e9poxy de haute qualit\u00e9, pour le rev\u00eatement de syst\u00e8mes industriels, tels que sols de parkings, usines, entrep\u00f4ts, etc., sur b\u00e9ton et ciment. Utilisation en int\u00e9rieur.<\/span><\/p>\n<p><strong><span style=\"vertical-align: inherit;\">Caract\u00e9ristiques techniques<\/span><\/strong><\/p>\n<p><span style=\"vertical-align: inherit;\">\u00b7 Couleur : Sols gris RAL 7038, Sols verts RAL 6021 et Sols rouges RAL 3009. <\/span><br \/>\n<span style=\"vertical-align: inherit;\">\u00b7 Aspect : Brillant. <\/span><br \/>\n<span style=\"vertical-align: inherit;\">\u00b7 Densit\u00e9 : 1,30 \u00b1 0,25 (UNE-EN-ISO 2811-1 et 2). <\/span><br \/>\n<span style=\"vertical-align: inherit;\">\u00b7 Solides en volume : 50 \u00b1 2 %. <\/span><br \/>\n<span style=\"vertical-align: inherit;\">\u00b7 S\u00e9chage (toucher) : 2-4 heures. <\/span><br \/>\n<span style=\"vertical-align: inherit;\">\u00b7 Repeinture : Minimum : 12 heures \/ Maximum : 15 jours. <\/span><br \/>\n<span style=\"vertical-align: inherit;\">\u00b7 Point d&rsquo;\u00e9clair : 26\u00baC. <\/span><br \/>\n<span style=\"vertical-align: inherit;\">\u00b7 \u00c9paisseur recommand\u00e9e : Humide : 60-100 microns \/ Sec : 30-50 microns. <\/span><br \/>\n<span style=\"vertical-align: inherit;\">\u00b7 Rendement : 12,5 m 2 \/kg (40 microns). Donn\u00e9es pour produit m\u00e9lang\u00e9 \u00e0 25\u00baC. <\/span><br \/>\n<span style=\"vertical-align: inherit;\">\u00b7 Nombre de couches : 1-2. <\/span><br \/>\n<span style=\"vertical-align: inherit;\">\u00b7 Rapport de m\u00e9lange : Poids : 100\/33 \/ Volume : 100\/50. <\/span><br \/>\n<span style=\"vertical-align: inherit;\">\u00b7 Catalyseur\u00a0: Catalyseur de sols Blatepox, Catalyseur de sols Blatepox E 1 ou Catalyseur Blatepox AD. <\/span><br \/>\n<span style=\"vertical-align: inherit;\">\u00b7 Dur\u00e9e de vie du m\u00e9lange : 8 heures. \u00b7 Stabilit\u00e9 dans le r\u00e9cipient (endroit frais et sec; 15-30\u00baC, humidit\u00e9 relative de 60%)\u00a0: Plus d&rsquo;un an dans le r\u00e9cipient d&rsquo;origine ferm\u00e9. COV\u00a0: 2004\/42\/II A(j)(550\/500) Max. COVS 400 g\/Lt.<\/span><\/p>\n<p><strong><span style=\"vertical-align: inherit;\">Homologations et tests<\/span><\/strong><\/p>\n<p><span style=\"vertical-align: inherit;\">Perm\u00e9abilit\u00e9 \u00e0 l&rsquo;eau (Marquage CE) W &lt; 0,1 Kg\/m2 h0,5. Valeur obtenue : W= 0,03 Kg\/m2 h0,5 (EN 1062-3:2005). Perm\u00e9abilit\u00e9 \u00e0 la vapeur d&rsquo;eau (Marquage CE) Classe ISD Valeur obtenue : SD = 1,2 m (EN-ISO 7783-1\/2). Adh\u00e9rence pelable (marquage CE) \u2265 1,0 (0,7) b. Valeur obtenue : 2,97 \u00b1 0,60 MPa (UNE 1542:2000). R\u00e9sistance \u00e0 l&rsquo;abrasion (test TABER) (marquage CE). Pertes de poids inf\u00e9rieures \u00e0 3000 mg, meule H22 \/ rotation 1000 cycles \/ charge 1000 g. Valeur obtenue : 126 \u00b1 24 mg (EN-ISO 5470-1). R\u00e9sistance aux chocs (marquage CE) Classe II (\u2265 10 Nm). Valeur obtenue : \u2265 10 Nm (EN-ISO 6272-1). R\u00e9sistance aux fortes attaques chimiques (Marquage CE). Diminution de la duret\u00e9 de moins de 50 %, lorsque la mesure est effectu\u00e9e selon la m\u00e9thode Buchholz EN-ISO 2815, ou selon la m\u00e9thode Shore, EN-ISO 868, 24 heures apr\u00e8s le retrait du rev\u00eatement par immersion dans le liquide d&rsquo;essai. Valeur obtenue : Classe II (28 jours sans pression) pour les liquides d&rsquo;essai suivants : &#8211; Groupe 1 (essence). &#8211; Groupe 3 (diesel et huile moteur et engrenage non utilis\u00e9e). &#8211; Groupe 11 (bases inorganiques et leurs sels alcalins hydrolysants en solution aqueuse (pH&gt;8) \u00e0 l&rsquo;exception des solutions d&rsquo;ammonium et des solutions de sels oxydantes). Glissance (UNE-ENV 12633). R\u00e9sistance au glissement Rd&gt;45 : Classe 3. Classement au feu des rev\u00eatements (UNE-EN 13501:07+A1:2010) : Comportement au feu : A2 fl. Production de fum\u00e9e : S1.<\/span><\/p>\n<p><strong><span style=\"vertical-align: inherit;\">Pr\u00e9paration de surface<\/span><\/strong><\/p>\n<p><span style=\"vertical-align: inherit;\">Appliquer sur un appr\u00eat \u00e9poxy ou polyur\u00e9thane, un appr\u00eat \u00e9poxy ou vinyle. Sur les anciennes peintures \u00e9poxy ou polyur\u00e9thane, il est recommand\u00e9 de donner au pr\u00e9alable une l\u00e9g\u00e8re asp\u00e9rit\u00e9.<\/span><\/p>\n<p><strong><span style=\"vertical-align: inherit;\">Mode d&#8217;emploi<\/span><\/strong><\/p>\n<p><span style=\"vertical-align: inherit;\">Pistolet \u00e0 air : 25-30\u201d CF4 (buse 1,5-2 m\/m, 3-4 atms). Pistolet airless : tel quel (0,018&Prime;, 120 atms). Pinceau\/rouleau\u00a0: 0-10\u00a0% de solvant Blatepox. Conditions d&rsquo;application : Temp\u00e9rature \u226512\u00baC \/ humidit\u00e9 \u226480%. Diluant\u00a0: Solvant 333 ou Solvant Blatepox. Solvant de nettoyage : Solvant de nettoyage L ou 330.<\/span><\/p>\n<p><strong><span style=\"vertical-align: inherit;\">recommandations<\/span><\/strong><\/p>\n<p><span style=\"vertical-align: inherit;\">Remuer le contenu des r\u00e9cipients et le m\u00e9lange des deux composants, jusqu&rsquo;\u00e0 ce que le produit soit homog\u00e8ne ; Ne stockez pas les conteneurs ouverts ou d\u00e9marr\u00e9s. Consulter les fiches de s\u00e9curit\u00e9 pour les donn\u00e9es toxicologiques.<\/span><\/p>\n<p><strong><span style=\"vertical-align: inherit;\">Pr\u00e9sentation<\/span><\/strong><\/p>\n<p><span style=\"vertical-align: inherit;\">En conteneurs de 4 (3+1) et 20 (15+5) Kg. Couleurs : Sols gris RAL 7038, Sols verts RAL 6021 et Sols rouges RAL 3009.<\/span><\/p>\n<p><strong><span style=\"vertical-align: inherit;\">Stockage<\/span><\/strong><\/p>\n<p><span style=\"vertical-align: inherit;\">Dur\u00e9e de conservation maximale recommand\u00e9e : 1 an dans son contenant d&rsquo;origine, bien ferm\u00e9 et \u00e0 l&rsquo;abri des intemp\u00e9ries (couvert et \u00e0 une temp\u00e9rature comprise entre 5 et 35\u00baC.)<\/span><\/p>\n<p><strong><span style=\"vertical-align: inherit;\">Information de s\u00e9curit\u00e9<\/span><\/strong><\/p>\n<p><span style=\"vertical-align: inherit;\">En cas d&rsquo;application au pistolet, il est conseill\u00e9 d&rsquo;utiliser un masque. En cas de contact avec les yeux, laver abondamment \u00e0 l&rsquo;eau claire. Pour plus d&rsquo;informations, consultez la fiche de s\u00e9curit\u00e9 du produit.<\/span><\/p>\n","protected":false},"excerpt":{"rendered":"<p>Description Finition \u00e9poxy \u00e0 base de solvant, durcie avec des polyamides modifi\u00e9s. Propri\u00e9t\u00e9s Bonne adh\u00e9rence, r\u00e9sistance \u00e0 l&rsquo;abrasion et aux produits chimiques (notamment bases) ; bonne application, performance et couverture. Applications Peinture \u00e9poxy de haute qualit\u00e9, pour le rev\u00eatement de syst\u00e8mes industriels, tels que sols de parkings, usines, entrep\u00f4ts, etc., sur b\u00e9ton et ciment. Utilisation &#8230; <a title=\"Finition \u00e9poxy \u00e0 base de solvant pour sols Blatepox\" class=\"read-more\" href=\"https:\/\/showindustrial.com\/fr\/produit\/finition-epoxy-a-base-de-solvant-pour-sols-blatepox\/\" aria-label=\"Read more about Finition \u00e9poxy \u00e0 base de solvant pour sols Blatepox\">Lire la suite<\/a><\/p>\n","protected":false},"featured_media":17380,"comment_status":"open","ping_status":"closed","template":"","meta":[],"product_cat":[98,96],"product_tag":[],"_links":{"self":[{"href":"https:\/\/showindustrial.com\/fr\/wp-json\/wp\/v2\/product\/17387"}],"collection":[{"href":"https:\/\/showindustrial.com\/fr\/wp-json\/wp\/v2\/product"}],"about":[{"href":"https:\/\/showindustrial.com\/fr\/wp-json\/wp\/v2\/types\/product"}],"replies":[{"embeddable":true,"href":"https:\/\/showindustrial.com\/fr\/wp-json\/wp\/v2\/comments?post=17387"}],"version-history":[{"count":1,"href":"https:\/\/showindustrial.com\/fr\/wp-json\/wp\/v2\/product\/17387\/revisions"}],"predecessor-version":[{"id":17388,"href":"https:\/\/showindustrial.com\/fr\/wp-json\/wp\/v2\/product\/17387\/revisions\/17388"}],"wp:featuredmedia":[{"embeddable":true,"href":"https:\/\/showindustrial.com\/fr\/wp-json\/wp\/v2\/media\/17380"}],"wp:attachment":[{"href":"https:\/\/showindustrial.com\/fr\/wp-json\/wp\/v2\/media?parent=17387"}],"wp:term":[{"taxonomy":"product_cat","embeddable":true,"href":"https:\/\/showindustrial.com\/fr\/wp-json\/wp\/v2\/product_cat?post=17387"},{"taxonomy":"product_tag","embeddable":true,"href":"https:\/\/showindustrial.com\/fr\/wp-json\/wp\/v2\/product_tag?post=17387"}],"curies":[{"name":"wp","href":"https:\/\/api.w.org\/{rel}","templated":true}]}}