{"id":17359,"date":"2024-01-24T14:07:19","date_gmt":"2024-01-24T13:07:19","guid":{"rendered":"https:\/\/showindustrial.com\/?post_type=product&#038;p=17359"},"modified":"2024-02-20T10:01:52","modified_gmt":"2024-02-20T09:01:52","slug":"finition-polyurethane-aliphatique-acriblatem-ac-sols-avec-ions-ag","status":"publish","type":"product","link":"https:\/\/showindustrial.com\/fr\/produit\/finition-polyurethane-aliphatique-acriblatem-ac-sols-avec-ions-ag\/","title":{"rendered":"Finition polyur\u00e9thane aliphatique Acriblatem ac. Sols avec ions AG+"},"content":{"rendered":"<p><strong><span style=\"vertical-align: inherit;\">Description<\/span><\/strong><br \/>\n<span style=\"vertical-align: inherit;\"> Film de finition polyur\u00e9thane aliphatique bi-composant, r\u00e9sistant aux bact\u00e9ries, avec une grande r\u00e9sistance aux intemp\u00e9ries et un excellent maintien de la couleur et du brillant.<\/span><\/p>\n<p><strong><span style=\"vertical-align: inherit;\">Propri\u00e9t\u00e9s<\/span><\/strong><br \/>\n<span style=\"vertical-align: inherit;\"> Grand corps et brillance. Ne jaunit pas. Excellent comportement en ext\u00e9rieur. S\u00e9chage rapide. Inhibe et pr\u00e9vient la croissance des bact\u00e9ries sur le film de peinture.<\/span><\/p>\n<p><strong><span style=\"vertical-align: inherit;\">Applications<\/span><\/strong><br \/>\n<span style=\"vertical-align: inherit;\"> Couche de finition de haute qualit\u00e9, pour sols industriels, tels que parkings, usines, entrep\u00f4ts, hangars, stations-service, etc., sur b\u00e9ton et ciment Caract\u00e9ristiques<\/span><\/p>\n<p><strong><span style=\"vertical-align: inherit;\">Techniques<\/span><\/strong><br \/>\n<span style=\"vertical-align: inherit;\"> \u00b7 Couleur : Transparent, blanc et lettre RAL. <\/span><br \/>\n<span style=\"vertical-align: inherit;\">\u00b7 Aspect : Brillant, satin\u00e9, mat. <\/span><br \/>\n<span style=\"vertical-align: inherit;\">\u00b7 Densit\u00e9 : 1-1,25 gr\/cc (UNE-EN-ISO 2811-1 et 2) <\/span><br \/>\n<span style=\"vertical-align: inherit;\">. Solides en volume : 50 \u00b1 2 %. \u00b7 S\u00e9chage (toucher) : 30 minutes. <\/span><br \/>\n<span style=\"vertical-align: inherit;\">\u00b7 Repeindre : Minimum : 8 heures. \/ Maximum : 15 jours. <\/span><br \/>\n<span style=\"vertical-align: inherit;\">\u00b7 Point d&rsquo;\u00e9clair : 25\u00baC. <\/span><br \/>\n<span style=\"vertical-align: inherit;\">\u00b7 \u00c9paisseur recommand\u00e9e : Humide : 70-100 microns. \/ Sec : 35-50 microns. <\/span><br \/>\n<span style=\"vertical-align: inherit;\">\u00b7 Performance : 12,5 m 2 \/lt (40 microns). Donn\u00e9es pour produit m\u00e9lang\u00e9 \u00e0 25\u00baC. <\/span><br \/>\n<span style=\"vertical-align: inherit;\">\u00b7 Nombre de couches : 1-2. <\/span><br \/>\n<span style=\"vertical-align: inherit;\">\u00b7 Rapport de m\u00e9lange : Poids : 100\/25. \/Volume : 100\/30. <\/span><br \/>\n<span style=\"vertical-align: inherit;\">\u00b7 Catalyseur\u00a0: Catalyseur Acriblatem. <\/span><br \/>\n<span style=\"vertical-align: inherit;\">\u00b7 Dur\u00e9e de vie du m\u00e9lange : 2 heures. <\/span><br \/>\n<span style=\"vertical-align: inherit;\">\u00b7 Stabilit\u00e9 dans le r\u00e9cipient (endroit frais et sec; 15-30\u00baC, RH-60%)\u00a0: Plus d&rsquo;un an dans le r\u00e9cipient d&rsquo;origine ferm\u00e9. <\/span><br \/>\n<span style=\"vertical-align: inherit;\">\u00b7 R\u00e9sistance chimique:<\/span><\/p>\n<p><span style=\"vertical-align: inherit;\">&#8211; Bon Acide sulfurique 20% <\/span><br \/>\n<span style=\"vertical-align: inherit;\">&#8211; Bon Acide nitrique 10% <\/span><br \/>\n<span style=\"vertical-align: inherit;\">&#8211; Bon Acide ac\u00e9tique 5% <\/span><br \/>\n<span style=\"vertical-align: inherit;\">&#8211; Bon Acide chlorhydrique 36% <\/span><br \/>\n<span style=\"vertical-align: inherit;\">&#8211; Bon Hydroxyde de sodium 20% <\/span><br \/>\n<span style=\"vertical-align: inherit;\">&#8211; Bon Hydroxyde de potassium 10% <\/span><br \/>\n<span style=\"vertical-align: inherit;\">&#8211; Bon Ammoniac 5% <\/span><br \/>\n<span style=\"vertical-align: inherit;\">&#8211; Bon Essence <\/span><br \/>\n<span style=\"vertical-align: inherit;\">&#8211; Bon K\u00e9ros\u00e8ne <\/span><br \/>\n<span style=\"vertical-align: inherit;\">&#8211; Bon Gaz -oil <\/span><br \/>\n<span style=\"vertical-align: inherit;\">&#8211; Bon Fioul<\/span><\/p>\n<p><span style=\"vertical-align: inherit;\">R\u00e9sistance aux bact\u00e9ries les plus courantes sur le film de peinture : S. aureus, l\u00e9gionelles.<\/span><\/p>\n<p><span style=\"vertical-align: inherit;\">Test de capacit\u00e9 antimicrobienne selon la norme JIS Z 2801 (ISO 22196).<\/span><\/p>\n<p><span style=\"vertical-align: inherit;\">R\u00e9sultat : R\u22651. Cela signifie une \u00e9limination de la population bact\u00e9rienne \u00e9gale ou sup\u00e9rieure \u00e0 90 %. R\u22652. Cela signifie une \u00e9limination de la population bact\u00e9rienne \u00e9gale ou sup\u00e9rieure \u00e0 99 %. COV\u00a0: 2004\/42\/II A(j)(550\/500) Max. COVS 480 g\/Lt.<\/span><\/p>\n<p><strong><span style=\"vertical-align: inherit;\">Agr\u00e9ments et tests<\/span><\/strong><br \/>\n<span style=\"vertical-align: inherit;\"> Perm\u00e9abilit\u00e9 \u00e0 la vapeur d&rsquo;eau (marquage CE) Classe I SD Valeur obtenue : SD= 1,2 m (EN-ISO 7783-1\/2). Perm\u00e9abilit\u00e9 \u00e0 l&rsquo;eau (Marquage CE) W &lt; 0,1 Kg\/m 2 h0,5. Valeur obtenue : W= 0,01 Kg\/m 2 h0,5 (EN 1062-3:2005). Adh\u00e9rence pelable (marquage CE) \u2265 1,0 (0,7) b. Valeur obtenue : 4,18 \u00b1 0,22 MPA (UNE 1542:2000). R\u00e9sistance \u00e0 l&rsquo;abrasion (Test TABER) (Marquage CE). Perte de poids inf\u00e9rieure \u00e0 3000 mg, meule H22 \/ rotation 1000 cycles \/ charge 1000 g. Valeur obtenue : 110 \u00b1 26 mg (EN-ISO 5470-1). R\u00e9sistance aux chocs (Marquage CE) Classe II \u2265 10 Nm. Valeur obtenue : \u2265 10 Nm (EN-ISO 6272-1). R\u00e9sistance aux fortes attaques chimiques (Marquage CE). Diminution de la duret\u00e9 de moins de 50 %, lorsque la mesure est effectu\u00e9e selon la m\u00e9thode Buchholz EN-ISO 2815, ou selon la m\u00e9thode Shore, EN-ISO 868, 24 heures apr\u00e8s le retrait du rev\u00eatement par immersion dans le liquide d&rsquo;essai. Valeur obtenue : Classe II (28 jours sans pression) pour les liquides d&rsquo;essai suivants : &#8211; Groupe 1 (essence). &#8211; Groupe 3 (diesel et huile moteur et engrenage non utilis\u00e9e). &#8211; Groupe 11 (Bases inorganiques et leurs sels alcalins hydrolysants en solution aqueuse (pH&gt;8) \u00e0 l&rsquo;exception des solutions d&rsquo;ammonium et des solutions de sels oxydantes). Glissance (UNE-ENV 12633). R\u00e9sistance au glissement Rd&gt;45 : Classe 3. Classement au feu des rev\u00eatements (UNE-EN 13501:07+A1:2010) : Comportement au feu : A2 fl. Production de fum\u00e9e : S1.<\/span><\/p>\n<p><strong><span style=\"vertical-align: inherit;\">Pr\u00e9paration de la surface<\/span><\/strong><br \/>\n<span style=\"vertical-align: inherit;\"> Appr\u00eat \u00e9poxy ou polyur\u00e9thane. <\/span><br \/>\n<span style=\"vertical-align: inherit;\">B\u00e9ton : Primaire \u00e9poxy incolore.<\/span><\/p>\n<p><strong><span style=\"vertical-align: inherit;\">Mode d&#8217;emploi<\/span><\/strong><br \/>\n<span style=\"vertical-align: inherit;\"> Pistolet \u00e0 air\u00a0: 25-30&Prime; CF4 (buse 1-1,5 m\/m, 3-4 atms). Pistolet airless : tel quel (0,018&Prime;, 120 atms). Conditions d&rsquo;application : Temp\u00e9rature \u2265 10\u00baC \/ humidit\u00e9 Diluant : Solvant Polyur\u00e9thane. Solvant de nettoyage : Solvant de nettoyage L ou 330.<\/span><\/p>\n<p><strong><span style=\"vertical-align: inherit;\">Recommandations<\/span><\/strong><br \/>\n<span style=\"vertical-align: inherit;\"> Remuer le contenu des r\u00e9cipients et le m\u00e9lange des deux composants, jusqu&rsquo;\u00e0 homog\u00e9n\u00e9isation du produit ; Ne stockez pas les conteneurs ouverts ou d\u00e9marr\u00e9s. Consulter les fiches de s\u00e9curit\u00e9 pour les donn\u00e9es toxicologiques.<\/span><\/p>\n<p><strong><span style=\"vertical-align: inherit;\">Pr\u00e9sentation<\/span><\/strong><br \/>\n<span style=\"vertical-align: inherit;\"> En bidons de 5 L (4+1) et 25 L (20+5) Coloris : Transparent, blanc et lettre RAL.<\/span><\/p>\n<p><strong><span style=\"vertical-align: inherit;\">Stockage<\/span><\/strong><br \/>\n<span style=\"vertical-align: inherit;\"> Dur\u00e9e de conservation maximale recommand\u00e9e : 1 an dans son contenant d&rsquo;origine, bien ferm\u00e9 et prot\u00e9g\u00e9 des intemp\u00e9ries (couvert et \u00e0 une temp\u00e9rature comprise entre 5 et 35\u00baC).<\/span><\/p>\n<p><strong><span style=\"vertical-align: inherit;\">Informations de s\u00e9curit\u00e9<\/span><\/strong><br \/>\n<span style=\"vertical-align: inherit;\"> En cas d&rsquo;application avec un pistolet pulv\u00e9risateur, il est conseill\u00e9 d&rsquo;utiliser un masque. En cas de contact avec les yeux, laver abondamment \u00e0 l&rsquo;eau claire. Pour plus d\u2019informations, consultez la fiche de s\u00e9curit\u00e9 du produit.<\/span><\/p>\n","protected":false},"excerpt":{"rendered":"<p>Description Film de finition polyur\u00e9thane aliphatique bi-composant, r\u00e9sistant aux bact\u00e9ries, avec une grande r\u00e9sistance aux intemp\u00e9ries et un excellent maintien de la couleur et du brillant. Propri\u00e9t\u00e9s Grand corps et brillance. Ne jaunit pas. Excellent comportement en ext\u00e9rieur. S\u00e9chage rapide. Inhibe et pr\u00e9vient la croissance des bact\u00e9ries sur le film de peinture. Applications Couche de &#8230; <a title=\"Finition polyur\u00e9thane aliphatique Acriblatem ac. Sols avec ions AG+\" class=\"read-more\" href=\"https:\/\/showindustrial.com\/fr\/produit\/finition-polyurethane-aliphatique-acriblatem-ac-sols-avec-ions-ag\/\" aria-label=\"Read more about Finition polyur\u00e9thane aliphatique Acriblatem ac. Sols avec ions AG+\">Lire la suite<\/a><\/p>\n","protected":false},"featured_media":17355,"comment_status":"open","ping_status":"closed","template":"","meta":[],"product_cat":[98,96],"product_tag":[],"_links":{"self":[{"href":"https:\/\/showindustrial.com\/fr\/wp-json\/wp\/v2\/product\/17359"}],"collection":[{"href":"https:\/\/showindustrial.com\/fr\/wp-json\/wp\/v2\/product"}],"about":[{"href":"https:\/\/showindustrial.com\/fr\/wp-json\/wp\/v2\/types\/product"}],"replies":[{"embeddable":true,"href":"https:\/\/showindustrial.com\/fr\/wp-json\/wp\/v2\/comments?post=17359"}],"version-history":[{"count":1,"href":"https:\/\/showindustrial.com\/fr\/wp-json\/wp\/v2\/product\/17359\/revisions"}],"predecessor-version":[{"id":17360,"href":"https:\/\/showindustrial.com\/fr\/wp-json\/wp\/v2\/product\/17359\/revisions\/17360"}],"wp:featuredmedia":[{"embeddable":true,"href":"https:\/\/showindustrial.com\/fr\/wp-json\/wp\/v2\/media\/17355"}],"wp:attachment":[{"href":"https:\/\/showindustrial.com\/fr\/wp-json\/wp\/v2\/media?parent=17359"}],"wp:term":[{"taxonomy":"product_cat","embeddable":true,"href":"https:\/\/showindustrial.com\/fr\/wp-json\/wp\/v2\/product_cat?post=17359"},{"taxonomy":"product_tag","embeddable":true,"href":"https:\/\/showindustrial.com\/fr\/wp-json\/wp\/v2\/product_tag?post=17359"}],"curies":[{"name":"wp","href":"https:\/\/api.w.org\/{rel}","templated":true}]}}