{"id":17322,"date":"2024-01-24T11:30:14","date_gmt":"2024-01-24T10:30:14","guid":{"rendered":"https:\/\/showindustrial.com\/?post_type=product&#038;p=17322"},"modified":"2024-01-24T11:34:33","modified_gmt":"2024-01-24T10:34:33","slug":"vernis-parquet-a-leau-satine","status":"publish","type":"product","link":"https:\/\/showindustrial.com\/fr\/produit\/vernis-parquet-a-leau-satine\/","title":{"rendered":"Vernis Parquet \u00e0 l&rsquo;Eau Satin\u00e9"},"content":{"rendered":"<p><strong><span style=\"vertical-align: inherit;\">Description<\/span><\/strong><br \/>\n<span style=\"vertical-align: inherit;\"> Vernis aqueux de finition pour int\u00e9rieurs (parquet\/meubles).<\/span><\/p>\n<p><strong><span style=\"vertical-align: inherit;\">Propri\u00e9t\u00e9s<\/span><\/strong><br \/>\n<span style=\"vertical-align: inherit;\"> Excellentes duret\u00e9, performances et facilit\u00e9 d&rsquo;application, <\/span><br \/>\n<span style=\"vertical-align: inherit;\">il poss\u00e8de une finition laqu\u00e9e luxueuse, il est lavable, incolore, \u00e9lastique et transparent, offrant une grande <\/span><br \/>\n<span style=\"vertical-align: inherit;\">r\u00e9sistance aux frottements, rayures, produits de nettoyage, <\/span><br \/>\n<span style=\"vertical-align: inherit;\">taches d&rsquo;alcool, etc.<\/span><\/p>\n<p><strong><span style=\"vertical-align: inherit;\">Applications<\/span><\/strong><br \/>\n<span style=\"vertical-align: inherit;\"> Pour vernir tous types de surfaces en bois en int\u00e9rieur, telles que meubles, portes, armoires, parquets, etc.<\/span><\/p>\n<p><strong><span style=\"vertical-align: inherit;\">Caract\u00e9ristiques techniques<\/span><\/strong><br \/>\n<span style=\"vertical-align: inherit;\"> \u00b7 Finition : Satin\u00e9e. <\/span><br \/>\n<span style=\"vertical-align: inherit;\">\u00b7 Nivellement : Excellent. <\/span><br \/>\n<span style=\"vertical-align: inherit;\">\u00b7 Adh\u00e9rence : Bonne. <\/span><br \/>\n<span style=\"vertical-align: inherit;\">\u00b7 Brochage : Bon. <\/span><br \/>\n<span style=\"vertical-align: inherit;\">\u00b7 S\u00e9chage : 2 heures. <\/span><br \/>\n<span style=\"vertical-align: inherit;\">\u00b7 Repeindre : 18 \u00e0 24 heures. <\/span><br \/>\n<span style=\"vertical-align: inherit;\">\u00b7 Viscosit\u00e9 : 35 \u00b1 5\u201d F-4 (Ford Cup no 4) \u00e0 23 \u00b1 8oC (ASTM D-1200). Densit\u00e9 : 1,04 \u00b1 <\/span><br \/>\n<span style=\"vertical-align: inherit;\">0,05 gr\/cc (UNE-EN-ISO 2811-1 et 2). <\/span><br \/>\n<span style=\"vertical-align: inherit;\">\u00b7 Performance : 10 &#8211; 12 m2\/lt. par couche <\/span><br \/>\n<span style=\"vertical-align: inherit;\">\u00b7 Duret\u00e9 : Excellente. <\/span><br \/>\n<span style=\"vertical-align: inherit;\">\u00b7 R\u00e9sistance au frottement : Excellente. <\/span><br \/>\n<span style=\"vertical-align: inherit;\">\u00b7 Stabilit\u00e9 sous emballage : Plus d&rsquo;un an dans son emballage d&rsquo;origine scell\u00e9. Ustensiles : Nettoyer <\/span><br \/>\n<span style=\"vertical-align: inherit;\">\u00e0 l&rsquo;eau.<\/span><\/p>\n<p><strong><span style=\"vertical-align: inherit;\">Agr\u00e9ments et Essais<\/span><\/strong><br \/>\n<span style=\"vertical-align: inherit;\"> Agr\u00e9ment : R\u00e9action au feu, norme UNE-EN 13501-1:07+A1:2010, classes europ\u00e9ennes : <\/span><br \/>\n<span style=\"vertical-align: inherit;\">B, S2, d0.<\/span><\/p>\n<p><strong><span style=\"vertical-align: inherit;\">Pr\u00e9paration de la surface<\/span><\/strong><br \/>\n<span style=\"vertical-align: inherit;\"> \u00b7 Bois neuf : Une fois le bois sec, poncez-le bien et enlevez la poussi\u00e8re. <\/span><br \/>\n<span style=\"vertical-align: inherit;\">\u00b7 Bois vernis : Si le vernis est en bon \u00e9tat, d\u00e9collez d\u00e9licatement et d\u00e9poussi\u00e9rez ; <\/span><br \/>\n<span style=\"vertical-align: inherit;\">Si le vernis est en mauvais \u00e9tat, retirez-le avec des rails et proc\u00e9dez comme pour <\/span><br \/>\n<span style=\"vertical-align: inherit;\">du bois neuf.<\/span><\/p>\n<p><strong><span style=\"vertical-align: inherit;\">Utilisation<\/span><\/strong><br \/>\n<span style=\"vertical-align: inherit;\"> \u00b7 Bois neufs en int\u00e9rieur : Appliquer une couche de Vernis Parquet Aquatique Satin\u00e9 pour <\/span><br \/>\n<span style=\"vertical-align: inherit;\">sceller le bois, attendre 4 heures, limer l\u00e9g\u00e8rement et appliquer deux couches de <\/span><br \/>\n<span style=\"vertical-align: inherit;\">Vernis Parquet Aquatique Satin\u00e9. <\/span><br \/>\n<span style=\"vertical-align: inherit;\">Brosse 0-10%, rouleau 0-10%, pistolet 0-10% eau. <\/span><br \/>\n<span style=\"vertical-align: inherit;\">\u00b7 Bois vernis en bon \u00e9tat : une fois pel\u00e9 et propre, appliquer <\/span><br \/>\n<span style=\"vertical-align: inherit;\">deux couches de Vernis Parquet \u00e0 l&rsquo;Eau Satin\u00e9 comme dans les cas pr\u00e9c\u00e9dents. <\/span><br \/>\n<span style=\"vertical-align: inherit;\">\u00b7 Bois vernis en mauvais \u00e9tat : une fois d\u00e9cap\u00e9 et nettoy\u00e9, proc\u00e9der comme pour un <\/span><br \/>\n<span style=\"vertical-align: inherit;\">bois neuf.<\/span><\/p>\n<p><strong><span style=\"vertical-align: inherit;\">Recommandations<\/span><\/strong><br \/>\n<span style=\"vertical-align: inherit;\"> Remuer le contenu du r\u00e9cipient jusqu&rsquo;\u00e0 ce que le produit soit homog\u00e8ne. <\/span><br \/>\n<span style=\"vertical-align: inherit;\">Apr\u00e8s utilisation, couvrez le r\u00e9cipient en essayant de laisser peu d&rsquo;espace d&rsquo;air, si la <\/span><br \/>\n<span style=\"vertical-align: inherit;\">r\u00e9utilisation prend beaucoup de temps.<\/span><\/p>\n<p><strong><span style=\"vertical-align: inherit;\">Pr\u00e9sentation<\/span><\/strong><br \/>\n<span style=\"vertical-align: inherit;\"> En r\u00e9cipients de 750 ml et 4 litres.<\/span><\/p>\n<p><strong><span style=\"vertical-align: inherit;\">Stockage<\/span><\/strong><br \/>\n<span style=\"vertical-align: inherit;\"> Dur\u00e9e de conservation maximale recommand\u00e9e : 12 mois dans son emballage d&rsquo;origine bien <\/span><br \/>\n<span style=\"vertical-align: inherit;\">ferm\u00e9 et \u00e0 l&rsquo;abri des intemp\u00e9ries (couvert et temp\u00e9rature comprise entre 5 et 35\u00baC).<\/span><\/p>\n<p><strong><span style=\"vertical-align: inherit;\">Informations de s\u00e9curit\u00e9<\/span><\/strong><br \/>\n<span style=\"vertical-align: inherit;\"> Il est essentiel de suivre les instructions figurant sur l&rsquo;\u00e9tiquette de l&#8217;emballage. Pour plus d&rsquo;informations, <\/span><br \/>\n<span style=\"vertical-align: inherit;\">consultez la fiche de s\u00e9curit\u00e9 du produit.<\/span><\/p>\n","protected":false},"excerpt":{"rendered":"<p>Description Vernis aqueux de finition pour int\u00e9rieurs (parquet\/meubles). Propri\u00e9t\u00e9s Excellentes duret\u00e9, performances et facilit\u00e9 d&rsquo;application, il poss\u00e8de une finition laqu\u00e9e luxueuse, il est lavable, incolore, \u00e9lastique et transparent, offrant une grande r\u00e9sistance aux frottements, rayures, produits de nettoyage, taches d&rsquo;alcool, etc. Applications Pour vernir tous types de surfaces en bois en int\u00e9rieur, telles que meubles, &#8230; <a title=\"Vernis Parquet \u00e0 l&rsquo;Eau Satin\u00e9\" class=\"read-more\" href=\"https:\/\/showindustrial.com\/fr\/produit\/vernis-parquet-a-leau-satine\/\" aria-label=\"Read more about Vernis Parquet \u00e0 l&rsquo;Eau Satin\u00e9\">Lire la suite<\/a><\/p>\n","protected":false},"featured_media":17315,"comment_status":"open","ping_status":"closed","template":"","meta":[],"product_cat":[98,91],"product_tag":[],"_links":{"self":[{"href":"https:\/\/showindustrial.com\/fr\/wp-json\/wp\/v2\/product\/17322"}],"collection":[{"href":"https:\/\/showindustrial.com\/fr\/wp-json\/wp\/v2\/product"}],"about":[{"href":"https:\/\/showindustrial.com\/fr\/wp-json\/wp\/v2\/types\/product"}],"replies":[{"embeddable":true,"href":"https:\/\/showindustrial.com\/fr\/wp-json\/wp\/v2\/comments?post=17322"}],"version-history":[{"count":1,"href":"https:\/\/showindustrial.com\/fr\/wp-json\/wp\/v2\/product\/17322\/revisions"}],"predecessor-version":[{"id":17323,"href":"https:\/\/showindustrial.com\/fr\/wp-json\/wp\/v2\/product\/17322\/revisions\/17323"}],"wp:featuredmedia":[{"embeddable":true,"href":"https:\/\/showindustrial.com\/fr\/wp-json\/wp\/v2\/media\/17315"}],"wp:attachment":[{"href":"https:\/\/showindustrial.com\/fr\/wp-json\/wp\/v2\/media?parent=17322"}],"wp:term":[{"taxonomy":"product_cat","embeddable":true,"href":"https:\/\/showindustrial.com\/fr\/wp-json\/wp\/v2\/product_cat?post=17322"},{"taxonomy":"product_tag","embeddable":true,"href":"https:\/\/showindustrial.com\/fr\/wp-json\/wp\/v2\/product_tag?post=17322"}],"curies":[{"name":"wp","href":"https:\/\/api.w.org\/{rel}","templated":true}]}}