{"id":17307,"date":"2024-01-24T11:03:19","date_gmt":"2024-01-24T10:03:19","guid":{"rendered":"https:\/\/showindustrial.com\/?post_type=product&#038;p=17307"},"modified":"2024-02-20T10:05:20","modified_gmt":"2024-02-20T09:05:20","slug":"vernis-laque-polyurethane-approuve-satin-varnilac","status":"publish","type":"product","link":"https:\/\/showindustrial.com\/fr\/produit\/vernis-laque-polyurethane-approuve-satin-varnilac\/","title":{"rendered":"Vernis laque polyur\u00e9thane approuv\u00e9 Satin Varnilac"},"content":{"rendered":"<p><strong><span style=\"vertical-align: inherit;\">Description<\/span><\/strong><br \/>\n<span style=\"vertical-align: inherit;\"> Laque polyur\u00e9thane satin\u00e9e de soie pour int\u00e9rieur et ext\u00e9rieur sur surfaces couvertes.<\/span><\/p>\n<p><strong><span style=\"vertical-align: inherit;\">Propri\u00e9t\u00e9s<\/span><\/strong><br \/>\n<span style=\"vertical-align: inherit;\"> Excellentes duret\u00e9, performances et facilit\u00e9 d&rsquo;application. <\/span><br \/>\n<span style=\"vertical-align: inherit;\">D&rsquo;une finition satin\u00e9e \u00e0 l&rsquo;aspect laqu\u00e9 luxe, <\/span><br \/>\n<span style=\"vertical-align: inherit;\">il est lavable, incolore, \u00e9lastique et transparent, offrant <\/span><br \/>\n<span style=\"vertical-align: inherit;\">une grande r\u00e9sistance aux frottements, aux rayures, aux produits d&rsquo;entretien, aux taches de liqueur, etc.<\/span><\/p>\n<p><strong><span style=\"vertical-align: inherit;\">Applications<\/span><\/strong><br \/>\n<span style=\"vertical-align: inherit;\"> Pour le vernissage de tous types de surfaces en bois dans des int\u00e9rieurs et ext\u00e9rieurs couverts, tels que meubles, portes, placards, etc.<\/span><\/p>\n<p><strong><span style=\"vertical-align: inherit;\">Caract\u00e9ristiques techniques<\/span><\/strong><br \/>\n<span style=\"vertical-align: inherit;\"> \u00b7 Finition : Satin\u00e9e. <\/span><br \/>\n<span style=\"vertical-align: inherit;\">\u00b7 Nivellement : Excellent. <\/span><br \/>\n<span style=\"vertical-align: inherit;\">\u00b7 Adh\u00e9rence : Bonne. <\/span><br \/>\n<span style=\"vertical-align: inherit;\">\u00b7 Brochage : Bon. <\/span><br \/>\n<span style=\"vertical-align: inherit;\">\u00b7 S\u00e9chage : 2 h 45&prime; \u00b1 1 heure \u00e0 25 \u00b1 8\u00baC. <\/span><br \/>\n<span style=\"vertical-align: inherit;\">\u00b7 Repeindre : 18 \u00e0 24 heures. <\/span><br \/>\n<span style=\"vertical-align: inherit;\">\u00b7 Viscosit\u00e9 : 120 \u00b1 35\u201d F-4 (Ford Cup no. 4) \u00e0 25 \u00b1 8oC (ASTM D-1200). Densit\u00e9 : 0,95 \u00b1 <\/span><br \/>\n<span style=\"vertical-align: inherit;\">0,10 gr\/cc (UNE-EN-ISO 2811-1 et 2). <\/span><br \/>\n<span style=\"vertical-align: inherit;\">\u00b7 Performance : 13 &#8211; 16 m2\/lt. <\/span><br \/>\n<span style=\"vertical-align: inherit;\">\u00b7 Duret\u00e9 : Excellente. <\/span><br \/>\n<span style=\"vertical-align: inherit;\">\u00b7 R\u00e9sistance au frottement : Excellente. <\/span><br \/>\n<span style=\"vertical-align: inherit;\">\u00b7 Stabilit\u00e9 sous emballage : Plus d&rsquo;un an dans son emballage d&rsquo;origine scell\u00e9. Outils : Nettoyage avec <\/span><br \/>\n<span style=\"vertical-align: inherit;\">Solvant pour \u00e9maux, Solvant de Nettoyage ou Solvant Universel.<\/span><\/p>\n<p><strong><span style=\"vertical-align: inherit;\">Agr\u00e9ments et Essais<\/span><\/strong><br \/>\n<span style=\"vertical-align: inherit;\"> Agr\u00e9ment : R\u00e9action au feu, norme UNE-EN 13501-1:07+A1:2010, classes europ\u00e9ennes : <\/span><br \/>\n<span style=\"vertical-align: inherit;\">B, S2, d0.<\/span><\/p>\n<p><strong><span style=\"vertical-align: inherit;\">Pr\u00e9paration de la surface<\/span><\/strong><br \/>\n<span style=\"vertical-align: inherit;\"> \u00b7 Bois neuf : Une fois le bois sec, poncez-le bien et enlevez la poussi\u00e8re. <\/span><br \/>\n<span style=\"vertical-align: inherit;\">\u00b7 Bois vernis : Si le vernis est en bon \u00e9tat, d\u00e9collez d\u00e9licatement et d\u00e9poussi\u00e9rez. Si le vernis est en mauvais \u00e9tat, retirez-le avec des rails et proc\u00e9dez comme pour <\/span><br \/>\n<span style=\"vertical-align: inherit;\">du bois neuf.<\/span><\/p>\n<p><strong><span style=\"vertical-align: inherit;\">Utilisation<\/span><\/strong><br \/>\n<span style=\"vertical-align: inherit;\"> \u00b7 Bois neufs en int\u00e9rieur : Appliquer une couche de notre Aquafond (tapaporus) ou de notre <\/span><br \/>\n<span style=\"vertical-align: inherit;\">Polyuret\u00e0 Fons 799 (polyur\u00e9thane tapaporus) pour sceller le bois. Appliquez ensuite <\/span><br \/>\n<span style=\"vertical-align: inherit;\">deux couches de Barnilac. Produit pr\u00eat \u00e0 l&#8217;emploi. <\/span><br \/>\n<span style=\"vertical-align: inherit;\">\u00b7 Bois ext\u00e9rieur neuf non expos\u00e9 au soleil ni \u00e0 la pluie : Appliquer une couche de notre <\/span><br \/>\n<span style=\"vertical-align: inherit;\">Fondation Polyur\u00e9thane 799 (couverture en polyur\u00e9thane) pour sceller le bois. Appliquez ensuite deux <\/span><br \/>\n<span style=\"vertical-align: inherit;\">couches de Barnilac comme pour le bois pour l&rsquo;int\u00e9rieur. <\/span><br \/>\n<span style=\"vertical-align: inherit;\">\u00b7 Bois vernis en bon \u00e9tat : Une fois pel\u00e9 et propre, appliquer deux couches de Barnilac sur les surfaces r\u00e9chauff\u00e9es comme dans les cas pr\u00e9c\u00e9dents. <\/span><br \/>\n<span style=\"vertical-align: inherit;\">\u00b7 Bois vernis en mauvais \u00e9tat : Une fois d\u00e9cap\u00e9 et nettoy\u00e9, proc\u00e9der comme pour un <\/span><br \/>\n<span style=\"vertical-align: inherit;\">bois neuf. Appliquer le produit en couches fines et en respectant les d\u00e9lais de repeinture.<\/span><\/p>\n<p><strong><span style=\"vertical-align: inherit;\">Recommandations<\/span><\/strong><br \/>\n<span style=\"vertical-align: inherit;\"> Ne pas appliquer sur des surfaces chauff\u00e9es. <\/span><br \/>\n<span style=\"vertical-align: inherit;\">Remuer le contenu du r\u00e9cipient jusqu&rsquo;\u00e0 ce que le produit soit homog\u00e8ne. Apr\u00e8s utilisation, couvrez le r\u00e9cipient en essayant de laisser peu d&rsquo;espace d&rsquo;air, si la <\/span><span style=\"vertical-align: inherit;\">r\u00e9utilisation <\/span><br \/>\n<span style=\"vertical-align: inherit;\">prend beaucoup de temps.<\/span><\/p>\n<p><strong><span style=\"vertical-align: inherit;\">Pr\u00e9sentation<\/span><\/strong><br \/>\n<span style=\"vertical-align: inherit;\"> Disponible en formats 250 ml, 750 ml et 4 litres.<\/span><\/p>\n<p><strong><span style=\"vertical-align: inherit;\">Stockage<\/span><\/strong><br \/>\n<span style=\"vertical-align: inherit;\"> Dur\u00e9e de conservation maximale recommand\u00e9e : 12 mois dans son emballage d&rsquo;origine bien <\/span><br \/>\n<span style=\"vertical-align: inherit;\">ferm\u00e9 et \u00e0 l&rsquo;abri des intemp\u00e9ries (couvert et temp\u00e9rature comprise entre 5 et 35\u00baC).<\/span><\/p>\n<p><strong><span style=\"vertical-align: inherit;\">Informations de s\u00e9curit\u00e9<\/span><\/strong><br \/>\n<span style=\"vertical-align: inherit;\"> Il est essentiel de suivre les instructions figurant sur l&rsquo;\u00e9tiquette de l&#8217;emballage. Pour plus d&rsquo;informations, <\/span><br \/>\n<span style=\"vertical-align: inherit;\">consultez la fiche de s\u00e9curit\u00e9 du produit.<\/span><\/p>\n","protected":false},"excerpt":{"rendered":"<p>Description Laque polyur\u00e9thane satin\u00e9e de soie pour int\u00e9rieur et ext\u00e9rieur sur surfaces couvertes. Propri\u00e9t\u00e9s Excellentes duret\u00e9, performances et facilit\u00e9 d&rsquo;application. D&rsquo;une finition satin\u00e9e \u00e0 l&rsquo;aspect laqu\u00e9 luxe, il est lavable, incolore, \u00e9lastique et transparent, offrant une grande r\u00e9sistance aux frottements, aux rayures, aux produits d&rsquo;entretien, aux taches de liqueur, etc. Applications Pour le vernissage de &#8230; <a title=\"Vernis laque polyur\u00e9thane approuv\u00e9 Satin Varnilac\" class=\"read-more\" href=\"https:\/\/showindustrial.com\/fr\/produit\/vernis-laque-polyurethane-approuve-satin-varnilac\/\" aria-label=\"Read more about Vernis laque polyur\u00e9thane approuv\u00e9 Satin Varnilac\">Lire la suite<\/a><\/p>\n","protected":false},"featured_media":17300,"comment_status":"open","ping_status":"closed","template":"","meta":[],"product_cat":[98,96],"product_tag":[],"_links":{"self":[{"href":"https:\/\/showindustrial.com\/fr\/wp-json\/wp\/v2\/product\/17307"}],"collection":[{"href":"https:\/\/showindustrial.com\/fr\/wp-json\/wp\/v2\/product"}],"about":[{"href":"https:\/\/showindustrial.com\/fr\/wp-json\/wp\/v2\/types\/product"}],"replies":[{"embeddable":true,"href":"https:\/\/showindustrial.com\/fr\/wp-json\/wp\/v2\/comments?post=17307"}],"version-history":[{"count":1,"href":"https:\/\/showindustrial.com\/fr\/wp-json\/wp\/v2\/product\/17307\/revisions"}],"predecessor-version":[{"id":17308,"href":"https:\/\/showindustrial.com\/fr\/wp-json\/wp\/v2\/product\/17307\/revisions\/17308"}],"wp:featuredmedia":[{"embeddable":true,"href":"https:\/\/showindustrial.com\/fr\/wp-json\/wp\/v2\/media\/17300"}],"wp:attachment":[{"href":"https:\/\/showindustrial.com\/fr\/wp-json\/wp\/v2\/media?parent=17307"}],"wp:term":[{"taxonomy":"product_cat","embeddable":true,"href":"https:\/\/showindustrial.com\/fr\/wp-json\/wp\/v2\/product_cat?post=17307"},{"taxonomy":"product_tag","embeddable":true,"href":"https:\/\/showindustrial.com\/fr\/wp-json\/wp\/v2\/product_tag?post=17307"}],"curies":[{"name":"wp","href":"https:\/\/api.w.org\/{rel}","templated":true}]}}