{"id":17282,"date":"2024-01-24T10:58:33","date_gmt":"2024-01-24T09:58:33","guid":{"rendered":"https:\/\/showindustrial.com\/?post_type=product&#038;p=17282"},"modified":"2024-02-20T10:10:49","modified_gmt":"2024-02-20T09:10:49","slug":"blatemlac-satinado-esmalte-laca-ignifugo","status":"publish","type":"product","link":"https:\/\/showindustrial.com\/fr\/produit\/blatemlac-satinado-esmalte-laca-ignifugo\/","title":{"rendered":"Blatemlac Laque \u00c9mail Ignifuge Satin\u00e9e"},"content":{"rendered":"<p><strong><span style=\"vertical-align: inherit;\"><span style=\"vertical-align: inherit;\">Description<\/span><\/span><\/strong><br \/>\n<span style=\"vertical-align: inherit;\"><span style=\"vertical-align: inherit;\"> Laque \u00e9maill\u00e9e au polyur\u00e9thane satin\u00e9 d&rsquo; <\/span><\/span><br \/>\n<span style=\"vertical-align: inherit;\"><span style=\"vertical-align: inherit;\">une qualit\u00e9 extraordinaire pour int\u00e9rieurs et ext\u00e9rieurs, formul\u00e9e avec la <\/span><\/span><br \/>\n<span style=\"vertical-align: inherit;\"><span style=\"vertical-align: inherit;\">technologie la plus avanc\u00e9e pour obtenir des performances maximales. <\/span><\/span><br \/>\n<span style=\"vertical-align: inherit;\"><span style=\"vertical-align: inherit;\">Ignifuger.<\/span><\/span><\/p>\n<p><strong><span style=\"vertical-align: inherit;\"><span style=\"vertical-align: inherit;\">Propri\u00e9t\u00e9s<\/span><\/span><\/strong><br \/>\n<span style=\"vertical-align: inherit;\"><span style=\"vertical-align: inherit;\"> Bonne duret\u00e9, pouvoir couvrant et performance, il est facile <\/span><\/span><br \/>\n<span style=\"vertical-align: inherit;\"><span style=\"vertical-align: inherit;\">\u00e0 appliquer. Il pr\u00e9sente une finition satin\u00e9e avec un aspect laqu\u00e9 luxueux, est lavable et tr\u00e8s <\/span><\/span><br \/>\n<span style=\"vertical-align: inherit;\"><span style=\"vertical-align: inherit;\">r\u00e9sistant aux frottements, aux rayures, aux produits d&rsquo;entretien, aux taches d&rsquo;alcool, etc. <\/span><\/span><br \/>\n<span style=\"vertical-align: inherit;\"><span style=\"vertical-align: inherit;\">Conforme aux COV 2010.<\/span><\/span><\/p>\n<p><strong><span style=\"vertical-align: inherit;\"><span style=\"vertical-align: inherit;\">Applications<\/span><\/span><\/strong><br \/>\n<span style=\"vertical-align: inherit;\"><span style=\"vertical-align: inherit;\"> Pour peindre tous types de surfaces en bois, m\u00e9tal, etc., telles que meubles, portes, fen\u00eatres, \u00e9tag\u00e8res, cl\u00f4tures, murs de cuisine et de salle de bain, etc., tant \u00e0 l&rsquo;int\u00e9rieur <\/span><\/span><br \/>\n<span style=\"vertical-align: inherit;\"><span style=\"vertical-align: inherit;\">qu&rsquo;\u00e0 l&rsquo;ext\u00e9rieur.<\/span><\/span><\/p>\n<p><strong><span style=\"vertical-align: inherit;\"><span style=\"vertical-align: inherit;\">Caract\u00e9ristiques Techniques<\/span><\/span><\/strong><br \/>\n<span style=\"vertical-align: inherit;\"><span style=\"vertical-align: inherit;\"> \u00b7 Finition : Blanc-satin\u00e9, couleurs. <\/span><\/span><br \/>\n<span style=\"vertical-align: inherit;\"><span style=\"vertical-align: inherit;\">\u00b7 Nivellement : Excellent. <\/span><\/span><br \/>\n<span style=\"vertical-align: inherit;\"><span style=\"vertical-align: inherit;\">\u00b7 Adh\u00e9rence : Excellente. <\/span><\/span><br \/>\n<span style=\"vertical-align: inherit;\"><span style=\"vertical-align: inherit;\">\u00b7 Brossabilit\u00e9\u00a0: Excellente. <\/span><\/span><br \/>\n<span style=\"vertical-align: inherit;\"><span style=\"vertical-align: inherit;\">\u00b7 Repeint : 24 heures. <\/span><\/span><br \/>\n<span style=\"vertical-align: inherit;\"><span style=\"vertical-align: inherit;\">\u00b7 Viscosit\u00e9 : 130 \u00b1 50\u201d F-4 (Ford Cup no.4) \u00e0 25 \u00b1 8oC (ASTM D-1200). Densit\u00e9 : 1,45 \u00b1 <\/span><\/span><br \/>\n<span style=\"vertical-align: inherit;\"><span style=\"vertical-align: inherit;\">0,10 g\/cc (UNE-EN-ISO 2811-1 et 2). <\/span><\/span><br \/>\n<span style=\"vertical-align: inherit;\"><span style=\"vertical-align: inherit;\">\u00b7 Finesse : 7,5 \u00b1 1 HG (Degr\u00e9s Hegman) UNE-EN-ISO 1524). <\/span><\/span><br \/>\n<span style=\"vertical-align: inherit;\"><span style=\"vertical-align: inherit;\">\u00b7 Rendement : 750 ml\/9-13 m2 par couche. <\/span><\/span><br \/>\n<span style=\"vertical-align: inherit;\"><span style=\"vertical-align: inherit;\">\u00b7 S\u00e9chage : 4 \u00b1 1 heure \u00e0 25 \u00b1 8oC. <\/span><\/span><br \/>\n<span style=\"vertical-align: inherit;\"><span style=\"vertical-align: inherit;\">\u00b7 Duret\u00e9 : Bonne. <\/span><\/span><br \/>\n<span style=\"vertical-align: inherit;\"><span style=\"vertical-align: inherit;\">\u00b7 Teneur maximale en COV : 298 g\/L. <\/span><\/span><br \/>\n<span style=\"vertical-align: inherit;\"><span style=\"vertical-align: inherit;\">\u00b7 Ustensiles : Nettoyage avec Solvant \u00c9mail, Solvant de Nettoyage ou Solvant Universel. <\/span><\/span><br \/>\n<span style=\"vertical-align: inherit;\"><span style=\"vertical-align: inherit;\">\u00b7 Stabilit\u00e9 sous emballage : Plus d&rsquo;un an dans l&#8217;emballage d&rsquo;origine ferm\u00e9.<\/span><\/span><\/p>\n<p><strong><span style=\"vertical-align: inherit;\"><span style=\"vertical-align: inherit;\">Homologations et essais<\/span><\/span><\/strong><br \/>\n<span style=\"vertical-align: inherit;\"><span style=\"vertical-align: inherit;\"> R\u00e9action au feu, norme UNE-EN 13501-1:07+A1:2010, classes europ\u00e9ennes : C, S2, d0.<\/span><\/span><\/p>\n<p><strong><span style=\"vertical-align: inherit;\"><span style=\"vertical-align: inherit;\">Pr\u00e9paration des surfaces<\/span><\/span><\/strong><br \/>\n<span style=\"vertical-align: inherit;\"><span style=\"vertical-align: inherit;\"> \u00b7 Neuf : S&rsquo;ils sont en pl\u00e2tre ou en bois, appliquer une couche pr\u00e9alable de Scellant Synth\u00e9tique et poncer <\/span><\/span><br \/>\n<span style=\"vertical-align: inherit;\"><span style=\"vertical-align: inherit;\">doucement. Si la surface est en fer, appliquez d&rsquo;abord une couche de Blatprimer Antioxidant Fire Retardant. <\/span><\/span><br \/>\n<span style=\"vertical-align: inherit;\"><span style=\"vertical-align: inherit;\">\u00b7 Peint : Si la peinture est en mauvais \u00e9tat, l&rsquo;enlever, combler les d\u00e9fauts et proc\u00e9der comme dans le cas de surfaces neuves ; Si la peinture est en bon \u00e9tat, laver, poncer la <\/span><\/span><br \/>\n<span style=\"vertical-align: inherit;\"><span style=\"vertical-align: inherit;\">surface et appliquer Blatemlac.<\/span><\/span><\/p>\n<p><strong><span style=\"vertical-align: inherit;\"><span style=\"vertical-align: inherit;\">Mode d&#8217;emploi<\/span><\/span><\/strong><br \/>\n<span style=\"vertical-align: inherit;\"><span style=\"vertical-align: inherit;\"> Il s&rsquo;applique au pinceau, au rouleau ou au pistolet. Produit pr\u00eat \u00e0 l&#8217;emploi. Ne pas appliquer sur des surfaces surchauff\u00e9es par les rayons du soleil. Un bon pon\u00e7age pr\u00e9alable facilite une bonne finition de l&rsquo;\u00e9mail. <\/span><\/span><br \/>\n<span style=\"vertical-align: inherit;\"><span style=\"vertical-align: inherit;\">Appliquez toujours en fines couches, en \u00e9tirant le plus possible, pour \u00e9viter de prolonger le temps de s\u00e9chage, les rides, la salet\u00e9, etc. <\/span><\/span><br \/>\n<span style=\"vertical-align: inherit;\"><span style=\"vertical-align: inherit;\">Appliquer la deuxi\u00e8me couche en respectant les d\u00e9lais de repeinture (24 heures). <\/span><\/span><br \/>\n<span style=\"vertical-align: inherit;\"><span style=\"vertical-align: inherit;\">Dans ce produit satin\u00e9, la brillance initiale para\u00eet \u00e9lev\u00e9e, mais diminue avec le temps.<\/span><\/span><\/p>\n<p><strong><span style=\"vertical-align: inherit;\"><span style=\"vertical-align: inherit;\">Recommandations<\/span><\/span><\/strong><br \/>\n<span style=\"vertical-align: inherit;\"><span style=\"vertical-align: inherit;\"> Apr\u00e8s utilisation, couvrir le r\u00e9cipient en essayant de laisser peu d&rsquo;espace d&rsquo;air si la <\/span><\/span><br \/>\n<span style=\"vertical-align: inherit;\"><span style=\"vertical-align: inherit;\">r\u00e9utilisation prend un certain temps. <\/span><\/span><br \/>\n<span style=\"vertical-align: inherit;\"><span style=\"vertical-align: inherit;\">Remuer le contenu du r\u00e9cipient jusqu&rsquo;\u00e0 ce que le produit soit homog\u00e9n\u00e9is\u00e9.<\/span><\/span><\/p>\n<p><strong><span style=\"vertical-align: inherit;\"><span style=\"vertical-align: inherit;\">Pr\u00e9sentation<\/span><\/span><\/strong><br \/>\n<span style=\"vertical-align: inherit;\"><span style=\"vertical-align: inherit;\"> En r\u00e9cipients de 125 ml, 250 ml, 750 ml et 4 litres. <\/span><\/span><br \/>\n<span style=\"vertical-align: inherit;\"><span style=\"vertical-align: inherit;\">Couleurs : Blanc neige et noir.<\/span><\/span><\/p>\n<p><strong><span style=\"vertical-align: inherit;\"><span style=\"vertical-align: inherit;\">Conservation<\/span><\/span><\/strong><br \/>\n<span style=\"vertical-align: inherit;\"><span style=\"vertical-align: inherit;\"> Dur\u00e9e de conservation maximale recommand\u00e9e : 12 mois dans son contenant d&rsquo;origine, bien <\/span><\/span><br \/>\n<span style=\"vertical-align: inherit;\"><span style=\"vertical-align: inherit;\">ferm\u00e9 et prot\u00e9g\u00e9 des intemp\u00e9ries (couvert et \u00e0 une temp\u00e9rature comprise entre 5 et 35\u00baC). <\/span><\/span><br \/>\n<span style=\"vertical-align: inherit;\"><span style=\"vertical-align: inherit;\">Information de s\u00e9curit\u00e9<\/span><\/span><\/p>\n<p><span style=\"vertical-align: inherit;\"><span style=\"vertical-align: inherit;\">Il est essentiel de suivre les instructions figurant sur l&rsquo;\u00e9tiquette du contenant. Pour plus d&rsquo;informations, <\/span><\/span><br \/>\n<span style=\"vertical-align: inherit;\"><span style=\"vertical-align: inherit;\">consultez la fiche de s\u00e9curit\u00e9 du produit.<\/span><\/span><\/p>\n","protected":false},"excerpt":{"rendered":"<p>Description Laque \u00e9maill\u00e9e au polyur\u00e9thane satin\u00e9 d&rsquo; une qualit\u00e9 extraordinaire pour int\u00e9rieurs et ext\u00e9rieurs, formul\u00e9e avec la technologie la plus avanc\u00e9e pour obtenir des performances maximales. Ignifuger. Propri\u00e9t\u00e9s Bonne duret\u00e9, pouvoir couvrant et performance, il est facile \u00e0 appliquer. Il pr\u00e9sente une finition satin\u00e9e avec un aspect laqu\u00e9 luxueux, est lavable et tr\u00e8s r\u00e9sistant aux &#8230; <a title=\"Blatemlac Laque \u00c9mail Ignifuge Satin\u00e9e\" class=\"read-more\" href=\"https:\/\/showindustrial.com\/fr\/produit\/blatemlac-satinado-esmalte-laca-ignifugo\/\" aria-label=\"Read more about Blatemlac Laque \u00c9mail Ignifuge Satin\u00e9e\">Lire la suite<\/a><\/p>\n","protected":false},"featured_media":17283,"comment_status":"open","ping_status":"closed","template":"","meta":[],"product_cat":[98],"product_tag":[],"_links":{"self":[{"href":"https:\/\/showindustrial.com\/fr\/wp-json\/wp\/v2\/product\/17282"}],"collection":[{"href":"https:\/\/showindustrial.com\/fr\/wp-json\/wp\/v2\/product"}],"about":[{"href":"https:\/\/showindustrial.com\/fr\/wp-json\/wp\/v2\/types\/product"}],"replies":[{"embeddable":true,"href":"https:\/\/showindustrial.com\/fr\/wp-json\/wp\/v2\/comments?post=17282"}],"version-history":[{"count":2,"href":"https:\/\/showindustrial.com\/fr\/wp-json\/wp\/v2\/product\/17282\/revisions"}],"predecessor-version":[{"id":17290,"href":"https:\/\/showindustrial.com\/fr\/wp-json\/wp\/v2\/product\/17282\/revisions\/17290"}],"wp:featuredmedia":[{"embeddable":true,"href":"https:\/\/showindustrial.com\/fr\/wp-json\/wp\/v2\/media\/17283"}],"wp:attachment":[{"href":"https:\/\/showindustrial.com\/fr\/wp-json\/wp\/v2\/media?parent=17282"}],"wp:term":[{"taxonomy":"product_cat","embeddable":true,"href":"https:\/\/showindustrial.com\/fr\/wp-json\/wp\/v2\/product_cat?post=17282"},{"taxonomy":"product_tag","embeddable":true,"href":"https:\/\/showindustrial.com\/fr\/wp-json\/wp\/v2\/product_tag?post=17282"}],"curies":[{"name":"wp","href":"https:\/\/api.w.org\/{rel}","templated":true}]}}