{"id":17265,"date":"2024-01-23T14:03:20","date_gmt":"2024-01-23T13:03:20","guid":{"rendered":"https:\/\/showindustrial.com\/?post_type=product&#038;p=17265"},"modified":"2024-01-24T10:47:41","modified_gmt":"2024-01-24T09:47:41","slug":"peinture-ignifuge-anti-eclaboussures-blatemdelfin","status":"publish","type":"product","link":"https:\/\/showindustrial.com\/fr\/produit\/peinture-ignifuge-anti-eclaboussures-blatemdelfin\/","title":{"rendered":"Peinture ignifuge anti-\u00e9claboussures Blatemdelf\u00edn"},"content":{"rendered":"<p><strong><span style=\"vertical-align: inherit;\"><span class=\"\" style=\"vertical-align: inherit;\">Description<\/span><\/span><\/strong><br \/>\n<span style=\"vertical-align: inherit;\"><span class=\"\" style=\"vertical-align: inherit;\"> Peinture plastique mate avec un excellent pouvoir couvrant pour int\u00e9rieurs et ext\u00e9rieurs, sauf fa\u00e7ades, formul\u00e9e avec la technologie la plus avanc\u00e9e en copolym\u00e8res acryliques, styr\u00e9n\u00e9s en \u00e9mulsion et avec des pigments et charges de la plus haute qualit\u00e9. Ignifuger. Propri\u00e9t\u00e9s Excellentes couverture et adh\u00e9rence, ainsi que de tr\u00e8s bonnes propri\u00e9t\u00e9s d&rsquo;application, performances et r\u00e9sistance au frottement humide.<\/span><\/span><\/p>\n<p><strong><span style=\"vertical-align: inherit;\">Applications<\/span><\/strong><br \/>\n<span style=\"vertical-align: inherit;\"> Pour peindre des int\u00e9rieurs et des ext\u00e9rieurs, hors fa\u00e7ades, sur pl\u00e2tre, ciment, brique, fibrociment, etc. lorsque l&rsquo;on souhaite offrir une excellente peinture int\u00e9rieure avec un tr\u00e8s bon \u00e9quilibre des propri\u00e9t\u00e9s techniques.<\/span><\/p>\n<p><strong><span style=\"vertical-align: inherit;\">Caract\u00e9ristiques Techniques<\/span><\/strong><br \/>\n<span style=\"vertical-align: inherit;\"> \u00b7 Aspect : Lisse et mat. <\/span><br \/>\n<span style=\"vertical-align: inherit;\">\u00b7 Blancheur : excellente. <\/span><br \/>\n<span style=\"vertical-align: inherit;\">\u00b7 Lavabilit\u00e9 : 1300\u00b1 300 PSD. (Double passes) Normes DIN 53.778 ET UNE 48284. <\/span><br \/>\n<span style=\"vertical-align: inherit;\">\u00b7 Adh\u00e9rence : Excellente. <\/span><br \/>\n<span style=\"vertical-align: inherit;\">\u00b7 Finesse : 6,5 \u00b1 1 HG. (Degr\u00e9s Hegman) (UNE-EN-ISO 1524). <\/span><br \/>\n<span style=\"vertical-align: inherit;\">\u00b7 Repeindre : 4 \u00e0 6 heures. <\/span><br \/>\n<span style=\"vertical-align: inherit;\">\u00b7 Viscosit\u00e9 : 115 \u00b1 15 UK (unit\u00e9s Krebs) \u00e0 25o \u00b1 10oC (UNE 48-076) <\/span><br \/>\n<span style=\"vertical-align: inherit;\">\u00b7 Densit\u00e9 : 1,63 \u00b1 0,10 gr\/cc (UNE-EN-ISO 2811-1). <\/span><br \/>\n<span style=\"vertical-align: inherit;\">\u00b7 Couverture : Extraordinaire. <\/span><br \/>\n<span style=\"vertical-align: inherit;\">\u00b7 Rendement : 8-12 m2\/l, et main. <\/span><br \/>\n<span style=\"vertical-align: inherit;\">\u00b7 S\u00e9chage : 30 \u00e0 60 minutes. <\/span><br \/>\n<span style=\"vertical-align: inherit;\">\u00b7 Ustensiles : Nettoyage \u00e0 l&rsquo;eau. <\/span><br \/>\n<span style=\"vertical-align: inherit;\">\u00b7 Stabilit\u00e9 dans l&#8217;emballage : Jusqu&rsquo;\u00e0 un an dans l&#8217;emballage d&rsquo;origine ferm\u00e9. <\/span><br \/>\n<span style=\"vertical-align: inherit;\">\u00b7 Ininflammable<\/span><\/p>\n<p><strong><span style=\"vertical-align: inherit;\">Homologations et essais<\/span><\/strong><br \/>\n<span style=\"vertical-align: inherit;\"> R\u00e9action au feu, norme UNE-EN 13501-1:07+A1:2010, classes europ\u00e9ennes : A2, S1, d0.<\/span><\/p>\n<p><strong><span style=\"vertical-align: inherit;\">Pr\u00e9paration de la surface<\/span><\/strong><br \/>\n<span style=\"vertical-align: inherit;\"> \u00b7 Neuf : \u00c9liminer les parties d\u00e9tach\u00e9es, couvrir les fissures, etc. <\/span><br \/>\n<span style=\"vertical-align: inherit;\">\u00b7 Peint : \u00c0 la d\u00e9trempe ou \u00e0 la chaux, enlever pr\u00e9alablement. Avec de la peinture, retirez les pi\u00e8ces en mauvais \u00e9tat.<\/span><\/p>\n<p><strong><span style=\"vertical-align: inherit;\">Mode d&#8217;emploi<\/span><\/strong><br \/>\n<span style=\"vertical-align: inherit;\"> Appliquer une premi\u00e8re couche dilu\u00e9e avec 15-25% d&rsquo;eau potable et une deuxi\u00e8me couche <\/span><br \/>\n<span style=\"vertical-align: inherit;\">avec environ 5-15%, appliqu\u00e9e au pinceau, au rouleau ou au pistolet. <\/span><br \/>\n<span style=\"vertical-align: inherit;\">Si la surface pr\u00e9sente des probl\u00e8mes d&rsquo;adh\u00e9rence, fixez-la au pr\u00e9alable avec notre FIXATEUR ACRYLIQUE ou FIXATEUR SOLVANT.<\/span><\/p>\n<p><strong><span style=\"vertical-align: inherit;\">Recommandations<\/span><\/strong><br \/>\n<span style=\"vertical-align: inherit;\"> Ne pas peindre par temps de pluie ou avec des temp\u00e9ratures inf\u00e9rieures \u00e0 5\u00baC. Retirez le contenu du conteneur. <\/span><br \/>\n<span style=\"vertical-align: inherit;\">Ne lavez la surface peinte qu\u2019apr\u00e8s 20 jours.<\/span><\/p>\n<p><strong><span style=\"vertical-align: inherit;\">Pr\u00e9sentation<\/span><\/strong><br \/>\n<span style=\"vertical-align: inherit;\"> En bidons de 750 ml, 4 L, 12 L, 15 L.<\/span><\/p>\n<p><strong><span style=\"vertical-align: inherit;\">Stockage<\/span><\/strong><br \/>\n<span style=\"vertical-align: inherit;\"> Dur\u00e9e de conservation maximale recommand\u00e9e : 12 mois dans son r\u00e9cipient d&rsquo;origine, bien <\/span><br \/>\n<span style=\"vertical-align: inherit;\">ferm\u00e9 et prot\u00e9g\u00e9 des intemp\u00e9ries (couvert et \u00e0 une temp\u00e9rature comprise entre 5 et 35\u00baC).<\/span><\/p>\n<p><strong><span style=\"vertical-align: inherit;\">Informations de s\u00e9curit\u00e9<\/span><\/strong><br \/>\n<span style=\"vertical-align: inherit;\"> Il est essentiel de suivre les instructions figurant sur l&rsquo;\u00e9tiquette du contenant. Pour plus d&rsquo;informations, <\/span><br \/>\n<span style=\"vertical-align: inherit;\">consultez la fiche de s\u00e9curit\u00e9 du produit.<\/span><\/p>\n","protected":false},"excerpt":{"rendered":"<p>Description Peinture plastique mate avec un excellent pouvoir couvrant pour int\u00e9rieurs et ext\u00e9rieurs, sauf fa\u00e7ades, formul\u00e9e avec la technologie la plus avanc\u00e9e en copolym\u00e8res acryliques, styr\u00e9n\u00e9s en \u00e9mulsion et avec des pigments et charges de la plus haute qualit\u00e9. Ignifuger. Propri\u00e9t\u00e9s Excellentes couverture et adh\u00e9rence, ainsi que de tr\u00e8s bonnes propri\u00e9t\u00e9s d&rsquo;application, performances et r\u00e9sistance &#8230; <a title=\"Peinture ignifuge anti-\u00e9claboussures Blatemdelf\u00edn\" class=\"read-more\" href=\"https:\/\/showindustrial.com\/fr\/produit\/peinture-ignifuge-anti-eclaboussures-blatemdelfin\/\" aria-label=\"Read more about Peinture ignifuge anti-\u00e9claboussures Blatemdelf\u00edn\">Lire la suite<\/a><\/p>\n","protected":false},"featured_media":17216,"comment_status":"open","ping_status":"closed","template":"","meta":[],"product_cat":[98],"product_tag":[],"_links":{"self":[{"href":"https:\/\/showindustrial.com\/fr\/wp-json\/wp\/v2\/product\/17265"}],"collection":[{"href":"https:\/\/showindustrial.com\/fr\/wp-json\/wp\/v2\/product"}],"about":[{"href":"https:\/\/showindustrial.com\/fr\/wp-json\/wp\/v2\/types\/product"}],"replies":[{"embeddable":true,"href":"https:\/\/showindustrial.com\/fr\/wp-json\/wp\/v2\/comments?post=17265"}],"version-history":[{"count":1,"href":"https:\/\/showindustrial.com\/fr\/wp-json\/wp\/v2\/product\/17265\/revisions"}],"predecessor-version":[{"id":17266,"href":"https:\/\/showindustrial.com\/fr\/wp-json\/wp\/v2\/product\/17265\/revisions\/17266"}],"wp:featuredmedia":[{"embeddable":true,"href":"https:\/\/showindustrial.com\/fr\/wp-json\/wp\/v2\/media\/17216"}],"wp:attachment":[{"href":"https:\/\/showindustrial.com\/fr\/wp-json\/wp\/v2\/media?parent=17265"}],"wp:term":[{"taxonomy":"product_cat","embeddable":true,"href":"https:\/\/showindustrial.com\/fr\/wp-json\/wp\/v2\/product_cat?post=17265"},{"taxonomy":"product_tag","embeddable":true,"href":"https:\/\/showindustrial.com\/fr\/wp-json\/wp\/v2\/product_tag?post=17265"}],"curies":[{"name":"wp","href":"https:\/\/api.w.org\/{rel}","templated":true}]}}