{"id":18697,"date":"2024-02-11T23:52:52","date_gmt":"2024-02-11T22:52:52","guid":{"rendered":"https:\/\/showindustrial.com\/politica-de-cookies\/"},"modified":"2024-02-12T00:39:20","modified_gmt":"2024-02-11T23:39:20","slug":"politique-de-cookies","status":"publish","type":"page","link":"https:\/\/showindustrial.com\/fr\/politique-de-cookies\/","title":{"rendered":"Politique de Cookies"},"content":{"rendered":"\n<p>Si vous souhaitez en savoir plus sur l&rsquo;utilisation des cookies effectu\u00e9s par ce site showindustrial.com<strong>,<\/strong> vous \u00eates au bon endroit. Ensuite, nous allons vous expliquer ce que sont exactement les cookies ; quel type de cookies nous utilisons et pourquoi&nbsp;; et comment vous pouvez exercer votre droit de configurer votre navigateur et refuser l&rsquo;utilisation de l&rsquo;un d&rsquo;entre eux.<\/p>\n\n\n\n<p>Bien entendu, vous devez savoir que si vous d\u00e9cidez de ne pas utiliser certains cookies, ce site Web risque de ne pas fonctionner parfaitement, affectant votre exp\u00e9rience utilisateur.<\/p>\n\n\n\n<h2 class=\"wp-block-heading\"><strong>Qu&rsquo;est-ce qu&rsquo;un cookie<\/strong><\/h2>\n\n\n\n<p>Ongle<em>biscuit<\/em> Il s&rsquo;agit d&rsquo;un fichier t\u00e9l\u00e9charg\u00e9 sur votre ordinateur lorsque vous acc\u00e9dez \u00e0 certaines pages Web ou blogs.<\/p>\n\n\n\n<p>Le<em>biscuits<\/em> Ils permettent, entre autres, \u00e0 cette page de stocker et de r\u00e9cup\u00e9rer des informations sur vos habitudes de navigation ou sur votre appareil, et en fonction des informations qu&rsquo;ils contiennent et de la fa\u00e7on dont vous utilisez votre appareil, ils peuvent \u00eatre utilis\u00e9s pour vous reconna\u00eetre.<\/p>\n\n\n\n<p>Le navigateur de l&rsquo;utilisateur stocke les cookies sur le disque dur uniquement pendant la session en cours, occupant un minimum d&rsquo;espace m\u00e9moire et n&rsquo;endommageant pas l&rsquo;ordinateur. Les cookies ne contiennent aucune information personnelle sp\u00e9cifique et la plupart d&rsquo;entre eux sont supprim\u00e9s du disque dur \u00e0 la fin de la session du navigateur (appel\u00e9s cookies de session).<\/p>\n\n\n\n<p>La plupart des navigateurs acceptent par d\u00e9faut les cookies et, ind\u00e9pendamment d&rsquo;eux, autorisent ou emp\u00eachent les cookies temporaires ou m\u00e9moris\u00e9s dans les param\u00e8tres de s\u00e9curit\u00e9.<\/p>\n\n\n\n<p>Les cookies sont associ\u00e9s au navigateur et non \u00e0 la personne, ils ne stockent donc g\u00e9n\u00e9ralement pas d&rsquo;informations sensibles vous concernant telles que des cartes de cr\u00e9dit ou des coordonn\u00e9es bancaires, des photographies ou des informations personnelles, etc. Les donn\u00e9es qu&rsquo;ils stockent sont de nature technique, statistique, pr\u00e9f\u00e9rences personnelles, personnalisation du contenu, etc.<\/p>\n\n\n\n<h2 class=\"wp-block-heading\"><strong>Acceptation des cookies : R\u00e9glementation en vigueur<\/strong><\/h2>\n\n\n\n<p>En acc\u00e9dant \u00e0 ce site Internet, et conform\u00e9ment \u00e0 la r\u00e9glementation en vigueur sur la protection des donn\u00e9es, nous vous informons de l&rsquo;utilisation de cookies, vous donnant la possibilit\u00e9 de les accepter express\u00e9ment et d&rsquo;acc\u00e9der \u00e0 plus d&rsquo;informations via la pr\u00e9sente Politique de Cookies.<\/p>\n\n\n\n<p>Vous devez savoir que si vous poursuivez votre navigation, vous donnerez votre consentement \u00e0 l&rsquo;utilisation de ces cookies. Mais, \u00e0 tout moment, vous pouvez changer d\u2019avis et bloquer son utilisation via votre navigateur.<\/p>\n\n\n\n<p>Pour votre totale tranquillit\u00e9, ce site Internet respecte les dispositions de la r\u00e9glementation en vigueur concernant l&rsquo;utilisation des cookies et de vos donn\u00e9es personnelles :<\/p>\n\n\n\n<p>Le r\u00e8glement LSSI-CE (<strong>Droit de la soci\u00e9t\u00e9 de l&rsquo;information et du commerce \u00e9lectronique<\/strong>)<\/p>\n\n\n\n<p>Il<strong>RGPD <\/strong>(<strong>R\u00e8glement (UE) 2016\/679 du Parlement europ\u00e9en et du Conseil du 27 avril 2016 relatif \u00e0 la protection des personnes physiques<\/strong>), qui unifie la r\u00e9glementation du traitement des donn\u00e9es personnelles dans les pays de l&rsquo;UE.<\/p>\n\n\n\n<p>Cette Politique Cookies pourra \u00eatre modifi\u00e9e \u00e0 tout moment pour s&rsquo;adapter aux \u00e9volutions r\u00e9glementaires ou \u00e0 l&rsquo;\u00e9volution de nos activit\u00e9s, celle publi\u00e9e sur le site \u00e0 tout moment faisant foi.<\/p>\n\n\n\n<h2 class=\"wp-block-heading\"><strong>Types de cookies<\/strong><\/h2>\n\n\n\n<p>Afin de vous offrir une meilleure exp\u00e9rience utilisateur, d&rsquo;obtenir des donn\u00e9es analytiques, de stocker et de r\u00e9cup\u00e9rer des informations sur vos habitudes de navigation ou votre \u00e9quipement et de mener \u00e0 bien son activit\u00e9, ce site showindustrial.com utilise ses propres cookies et ceux de tiers.<\/p>\n\n\n\n<p><strong>Quels types de cookies ce site Web utilise-t-il ?<\/strong><\/p>\n\n\n\n<ul>\n<li><strong>Cookies techniques<\/strong>: Ce sont ceux qui permettent \u00e0 l&rsquo;utilisateur de naviguer sur une page Web, une plateforme ou une application et d&rsquo;utiliser les diff\u00e9rentes options ou services qui y existent, comme, par exemple, le contr\u00f4le du trafic et de la communication de donn\u00e9es, l&rsquo;identification de la session, l&rsquo;acc\u00e8s aux parties \u00e0 acc\u00e8s restreint, faire une demande d&rsquo;inscription ou de participation \u00e0 un \u00e9v\u00e9nement, utiliser des \u00e9l\u00e9ments de s\u00e9curit\u00e9 lors de la navigation, stocker du contenu pour la diffusion de vid\u00e9os ou de sons ou partager du contenu via les r\u00e9seaux sociaux.<\/li>\n\n\n\n<li><strong>Cookies de personnalisation<\/strong>: Ce sont ceux qui permettent \u00e0 l&rsquo;utilisateur d&rsquo;acc\u00e9der au service avec certaines caract\u00e9ristiques g\u00e9n\u00e9rales pr\u00e9d\u00e9finies bas\u00e9es sur une s\u00e9rie de crit\u00e8res sur le terminal de l&rsquo;utilisateur, tels que la langue, le type de navigateur par lequel on acc\u00e8de au service, la configuration r\u00e9gionale \u00e0 partir de laquelle vous acc\u00e9der au service, etc.<\/li>\n\n\n\n<li><strong>Cookies d&rsquo;analyse<\/strong>: Ce sont ceux qui, bien trait\u00e9s par nous ou par des tiers, nous permettent de quantifier le nombre d&rsquo;utilisateurs et ainsi de r\u00e9aliser la mesure et l&rsquo;analyse statistique de l&rsquo;utilisation faite par les utilisateurs du service propos\u00e9. Pour ce faire, votre navigation sur notre site Internet est analys\u00e9e afin d&rsquo;am\u00e9liorer l&rsquo;offre de produits ou services que nous proposons.<\/li>\n\n\n\n<li><strong>Cookies tiers<\/strong>: Ce site showindustrial.com peut utiliser des services tiers qui, pour le compte de Google, collecteront des informations \u00e0 des fins statistiques, pour l&rsquo;utilisation du site par l&rsquo;utilisateur et pour la fourniture d&rsquo;autres services li\u00e9s \u00e0 l&rsquo;activit\u00e9 du site et d&rsquo;autres services. . L&rsquo;Internet.<\/li>\n<\/ul>\n\n\n\n<p>Ce site Web utilise notamment Google Analytics, un service d&rsquo;analyse Web fourni par Google, Inc. domicili\u00e9 aux \u00c9tats-Unis et dont le si\u00e8ge social est situ\u00e9 au 1600 Amphitheatre Parkway, Mountain View, Californie 94043. Pour fournir ces services, Google utilise des cookies qui collectent des informations, notamment l&rsquo;adresse IP de l&rsquo;utilisateur, qui sera transmise, trait\u00e9e et stock\u00e9e par Google selon les conditions \u00e9tablies sur le site Google.com. Cela inclut la transmission \u00e9ventuelle de ces informations \u00e0 des tiers pour des raisons l\u00e9gales ou lorsque ces tiers traitent les informations pour le compte de Google.<\/p>\n\n\n\n<h2 class=\"wp-block-heading\"><strong>G\u00e9rer et refuser l&rsquo;utilisation de cookies<\/strong><\/h2>\n\n\n\n<p>A tout moment, vous pouvez adapter les param\u00e8tres de votre navigateur pour g\u00e9rer, refuser l&rsquo;utilisation des cookies et \u00eatre averti avant leur t\u00e9l\u00e9chargement.<\/p>\n\n\n\n<p>Vous pouvez \u00e9galement ajuster les param\u00e8tres pour que le navigateur rejette tout<em>biscuits<\/em>, ou seulement le<em>biscuits<\/em> de tiers. Et vous pouvez \u00e9galement supprimer n&rsquo;importe lequel des<em>biscuits<\/em> qui font d\u00e9j\u00e0 partie de votre \u00e9quipe.<\/p>\n\n\n\n<p>Pour ce faire, vous devez garder \u00e0 l\u2019esprit que vous devrez adapter s\u00e9par\u00e9ment la configuration de chaque navigateur et appareil que vous utilisez puisque, comme nous l\u2019avons mentionn\u00e9 pr\u00e9c\u00e9demment, les cookies sont associ\u00e9s au navigateur et non \u00e0 la personne.<\/p>\n\n\n\n<p><strong>Google Chrome <\/strong><a href=\"https:\/\/support.google.com\/chrome\/answer\/95647?hl=es-419\" target=\"_blank\" rel=\"noopener\">https:\/\/support.google.com\/chrome\/answer\/95647?hl=es-419<\/a><\/p>\n\n\n\n<p><strong>Internet Explorer <\/strong><a href=\"https:\/\/support.microsoft.com\/es-es\/help\/17442\/windows-internet-explorer-delete-manage-cookies#ie=ie-10\" target=\"_blank\" rel=\"noopener\">https:\/\/support.microsoft.com\/es-es\/help\/17442\/windows-internet-explorer-delete-manage-cookies#ie=ie-10<\/a><\/p>\n\n\n\n<p><strong>Microsoft Bord<\/strong> <a href=\"https:\/\/support.microsoft.com\/es-es\/microsoft-edge\/eliminar-las-cookies-en-microsoft-edge-63947406-40ac-c3b8-57b9-2a946a29ae09\" target=\"_blank\" rel=\"noopener\">https:\/\/support.microsoft.com\/es-es\/microsoft-edge\/eliminar-las-cookies-en-microsoft-edge-63947406-40ac-c3b8-57b9-2a946a29ae09<\/a><\/p>\n\n\n\n<p><strong>Mozilla Firefox <\/strong><a href=\"https:\/\/support.mozilla.org\/es\/kb\/proteccion-antirrastreo-mejorada-en-firefox-para-e\" target=\"_blank\" rel=\"noopener\">https:\/\/support.mozilla.org\/es\/kb\/proteccion-antirrastreo-mejorada-en-firefox-para-e<\/a><\/p>\n\n\n\n<p><strong>Safari aux pommes <\/strong><a href=\"https:\/\/support.apple.com\/es-es\/HT201265\" target=\"_blank\" rel=\"noopener\">https:\/\/support.apple.com\/es-es\/HT201265<\/a><\/p>\n\n\n\n<p>Si vous avez des questions sur cette politique de cookies, vous pouvez nous contacter en nous envoyant un e-mail \u00e0 show@showindustrial.com <\/p>\n","protected":false},"excerpt":{"rendered":"<p>Si vous souhaitez en savoir plus sur l&rsquo;utilisation des cookies effectu\u00e9s par ce site showindustrial.com, vous \u00eates au bon endroit. Ensuite, nous allons vous expliquer ce que sont exactement les cookies ; quel type de cookies nous utilisons et pourquoi&nbsp;; et comment vous pouvez exercer votre droit de configurer votre navigateur et refuser l&rsquo;utilisation de &#8230; <a title=\"Politique de Cookies\" class=\"read-more\" href=\"https:\/\/showindustrial.com\/fr\/politique-de-cookies\/\" aria-label=\"Read more about Politique de Cookies\">Lire la suite<\/a><\/p>\n","protected":false},"author":1,"featured_media":0,"parent":0,"menu_order":0,"comment_status":"closed","ping_status":"closed","template":"","meta":{"footnotes":""},"_links":{"self":[{"href":"https:\/\/showindustrial.com\/fr\/wp-json\/wp\/v2\/pages\/18697"}],"collection":[{"href":"https:\/\/showindustrial.com\/fr\/wp-json\/wp\/v2\/pages"}],"about":[{"href":"https:\/\/showindustrial.com\/fr\/wp-json\/wp\/v2\/types\/page"}],"author":[{"embeddable":true,"href":"https:\/\/showindustrial.com\/fr\/wp-json\/wp\/v2\/users\/1"}],"replies":[{"embeddable":true,"href":"https:\/\/showindustrial.com\/fr\/wp-json\/wp\/v2\/comments?post=18697"}],"version-history":[{"count":1,"href":"https:\/\/showindustrial.com\/fr\/wp-json\/wp\/v2\/pages\/18697\/revisions"}],"predecessor-version":[{"id":18720,"href":"https:\/\/showindustrial.com\/fr\/wp-json\/wp\/v2\/pages\/18697\/revisions\/18720"}],"wp:attachment":[{"href":"https:\/\/showindustrial.com\/fr\/wp-json\/wp\/v2\/media?parent=18697"}],"curies":[{"name":"wp","href":"https:\/\/api.w.org\/{rel}","templated":true}]}}