{"id":18689,"date":"2024-02-11T23:50:43","date_gmt":"2024-02-11T22:50:43","guid":{"rendered":"https:\/\/showindustrial.com\/?page_id=18689"},"modified":"2024-02-12T00:37:52","modified_gmt":"2024-02-11T23:37:52","slug":"politique-de-confidentialite","status":"publish","type":"page","link":"https:\/\/showindustrial.com\/fr\/politique-de-confidentialite\/","title":{"rendered":"Politique de confidentialit\u00e9"},"content":{"rendered":"\n<p>La visite de ce site Web n&rsquo;implique pas que l&rsquo;utilisateur soit oblig\u00e9 de fournir des informations. Dans le cas o\u00f9 l&rsquo;utilisateur fournit des informations personnelles, les donn\u00e9es collect\u00e9es sur ce site Web seront trait\u00e9es de mani\u00e8re loyale et licite, sous r\u00e9serve \u00e0 tout moment des principes et droits contenus dans le r\u00e8glement (UE) 2016\/679 du 27 avril 2016. Protection G\u00e9n\u00e9rale des Donn\u00e9es (RGPD) et autres r\u00e9glementations applicables.<\/p>\n\n\n\n<p>Conform\u00e9ment aux dispositions de l&rsquo;article 13 du RGPD, nous vous informons des \u00e9l\u00e9ments suivants :<\/p>\n\n\n\n<h2 class=\"wp-block-heading\"><strong>Responsable<\/strong><\/h2>\n\n\n\n<p>FRANCISCO JAVIER SEGURANYES GUILLOT (ci-apr\u00e8s SHOW INDUSTRIAL)<\/p>\n\n\n\n<h2 class=\"wp-block-heading\"><strong>Que faisons-nous de vos donn\u00e9es ?<\/strong><\/h2>\n\n\n\n<p>&#8211; Rubrique \u00ab\u00a0Formulaire de contact\u00a0\u00bb<br>Nous collecterons des donn\u00e9es afin de g\u00e9rer le centre d&rsquo;assistance SHOW INDUSTRIAL et contacterons le client par e-mail afin de r\u00e9pondre \u00e0 votre demande.<\/p>\n\n\n\n<p>&#8211; Informations collect\u00e9es visant \u00e0 l&rsquo;am\u00e9lioration du Web<br>Pour am\u00e9liorer nos services et nos achats en ligne, nous analysons le portail SHOW INDUSTRIAL et corrigeons la navigation des utilisateurs. Ces informations seront confidentielles et seront utilis\u00e9es uniquement pour am\u00e9liorer la s\u00e9curit\u00e9 et le fonctionnement de notre boutique en ligne et \u00e0 des fins statistiques.<\/p>\n\n\n\n<h2 class=\"wp-block-heading\"><strong>Base juridique des traitements<\/strong><\/h2>\n\n\n\n<p>Pour l&rsquo;enregistrement, l&rsquo;achat et la gestion de la garantie, nous baserons le traitement des donn\u00e9es sur l&rsquo;ex\u00e9cution du contrat d&rsquo;achat ou dans le cadre de la relation pr\u00e9contractuelle.<\/p>\n\n\n\n<p>Pour envoyer des informations commerciales, nous baserons le traitement sur votre consentement, mais si vous \u00eates d\u00e9j\u00e0 client, nous pourrons vous envoyer des informations sur des produits similaires, en vous offrant toujours un moyen simple et gratuit de vous d\u00e9sinscrire.<\/p>\n\n\n\n<p>Le consentement donn\u00e9 ici par le Propri\u00e9taire pour la communication de donn\u00e9es \u00e0 des tiers est r\u00e9vocable \u00e0 tout moment, sans effets r\u00e9troactifs.<\/p>\n\n\n\n<h2 class=\"wp-block-heading\"><strong>Destinataires<\/strong><\/h2>\n\n\n\n<p>Lors de l&rsquo;achat, vos donn\u00e9es pourront \u00eatre communiqu\u00e9es aux destinataires suivants :<\/p>\n\n\n\n<ul>\n<li>Entit\u00e9s bancaires pour le paiement d&rsquo;achats par carte et\/ou \u00e9tude de financement d&rsquo;achat et obtention de cr\u00e9dit \u00e0 la consommation.<\/li>\n\n\n\n<li>Au Bureau des Consommateurs et Utilisateurs en cas de r\u00e9clamation.<\/li>\n\n\n\n<li>Dans les cas l\u00e9galement \u00e9tablis, comme c&rsquo;est le cas des forces et organes de s\u00e9curit\u00e9.<\/li>\n\n\n\n<li>Aux administrations publiques auxquelles nous devons fournir des informations afin de respecter nos obligations l\u00e9gales.<\/li>\n<\/ul>\n\n\n\n<p>SALON INDUSTRIEL assure la confidentialit\u00e9 des donn\u00e9es fournies et garantit qu&rsquo;en aucun cas celles-ci ne seront transf\u00e9r\u00e9es pour un autre usage sans le consentement pr\u00e9alable et expr\u00e8s de nos clients. Nous vous demanderons uniquement les donn\u00e9es n\u00e9cessaires \u00e0 la fourniture du service requis et elles seront utilis\u00e9es uniquement \u00e0 cette fin.<\/p>\n\n\n\n<h2 class=\"wp-block-heading\"><strong>Droits des parties int\u00e9ress\u00e9es<\/strong><\/h2>\n\n\n\n<p>L&rsquo;int\u00e9ress\u00e9 dispose des droits suivants :<\/p>\n\n\n\n<ul>\n<li>Vous pouvez demander des informations sur les donn\u00e9es personnelles stock\u00e9es qui vous concernent (acc\u00e8s)<\/li>\n\n\n\n<li>Vous pouvez demander que toute inexactitude dans vos donn\u00e9es personnelles soit corrig\u00e9e. (rectification)<\/li>\n\n\n\n<li>Vous pouvez demander la suppression ou la limitation du traitement de vos donn\u00e9es personnelles et (suppression et limitation)<\/li>\n\n\n\n<li>Vous pouvez \u00e9galement demander que vos donn\u00e9es personnelles soient mises \u00e0 votre disposition dans un format structur\u00e9, actuel et lisible par machine. (portabilit\u00e9)<\/li>\n<\/ul>\n\n\n\n<p>Pour ce faire, vous devez \u00e9crire par \u00e9crit, en joignant une copie de votre DNI ou d&rsquo;un document qui vous identifie, via notre formulaire ou \u00e0 l&rsquo;e-mail show@showindustrial.com. SALON INDUSTRIEL.<\/p>\n\n\n\n<p>L&rsquo;int\u00e9ress\u00e9 a \u00e9galement le droit de d\u00e9poser une r\u00e9clamation aupr\u00e8s des autorit\u00e9s de protection des donn\u00e9es (Agence espagnole de protection des donn\u00e9es). Toutefois, si vous avez des questions li\u00e9es aux donn\u00e9es, nous vous invitons \u00e0 nous contacter pour les r\u00e9soudre.<\/p>\n\n\n\n<h2 class=\"wp-block-heading\"><strong>Protection de donn\u00e9es<\/strong><\/h2>\n\n\n\n<p>Pour toute question relative \u00e0 vos donn\u00e9es personnelles. Vous pouvez nous contacter \u00e0 show@showindustrial.com<\/p>\n\n\n\n<h2 class=\"wp-block-heading\"><strong>Qualit\u00e9 des donn\u00e9es<\/strong><\/h2>\n\n\n\n<p>Les utilisateurs doivent garantir la v\u00e9racit\u00e9, l&rsquo;exactitude, l&rsquo;authenticit\u00e9 et la validit\u00e9 des donn\u00e9es personnelles collect\u00e9es aupr\u00e8s d&rsquo;eux.<\/p>\n\n\n\n<h2 class=\"wp-block-heading\"><strong>Protection des mineurs<\/strong><\/h2>\n\n\n\n<p>Nous ne collectons pas de donn\u00e9es personnelles de mineurs. Il est de la responsabilit\u00e9 du parent\/tuteur l\u00e9gal de garantir la vie priv\u00e9e des mineurs, en faisant tout leur possible pour s&rsquo;assurer qu&rsquo;ils ont autoris\u00e9 la collecte et l&rsquo;utilisation des donn\u00e9es personnelles du mineur.<\/p>\n\n\n\n<h2 class=\"wp-block-heading\"><strong>R\u00e9seaux sociaux<\/strong><\/h2>\n\n\n\n<p>Gr\u00e2ce \u00e0 notre site Web, vous pouvez acc\u00e9der aux r\u00e9seaux sociaux Instagram et\/ou TikTok en libre acc\u00e8s \u00e0 tous les utilisateurs. Il s&rsquo;agit de sites Web sur lesquels l&rsquo;utilisateur peut s&rsquo;inscrire et nous suivre gratuitement. Dans ces r\u00e9seaux sociaux, les utilisateurs pourront conna\u00eetre nos activit\u00e9s, nos opinions et acc\u00e9der \u00e0 des photos et des vid\u00e9os. Les utilisateurs de ces r\u00e9seaux sociaux doivent \u00eatre conscients que ce lieu est ind\u00e9pendant du site www.showindustrial.com et qu&rsquo;il est ouvert, c&rsquo;est-\u00e0-dire qu&rsquo;il est visible par tous ses utilisateurs, et que les politiques de confidentialit\u00e9 \u00e0 appliquer \u00e0 ces contenus sont celles \u00e9tablies via Facebook. , Twitter ou YouTube. SHOW INDUSTRIAL n&rsquo;est pas propri\u00e9taire des r\u00e9seaux sociaux<\/p>\n","protected":false},"excerpt":{"rendered":"<p>La visite de ce site Web n&rsquo;implique pas que l&rsquo;utilisateur soit oblig\u00e9 de fournir des informations. Dans le cas o\u00f9 l&rsquo;utilisateur fournit des informations personnelles, les donn\u00e9es collect\u00e9es sur ce site Web seront trait\u00e9es de mani\u00e8re loyale et licite, sous r\u00e9serve \u00e0 tout moment des principes et droits contenus dans le r\u00e8glement (UE) 2016\/679 du &#8230; <a title=\"Politique de confidentialit\u00e9\" class=\"read-more\" href=\"https:\/\/showindustrial.com\/fr\/politique-de-confidentialite\/\" aria-label=\"Read more about Politique de confidentialit\u00e9\">Lire la suite<\/a><\/p>\n","protected":false},"author":1,"featured_media":0,"parent":0,"menu_order":0,"comment_status":"closed","ping_status":"closed","template":"","meta":{"footnotes":""},"_links":{"self":[{"href":"https:\/\/showindustrial.com\/fr\/wp-json\/wp\/v2\/pages\/18689"}],"collection":[{"href":"https:\/\/showindustrial.com\/fr\/wp-json\/wp\/v2\/pages"}],"about":[{"href":"https:\/\/showindustrial.com\/fr\/wp-json\/wp\/v2\/types\/page"}],"author":[{"embeddable":true,"href":"https:\/\/showindustrial.com\/fr\/wp-json\/wp\/v2\/users\/1"}],"replies":[{"embeddable":true,"href":"https:\/\/showindustrial.com\/fr\/wp-json\/wp\/v2\/comments?post=18689"}],"version-history":[{"count":2,"href":"https:\/\/showindustrial.com\/fr\/wp-json\/wp\/v2\/pages\/18689\/revisions"}],"predecessor-version":[{"id":18718,"href":"https:\/\/showindustrial.com\/fr\/wp-json\/wp\/v2\/pages\/18689\/revisions\/18718"}],"wp:attachment":[{"href":"https:\/\/showindustrial.com\/fr\/wp-json\/wp\/v2\/media?parent=18689"}],"curies":[{"name":"wp","href":"https:\/\/api.w.org\/{rel}","templated":true}]}}