{"id":18685,"date":"2024-02-11T23:46:19","date_gmt":"2024-02-11T22:46:19","guid":{"rendered":"https:\/\/showindustrial.com\/?page_id=18685"},"modified":"2024-02-12T00:55:59","modified_gmt":"2024-02-11T23:55:59","slug":"avis-juridique","status":"publish","type":"page","link":"https:\/\/showindustrial.com\/fr\/avis-juridique\/","title":{"rendered":"Avis Juridique"},"content":{"rendered":"\n<h2 class=\"wp-block-heading\"><strong>Donn\u00e9es d&rsquo;identification<\/strong><\/h2>\n\n\n\n<p>Conform\u00e9ment au devoir d&rsquo;information contenu dans l&rsquo;article 10 de la loi 34\/2002 du 11 juillet relative aux services de la soci\u00e9t\u00e9 de l&rsquo;information, nous vous informons :<\/p>\n\n\n\n<ul>\n<li>F.J. SECURANYES GUILLOT &#8211; 40419036D<\/li>\n\n\n\n<li>C\/ GRECIA, 23, 17600, FIGUERES<\/li>\n\n\n\n<li>INDUSTRIAL SHOW est un nom commercial.<\/li>\n\n\n\n<li>Distribution de produits de construction.<\/li>\n\n\n\n<li>E-mail de contact&nbsp;: show@showindustrial.com<\/li>\n<\/ul>\n\n\n\n<h2 class=\"wp-block-heading\"><strong>Utilisateurs<\/strong><\/h2>\n\n\n\n<p>L&rsquo;acc\u00e8s et\/ou l&rsquo;utilisation de ce portail attribue la condition d&rsquo;UTILISATEUR, qui accepte, \u00e0 partir dudit acc\u00e8s et\/ou utilisation, les Conditions G\u00e9n\u00e9rales d&rsquo;Utilisation refl\u00e9t\u00e9es ici. Les Conditions susvis\u00e9es s\u2019appliqueront quelles que soient les Conditions G\u00e9n\u00e9rales du Contrat qui, le cas \u00e9ch\u00e9ant, sont obligatoires.<\/p>\n\n\n\n<h2 class=\"wp-block-heading\"><strong>Utilisation du portail<\/strong><\/h2>\n\n\n\n<p>www.showindustrial.com donne acc\u00e8s \u00e0 des produits, informations, services, programmes ou donn\u00e9es (ci-apr\u00e8s, \u00ab les contenus \u00bb) sur Internet appartenant \u00e0 SHOW INDUSTRIAL, ou \u00e0 des tiers auxquels l&rsquo;UTILISATEUR peut avoir acc\u00e8s. L&rsquo;UTILISATEUR assume la responsabilit\u00e9 de l&rsquo;utilisation du portail. Cette responsabilit\u00e9 s&rsquo;\u00e9tend \u00e0 l&rsquo;inscription n\u00e9cessaire pour acc\u00e9der \u00e0 certains services ou contenus. Lors de cette inscription, l&rsquo;UTILISATEUR sera responsable de fournir des informations v\u00e9ridiques et licites. \u00c0 la suite de cette inscription, l&rsquo;UTILISATEUR pourra se voir attribuer un mot de passe dont il sera responsable, s&rsquo;engageant \u00e0 en faire un usage diligent et confidentiel. L&rsquo;UTILISATEUR s&rsquo;engage \u00e0 faire un usage appropri\u00e9 des contenus et des services que SHOW INDUSTRIAL propose \u00e0 travers son portail et, notamment mais sans s&rsquo;y limiter, \u00e0 ne pas les utiliser pour&nbsp;:<\/p>\n\n\n\n<ul>\n<li>S&rsquo;impliquer dans des activit\u00e9s illicites, ill\u00e9gales ou contraires \u00e0 la bonne foi et \u00e0 l&rsquo;ordre public.<\/li>\n\n\n\n<li>Diffuser des contenus ou de la propagande \u00e0 caract\u00e8re raciste, x\u00e9nophobe, pornographique ill\u00e9gal, en soutien au terrorisme ou \u00e0 une atteinte aux droits de l&rsquo;homme.<\/li>\n\n\n\n<li>Provoquer des dommages aux syst\u00e8mes physiques et logiques de SHOW INDUSTRIAL, de ses fournisseurs ou de tiers, introduire ou propager sur le r\u00e9seau des virus informatiques ou tout autre syst\u00e8me physique ou logique susceptible de provoquer les dommages susmentionn\u00e9s&nbsp;;<\/li>\n\n\n\n<li>Tenter d&rsquo;acc\u00e9der et, le cas \u00e9ch\u00e9ant, d&rsquo;utiliser les comptes de messagerie d&rsquo;autres utilisateurs et de modifier ou manipuler leurs messages.<\/li>\n<\/ul>\n\n\n\n<h2 class=\"wp-block-heading\"><strong>Propri\u00e9t\u00e9 intellectuelle et industrielle<\/strong><\/h2>\n\n\n\n<ol>\n<li>Tous les signes distinctifs, marques, noms commerciaux, contenus, structure, conception et forme de pr\u00e9sentation des \u00e9l\u00e9ments et toute autre information qui apparaissent sur ce site Web sont la propri\u00e9t\u00e9 de SHOW INDUSTRIAL elle-m\u00eame ou en qualit\u00e9 de cessionnaire et sont prot\u00e9g\u00e9s par les droits de propri\u00e9t\u00e9 industrielle. et intellectuel.<\/li>\n\n\n\n<li>Il est interdit \u00e0 l&rsquo;utilisateur de reproduire, transformer, distribuer, communiquer publiquement et, en g\u00e9n\u00e9ral, toute autre forme d&rsquo;exploitation des \u00e9l\u00e9ments vis\u00e9s \u00e0 la section pr\u00e9c\u00e9dente sans l&rsquo;autorisation expresse de SHOW INDUSTRIAL.<\/li>\n\n\n\n<li>L&rsquo;utilisateur s&rsquo;abstiendra d&rsquo;utiliser des moyens susceptibles de supprimer, alt\u00e9rer, \u00e9luder ou manipuler les dispositifs de protection ou les syst\u00e8mes de s\u00e9curit\u00e9 qui pourraient \u00eatre install\u00e9s et qui entra\u00eeneraient un risque d&rsquo;endommagement ou de d\u00e9sactivation du site Web et\/ou de son contenu.<\/li>\n\n\n\n<li>SHOW INDUSTRIAL n&rsquo;est pas responsable de l&rsquo;\u00e9ventuelle utilisation inappropri\u00e9e que des tiers font de cette page Web, ni des informations qu&rsquo;ils transmettent \u00e0 des tiers \u00e0 travers celle-ci. L&rsquo;utilisation des contenus que l&rsquo;utilisateur peut faire et les \u00e9ventuelles cons\u00e9quences, dommages ou pertes qui pourraient en d\u00e9couler, rel\u00e8vent de la responsabilit\u00e9 exclusive de l&rsquo;utilisateur. SHOW INDUSTRIAL est exclu des dommages de toute nature caus\u00e9s aux utilisateurs par l&rsquo;utilisation de liens, d&rsquo;annuaires et d&rsquo;outils de recherche, qui permettent aux utilisateurs d&rsquo;acc\u00e9der \u00e0 des sites Web d\u00e9tenus et\/ou g\u00e9r\u00e9s par des tiers ainsi que par la pr\u00e9sence de virus ou d&rsquo;autres codes malveillants dans le contenus susceptibles de causer tout type de dommages au syst\u00e8me informatique, aux documents ou fichiers \u00e9lectroniques des utilisateurs. SHOW INDUSTRIAL se r\u00e9serve le droit d&rsquo;engager toute action en justice qu&rsquo;elle jugera appropri\u00e9e en cas d&rsquo;utilisation illicite par des tiers du contenu de son site Internet.<\/li>\n<\/ol>\n\n\n\n<h2 class=\"wp-block-heading\"><strong>Exclusion de garanties et de responsabilit\u00e9<\/strong><\/h2>\n\n\n\n<p>SHOW INDUSTRIAL n&rsquo;est en aucun cas responsable des dommages de toute nature qui pourraient \u00eatre caus\u00e9s, \u00e0 titre d&rsquo;exemple : erreurs ou omissions dans le contenu, manque de disponibilit\u00e9 du portail ou transmission de virus ou de programmes malveillants ou nuisibles dans le contenu, m\u00eame si nous avons adopt\u00e9 toutes les mesures technologiques n\u00e9cessaires pour l&rsquo;\u00e9viter.<\/p>\n\n\n\n<h2 class=\"wp-block-heading\"><strong>Modifications<\/strong><\/h2>\n\n\n\n<p>SHOW INDUSTRIAL se r\u00e9serve le droit d&rsquo;apporter, sans pr\u00e9avis, toutes modifications qu&rsquo;elle jugera appropri\u00e9es \u00e0 son portail, et pourra changer, supprimer ou ajouter tant le contenu et les services fournis par son interm\u00e9diaire que la mani\u00e8re dont ils sont pr\u00e9sent\u00e9s ou localis\u00e9s sur votre portail. .<\/p>\n\n\n\n<h2 class=\"wp-block-heading\"><strong>Liens<\/strong><\/h2>\n\n\n\n<p>Dans le cas o\u00f9 des liens ou des hyperliens vers d&rsquo;autres sites Internet seraient fournis au nom du domaine, SHOW INDUSTRIAL n&rsquo;exercera aucun type de contr\u00f4le sur lesdits sites et contenus. En aucun cas SHOW INDUSTRIAL n&rsquo;assumera aucune responsabilit\u00e9 quant au contenu de tout lien appartenant \u00e0 un site Web tiers, ni ne garantira la disponibilit\u00e9 technique, la qualit\u00e9, la fiabilit\u00e9, l&rsquo;exactitude, l&rsquo;\u00e9tendue, la v\u00e9racit\u00e9, la validit\u00e9 et la constitutionnalit\u00e9 de tout mat\u00e9riel ou information contenu dans l&rsquo;un de ces liens, hyperliens ou autres sites Internet. De m\u00eame, l&rsquo;inclusion de ces connexions externes n&rsquo;impliquera aucun type d&rsquo;association, fusion ou participation avec les entit\u00e9s connect\u00e9es.<\/p>\n\n\n\n<h2 class=\"wp-block-heading\"><strong>AutresLiens<\/strong><\/h2>\n\n\n\n<p>SHOW INDUSTRIAL se r\u00e9serve le droit de refuser ou de retirer l&rsquo;acc\u00e8s au portail et\/ou aux services offerts sans pr\u00e9avis, \u00e0 sa propre demande ou \u00e0 celle d&rsquo;un tiers, aux utilisateurs qui ne respecteraient pas les Conditions G\u00e9n\u00e9rales d&rsquo;Utilisation.<\/p>\n\n\n\n<h2 class=\"wp-block-heading\"><strong>Droit d&rsquo;exclusion<\/strong><\/h2>\n\n\n\n<p>SHOW INDUSTRIAL se r\u00e9serve le droit de refuser ou de retirer l&rsquo;acc\u00e8s au portail et\/ou aux services offerts sans pr\u00e9avis, \u00e0 sa propre demande ou \u00e0 celle d&rsquo;un tiers, aux utilisateurs qui ne respecteraient pas les Conditions G\u00e9n\u00e9rales d&rsquo;Utilisation.<\/p>\n\n\n\n<h2 class=\"wp-block-heading\"><strong>G\u00e9n\u00e9ralit\u00e9s<\/strong><\/h2>\n\n\n\n<p>SHOW INDUSTRIAL poursuivra le non-respect des conditions ainsi que toute utilisation abusive de son portail en exer\u00e7ant toutes les actions civiles et p\u00e9nales qui pourraient lui correspondre par la loi.<\/p>\n\n\n\n<h2 class=\"wp-block-heading\"><strong>Modification de ces conditions et dur\u00e9e<\/strong><\/h2>\n\n\n\n<p>SHOW INDUSTRIAL peut modifier \u00e0 tout moment les conditions d\u00e9termin\u00e9es ici, \u00e9tant d\u00fbment publi\u00e9es telles qu&rsquo;elles apparaissent ici.<\/p>\n\n\n\n<h2 class=\"wp-block-heading\"><strong>Loi applicable et juridiction<\/strong><\/h2>\n\n\n\n<p>La relation entre SHOW INDUSTRIAL et l&rsquo;UTILISATEUR sera r\u00e9gie par la r\u00e9glementation espagnole en vigueur et toute controverse sera soumise aux cours et tribunaux espagnols.    <\/p>\n","protected":false},"excerpt":{"rendered":"<p>Donn\u00e9es d&rsquo;identification Conform\u00e9ment au devoir d&rsquo;information contenu dans l&rsquo;article 10 de la loi 34\/2002 du 11 juillet relative aux services de la soci\u00e9t\u00e9 de l&rsquo;information, nous vous informons : Utilisateurs L&rsquo;acc\u00e8s et\/ou l&rsquo;utilisation de ce portail attribue la condition d&rsquo;UTILISATEUR, qui accepte, \u00e0 partir dudit acc\u00e8s et\/ou utilisation, les Conditions G\u00e9n\u00e9rales d&rsquo;Utilisation refl\u00e9t\u00e9es ici. Les &#8230; <a title=\"Avis Juridique\" class=\"read-more\" href=\"https:\/\/showindustrial.com\/fr\/avis-juridique\/\" aria-label=\"Read more about Avis Juridique\">Lire la suite<\/a><\/p>\n","protected":false},"author":1,"featured_media":0,"parent":0,"menu_order":0,"comment_status":"closed","ping_status":"closed","template":"","meta":{"footnotes":""},"_links":{"self":[{"href":"https:\/\/showindustrial.com\/fr\/wp-json\/wp\/v2\/pages\/18685"}],"collection":[{"href":"https:\/\/showindustrial.com\/fr\/wp-json\/wp\/v2\/pages"}],"about":[{"href":"https:\/\/showindustrial.com\/fr\/wp-json\/wp\/v2\/types\/page"}],"author":[{"embeddable":true,"href":"https:\/\/showindustrial.com\/fr\/wp-json\/wp\/v2\/users\/1"}],"replies":[{"embeddable":true,"href":"https:\/\/showindustrial.com\/fr\/wp-json\/wp\/v2\/comments?post=18685"}],"version-history":[{"count":4,"href":"https:\/\/showindustrial.com\/fr\/wp-json\/wp\/v2\/pages\/18685\/revisions"}],"predecessor-version":[{"id":18728,"href":"https:\/\/showindustrial.com\/fr\/wp-json\/wp\/v2\/pages\/18685\/revisions\/18728"}],"wp:attachment":[{"href":"https:\/\/showindustrial.com\/fr\/wp-json\/wp\/v2\/media?parent=18685"}],"curies":[{"name":"wp","href":"https:\/\/api.w.org\/{rel}","templated":true}]}}