{"id":17861,"date":"2024-01-29T13:05:59","date_gmt":"2024-01-29T12:05:59","guid":{"rendered":"https:\/\/showindustrial.com\/?post_type=product&#038;p=17861"},"modified":"2024-01-29T13:37:40","modified_gmt":"2024-01-29T12:37:40","slug":"adriatico-cesped","status":"publish","type":"product","link":"https:\/\/showindustrial.com\/es\/producto\/adriatico-cesped\/","title":{"rendered":"Adri\u00e1tico C\u00e9sped 30 \/ 40 mm"},"content":{"rendered":"<p>El c\u00e9sped artificial Adri\u00e1tico de Bonerva es perfecto para decorar tu jard\u00edn o terraza La combinaci\u00f3n de sus hilos y su altura de 40mm otorga un<strong>\u00a0gran aspecto natural y est\u00e9tico<\/strong>. El c\u00e9sped artificial es una muy buena elecci\u00f3n para ahorrar costes en agua y mantenimiento, adem\u00e1s de ser muy f\u00e1cilmente instalable. El c\u00e9sped Adri\u00e1tico tiene una\u00a0<strong>resistencia y una alta memoria vertical.<\/strong>\u00a0La gama Adri\u00e1tico de Bonerva es perfecta para aquellos que quieran tener un c\u00e9sped est\u00e9tico, bonito y verde todo el a\u00f1o sin tener que invertir una gran cantidad econ\u00f3mica.<\/p>\n<h6>CARACTER\u00cdSTICAS T\u00c9CNICAS<\/h6>\n<ul>\n<li>Color: Verde con hilos de 4 colores distintos.<\/li>\n<li>Altura 30 \/ 40 mm (+\/-1).<\/li>\n<li>Hilo en \u201cC\u201d Plus. Realismo y alta memoria vertical.<\/li>\n<li>Hilo: Hilo Recto PE (5.300) + Hilo Rizado PP (3.600).<\/li>\n<li>Puntadas\/m2: 18.900 (+-3%)<\/li>\n<\/ul>\n","protected":false},"excerpt":{"rendered":"<p>El c\u00e9sped artificial Adri\u00e1tico de Bonerva es perfecto para decorar tu jard\u00edn o terraza La combinaci\u00f3n de sus hilos y su altura de 40mm otorga un\u00a0gran aspecto natural y est\u00e9tico. El c\u00e9sped artificial es una muy buena elecci\u00f3n para ahorrar costes en agua y mantenimiento, adem\u00e1s de ser muy f\u00e1cilmente instalable. El c\u00e9sped Adri\u00e1tico tiene &#8230; <a title=\"Adri\u00e1tico C\u00e9sped 30 \/ 40 mm\" class=\"read-more\" href=\"https:\/\/showindustrial.com\/es\/producto\/adriatico-cesped\/\" aria-label=\"Leer m\u00e1s sobre Adri\u00e1tico C\u00e9sped 30 \/ 40 mm\">Leer m\u00e1s<\/a><\/p>\n","protected":false},"featured_media":17846,"comment_status":"open","ping_status":"closed","template":"","meta":[],"product_cat":[103],"product_tag":[],"_links":{"self":[{"href":"https:\/\/showindustrial.com\/es\/wp-json\/wp\/v2\/product\/17861"}],"collection":[{"href":"https:\/\/showindustrial.com\/es\/wp-json\/wp\/v2\/product"}],"about":[{"href":"https:\/\/showindustrial.com\/es\/wp-json\/wp\/v2\/types\/product"}],"replies":[{"embeddable":true,"href":"https:\/\/showindustrial.com\/es\/wp-json\/wp\/v2\/comments?post=17861"}],"version-history":[{"count":3,"href":"https:\/\/showindustrial.com\/es\/wp-json\/wp\/v2\/product\/17861\/revisions"}],"predecessor-version":[{"id":17916,"href":"https:\/\/showindustrial.com\/es\/wp-json\/wp\/v2\/product\/17861\/revisions\/17916"}],"wp:featuredmedia":[{"embeddable":true,"href":"https:\/\/showindustrial.com\/es\/wp-json\/wp\/v2\/media\/17846"}],"wp:attachment":[{"href":"https:\/\/showindustrial.com\/es\/wp-json\/wp\/v2\/media?parent=17861"}],"wp:term":[{"taxonomy":"product_cat","embeddable":true,"href":"https:\/\/showindustrial.com\/es\/wp-json\/wp\/v2\/product_cat?post=17861"},{"taxonomy":"product_tag","embeddable":true,"href":"https:\/\/showindustrial.com\/es\/wp-json\/wp\/v2\/product_tag?post=17861"}],"curies":[{"name":"wp","href":"https:\/\/api.w.org\/{rel}","templated":true}]}}