{"id":17831,"date":"2024-01-29T13:01:29","date_gmt":"2024-01-29T12:01:29","guid":{"rendered":"https:\/\/showindustrial.com\/?post_type=product&#038;p=17831"},"modified":"2024-01-29T13:35:07","modified_gmt":"2024-01-29T12:35:07","slug":"estoril-cesped","status":"publish","type":"product","link":"https:\/\/showindustrial.com\/es\/producto\/estoril-cesped\/","title":{"rendered":"Estoril C\u00e9sped 40 mm"},"content":{"rendered":"<p>El c\u00e9sped artificial Estoril es perfecto para decorar tu jard\u00edn o terraza La combinaci\u00f3n de sus hilos y su altura de 40mm otorgan un gran aspecto natural y est\u00e9tico. El c\u00e9sped artificial es una muy buena elecci\u00f3n para ahorrar costes en agua y mantenimiento, adem\u00e1s de ser muy f\u00e1cilmente instalable. El c\u00e9sped Estoril tiene <strong>una gran resistencia y una alta memoria vertical.<\/strong>\u00a0La gama Estoril de Bonerva es la mejor del mercado en cuanto a relaci\u00f3n calidad-precio. Manteniendo un\u00a0<strong>aspecto muy conseguido<\/strong>\u00a0a un precio reducido.<\/p>\n<h6>CARACTER\u00cdSTICAS T\u00c9CNICAS<\/h6>\n<ul>\n<li>Color: verde con hilos de 4 colores distintos.<\/li>\n<li>Altura 40 mm (+\/-1).<\/li>\n<li>Hilo en \u201cC\u201d.<\/li>\n<li>Dtex: Hilo Recto PE (5.500) + Hilo Rizado PP (3.300).<\/li>\n<li>Puntadas: 25.000(+\/- 3%).<\/li>\n<\/ul>\n","protected":false},"excerpt":{"rendered":"<p>El c\u00e9sped artificial Estoril es perfecto para decorar tu jard\u00edn o terraza La combinaci\u00f3n de sus hilos y su altura de 40mm otorgan un gran aspecto natural y est\u00e9tico. El c\u00e9sped artificial es una muy buena elecci\u00f3n para ahorrar costes en agua y mantenimiento, adem\u00e1s de ser muy f\u00e1cilmente instalable. El c\u00e9sped Estoril tiene una &#8230; <a title=\"Estoril C\u00e9sped 40 mm\" class=\"read-more\" href=\"https:\/\/showindustrial.com\/es\/producto\/estoril-cesped\/\" aria-label=\"Leer m\u00e1s sobre Estoril C\u00e9sped 40 mm\">Leer m\u00e1s<\/a><\/p>\n","protected":false},"featured_media":17821,"comment_status":"open","ping_status":"closed","template":"","meta":[],"product_cat":[103],"product_tag":[],"_links":{"self":[{"href":"https:\/\/showindustrial.com\/es\/wp-json\/wp\/v2\/product\/17831"}],"collection":[{"href":"https:\/\/showindustrial.com\/es\/wp-json\/wp\/v2\/product"}],"about":[{"href":"https:\/\/showindustrial.com\/es\/wp-json\/wp\/v2\/types\/product"}],"replies":[{"embeddable":true,"href":"https:\/\/showindustrial.com\/es\/wp-json\/wp\/v2\/comments?post=17831"}],"version-history":[{"count":3,"href":"https:\/\/showindustrial.com\/es\/wp-json\/wp\/v2\/product\/17831\/revisions"}],"predecessor-version":[{"id":17914,"href":"https:\/\/showindustrial.com\/es\/wp-json\/wp\/v2\/product\/17831\/revisions\/17914"}],"wp:featuredmedia":[{"embeddable":true,"href":"https:\/\/showindustrial.com\/es\/wp-json\/wp\/v2\/media\/17821"}],"wp:attachment":[{"href":"https:\/\/showindustrial.com\/es\/wp-json\/wp\/v2\/media?parent=17831"}],"wp:term":[{"taxonomy":"product_cat","embeddable":true,"href":"https:\/\/showindustrial.com\/es\/wp-json\/wp\/v2\/product_cat?post=17831"},{"taxonomy":"product_tag","embeddable":true,"href":"https:\/\/showindustrial.com\/es\/wp-json\/wp\/v2\/product_tag?post=17831"}],"curies":[{"name":"wp","href":"https:\/\/api.w.org\/{rel}","templated":true}]}}