{"id":17456,"date":"2024-01-20T12:45:20","date_gmt":"2024-01-20T11:45:20","guid":{"rendered":"https:\/\/showindustrial.com\/?post_type=product&#038;p=17456"},"modified":"2024-01-26T14:30:01","modified_gmt":"2024-01-26T13:30:01","slug":"mortero-intumescente-blatem","status":"publish","type":"product","link":"https:\/\/showindustrial.com\/es\/producto\/mortero-intumescente-blatem\/","title":{"rendered":"Mortero Intumescente Blatem"},"content":{"rendered":"<p><strong>Descripci\u00f3n<\/strong><br \/>\nMortero intumescente compuesto por \u00e1ridos ligeros expandidos, de perlita y vermiculita,<br \/>\nligantes hidr\u00e1ulicos, controladores de fraguado y mejoradores de proyecci\u00f3n.<\/p>\n<p><strong>Propiedades<\/strong><br \/>\nEl mortero forma una capa aislante entre el soporte y el fuego, produciendo un conjunto<br \/>\nde reacciones f\u00edsico-qu\u00edmicas que dan lugar a estructuras carbon\u00edferas y aislantes por exposici\u00f3n de un material a la llama.<\/p>\n<p><strong>Aplicaciones<\/strong><br \/>\nPara protecci\u00f3n de estructuras met\u00e1licas, en hoteles, edificios p\u00fablicos, pubs, discotecas,<br \/>\nzonas de h\u00e1bitat de barcos, naves industriales.<br \/>\nCaracter\u00edsticas T\u00e9cnicas<br \/>\n\u00b7 Densidad en polvo: 550 y 650 kg\/m3.<br \/>\n\u00b7 pH: 12 no oxidante.<br \/>\n\u00b7 Reacci\u00f3n al fuego: A1.<br \/>\n\u00b7 Resistencia al chorro de agua: Norma UNE 23806-81. Conductividad t\u00e9rmica: 0,29 W\/mK.<br \/>\n\u00b7 Adherencia: Hasta 0,15 N\/mm2. Temperatura de aplicaci\u00f3n: Superior a 0\u00baC.<br \/>\n\u00b7 Resistencia a flexi\u00f3n: \u2265 1 Mpa.<br \/>\n\u00b7 Resistencia a compresi\u00f3n: \u2265 2 Mpa. Resistencia a tracci\u00f3n: \u2265Mpa.<br \/>\n\u00b7 Color: Blanco.<\/p>\n<p><strong>Homologaciones y Ensayos<\/strong><br \/>\nEnsayado bajo normas:<br \/>\nNorma europea: (normativa EN) 13381-8<br \/>\nNormativa chilena: Nch 935\/1.<br \/>\nDispone del marcado CE, DITE 12\/0005.<br \/>\nPreparaci\u00f3n de Superficies<br \/>\nPara aplicaci\u00f3n manual, se recomienda colocar previamente una malla met\u00e1lica, convenientemente fijada a la superficie a proteger.<\/p>\n<p><strong>Modo de empleo<\/strong><br \/>\nEl material viene preparado para su uso.<br \/>\nPara su aplicaci\u00f3n tanto sea manual como mec\u00e1nica, deber\u00e1n a\u00f1adirse entre 8 y 9 litros<br \/>\nde agua por saco.<br \/>\nLa aplicaci\u00f3n mec\u00e1nica debe hacerse mediante m\u00e1quinas de proyectar morteros con<br \/>\nbomba de tornillo sin fin por v\u00eda h\u00fameda tipo Putzmeister MP-25.<\/p>\n<p><strong>Observaciones Generales<\/strong><br \/>\nLas condiciones de humedad ambiental deber\u00e1n ser inferiores al 97% y la temperatura<br \/>\nsuperior a los 0\u00baC.<\/p>\n<p><strong>Presentaci\u00f3n<\/strong><br \/>\nEn sacos de 17 Kg.<br \/>\nColores: Blanco.<\/p>\n<p><strong>Almacenaje<\/strong><br \/>\nEl MORTERO INTUMESCENTE est\u00e1 en r\u00e9gimen de uso hasta un a\u00f1o despu\u00e9s de su suministro siempre y cuando se almacene protegido de la lluvia, humedad y fr\u00edo.<br \/>\nEl saco deber\u00e1 mantenerse cerrado y en lugar seco.<\/p>\n<p><strong>Informaci\u00f3n de Seguridad<\/strong><br \/>\nEs imprescindible seguir las instrucciones de la etiqueta del envase. Para m\u00e1s informaci\u00f3n<br \/>\nconsultar la hoja de seguridad del producto.<\/p>\n","protected":false},"excerpt":{"rendered":"<p>Descripci\u00f3n Mortero intumescente compuesto por \u00e1ridos ligeros expandidos, de perlita y vermiculita, ligantes hidr\u00e1ulicos, controladores de fraguado y mejoradores de proyecci\u00f3n. Propiedades El mortero forma una capa aislante entre el soporte y el fuego, produciendo un conjunto de reacciones f\u00edsico-qu\u00edmicas que dan lugar a estructuras carbon\u00edferas y aislantes por exposici\u00f3n de un material a la &#8230; <a title=\"Mortero Intumescente Blatem\" class=\"read-more\" href=\"https:\/\/showindustrial.com\/es\/producto\/mortero-intumescente-blatem\/\" aria-label=\"Leer m\u00e1s sobre Mortero Intumescente Blatem\">Leer m\u00e1s<\/a><\/p>\n","protected":false},"featured_media":17467,"comment_status":"open","ping_status":"closed","template":"","meta":[],"product_cat":[93],"product_tag":[],"_links":{"self":[{"href":"https:\/\/showindustrial.com\/es\/wp-json\/wp\/v2\/product\/17456"}],"collection":[{"href":"https:\/\/showindustrial.com\/es\/wp-json\/wp\/v2\/product"}],"about":[{"href":"https:\/\/showindustrial.com\/es\/wp-json\/wp\/v2\/types\/product"}],"replies":[{"embeddable":true,"href":"https:\/\/showindustrial.com\/es\/wp-json\/wp\/v2\/comments?post=17456"}],"version-history":[{"count":2,"href":"https:\/\/showindustrial.com\/es\/wp-json\/wp\/v2\/product\/17456\/revisions"}],"predecessor-version":[{"id":17462,"href":"https:\/\/showindustrial.com\/es\/wp-json\/wp\/v2\/product\/17456\/revisions\/17462"}],"wp:featuredmedia":[{"embeddable":true,"href":"https:\/\/showindustrial.com\/es\/wp-json\/wp\/v2\/media\/17467"}],"wp:attachment":[{"href":"https:\/\/showindustrial.com\/es\/wp-json\/wp\/v2\/media?parent=17456"}],"wp:term":[{"taxonomy":"product_cat","embeddable":true,"href":"https:\/\/showindustrial.com\/es\/wp-json\/wp\/v2\/product_cat?post=17456"},{"taxonomy":"product_tag","embeddable":true,"href":"https:\/\/showindustrial.com\/es\/wp-json\/wp\/v2\/product_tag?post=17456"}],"curies":[{"name":"wp","href":"https:\/\/api.w.org\/{rel}","templated":true}]}}