{"id":17440,"date":"2024-01-26T12:41:03","date_gmt":"2024-01-26T11:41:03","guid":{"rendered":"https:\/\/showindustrial.com\/?post_type=product&#038;p=17440"},"modified":"2024-02-11T13:55:51","modified_gmt":"2024-02-11T12:55:51","slug":"intumescente-euroquimica-stofire","status":"publish","type":"product","link":"https:\/\/showindustrial.com\/es\/producto\/intumescente-euroquimica-stofire\/","title":{"rendered":"Euroqu\u00edmica Stofire Intumescente"},"content":{"rendered":"<p><strong>DESCRIPCI\u00d3N<\/strong><br \/>\nRevestimiento Cortafuegos de Intumescencia Progresiva.<br \/>\nSu misi\u00f3n espec\u00edfica consiste en retardar la acci\u00f3n destructora de un incendio. Reacciona en presencia y<br \/>\ncontacto de la llama, hinch\u00e1ndose, formando un aislamiento multicelular, de acci\u00f3n extintora.<br \/>\nProlonga la estabilidad de las estructuras y elementos constructivos sometidos a las elevadas<br \/>\ntemperaturas de un incendio.<\/p>\n<p><strong>CAMPO DE APLICACI\u00d3N<\/strong><br \/>\nProtecci\u00f3n contra el fuego de toda clase de elementos de acero estructural.<br \/>\nPor sus especiales caracter\u00edsticas es utilizado en la protecci\u00f3n pasiva contra el fuego de elementos<br \/>\nestructurales de edificaciones, tanto privadas como de uso p\u00fablico (viviendas, apartamentos, oficinas,<br \/>\nhoteles, hospitales, colegios, supermercados, espect\u00e1culos, escaleras, etc.), cumpliendo con las<br \/>\nexigencias del C\u00f3digo T\u00e9cnico de la Edificaci\u00f3n.<br \/>\nEn las zonas de h\u00e1bitat de un buque.<br \/>\nEs especialmente importante su utilizaci\u00f3n para la protecci\u00f3n pasiva contra el fuego de la industria en<br \/>\ngeneral (naves industriales, soportes, dep\u00f3sitos, silos, etc.), cumpliendo con las exigencias del<br \/>\nReglamento de Seguridad contra Incendios en establecimientos Industriales.<\/p>\n<p><strong>CARACTER\u00cdSTICAS T\u00c9CNICAS<\/strong> (color Blanco 90)<br \/>\nColor: Blanco 90, Gris 994.<br \/>\nAcabado: Mate.<br \/>\nPeso espec\u00edfico: 1,39 \u00b1 0,1.<br \/>\nEspesor seco recomendado: Seg\u00fan tabla oficial de masividad (desde 140\u03bc<br \/>\nhasta &gt;600\u03bc por capa(*).<br \/>\n% S\u00f3lidos en volumen: 62 % \u00b1 1 %.<br \/>\nRendimiento por capa (600 \u03bc): 1,03 m2<br \/>\n.\/ lt.= 0,74 m2<br \/>\n.\/ kg.<br \/>\nTiempo de secado al tacto: 2 horas, a 20\u00baC y 60% HR.<br \/>\nRepintable: 24 horas, a 20\u00baC y 60% HR.<br \/>\nEndurecimiento: 5 d\u00edas, a 20\u00baC y 60% HR.<br \/>\nDiluyente indicado: STF ( exclusivamente )<br \/>\nAplicaci\u00f3n: Brocha, rodillo y pistola airless.<br \/>\nCOV suministro: 360 gr\/lt.<br \/>\n(*) \u2013 Depende del sistema de aplicaci\u00f3n elegido y de la geometr\u00eda de los elementos a proteger. Se debe<br \/>\nevitar aplicar un espesor que pueda producir descuelgues y goteos por exceso de capa.<\/p>\n<p><strong>TRATAMIENTO PREVIO DE SUPERFICIES<\/strong><br \/>\nSuperficies met\u00e1licas: Deber\u00e1n imprimarse previamente con productos de elevada capacidad<br \/>\nanticorrosiva, compatibles con el revestimiento intumescente y de naturaleza comprobadamente<br \/>\nign\u00edfuga, como HK-2-E, ST-28, TAC PRIMER, etc.<br \/>\nSuperficies no met\u00e1licas: Sobre madera, yeso, cemento, etc., rogamos consulte a nuestro<\/p>\n<p><strong>M\u00c9TODO DE APLICACI\u00d3N<\/strong><br \/>\nHomogeneizar a fondo el contenido del envase, preferiblemente con agitador mec\u00e1nico. El producto<br \/>\nse sirve listo para su uso. Para facilitar su aplicaci\u00f3n a pistola airless, puede diluirse con un 10% como<br \/>\nm\u00e1ximo, de STF. No utilizar otros disolventes.<br \/>\nBrocha: Solo para retoques y peque\u00f1as \u00e1reas. Aplicar sin diluir.<br \/>\nRodillo: Aplicar sin diluir. Utilizar rodillos de lana de pelo largo.<br \/>\nPistola aerogr\u00e1fica: De calder\u00edn a presi\u00f3n.<br \/>\nDiluir con 5 a 15% de STF.<br \/>\nPresi\u00f3n, 4 Kgs\/cm2<br \/>\n. Boquillas 2,6 a 2,8 mm. \u2205<br \/>\nPistola airless (*): Diluir con 0 a 10% de STF.<br \/>\nEquipo capaz de aportar un caudal libre superior a 5,8 lts\/min., con presi\u00f3n<br \/>\nmantenida superior a 120 Kgs\/cm2.<\/p>\n<p>Boquillas 0,025 hasta 0,031\u201d.<br \/>\nAjustar el \u00e1ngulo de la boquilla al tama\u00f1o de los perfiles a revestir.<br \/>\nEl sistema STOFIRE debe ser usado en el interior, al abrigo de la humedad, la intemperie, las<br \/>\ncondensaciones, etc. En ambientes interiores, de agresi\u00f3n ambiental moderada, es muy recomendable<br \/>\nla aplicaci\u00f3n de una o dos capas de acabado REXMALT.<br \/>\nEn elementos exteriores o en condiciones ambientales agresivas, es necesario sellar completamente la<br \/>\nsuperficie con EUROPOL (Consultar nuestro Departamento T\u00e9cnico).<br \/>\nEl sistema STOFIRE no debe ser aplicado cuando las condiciones ambientales del elemento a proteger<br \/>\nno sean adecuadas: Temperaturas inferiores a 10\u00baC, humedades superiores al 80%, condiciones de<br \/>\ncondensaci\u00f3n a cualquier temperatura y humedad ambiental, o temperatura del soporte no superior<br \/>\nen 3\u00baC a la del punto de roc\u00edo.<br \/>\n(*)Pistolas neum\u00e1ticas tipo WIWA modelos 1132 y 4432.<br \/>\nPistolas el\u00e9ctricas o de gasolina, tipo AIRLESSCO, modelos 6100 y 9100.<\/p>\n<p><strong>CARACTER\u00cdSTICAS DE LA PEL\u00cdCULA SECA<\/strong><br \/>\nReacciona en contacto con la llama o las elevadas temperaturas, hinch\u00e1ndose y formando una espuma<br \/>\nmulticelular de alta capacidad aislante.<br \/>\nNo inflamable. Una vez efectuada su labor, calcina sin producir ni comunicar la llama.<\/p>\n<p><strong>ENSAYOS DE CLASIFICACI\u00d3N FRENTE AL FUEGO<\/strong><br \/>\n* Ensayos de Resistencia al fuego entre 15 y 120 minutos en horno con carga seg\u00fan ensayo europeo<br \/>\nUNE-ENV 13381-4:2005. Certificados seg\u00fan UNE-EN 13501-2:2004.<br \/>\n* Cumple con la norma UNE 48287-1.<\/p>\n<p><strong>PRECAUCIONES<\/strong><br \/>\nLa aplicaci\u00f3n debe realizarse con abundante aporte de aire o con sistemas de ventilaci\u00f3n preparados a tal fin.<br \/>\nDeben ser utilizados los habituales elementos de protecci\u00f3n personal, para evitar su ingesti\u00f3n, inhalaci\u00f3n o<br \/>\ncontacto con la piel. Durante su aplicaci\u00f3n deber\u00e1n tomarse las normales precauciones contra incendios.<br \/>\nMantener los envases bien cerrados despu\u00e9s de su utilizaci\u00f3n. No tirar los residuos al desag\u00fce.<br \/>\nEstabilidad de almacenaje: 1 a\u00f1o en sus envases originales cerrados y en buenas condiciones de<br \/>\nalmacenamiento.<\/p>\n<p><strong>OBSERVACIONES<\/strong><br \/>\nGarantizamos la calidad de nuestros productos de acuerdo con nuestras condiciones generales de venta y<br \/>\nsuministro. Nuestros consejos t\u00e9cnicos de uso, expresados verbalmente, por escrito \u00f3 mediante ensayos, se<br \/>\nofrecen de acuerdo con nuestros conocimientos y experiencias actuales. Son simples indicaciones que no<br \/>\ncomprometen nuestra responsabilidad, ni les dispensan de la necesidad de verificar por Vdes. mismos que los<br \/>\nproductos que les suministramos corresponden a los procedimientos y objetivos buscados por Vdes.,<br \/>\nrealizando sus propios controles y ensayos. La aplicaci\u00f3n y utilizaci\u00f3n de los productos escapan a nuestras<br \/>\nposibilidades de control, y en consecuencia, dependen exclusivamente de su responsabilidad personal, no<br \/>\npudiendo hacernos responsables de resultados distintos de los aqu\u00ed reflejados. Nuestras recomendaciones en<br \/>\nmateria de seguridad, no son \u00f3bice para que ustedes determinen sus propias medidas, adaptadas a las<br \/>\ncondiciones de sus instalaciones. Nos reservamos la facultad de variar los datos aqu\u00ed contenidos, sin previo<br \/>\naviso, seg\u00fan la evoluci\u00f3n tecnol\u00f3gica de los mismos.<\/p>\n","protected":false},"excerpt":{"rendered":"<p>DESCRIPCI\u00d3N Revestimiento Cortafuegos de Intumescencia Progresiva. Su misi\u00f3n espec\u00edfica consiste en retardar la acci\u00f3n destructora de un incendio. Reacciona en presencia y contacto de la llama, hinch\u00e1ndose, formando un aislamiento multicelular, de acci\u00f3n extintora. Prolonga la estabilidad de las estructuras y elementos constructivos sometidos a las elevadas temperaturas de un incendio. CAMPO DE APLICACI\u00d3N Protecci\u00f3n &#8230; <a title=\"Euroqu\u00edmica Stofire Intumescente\" class=\"read-more\" href=\"https:\/\/showindustrial.com\/es\/producto\/intumescente-euroquimica-stofire\/\" aria-label=\"Leer m\u00e1s sobre Euroqu\u00edmica Stofire Intumescente\">Leer m\u00e1s<\/a><\/p>\n","protected":false},"featured_media":17441,"comment_status":"open","ping_status":"closed","template":"","meta":[],"product_cat":[93],"product_tag":[],"_links":{"self":[{"href":"https:\/\/showindustrial.com\/es\/wp-json\/wp\/v2\/product\/17440"}],"collection":[{"href":"https:\/\/showindustrial.com\/es\/wp-json\/wp\/v2\/product"}],"about":[{"href":"https:\/\/showindustrial.com\/es\/wp-json\/wp\/v2\/types\/product"}],"replies":[{"embeddable":true,"href":"https:\/\/showindustrial.com\/es\/wp-json\/wp\/v2\/comments?post=17440"}],"version-history":[{"count":3,"href":"https:\/\/showindustrial.com\/es\/wp-json\/wp\/v2\/product\/17440\/revisions"}],"predecessor-version":[{"id":18556,"href":"https:\/\/showindustrial.com\/es\/wp-json\/wp\/v2\/product\/17440\/revisions\/18556"}],"wp:featuredmedia":[{"embeddable":true,"href":"https:\/\/showindustrial.com\/es\/wp-json\/wp\/v2\/media\/17441"}],"wp:attachment":[{"href":"https:\/\/showindustrial.com\/es\/wp-json\/wp\/v2\/media?parent=17440"}],"wp:term":[{"taxonomy":"product_cat","embeddable":true,"href":"https:\/\/showindustrial.com\/es\/wp-json\/wp\/v2\/product_cat?post=17440"},{"taxonomy":"product_tag","embeddable":true,"href":"https:\/\/showindustrial.com\/es\/wp-json\/wp\/v2\/product_tag?post=17440"}],"curies":[{"name":"wp","href":"https:\/\/api.w.org\/{rel}","templated":true}]}}