{"id":17429,"date":"2024-01-26T12:18:20","date_gmt":"2024-01-26T11:18:20","guid":{"rendered":"https:\/\/showindustrial.com\/?post_type=product&#038;p=17429"},"modified":"2024-01-26T14:29:34","modified_gmt":"2024-01-26T13:29:34","slug":"montofoc-acqua-intumescente","status":"publish","type":"product","link":"https:\/\/showindustrial.com\/es\/producto\/montofoc-acqua-intumescente\/","title":{"rendered":"Montofoc Acqua Intumescente Base Agua"},"content":{"rendered":"<section class=\"product__basic-info grid-justify-space-between\">\n<div class=\"grid-container\">\n<div class=\"col-6-12\">\n<div class=\"product__subtitle\">\n<div class=\"html-content\"><span style=\"vertical-align: inherit;\"><span style=\"vertical-align: inherit;\"><span style=\"vertical-align: inherit;\"><span style=\"vertical-align: inherit;\">Pintura intumescente base agua, que por un calor intenso genera una espuma protectora que a\u00edsla t\u00e9rmicamente el soporte evitando la propagaci\u00f3n del fuego y retrasando el deterioro del soporte. Ensayada y Certificada por laboratorios independientes seg\u00fan Norma Europea EN 13381-8:2010.<\/span><\/span><\/span><\/span><\/div>\n<div><\/div>\n<\/div>\n<div class=\"lSSlideOuter\">\n<div class=\"lSSlideWrapper usingCss\">\n<div class=\"slideshow darkTheme product-short-details lightSlider lsGrab lSSlide\">\n<div class=\"product-short-details__item lslide active\">\n<div class=\"product-short-details__title\"><strong><span style=\"vertical-align: inherit;\"><span style=\"vertical-align: inherit;\"><span style=\"vertical-align: inherit;\"><span style=\"vertical-align: inherit;\">Uso:\u00a0<\/span><\/span><\/span><\/span><\/strong><span style=\"vertical-align: inherit;\"><span style=\"vertical-align: inherit;\"><span style=\"vertical-align: inherit;\"><span style=\"vertical-align: inherit;\"> Interior<\/span><\/span><\/span><\/span><\/div>\n<\/div>\n<div class=\"product-short-details__item lslide\">\n<div class=\"product-short-details__title\"><strong><span style=\"vertical-align: inherit;\"><span style=\"vertical-align: inherit;\"><span style=\"vertical-align: inherit;\"><span style=\"vertical-align: inherit;\">Acabado:<\/span><\/span><\/span><\/span><\/strong><span style=\"vertical-align: inherit;\"><span style=\"vertical-align: inherit;\"><span style=\"vertical-align: inherit;\"><span style=\"vertical-align: inherit;\"> \u00a0Mate<\/span><\/span><\/span><\/span><\/div>\n<\/div>\n<div class=\"product-short-details__item lslide\">\n<div class=\"product-short-details__title\"><strong><span style=\"vertical-align: inherit;\"><span style=\"vertical-align: inherit;\"><span style=\"vertical-align: inherit;\"><span style=\"vertical-align: inherit;\">Tiempo de secado:<\/span><\/span><\/span><\/span><\/strong><span style=\"vertical-align: inherit;\"><span style=\"vertical-align: inherit;\"><span style=\"vertical-align: inherit;\"><span style=\"vertical-align: inherit;\"> 1-3 horas<\/span><\/span><\/span><\/span><\/div>\n<\/div>\n<div class=\"product-short-details__item lslide\">\n<div class=\"product-short-details__title\"><strong><span style=\"vertical-align: inherit;\"><span style=\"vertical-align: inherit;\"><span style=\"vertical-align: inherit;\"><span style=\"vertical-align: inherit;\">Formatos:<\/span><\/span><\/span><\/span><\/strong><span style=\"vertical-align: inherit;\"><span style=\"vertical-align: inherit;\"><span style=\"vertical-align: inherit;\"><span style=\"vertical-align: inherit;\"> 20K<\/span><\/span><\/span><\/span><\/div>\n<div><\/div>\n<\/div>\n<\/div>\n<\/div>\n<\/div>\n<div class=\"product__actions\">\n<div class=\"grid-container\">\n<div class=\"col-6-12\"><\/div>\n<\/div>\n<\/div>\n<\/div>\n<\/div>\n<\/section>\n<section class=\"product__use-info\">\n<div class=\"grid-container\">\n<div class=\"col-4-12\">\n<h3 class=\"product__section-title\"><span style=\"vertical-align: inherit;\"><span style=\"vertical-align: inherit;\">Usos<\/span><\/span><\/h3>\n<div class=\"html-content\">\n<ul>\n<li><span style=\"vertical-align: inherit;\"><span style=\"vertical-align: inherit;\"><span style=\"vertical-align: inherit;\"><span style=\"vertical-align: inherit;\">Interior<\/span><\/span><\/span><\/span><\/li>\n<li><span style=\"vertical-align: inherit;\"><span style=\"vertical-align: inherit;\"><span style=\"vertical-align: inherit;\"><span style=\"vertical-align: inherit;\">Exterior con protecci\u00f3n<\/span><\/span><\/span><\/span><\/li>\n<li><span style=\"vertical-align: inherit;\"><span style=\"vertical-align: inherit;\"><span style=\"vertical-align: inherit;\"><span style=\"vertical-align: inherit;\">Vigas y Pilares de hierro\/acero previamente imprimados.<\/span><\/span><\/span><\/span><\/li>\n<li><span style=\"vertical-align: inherit;\"><span style=\"vertical-align: inherit;\"><span style=\"vertical-align: inherit;\"><span style=\"vertical-align: inherit;\">Estructuras met\u00e1licas<\/span><\/span><\/span><\/span><\/li>\n<\/ul>\n<\/div>\n<\/div>\n<div class=\"col-4-12\">\n<h3 class=\"product__section-title\"><span style=\"vertical-align: inherit;\"><span style=\"vertical-align: inherit;\"><span style=\"vertical-align: inherit;\"><span style=\"vertical-align: inherit;\">\u00bfC\u00f3mo aplicarlo?<\/span><\/span><\/span><\/span><\/h3>\n<div class=\"html-content\">\n<ul>\n<li><span style=\"vertical-align: inherit;\"><span style=\"vertical-align: inherit;\"><span style=\"vertical-align: inherit;\"><span style=\"vertical-align: inherit;\">Pistola menos aire<\/span><\/span><\/span><\/span><\/li>\n<li><span style=\"vertical-align: inherit;\"><span style=\"vertical-align: inherit;\"><span style=\"vertical-align: inherit;\"><span style=\"vertical-align: inherit;\">Pistola de aire<\/span><\/span><\/span><\/span><\/li>\n<li><span style=\"vertical-align: inherit;\"><span style=\"vertical-align: inherit;\"><span style=\"vertical-align: inherit;\"><span style=\"vertical-align: inherit;\">Cepillar<\/span><\/span><\/span><\/span><\/li>\n<li><span style=\"vertical-align: inherit;\"><span style=\"vertical-align: inherit;\"><span style=\"vertical-align: inherit;\"><span style=\"vertical-align: inherit;\">Desordenado<\/span><\/span><\/span><\/span><\/li>\n<\/ul>\n<\/div>\n<\/div>\n<div class=\"col-4-12\">\n<h3 class=\"product__section-title\"><span style=\"vertical-align: inherit;\"><span style=\"vertical-align: inherit;\"><span style=\"vertical-align: inherit;\"><span style=\"vertical-align: inherit;\">Colores<\/span><\/span><\/span><\/span><\/h3>\n<div class=\"html-content\"><span style=\"vertical-align: inherit;\"><span style=\"vertical-align: inherit;\"><span style=\"vertical-align: inherit;\"><span style=\"vertical-align: inherit;\">Blanco 103<\/span><\/span><\/span><\/span><\/div>\n<div><\/div>\n<\/div>\n<\/div>\n<\/section>\n<section class=\"product__full-info\">\n<div class=\"grid-container\">\n<div class=\"col-12-12\">\n<div class=\"product__tabs__selector-list\"><strong><span style=\"vertical-align: inherit;\"><span style=\"vertical-align: inherit;\"><span style=\"vertical-align: inherit;\"><span style=\"vertical-align: inherit;\">Modo de empleo<\/span><\/span><\/span><\/span><\/strong><\/div>\n<div class=\"product__tabs\">\n<div class=\"product__tabs__content active\" data-tab=\"how-to-use\">\n<div class=\"html-content\"><span style=\"vertical-align: inherit;\"><span style=\"vertical-align: inherit;\"><span style=\"vertical-align: inherit;\"><span style=\"vertical-align: inherit;\">-Remover el producto hasta la perfecta homogeneizaci\u00f3n. <\/span><\/span><\/span><\/span><br \/>\n<span style=\"vertical-align: inherit;\"><span style=\"vertical-align: inherit;\"><span style=\"vertical-align: inherit;\"><span style=\"vertical-align: inherit;\">-No aplicar con humedades relativas superiores al 80%. <\/span><\/span><\/span><\/span><br \/>\n<span style=\"vertical-align: inherit;\"><span style=\"vertical-align: inherit;\"><span style=\"vertical-align: inherit;\"><span style=\"vertical-align: inherit;\">-Se aconsejan entre dos y tres manos para obtener un grosor de capa superior a 500-600 micras secas. <\/span><\/span><\/span><\/span><br \/>\n<span style=\"vertical-align: inherit;\"><span style=\"vertical-align: inherit;\"><span style=\"vertical-align: inherit;\"><span style=\"vertical-align: inherit;\">-Seguir los m\u00e9todos de aplicaci\u00f3n de una pintura al agua, excepto en cuanto a grosores de capa, ya que adem\u00e1s grosor superior efectividad. <\/span><\/span><\/span><\/span><br \/>\n<span style=\"vertical-align: inherit;\"><span style=\"vertical-align: inherit;\"><span style=\"vertical-align: inherit;\"><span style=\"vertical-align: inherit;\">-En aplicaciones en el exterior proteger el producto con productos Monto con certificaci\u00f3n de reacci\u00f3n al fuego.<\/span><\/span><\/span><\/span><\/div>\n<div><\/div>\n<\/div>\n<div><strong><span style=\"vertical-align: inherit;\"><span style=\"vertical-align: inherit;\"><span style=\"vertical-align: inherit;\"><span style=\"vertical-align: inherit;\">Preparaci\u00f3n del soporte<\/span><\/span><\/span><\/span><\/strong><\/div>\n<div><span style=\"vertical-align: inherit;\"><span style=\"vertical-align: inherit;\"><span style=\"vertical-align: inherit;\"><span style=\"vertical-align: inherit;\">Soporte Nuevo: <\/span><\/span><\/span><\/span><br \/>\n<span style=\"vertical-align: inherit;\"><span style=\"vertical-align: inherit;\"><span style=\"vertical-align: inherit;\"><span style=\"vertical-align: inherit;\">-Tratar como habitualmente se tratan las pinturas o barnices recomendados en el cuadro soportes\/procesos. -Cada producto debe ser tratado conforme a la imprimaci\u00f3n escogida y capa intermedia adecuada. <\/span><\/span><\/span><\/span><br \/>\n<span style=\"vertical-align: inherit;\"><span style=\"vertical-align: inherit;\"><span style=\"vertical-align: inherit;\"><span style=\"vertical-align: inherit;\">&#8211; En el caso de Imprimaciones y manos intermedias recomendadas por PINTURAS MONTO, SA deben seguirse las normas y los intervalos establecidos en cada producto por lo que se actuar\u00e1 seg\u00fan indique la ficha t\u00e9cnica de cada producto utilizable en el Sistema de Preparaci\u00f3n . <\/span><\/span><\/span><\/span><br \/>\n<span style=\"vertical-align: inherit;\"><span style=\"vertical-align: inherit;\"><span style=\"vertical-align: inherit;\"><span style=\"vertical-align: inherit;\">-Limpieza: Agua. Restauraci\u00f3n y Mantenimineto: <\/span><\/span><\/span><\/span><br \/>\n<span style=\"vertical-align: inherit;\"><span style=\"vertical-align: inherit;\"><span style=\"vertical-align: inherit;\"><span style=\"vertical-align: inherit;\">-Eliminar totalmente pinturas viejas en mal estado o mal adheridas. <\/span><\/span><\/span><\/span><br \/>\n<span style=\"vertical-align: inherit;\"><span style=\"vertical-align: inherit;\"><span style=\"vertical-align: inherit;\"><span style=\"vertical-align: inherit;\">-Eliminar presencia de productos extra\u00f1os mediante los procedimientos habituales. <\/span><\/span><\/span><\/span><br \/>\n<span style=\"vertical-align: inherit;\"><span style=\"vertical-align: inherit;\"><span style=\"vertical-align: inherit;\"><span style=\"vertical-align: inherit;\">-Como es posible un defecto de adherencia entre las manos anteriores, se recomienda la eliminaci\u00f3n de las viejas manos mediante cepillado, decapado, chorreo u otros medios. <\/span><\/span><\/span><\/span><br \/>\n<span style=\"vertical-align: inherit;\"><span style=\"vertical-align: inherit;\"><span style=\"vertical-align: inherit;\"><span style=\"vertical-align: inherit;\">-En el caso de imprimaciones y manos intermedias recomendadas por PINTURAS MONTO, SA deben seguirse las normas e intervalos establecidos en cada producto, por lo que se revisar\u00e1 la ficha t\u00e9cnica de cada producto utilizable en el Sistema de Preparaci\u00f3n. <\/span><\/span><\/span><\/span><br \/>\n<span style=\"vertical-align: inherit;\"><span style=\"vertical-align: inherit;\"><span style=\"vertical-align: inherit;\"><span style=\"vertical-align: inherit;\">-Massillar con plaste los defectos del soporte (ver en familia PREPARACI\u00d3N DE FONDO las l\u00edneas correspondientes a plastos en polvo y masillas preparadas para hacer una correcta elecci\u00f3n).<\/span><\/span><\/span><\/span><\/div>\n<div><\/div>\n<\/div>\n<\/div>\n<\/div>\n<\/section>\n<div><a href=\"https:\/\/montopinturas.com\/public\/pdf\/503610-es-montofoc%20acqua.pdf\" target=\"_blank\" rel=\"noopener\"><span style=\"vertical-align: inherit;\"><span style=\"vertical-align: inherit;\"><span style=\"vertical-align: inherit;\"><span style=\"vertical-align: inherit;\">Ficha t\u00e9cnica<\/span><\/span><\/span><\/span><\/a><\/div>\n","protected":false},"excerpt":{"rendered":"<p>Pintura intumescente base agua, que por un calor intenso genera una espuma protectora que a\u00edsla t\u00e9rmicamente el soporte evitando la propagaci\u00f3n del fuego y retrasando el deterioro del soporte. Ensayada y Certificada por laboratorios independientes seg\u00fan Norma Europea EN 13381-8:2010. Uso:\u00a0 Interior Acabado: \u00a0Mate Tiempo de secado: 1-3 horas Formatos: 20K Usos Interior Exterior con &#8230; <a title=\"Montofoc Acqua Intumescente Base Agua\" class=\"read-more\" href=\"https:\/\/showindustrial.com\/es\/producto\/montofoc-acqua-intumescente\/\" aria-label=\"Leer m\u00e1s sobre Montofoc Acqua Intumescente Base Agua\">Leer m\u00e1s<\/a><\/p>\n","protected":false},"featured_media":17427,"comment_status":"open","ping_status":"closed","template":"","meta":[],"product_cat":[93],"product_tag":[],"_links":{"self":[{"href":"https:\/\/showindustrial.com\/es\/wp-json\/wp\/v2\/product\/17429"}],"collection":[{"href":"https:\/\/showindustrial.com\/es\/wp-json\/wp\/v2\/product"}],"about":[{"href":"https:\/\/showindustrial.com\/es\/wp-json\/wp\/v2\/types\/product"}],"replies":[{"embeddable":true,"href":"https:\/\/showindustrial.com\/es\/wp-json\/wp\/v2\/comments?post=17429"}],"version-history":[{"count":4,"href":"https:\/\/showindustrial.com\/es\/wp-json\/wp\/v2\/product\/17429\/revisions"}],"predecessor-version":[{"id":17439,"href":"https:\/\/showindustrial.com\/es\/wp-json\/wp\/v2\/product\/17429\/revisions\/17439"}],"wp:featuredmedia":[{"embeddable":true,"href":"https:\/\/showindustrial.com\/es\/wp-json\/wp\/v2\/media\/17427"}],"wp:attachment":[{"href":"https:\/\/showindustrial.com\/es\/wp-json\/wp\/v2\/media?parent=17429"}],"wp:term":[{"taxonomy":"product_cat","embeddable":true,"href":"https:\/\/showindustrial.com\/es\/wp-json\/wp\/v2\/product_cat?post=17429"},{"taxonomy":"product_tag","embeddable":true,"href":"https:\/\/showindustrial.com\/es\/wp-json\/wp\/v2\/product_tag?post=17429"}],"curies":[{"name":"wp","href":"https:\/\/api.w.org\/{rel}","templated":true}]}}