{"id":17407,"date":"2024-01-25T19:05:54","date_gmt":"2024-01-25T18:05:54","guid":{"rendered":"https:\/\/showindustrial.com\/?post_type=product&#038;p=17407"},"modified":"2024-01-26T14:29:38","modified_gmt":"2024-01-26T13:29:38","slug":"inesfire-tix-blanco-422-hy-intumescente","status":"publish","type":"product","link":"https:\/\/showindustrial.com\/es\/producto\/inesfire-tix-blanco-422-hy-intumescente\/","title":{"rendered":"Inesfire TIX Blanco 422 HY Intumescente"},"content":{"rendered":"<p><strong>Descripci\u00f3n <\/strong><\/p>\n<p>Pintura intumescente retardadora del fuego.<\/p>\n<p><strong>Propiedades<\/strong><\/p>\n<p>La pintura forma una capa aislante entre el soporte y el fuego, produciendo un conjunto de reacciones f\u00edsico-qu\u00edmicas que dan lugar a estructuras carbon\u00edferas y aislantes por exposici\u00f3n de un material a la llama.<\/p>\n<p><strong>Aplicaciones <\/strong><\/p>\n<p>Para protecci\u00f3n de estructuras met\u00e1licas, en hoteles, edificios p\u00fablicos, pubs, discotecas, zonas de h\u00e1bitat de barcos, naves industriales. En el caso de aplicaciones al exterior, es necesario recubrir el Inesfire TIX HY con una capa de acabado, preferentemente nuestro Blatemlac Ign\u00edfugo Satinado.<\/p>\n<p><strong>Caracter\u00edsticas T\u00e9cnicas <\/strong><\/p>\n<p>\u00b7 Acabado: Mate blanco.<br \/>\n\u00b7 Nivelaci\u00f3n: Excelente.<br \/>\n\u00b7 Adherencia: Buena.<br \/>\n\u00b7 No vol\u00e1tiles: 72 \u00b1 3%.<br \/>\n\u00b7 S\u00f3lidos por volumen: 60 \u00b1 2%. Secado: 2 horas.<br \/>\n\u00b7 Repintado: 18 &#8211; 24 horas.<br \/>\n\u00b7 Densidad: 1,25 \u00b1 0,1 gr\/cc (UNE-EN-ISO 2811-1 y 2).<br \/>\n\u00b7 Rendimiento: Seg\u00fan resistencia al fuego necesaria (ver cat\u00e1logo). Dureza: Excelente.<br \/>\n\u00b7 Estabilidad en envase: M\u00e1s de un a\u00f1o en envase original cerrado.<br \/>\n\u00b7 Limpieza de utensilios: Disolvente Limpieza L.<\/p>\n<p><strong>Homologaciones y Ensayos <\/strong><\/p>\n<p>Estabilidad al fuego seg\u00fan norma EN 13381-8.<\/p>\n<p><strong>Preparaci\u00f3n de Superficies <\/strong><\/p>\n<p>Hierro y acero: antes de imprimar hacer una limpieza manual o mec\u00e1nica hasta grado ST 2-2,5. Las superficies met\u00e1licas deber\u00e1n imprimarse previamente con Blatprimer Ign\u00edfuga Antioxidante, producto certificado de clasificaci\u00f3n ign\u00edfugo seg\u00fan norma UNE-EN 13501- 1:07+A1:2010, clases europeas.<\/p>\n<p><strong>Modo de empleo <\/strong><\/p>\n<p>Pistola airless, pistola airmix, aerogr\u00e1fica: Disolvente Inesfire: 0-40% seg\u00fan tipo de pistola.<\/p>\n<p><strong>Observaciones Generales <\/strong><\/p>\n<p>El consumo indicado por m2 es te\u00f3rico. Sobre \u00e9l hay que calcular las p\u00e9rdidas. Todas las pinturas intumescentes tienen certificaciones oficiales de resistencia al fuego en tiempo, existiendo una tabla que relaciona la resistencia al fuego con las variables tiempo, espe &#8211; sor, carga y consumo. \u00b7 Madera nueva en exteriores no expuesta al sol ni a la lluvia: Aplicar una mano de nuestro Poliuretano Fondo 799 (tapaporos poliuretano) para sellar la madera. Despu\u00e9s aplicar dos manos de Barnilac como en madera para interiores. \u00b7 Madera barnizada en buen estado: Una vez lijada y limpia, aplicar sobre superficies reca &#8211; lentadas dos manos de Barnilac como en los casos anteriores. \u00b7 Madera barnizada en mal estado: Una vez decapada y limpia proceder como en madera nueva. Aplicar el producto en capas delgadas y respetando los tiempos de repintado.<\/p>\n<p><strong>Recomendaciones <\/strong><\/p>\n<p>No aplicar sobre superficies recalentadas. Remover el contenido del envase hasta homogeneizar el producto. Despu\u00e9s de usar, tapar el envase procurando dejar poca c\u00e1mara de aire, si se ha de tardar mucho tiempo en utilizar de nuevo. Presentaci\u00f3n En envases de 4 L y 15 L. Almacenaje Tiempo de almacenamiento m\u00e1ximo recomendado: 12 meses en su envase original bien cerrado y resguardado de la intemperie (a cubierto y temperatura entre 5 y 35\u00baC).<\/p>\n<p><strong>Informaci\u00f3n de Seguridad <\/strong><\/p>\n<p>Es imprescindible seguir las instrucciones de la etiqueta del envase. Para m\u00e1s informaci\u00f3n consultar la hoja de seguridad del producto.<\/p>\n","protected":false},"excerpt":{"rendered":"<p>Descripci\u00f3n Pintura intumescente retardadora del fuego. Propiedades La pintura forma una capa aislante entre el soporte y el fuego, produciendo un conjunto de reacciones f\u00edsico-qu\u00edmicas que dan lugar a estructuras carbon\u00edferas y aislantes por exposici\u00f3n de un material a la llama. Aplicaciones Para protecci\u00f3n de estructuras met\u00e1licas, en hoteles, edificios p\u00fablicos, pubs, discotecas, zonas de &#8230; <a title=\"Inesfire TIX Blanco 422 HY Intumescente\" class=\"read-more\" href=\"https:\/\/showindustrial.com\/es\/producto\/inesfire-tix-blanco-422-hy-intumescente\/\" aria-label=\"Leer m\u00e1s sobre Inesfire TIX Blanco 422 HY Intumescente\">Leer m\u00e1s<\/a><\/p>\n","protected":false},"featured_media":17413,"comment_status":"open","ping_status":"closed","template":"","meta":[],"product_cat":[93],"product_tag":[],"_links":{"self":[{"href":"https:\/\/showindustrial.com\/es\/wp-json\/wp\/v2\/product\/17407"}],"collection":[{"href":"https:\/\/showindustrial.com\/es\/wp-json\/wp\/v2\/product"}],"about":[{"href":"https:\/\/showindustrial.com\/es\/wp-json\/wp\/v2\/types\/product"}],"replies":[{"embeddable":true,"href":"https:\/\/showindustrial.com\/es\/wp-json\/wp\/v2\/comments?post=17407"}],"version-history":[{"count":1,"href":"https:\/\/showindustrial.com\/es\/wp-json\/wp\/v2\/product\/17407\/revisions"}],"predecessor-version":[{"id":17408,"href":"https:\/\/showindustrial.com\/es\/wp-json\/wp\/v2\/product\/17407\/revisions\/17408"}],"wp:featuredmedia":[{"embeddable":true,"href":"https:\/\/showindustrial.com\/es\/wp-json\/wp\/v2\/media\/17413"}],"wp:attachment":[{"href":"https:\/\/showindustrial.com\/es\/wp-json\/wp\/v2\/media?parent=17407"}],"wp:term":[{"taxonomy":"product_cat","embeddable":true,"href":"https:\/\/showindustrial.com\/es\/wp-json\/wp\/v2\/product_cat?post=17407"},{"taxonomy":"product_tag","embeddable":true,"href":"https:\/\/showindustrial.com\/es\/wp-json\/wp\/v2\/product_tag?post=17407"}],"curies":[{"name":"wp","href":"https:\/\/api.w.org\/{rel}","templated":true}]}}