{"id":17390,"date":"2024-01-25T18:58:16","date_gmt":"2024-01-25T17:58:16","guid":{"rendered":"https:\/\/showindustrial.com\/?post_type=product&#038;p=17390"},"modified":"2024-01-25T18:59:00","modified_gmt":"2024-01-25T17:59:00","slug":"blatepox-suelos-wd-3-pintura-epoxi-dispersion-acuosa","status":"publish","type":"product","link":"https:\/\/showindustrial.com\/es\/producto\/blatepox-suelos-wd-3-pintura-epoxi-dispersion-acuosa\/","title":{"rendered":"Blatepox suelos WD\/3 Pintura Epoxi Dispersi\u00f3n Acuosa"},"content":{"rendered":"<p><strong>Descripci\u00f3n<\/strong><\/p>\n<p>Pintura epoxi de acabado en dispersi\u00f3n acuosa. Uso para interiores.<\/p>\n<p><strong>Propiedades <\/strong><\/p>\n<p>Gran resistencia a la abrasi\u00f3n. Resistencia a la alcalinidad. Excelente adherencia. Visible el final de la mezcla.<\/p>\n<p><strong>Aplicaciones <\/strong><\/p>\n<p>Protecci\u00f3n y decoraci\u00f3n de suelos de hormig\u00f3n, sometidos a esfuerzos mec\u00e1nicos, tales como garajes, almacenes, naves industriales, etc.<\/p>\n<p><strong>Caracter\u00edsticas T\u00e9cnicas <\/strong><\/p>\n<p>\u00b7 Color: Rojo RAL 3009, Verde RAL 6021, Gris RAL 7038 y Blanco.<br \/>\n\u00b7 Aspecto: Satinado.<br \/>\n\u00b7 Densidad: 1,64 \u00b1 0,1 gr\/cc (UNE-EN-ISO 2811-1 y 2).<br \/>\n\u00b7 S\u00f3lidos en volumen: 50 \u00b1 2 %.<br \/>\n\u00b7 Secado (tacto): 6-8 horas.<br \/>\n\u00b7 Repintado: M\u00ednimo 8 horas \/ M\u00e1ximo 3 d\u00edas.<br \/>\n\u00b7 No inflamable.<br \/>\n\u00b7 Espesor recomendado: H\u00famedo 60-120 micras \/ Seco 30-60 micras.<br \/>\n\u00b7 Rendimiento: 6-8 m 2 \/ lt (50 micras).<br \/>\n\u00b7 Datos para producto mezclado a 25\u00baC.<br \/>\n\u00b7 N\u00ba de capas: 1-2.<br \/>\n\u00b7 Proporci\u00f3n de mezcla: Peso: 4 \/ 1. \/ Volumen: 2,44 \/ 1.<br \/>\n\u00b7 Catalizador: Catalizador Blatepox WD\/3.<br \/>\n\u00b7 Vida mezcla: 1 hora.<br \/>\n\u00b7 Estabilidad en el envase (lugar fresco y seco; 15-30\u00baC, RH-60%): M\u00e1s de 1 a\u00f1o en envase original cerrado. COV: 2004\/42\/II A(j)(140\/140) M\u00e1x. COVS 71 g\/Lt.<\/p>\n<p><strong>Homologaciones y Ensayos <\/strong><\/p>\n<p>Permeabilidad al agua (Marcado CE) W &lt; 0,1 Kg\/m2 h0,5 . Valor obtenido: W= 0,05 Kg\/m2 h0,5 (EN 1062-3:2005). Permeabilidad al vapor de agua (Marcado CE) Clase I S D . Valor obtenido: S D = 1,2 m (EN-ISO 7783-1\/2). Adhesi\u00f3n mediante arrancamiento (Marcado CE)\u2265 1,0 (0,7) b . Valor obtenido: 4,18 \u00b1 0,22 MPa (UNE 1542:2000). Resistencia a la abrasi\u00f3n (Ensayo TABER)(Marcado CE). P\u00e9rdidas de peso inferior a 3000 mg, muela abrasiva H22 \/ rotaci\u00f3n 1000 ciclos \/ carga 1000 g. Valor obtenido: 138 \u00b1 31 mg (EN-ISO 5470-1). Resistencia al impacto (Marcado CE) Clase I (\u2265 4 Nm). Valor obtenido: \u2265 4 Nm (EN-ISO 6272-1). Resistencia a fuertes ataques qu\u00edmicos (Marcado CE). Disminuci\u00f3n de la dureza en menos del 50%, cuando la medida se efect\u00faa seg\u00fan el m\u00e9todo Buchholz EN-ISO 2815, o seg\u00fan el m\u00e9todo Shore, EN-ISO 868, 24 horas despu\u00e9s de haber eliminado el revestimiento por inmersi\u00f3n en el l\u00edquido para ensayo. Valor obtenido: Clase II (28 d\u00edas sin presi\u00f3n) para los siguientes l\u00edquidos de ensayo: &#8211; Grupo 1 (gasolina). &#8211; Grupo 3 (gas\u00f3leo y aceite de motor y de engranajes inutilizados). &#8211; Grupo 11 (bases inorg\u00e1nicas y sus sales alcalinas hidrolizantes en disoluci\u00f3n acuosa (pH&gt;8) salvo las disoluciones de amonio y las disoluciones oxidantes de sales). Resbaladicidad (UNE-ENV 12633). Resistencia al deslizamiento Rd&gt;45: Clase 3. Clasificaci\u00f3n al fuego de pavimentos (UNE-EN 13501:07+A1:2010): Comportamiento al fuego: A2 fl . Producci\u00f3n de humos: S1.<\/p>\n<p><strong>Preparaci\u00f3n de Superficies <\/strong><\/p>\n<p>Hormig\u00f3n: Aplicar sobre imprimaciones epoxi incoloras o pigmentadas, sea en base sol &#8211; vente o acuosa.<\/p>\n<p><strong>Modo de Empleo <\/strong><\/p>\n<p>Pistola con aire: Tal cual, boquilla 1,5-2 m\/m, 3-4 atms). Diluyente: Agua. Brocha \/ rodillo: 0-10% con agua. Disolvente limpieza: Agua. Condiciones aplicaci\u00f3n: Temperatura \u2265 12\u00baC \/ humedad \u2264 80%.<\/p>\n<p><strong>Recomendaciones <\/strong><\/p>\n<p>Remover el contenido de los envases y la mezcla de los dos componentes, hasta homo &#8211; geneizar el producto; no almacenar envases abiertos o empezados. Consultar las hojas de seguridad para conocer los datos toxicol\u00f3gicos.<\/p>\n<p><strong>Presentaci\u00f3n<\/strong><\/p>\n<p>En envases de 10 (8+2) Kg. Colores: Gris RAL 7038, Verde RAL 6021, Rojo RAL 3009 y Blanco. Almacenaje Tiempo de almacenamiento m\u00e1ximo recomendado: 1 a\u00f1o en su envase original bien cerrado y resguardado de la intemperie (a cubierto y temperatura entre 5 y 35\u00baC.)<\/p>\n<p><strong>Informaci\u00f3n de Seguridad<\/strong><\/p>\n<p>Si se aplica a pistola es recomendable usar mascarilla. En caso de contacto con los ojos, lavar con agua limpia y abundante. Para m\u00e1s informaci\u00f3n consultar la hoja de seguridad del producto.<\/p>\n","protected":false},"excerpt":{"rendered":"<p>Descripci\u00f3n Pintura epoxi de acabado en dispersi\u00f3n acuosa. Uso para interiores. Propiedades Gran resistencia a la abrasi\u00f3n. Resistencia a la alcalinidad. Excelente adherencia. Visible el final de la mezcla. Aplicaciones Protecci\u00f3n y decoraci\u00f3n de suelos de hormig\u00f3n, sometidos a esfuerzos mec\u00e1nicos, tales como garajes, almacenes, naves industriales, etc. Caracter\u00edsticas T\u00e9cnicas \u00b7 Color: Rojo RAL 3009, &#8230; <a title=\"Blatepox suelos WD\/3 Pintura Epoxi Dispersi\u00f3n Acuosa\" class=\"read-more\" href=\"https:\/\/showindustrial.com\/es\/producto\/blatepox-suelos-wd-3-pintura-epoxi-dispersion-acuosa\/\" aria-label=\"Leer m\u00e1s sobre Blatepox suelos WD\/3 Pintura Epoxi Dispersi\u00f3n Acuosa\">Leer m\u00e1s<\/a><\/p>\n","protected":false},"featured_media":17392,"comment_status":"open","ping_status":"closed","template":"","meta":[],"product_cat":[91],"product_tag":[],"_links":{"self":[{"href":"https:\/\/showindustrial.com\/es\/wp-json\/wp\/v2\/product\/17390"}],"collection":[{"href":"https:\/\/showindustrial.com\/es\/wp-json\/wp\/v2\/product"}],"about":[{"href":"https:\/\/showindustrial.com\/es\/wp-json\/wp\/v2\/types\/product"}],"replies":[{"embeddable":true,"href":"https:\/\/showindustrial.com\/es\/wp-json\/wp\/v2\/comments?post=17390"}],"version-history":[{"count":2,"href":"https:\/\/showindustrial.com\/es\/wp-json\/wp\/v2\/product\/17390\/revisions"}],"predecessor-version":[{"id":17415,"href":"https:\/\/showindustrial.com\/es\/wp-json\/wp\/v2\/product\/17390\/revisions\/17415"}],"wp:featuredmedia":[{"embeddable":true,"href":"https:\/\/showindustrial.com\/es\/wp-json\/wp\/v2\/media\/17392"}],"wp:attachment":[{"href":"https:\/\/showindustrial.com\/es\/wp-json\/wp\/v2\/media?parent=17390"}],"wp:term":[{"taxonomy":"product_cat","embeddable":true,"href":"https:\/\/showindustrial.com\/es\/wp-json\/wp\/v2\/product_cat?post=17390"},{"taxonomy":"product_tag","embeddable":true,"href":"https:\/\/showindustrial.com\/es\/wp-json\/wp\/v2\/product_tag?post=17390"}],"curies":[{"name":"wp","href":"https:\/\/api.w.org\/{rel}","templated":true}]}}