{"id":17361,"date":"2024-01-24T14:35:07","date_gmt":"2024-01-24T13:35:07","guid":{"rendered":"https:\/\/showindustrial.com\/?post_type=product&#038;p=17361"},"modified":"2024-02-20T09:58:32","modified_gmt":"2024-02-20T08:58:32","slug":"acabado-disolvente-comportamiento-fuego-blatepox-suelos","status":"publish","type":"product","link":"https:\/\/showindustrial.com\/es\/producto\/acabado-disolvente-comportamiento-fuego-blatepox-suelos\/","title":{"rendered":"Acabado Disolvente Comportamiento Fuego Blatepox Suelos"},"content":{"rendered":"<p><strong>Descripci\u00f3n<\/strong><br \/>\nAcabado epoxi en base disolvente, curado con poliamidas modificadas. Propiedades Buena adherencia, resistencia a la abrasi\u00f3n, y a los pro &#8211; ductos qu\u00edmicos (especialmente bases); buena aplicaci\u00f3n, rendimiento y cubrici\u00f3n.<\/p>\n<p><strong>Aplicaciones<\/strong><br \/>\nPintura epoxi de gran calidad, para revestimiento de sistemas industriales, tales como suelos de parkings, f\u00e1bricas, almacenes, etc., sobre hormig\u00f3n y cemento. Uso interior.<\/p>\n<p><strong>Caracter\u00edsticas T\u00e9cnicas<\/strong><br \/>\n\u00b7 Color: Gris suelos RAL 7038, Verde suelos RAL 6021 y Rojo suelos RAL 3009.<br \/>\n\u00b7 Aspecto: Brillo.<br \/>\n\u00b7 Densidad: 1,30 \u00b1 0,25 (UNE-EN-ISO 2811-1 y 2).<br \/>\n\u00b7 S\u00f3lidos en volumen: 50 \u00b1 2%.<br \/>\n\u00b7 Secado (tacto): 2-4 horas.<br \/>\n\u00b7 Repintado: M\u00ednimo: 12 horas \/ M\u00e1ximo: 15 d\u00edas.<br \/>\n\u00b7 Punto de inflamaci\u00f3n: 26\u00baC.<br \/>\n\u00b7 Espesor recomendado: H\u00famedo: 60-100 micras \/ Seco: 30-50 micras.<br \/>\n\u00b7 Rendimiento: 12,5 m 2 \/kg (40 micras). Datos para producto mezclado a 25\u00baC.<br \/>\n\u00b7 N\u00ba de capas: 1-2.<br \/>\n\u00b7 Proporci\u00f3n de mezcla: Peso: 100\/33 \/ Volumen: 100\/50.<br \/>\n\u00b7 Catalizador: Catalizador Blatepox Suelos, Catalizador Blatepox Suelos E 1 \u00f3 Catalizador Blatepox AD.<br \/>\n\u00b7 Vida mezcla: 8 horas.<br \/>\n\u00b7 Estabilidad en el envase (lugar fresco y seco; 15-30\u00baC, rh-60%): M\u00e1s de 1 a\u00f1o en envase original cerrado. COV: 2004\/42\/II A(j)(550\/500) M\u00e1x. COVS 400 g\/Lt.<\/p>\n<p><strong>Homologaciones y ensayos<\/strong><br \/>\nPermeabilidad al agua (Marcado CE) W &lt; 0,1 Kg\/m2 h0,5. Valor obtenido: W= 0,03 Kg\/m2 h0,5 (EN 1062-3:2005). Permeabilidad al vapor de agua (Marcado CE) Clase I S D Valor obtenido: S D = 1,2 m (EN-ISO 7783-1\/2). Adhesi\u00f3n mediante arrancamiento (Marcado CE) \u2265 1,0 (0,7) b . Valor obtenido: 2,97 \u00b1 0,60 MPa (UNE 1542:2000). Resistencia a la abrasi\u00f3n (Ensayo TABER)(Marcado CE). P\u00e9rdidas de peso inferior a 3000 mg, muela abrasiva H22 \/ rotaci\u00f3n 1000 ciclos \/ carga 1000 g. Valor obtenido: 126 \u00b1 24 mg (EN-ISO 5470-1). Resistencia al impacto (Marcado CE) Clase II (\u2265 10 Nm). Valor obtenido: \u2265 10 Nm (EN-ISO 6272-1). Resistencia a fuertes ataques qu\u00edmicos (Marcado CE). Disminuci\u00f3n de la dureza en menos del 50%, cuando la medida se efect\u00faa seg\u00fan el m\u00e9todo Buchholz EN-ISO 2815, o seg\u00fan el m\u00e9todo Shore, EN-ISO 868, 24 horas despu\u00e9s de haber eliminado el revestimiento por inmersi\u00f3n en el l\u00edquido para ensayo. Valor obtenido: Clase II (28 d\u00edas sin presi\u00f3n) para los siguientes l\u00edquidos de ensayo: &#8211; Grupo 1 (gasolina). &#8211; Grupo 3 (gas\u00f3leo y aceite de motor y de engranajes inutilizados). &#8211; Grupo 11 (bases inorg\u00e1nicas y sus sales alcalinas hidrolizantes en disoluci\u00f3n acuosa (pH&gt;8) salvo las disoluciones de amonio y las disoluciones oxidantes de sales). Resbaladicidad (UNE-ENV 12633). Resistencia al deslizamiento Rd&gt;45: Clase 3. Clasificaci\u00f3n al fuego de pavimentos (UNE-EN 13501:07+A1:2010): Comportamiento al fuego: A2 fl . Producci\u00f3n de humos: S1.<\/p>\n<p><strong>Preparaci\u00f3n de superficies<\/strong><br \/>\nAplicar sobre imprimaci\u00f3n epoxi o poliuretano, shop-primer epoxi o vin\u00edlico. Sobre antiguas pinturas epoxi o poliuretano, se recomienda dar previamente una ligera rugosidad.<\/p>\n<p><strong>Modo de empleo<\/strong><br \/>\nPistola con aire: 25-30\u201d CF4 (boquilla 1,5-2 m\/m, 3-4 atms). Pistola airless: Tal cual (0,018\u201d, 120 atms). Brocha \/ rodillo: 0-10% Disolvente Blatepox. Condiciones aplicaci\u00f3n: Temperatura \u226512\u00baC \/ humedad \u226480%. Diluyente: Disolvente 333 \u00f3 Disolvente Blatepox. Disolvente Limpieza: Disolvente Limpieza L \u00f3 330.<\/p>\n<p><strong>Recomendaciones<\/strong><br \/>\nRemover el contenido de los envases y la mezcla de los dos componentes, hasta homo &#8211; geneizar el producto; no almacenar envases abiertos o empezados. Consultar las hojas de seguridad para conocer los datos toxicol\u00f3gicos.<\/p>\n<p><strong>Presentaci\u00f3n<\/strong><br \/>\nEn envases de 4 (3+1) y 20 (15+5) Kg. Colores: Gris suelos RAL 7038, Verde suelos RAL 6021 y Rojo suelos RAL 3009.<\/p>\n<p><strong>Almacenaje<\/strong><br \/>\nTiempo de almacenamiento m\u00e1ximo recomendado: 1 a\u00f1o en su envase original bien ce &#8211; rrado y resguardado de la intemperie (a cubierto y temperatura entre 5 y 35\u00baC.)<\/p>\n<p><strong>Informaci\u00f3n de Seguridad<\/strong><br \/>\nSi se aplica a pistola es recomendable usar mascarilla. En caso de contacto con los ojos, lavar con agua limpia y abundante. Para m\u00e1s informaci\u00f3n consultar la hoja de seguridad del producto.<\/p>\n","protected":false},"excerpt":{"rendered":"<p>Descripci\u00f3n Acabado epoxi en base disolvente, curado con poliamidas modificadas. Propiedades Buena adherencia, resistencia a la abrasi\u00f3n, y a los pro &#8211; ductos qu\u00edmicos (especialmente bases); buena aplicaci\u00f3n, rendimiento y cubrici\u00f3n. Aplicaciones Pintura epoxi de gran calidad, para revestimiento de sistemas industriales, tales como suelos de parkings, f\u00e1bricas, almacenes, etc., sobre hormig\u00f3n y cemento. Uso &#8230; <a title=\"Acabado Disolvente Comportamiento Fuego Blatepox Suelos\" class=\"read-more\" href=\"https:\/\/showindustrial.com\/es\/producto\/acabado-disolvente-comportamiento-fuego-blatepox-suelos\/\" aria-label=\"Leer m\u00e1s sobre Acabado Disolvente Comportamiento Fuego Blatepox Suelos\">Leer m\u00e1s<\/a><\/p>\n","protected":false},"featured_media":17363,"comment_status":"open","ping_status":"closed","template":"","meta":[],"product_cat":[94],"product_tag":[],"_links":{"self":[{"href":"https:\/\/showindustrial.com\/es\/wp-json\/wp\/v2\/product\/17361"}],"collection":[{"href":"https:\/\/showindustrial.com\/es\/wp-json\/wp\/v2\/product"}],"about":[{"href":"https:\/\/showindustrial.com\/es\/wp-json\/wp\/v2\/types\/product"}],"replies":[{"embeddable":true,"href":"https:\/\/showindustrial.com\/es\/wp-json\/wp\/v2\/comments?post=17361"}],"version-history":[{"count":2,"href":"https:\/\/showindustrial.com\/es\/wp-json\/wp\/v2\/product\/17361\/revisions"}],"predecessor-version":[{"id":17371,"href":"https:\/\/showindustrial.com\/es\/wp-json\/wp\/v2\/product\/17361\/revisions\/17371"}],"wp:featuredmedia":[{"embeddable":true,"href":"https:\/\/showindustrial.com\/es\/wp-json\/wp\/v2\/media\/17363"}],"wp:attachment":[{"href":"https:\/\/showindustrial.com\/es\/wp-json\/wp\/v2\/media?parent=17361"}],"wp:term":[{"taxonomy":"product_cat","embeddable":true,"href":"https:\/\/showindustrial.com\/es\/wp-json\/wp\/v2\/product_cat?post=17361"},{"taxonomy":"product_tag","embeddable":true,"href":"https:\/\/showindustrial.com\/es\/wp-json\/wp\/v2\/product_tag?post=17361"}],"curies":[{"name":"wp","href":"https:\/\/api.w.org\/{rel}","templated":true}]}}