{"id":17345,"date":"2024-01-24T14:07:19","date_gmt":"2024-01-24T13:07:19","guid":{"rendered":"https:\/\/showindustrial.com\/?post_type=product&#038;p=17345"},"modified":"2024-02-20T10:01:15","modified_gmt":"2024-02-20T09:01:15","slug":"acabado-poliuretano-alifatico-acriblatem-ac-suelos-con-iones-ag","status":"publish","type":"product","link":"https:\/\/showindustrial.com\/es\/producto\/acabado-poliuretano-alifatico-acriblatem-ac-suelos-con-iones-ag\/","title":{"rendered":"Acabado Poliuretano Alif\u00e1tico Acriblatem ac. Suelos con iones AG+"},"content":{"rendered":"<p><strong>Descripci\u00f3n <\/strong><br \/>\nAcabado de poliuretano alif\u00e1tico, de dos componentes, resistente a las bacterias en pel\u00edcula, con gran resistencia a la in &#8211; temperie y excelente mantenimiento de color y brillo.<\/p>\n<p><strong>Propiedades<\/strong><br \/>\nGran cuerpo y brillo. No amarilleante. Excelente comportamiento al exterior. Secado r\u00e1pido. Inhibe y previene el crecimiento de bacterias sobre la pel\u00edcula de pintura.<\/p>\n<p><strong>Aplicaciones<\/strong><br \/>\nCapa de acabado de gran calidad, para suelos industriales, tales como parkings, f\u00e1bricas, almacenes, hangares, estaciones de servicio, etc., sobre hormig\u00f3n y cemento Caracter\u00edsticas<\/p>\n<p><strong>T\u00e9cnicas<\/strong><br \/>\n\u00b7 Color: Transparente, blanco y carta RAL.<br \/>\n\u00b7 Aspecto: Brillo, satinado, mate.<br \/>\n\u00b7 Densidad: 1-1,25 gr\/cc (UNE-EN-ISO 2811-1 y 2)<br \/>\n. S\u00f3lidos en volumen: 50 \u00b1 2%. \u00b7 Secado (tacto): 30 minutos.<br \/>\n\u00b7 Repintado: M\u00ednimo: 8 horas. \/ M\u00e1ximo: 15 d\u00edas.<br \/>\n\u00b7 Punto de inflamaci\u00f3n: 25\u00baC.<br \/>\n\u00b7 Espesor recomendado: H\u00famedo: 70-100 micras. \/ Seco: 35-50 micras.<br \/>\n\u00b7 Rendimiento: 12,5 m 2 \/lt (40 micras). Datos para producto mezclado a 25\u00baC.<br \/>\n\u00b7 N\u00ba de capas: 1-2.<br \/>\n\u00b7 Proporci\u00f3n de mezcla: Peso: 100\/25. \/ Volumen: 100\/30.<br \/>\n\u00b7 Catalizador: Catalizador Acriblatem.<br \/>\n\u00b7 Vida mezcla: 2 horas.<br \/>\n\u00b7 Estabilidad en el envase (lugar fresco y seco; 15-30\u00baC, RH-60%): M\u00e1s de 1 a\u00f1o en envase original cerrado.<br \/>\n\u00b7 Resistencia qu\u00edmica:<\/p>\n<p>&#8211; Buena \u00c1cido sulf\u00farico 20%<br \/>\n&#8211; Buena \u00c1cido n\u00edtrico 10%<br \/>\n&#8211; Buena \u00c1cido ac\u00e9tico 5%<br \/>\n&#8211; Buena \u00c1cido clorh\u00eddrico 36%<br \/>\n&#8211; Buena Hidr\u00f3xido s\u00f3dico 20%<br \/>\n&#8211; Buena Hidr\u00f3xido pot\u00e1sico 10%<br \/>\n&#8211; Buena Amoniaco 5%<br \/>\n&#8211; Buena Gasolina<br \/>\n&#8211; Buena Queroseno<br \/>\n&#8211; Buena Gas-oil<br \/>\n&#8211; Buena Fuel-oil<\/p>\n<p>Resistencia a las bacterias m\u00e1s comunes sobre la pel\u00edcula de pintura: S. aureus, legionella.<\/p>\n<p>Ensayo de capacidad antimicrobiana mediante est\u00e1ndar JIS Z 2801 (ISO 22196).<\/p>\n<p>Resultado: R\u22651. Significa eliminaci\u00f3n de la poblaci\u00f3n bacteriana igual o mayor al 90%. R\u22652. Significa eliminaci\u00f3n de la poblaci\u00f3n bacteriana igual o mayor al 99%. COV: 2004\/42\/II A(j)(550\/500) M\u00e1x. COVS 480 g\/Lt.<\/p>\n<p><strong>Homologaciones y ensayos<\/strong><br \/>\nPermeabilidad al vapor de agua (Marcado CE) Clase I SD Valor obtenido: SD= 1,2 m (EN-ISO 7783-1\/2). Permeabilidad al agua (Marcado CE) W &lt; 0,1 Kg\/m 2 h0,5. Valor obtenido: W= 0,01 Kg\/m 2 h0,5 (EN 1062-3:2005). Adhesi\u00f3n mediante arrancamiento (Marcado CE) \u2265 1,0(0,7) b . Valor obtenido: 4,18 \u00b1 0,22 MPA (UNE 1542:2000). Resistencia a la abrasi\u00f3n (Ensayo TABER) (Marcado CE). P\u00e9rdida de peso inferior a 3000 mg, muela abrasiva H22 \/ rotaci\u00f3n 1000 ciclos \/ carga 1000 g. Valor obtenido: 110 \u00b1 26 mg (EN-ISO 5470-1). Resistencia al impacto (Marcado CE) Clase II \u2265 10 Nm. Valor obtenido: \u2265 10 Nm (EN-ISO 6272-1). Resistencia a fuertes ataques qu\u00edmicos (Marcado CE). Disminuci\u00f3n de la dureza en menos del 50%, cuando la medida se efect\u00faa seg\u00fan el m\u00e9todo Buchholz EN-ISO 2815, o seg\u00fan el m\u00e9todo Shore, EN-ISO 868, 24 horas despu\u00e9s de haber eliminado el revestimiento por inmersi\u00f3n en el l\u00edquido para ensayo. Valor obtenido: Clase II (28 d\u00edas sin presi\u00f3n) para los siguientes l\u00edquidos de ensayo: &#8211; Grupo 1 (gasolina). &#8211; Grupo 3 (gas\u00f3leo y aceite de motor y de engranajes inutilizados). &#8211; Grupo 11 (Bases inorg\u00e1nicas y sus sales alcalinas hidrolizantes en disoluci\u00f3n acuosa (pH&gt;8) salvo las disoluciones de amonio y las disoluciones oxidantes de sales). Resbaladicidad (UNE-ENV 12633). Resistencia al deslizamiento Rd&gt;45: Clase 3. Clasificaci\u00f3n al fuego de pavimentos (UNE-EN 13501:07+A1:2010): Comportamiento al fuego: A2 fl . Producci\u00f3n de humos: S1.<\/p>\n<p><strong>Preparaci\u00f3n de Superficies<\/strong><br \/>\nImprimaci\u00f3n epoxi o poliuretano.<br \/>\nHormig\u00f3n: Imprimaci\u00f3n epoxi incolora.<\/p>\n<p><strong>Modo de Empleo<\/strong><br \/>\nPistola con aire: 25-30\u201d CF4 (boquilla 1-1,5 m\/m, 3-4 atms). Pistola airless: Tal cual (0,018\u201d, 120 atms). Condiciones aplicaci\u00f3n: Temperatura \u2265 10\u00baC \/ humedad Diluyente: Disolvente Poliuretano. Disolvente limpieza: Disolvente Limpieza L \u00f3 330.<\/p>\n<p><strong>Recomendaciones<\/strong><br \/>\nRemover el contenido de los envases y la mezcla de los dos componentes, hasta homogeneizar el producto; no almacenar envases abiertos o empezados. Consultar la hojas de seguridad para conocer los datos toxicol\u00f3gicos.<\/p>\n<p><strong>Presentaci\u00f3n<\/strong><br \/>\nEn envases de 5 L (4+1) y 25 L (20+5) Colores: Transparente, blanco y carta RAL.<\/p>\n<p><strong>Almacenaje<\/strong><br \/>\nTiempo de almacenamiento m\u00e1ximo recomendado: 1 a\u00f1o en su envase original bien cerrado y resguardado de la intemperie (a cubierto y temperatura entre 5 y 35\u00baC).<\/p>\n<p><strong>Informaci\u00f3n de Seguridad<\/strong><br \/>\nSi se aplica a pistola es recomendable usar mascarilla. En caso de contacto con los ojos, lavar con agua limpia y abundante. Para m\u00e1s informaci\u00f3n con &#8211; sultar la hoja de seguridad del producto.<\/p>\n","protected":false},"excerpt":{"rendered":"<p>Descripci\u00f3n Acabado de poliuretano alif\u00e1tico, de dos componentes, resistente a las bacterias en pel\u00edcula, con gran resistencia a la in &#8211; temperie y excelente mantenimiento de color y brillo. Propiedades Gran cuerpo y brillo. No amarilleante. Excelente comportamiento al exterior. Secado r\u00e1pido. Inhibe y previene el crecimiento de bacterias sobre la pel\u00edcula de pintura. Aplicaciones &#8230; <a title=\"Acabado Poliuretano Alif\u00e1tico Acriblatem ac. Suelos con iones AG+\" class=\"read-more\" href=\"https:\/\/showindustrial.com\/es\/producto\/acabado-poliuretano-alifatico-acriblatem-ac-suelos-con-iones-ag\/\" aria-label=\"Leer m\u00e1s sobre Acabado Poliuretano Alif\u00e1tico Acriblatem ac. Suelos con iones AG+\">Leer m\u00e1s<\/a><\/p>\n","protected":false},"featured_media":17352,"comment_status":"open","ping_status":"closed","template":"","meta":[],"product_cat":[94],"product_tag":[],"_links":{"self":[{"href":"https:\/\/showindustrial.com\/es\/wp-json\/wp\/v2\/product\/17345"}],"collection":[{"href":"https:\/\/showindustrial.com\/es\/wp-json\/wp\/v2\/product"}],"about":[{"href":"https:\/\/showindustrial.com\/es\/wp-json\/wp\/v2\/types\/product"}],"replies":[{"embeddable":true,"href":"https:\/\/showindustrial.com\/es\/wp-json\/wp\/v2\/comments?post=17345"}],"version-history":[{"count":5,"href":"https:\/\/showindustrial.com\/es\/wp-json\/wp\/v2\/product\/17345\/revisions"}],"predecessor-version":[{"id":19015,"href":"https:\/\/showindustrial.com\/es\/wp-json\/wp\/v2\/product\/17345\/revisions\/19015"}],"wp:featuredmedia":[{"embeddable":true,"href":"https:\/\/showindustrial.com\/es\/wp-json\/wp\/v2\/media\/17352"}],"wp:attachment":[{"href":"https:\/\/showindustrial.com\/es\/wp-json\/wp\/v2\/media?parent=17345"}],"wp:term":[{"taxonomy":"product_cat","embeddable":true,"href":"https:\/\/showindustrial.com\/es\/wp-json\/wp\/v2\/product_cat?post=17345"},{"taxonomy":"product_tag","embeddable":true,"href":"https:\/\/showindustrial.com\/es\/wp-json\/wp\/v2\/product_tag?post=17345"}],"curies":[{"name":"wp","href":"https:\/\/api.w.org\/{rel}","templated":true}]}}