{"id":17325,"date":"2024-01-24T11:36:30","date_gmt":"2024-01-24T10:36:30","guid":{"rendered":"https:\/\/showindustrial.com\/?post_type=product&#038;p=17325"},"modified":"2024-02-20T10:02:22","modified_gmt":"2024-02-20T09:02:22","slug":"pintura-blatprimer-ignifuga-antioxidante","status":"publish","type":"product","link":"https:\/\/showindustrial.com\/es\/producto\/pintura-blatprimer-ignifuga-antioxidante\/","title":{"rendered":"Pintura Blatprimer Ign\u00edfuga Antioxidante"},"content":{"rendered":"<p><strong>Descripci\u00f3n<\/strong><br \/>\nImprimaci\u00f3n anticorrosiva ign\u00edfuga de gran rapidez de secado para uso en superficies de hierro.<\/p>\n<p><strong>Propiedades<\/strong><br \/>\nSecado muy r\u00e1pido, buen poder anticorrosivo y facilidad de aplicaci\u00f3n, as\u00ed como elevado rendimiento y cubrici\u00f3n.<\/p>\n<p><strong>Aplicaciones<\/strong><br \/>\nPara la protecci\u00f3n frente a la oxidaci\u00f3n de toda clase de superficies de hierro, verjas, ventanas, puertas, estructuras, etc&#8230;tanto en taller como en obra.<\/p>\n<p><strong>Caracter\u00edsticas T\u00e9cnicas<\/strong><br \/>\n\u00b7 Color: Gris.<br \/>\n\u00b7 Efectividad anticorrosiva: Buena (en ambientes urbanos e industriales moderados).<br \/>\n\u00b7 Adherencia: Buena.<br \/>\n\u00b7 Secado tacto: 15 \u00b1 7 minutos a 25 \u00b1 8oC.<br \/>\n\u00b7 Repintado: Entre 2-4 horas.<br \/>\n\u00b7 Viscosidad: 160 \u00b1 30\u201d F-4 (copa Ford no4) a 25 \u00b1 8oC (ASTM D-1200).<br \/>\n\u00b7 Densidad: 1,44 \u00b1 0,15 gr\/cc (UNE-EN-ISO 2811-1 y 2).<br \/>\n\u00b7 Finura: 6,5 \u00b1 1 H.G.(grados Hegman) (UNE-EN-ISO 1524).<br \/>\n\u00b7 Rendimiento: 5-7 m2\/kg.<br \/>\n\u00b7 Estabilidad en envase: M\u00e1s de 1 a\u00f1o en envase original cerrado.<br \/>\n\u00b7 Utensilios: Limpieza con Disolvente de Limpieza o Disolvente Universal.<\/p>\n<p><strong>Homologaciones y Ensayos<\/strong><br \/>\nReacci\u00f3n al fuego, norma UNE-EN 13501-1:07+A1:2010, clases europeas: A2, S1, d0.<br \/>\nPreparaci\u00f3n de Superficies<br \/>\nLimpiar y desengrasar bien la superficie, eliminar las pinturas mal adheridas y cepillar los<br \/>\npuntos de \u00f3xido o las partes oxidadas, hasta obtener hierro brillante (st.2).<\/p>\n<p><strong>Modo de empleo<\/strong><br \/>\nRebajar con nuestro Disolvente Universal hasta viscosidad de aplicaci\u00f3n a pistola. Se debe<br \/>\naplicar a pistola dejando uniforme el reparto.<br \/>\nsobre estas imprimaciones es necesario aplicar nuestros esmaltes sint\u00e9ticos de acabado<br \/>\ntipo Blatemlux, Pintaluz, etc.<\/p>\n<p><strong>Recomendaciones<\/strong><br \/>\nRemover el contenido del envase hasta homogeneizar el producto.<br \/>\nDespu\u00e9s de usar, tapar el envase, procurando dejar poca c\u00e1mara de aire si se ha de tardar<br \/>\nen utilizar de nuevo.<\/p>\n<p><strong>Presentaci\u00f3n<\/strong><br \/>\nEn envases de 5 y 20 Kg.<\/p>\n<p><strong>Almacenaje<\/strong><br \/>\nTiempo de almacenamiento m\u00e1ximo recomendado: 12 meses en su envase original bien<br \/>\ncerrado y resguardado de la intemperie ( a cubierto y temperatura entre 5 y 35\u00baC).<\/p>\n<p><strong>Informaci\u00f3n de Seguridad<\/strong><br \/>\nEs imprescindible seguir las instrucciones de la etiqueta del envase. Para m\u00e1s informaci\u00f3n<br \/>\nconsultar la hoja de seguridad del producto.<\/p>\n","protected":false},"excerpt":{"rendered":"<p>Descripci\u00f3n Imprimaci\u00f3n anticorrosiva ign\u00edfuga de gran rapidez de secado para uso en superficies de hierro. Propiedades Secado muy r\u00e1pido, buen poder anticorrosivo y facilidad de aplicaci\u00f3n, as\u00ed como elevado rendimiento y cubrici\u00f3n. Aplicaciones Para la protecci\u00f3n frente a la oxidaci\u00f3n de toda clase de superficies de hierro, verjas, ventanas, puertas, estructuras, etc&#8230;tanto en taller como &#8230; <a title=\"Pintura Blatprimer Ign\u00edfuga Antioxidante\" class=\"read-more\" href=\"https:\/\/showindustrial.com\/es\/producto\/pintura-blatprimer-ignifuga-antioxidante\/\" aria-label=\"Leer m\u00e1s sobre Pintura Blatprimer Ign\u00edfuga Antioxidante\">Leer m\u00e1s<\/a><\/p>\n","protected":false},"featured_media":17326,"comment_status":"open","ping_status":"closed","template":"","meta":[],"product_cat":[94],"product_tag":[],"_links":{"self":[{"href":"https:\/\/showindustrial.com\/es\/wp-json\/wp\/v2\/product\/17325"}],"collection":[{"href":"https:\/\/showindustrial.com\/es\/wp-json\/wp\/v2\/product"}],"about":[{"href":"https:\/\/showindustrial.com\/es\/wp-json\/wp\/v2\/types\/product"}],"replies":[{"embeddable":true,"href":"https:\/\/showindustrial.com\/es\/wp-json\/wp\/v2\/comments?post=17325"}],"version-history":[{"count":2,"href":"https:\/\/showindustrial.com\/es\/wp-json\/wp\/v2\/product\/17325\/revisions"}],"predecessor-version":[{"id":17333,"href":"https:\/\/showindustrial.com\/es\/wp-json\/wp\/v2\/product\/17325\/revisions\/17333"}],"wp:featuredmedia":[{"embeddable":true,"href":"https:\/\/showindustrial.com\/es\/wp-json\/wp\/v2\/media\/17326"}],"wp:attachment":[{"href":"https:\/\/showindustrial.com\/es\/wp-json\/wp\/v2\/media?parent=17325"}],"wp:term":[{"taxonomy":"product_cat","embeddable":true,"href":"https:\/\/showindustrial.com\/es\/wp-json\/wp\/v2\/product_cat?post=17325"},{"taxonomy":"product_tag","embeddable":true,"href":"https:\/\/showindustrial.com\/es\/wp-json\/wp\/v2\/product_tag?post=17325"}],"curies":[{"name":"wp","href":"https:\/\/api.w.org\/{rel}","templated":true}]}}