{"id":17288,"date":"2024-01-24T10:58:33","date_gmt":"2024-01-24T09:58:33","guid":{"rendered":"https:\/\/showindustrial.com\/?post_type=product&#038;p=17288"},"modified":"2024-02-20T10:07:22","modified_gmt":"2024-02-20T09:07:22","slug":"blatemlac-satinado-esmalte-laca-ignifugo","status":"publish","type":"product","link":"https:\/\/showindustrial.com\/es\/producto\/blatemlac-satinado-esmalte-laca-ignifugo\/","title":{"rendered":"Blatemlac Satinado Esmalte Laca Ign\u00edfugo"},"content":{"rendered":"<p><strong>Descripci\u00f3n<\/strong><br \/>\nEsmalte laca con poliuretano satinado de extraordinaria<br \/>\ncalidad para interiores y exteriores, formulada con la m\u00e1s<br \/>\navanzada tecnolog\u00eda para lograr las m\u00e1ximas prestaciones.<br \/>\nIgn\u00edfugo.<\/p>\n<p><strong>Propiedades<\/strong><br \/>\nBuena dureza, poder cubriente y rendimiento, es de f\u00e1cil<br \/>\naplicaci\u00f3n. Presenta un acabado satinado de aspecto lacado de lujo, es lavable y de gran<br \/>\nresistencia a los roces, rayados, productos de limpieza, manchas de licor, etc.<br \/>\nCumple COV\u2019s 2010.<\/p>\n<p><strong>Aplicaciones<\/strong><br \/>\nPara el pintado de toda clase de superficies de madera, met\u00e1licas, etc., tales como muebles, puertas, ventanas, estanter\u00edas, verjas, paredes de cocina y cuartos de ba\u00f1o, etc., tanto<br \/>\nen interiores como en exteriores.<\/p>\n<p><strong>Caracter\u00edsticas T\u00e9cnicas<\/strong><br \/>\n\u00b7 Acabado: Blanco-satinado, colores.<br \/>\n\u00b7 Nivelaci\u00f3n: Excelente.<br \/>\n\u00b7 Adherencia: Excelente.<br \/>\n\u00b7 Brochabilidad: Excelente.<br \/>\n\u00b7 Repintado: 24 horas.<br \/>\n\u00b7 Viscosidad : 130 \u00b1 50\u201d F-4 (Copa Ford no4) a 25 \u00b1 8oC (ASTM D-1200). Densidad : 1,45 \u00b1<br \/>\n0,10 g \/ cc (UNE-EN-ISO 2811-1 y 2).<br \/>\n\u00b7 Finura: 7,5 \u00b1 1 HG (Grados Hegman) UNE-EN-ISO 1524).<br \/>\n\u00b7 Rendimiento : 750 ml\/9-13 m2 por capa.<br \/>\n\u00b7 Secado: 4 \u00b1 1 hora a 25 \u00b1 8oC.<br \/>\n\u00b7 Dureza: Buena.<br \/>\n\u00b7 Contenido m\u00e1ximo en COV\u2019s: 298 g\/L.<br \/>\n\u00b7 Utensilios: Limpieza con Disolvente para Esmaltes, Disolvente Limpieza o Disolvente Universal.<br \/>\n\u00b7 Estabilidad en envase: M\u00e1s de un a\u00f1o en envase original cerrado.<\/p>\n<p><strong>Homologaciones y Ensayos<\/strong><br \/>\nReacci\u00f3n al fuego, norma UNE-EN 13501-1:07+A1:2010, clases europeas: C, S2, d0.<\/p>\n<p><strong>Preparaci\u00f3n de Superficies<\/strong><br \/>\n\u00b7 Nuevas: Si son de yeso o madera, aplicar una mano previa de Selladora Sint\u00e9tica y lijar<br \/>\nsuavemente. Si la superficie es de hierro, aplicar primero una mano de Blatprimer Antioxidante Ign\u00edfuga.<br \/>\n\u00b7 Pintadas: Si la pintura est\u00e1 en mal estado, eliminarla, emplastecer los defectos y proceder como en el caso de superficies nuevas; Si la pintura est\u00e1 en buen estado, lavar, lijar la<br \/>\nsuperficie y aplicar Blatemlac.<\/p>\n<p><strong>Modo de empleo<\/strong><br \/>\nSe aplica a brocha, rodillo o pistola. Producto listo al uso. No aplicar sobre superficies recalentadas por los rayos solares. El buen lijado previo facilita el buen acabado del esmalte.<br \/>\nAplicar siempre en capas delgadas, estirando al m\u00e1ximo posible, para evitar alargar tiempo de secado, arrugados, suciedad, etc.<br \/>\nAplicar la segunda mano respetando los tiempos de repintado (24 h.).<br \/>\nEn este producto satinado, el brillo inicial parece alto, pero disminuye con el tiempo.<\/p>\n<p><strong>Recomendaciones<\/strong><br \/>\nDespu\u00e9s de usar, tapar el envase procurando dejar poca c\u00e1mara de aire si se ha de tardar<br \/>\nen utilizar de nuevo.<br \/>\nRemover el contenido del envase hasta homogeneizar el producto.<\/p>\n<p><strong>Presentaci\u00f3n<\/strong><br \/>\nEn envases de 125 ml, 250 ml, 750 ml y 4 litros.<br \/>\nColores: Blanco nieve y negro.<\/p>\n<p><strong>Almacenaje<\/strong><br \/>\nTiempo de almacenamiento m\u00e1ximo recomendado: 12 meses en su envase original bien<br \/>\ncerrado y resguardado de la intemperie (a cubierto y temperatura entre 5 y 35\u00baC).<br \/>\nInformaci\u00f3n de Seguridad<\/p>\n<p>Es imprescindible seguir las instrucciones de la etiqueta del envase. Para m\u00e1s informaci\u00f3n<br \/>\nconsultar la hoja de seguridad del producto.<\/p>\n","protected":false},"excerpt":{"rendered":"<p>Descripci\u00f3n Esmalte laca con poliuretano satinado de extraordinaria calidad para interiores y exteriores, formulada con la m\u00e1s avanzada tecnolog\u00eda para lograr las m\u00e1ximas prestaciones. Ign\u00edfugo. Propiedades Buena dureza, poder cubriente y rendimiento, es de f\u00e1cil aplicaci\u00f3n. Presenta un acabado satinado de aspecto lacado de lujo, es lavable y de gran resistencia a los roces, rayados, &#8230; <a title=\"Blatemlac Satinado Esmalte Laca Ign\u00edfugo\" class=\"read-more\" href=\"https:\/\/showindustrial.com\/es\/producto\/blatemlac-satinado-esmalte-laca-ignifugo\/\" aria-label=\"Leer m\u00e1s sobre Blatemlac Satinado Esmalte Laca Ign\u00edfugo\">Leer m\u00e1s<\/a><\/p>\n","protected":false},"featured_media":17286,"comment_status":"open","ping_status":"closed","template":"","meta":[],"product_cat":[94],"product_tag":[],"_links":{"self":[{"href":"https:\/\/showindustrial.com\/es\/wp-json\/wp\/v2\/product\/17288"}],"collection":[{"href":"https:\/\/showindustrial.com\/es\/wp-json\/wp\/v2\/product"}],"about":[{"href":"https:\/\/showindustrial.com\/es\/wp-json\/wp\/v2\/types\/product"}],"replies":[{"embeddable":true,"href":"https:\/\/showindustrial.com\/es\/wp-json\/wp\/v2\/comments?post=17288"}],"version-history":[{"count":1,"href":"https:\/\/showindustrial.com\/es\/wp-json\/wp\/v2\/product\/17288\/revisions"}],"predecessor-version":[{"id":17289,"href":"https:\/\/showindustrial.com\/es\/wp-json\/wp\/v2\/product\/17288\/revisions\/17289"}],"wp:featuredmedia":[{"embeddable":true,"href":"https:\/\/showindustrial.com\/es\/wp-json\/wp\/v2\/media\/17286"}],"wp:attachment":[{"href":"https:\/\/showindustrial.com\/es\/wp-json\/wp\/v2\/media?parent=17288"}],"wp:term":[{"taxonomy":"product_cat","embeddable":true,"href":"https:\/\/showindustrial.com\/es\/wp-json\/wp\/v2\/product_cat?post=17288"},{"taxonomy":"product_tag","embeddable":true,"href":"https:\/\/showindustrial.com\/es\/wp-json\/wp\/v2\/product_tag?post=17288"}],"curies":[{"name":"wp","href":"https:\/\/api.w.org\/{rel}","templated":true}]}}