{"id":17268,"date":"2024-01-24T10:53:10","date_gmt":"2024-01-24T09:53:10","guid":{"rendered":"https:\/\/showindustrial.com\/?post_type=product&#038;p=17268"},"modified":"2024-02-20T10:11:40","modified_gmt":"2024-02-20T09:11:40","slug":"blatem-acrylic-esmalte-acrilico-al-agua-ignifugo","status":"publish","type":"product","link":"https:\/\/showindustrial.com\/es\/producto\/blatem-acrylic-esmalte-acrilico-al-agua-ignifugo\/","title":{"rendered":"Blatem Acrylic Esmalte Acr\u00edlico al Agua Ign\u00edfugo"},"content":{"rendered":"<p><strong>Descripci\u00f3n<\/strong><br \/>\nEsmalte acr\u00edlico al agua de alta calidad, para uso en toda<br \/>\nclase de superficies de interiores y exteriores.<\/p>\n<p><strong>Propiedades<\/strong><br \/>\nElevada resistencia a la intemperie, rendimiento, cubrici\u00f3n, flexibilidad y dureza, siendo de f\u00e1cil aplicaci\u00f3n.<\/p>\n<p><strong>Aplicaciones<\/strong><br \/>\nPara decorar y proteger toda clase de superficies de madera, alba\u00f1iler\u00eda y hierro debidamente preparadas en interiores y exteriores sobre puertas, ventanas, radiadores, paredes,<br \/>\nmuebles, etc.<br \/>\nCaracter\u00edsticas T\u00e9cnicas<br \/>\n\u00b7 Acabado: Satinado, Brillo, Mate y Metalizado.<br \/>\n\u00b7 Nivelaci\u00f3n: Excelente.<br \/>\n\u00b7 Adherencia: Excelente.<br \/>\n\u00b7 Dureza: Excelente.<br \/>\n\u00b7 Elasticidad: Buena.<br \/>\n\u00b7 Pegajosidad: Nula.<br \/>\n\u00b7 Finura: 7,5 \u00b1 1 HG (grados Hegman) (UNE-EN-ISO 1524). Viscosidad: 100 \u00b1 15 UK (unidades Krebs) a 25 \u00b1 10oC (UNE 48-076). Densidad: 1,25 \u00b1 0,15 g \/ cc (UNE-EN-ISO 2811-1).<br \/>\n\u00b7 Resistencia al frote h\u00famedo : Clase 1 ( UNE-EN 13.300). Secado: 40-60 minutos.<br \/>\n\u00b7 Repintado: 6-8 horas.<br \/>\n\u00b7 Brochabilidad: Buena.<br \/>\n\u00b7 Cubrici\u00f3n: Buena. Rendimiento: 12-16 m2\/Lt.<br \/>\n\u00b7 Colores: Blanco.<br \/>\n\u00b7 Utensilios: Limpieza con agua.<br \/>\n\u00b7 Conservaci\u00f3n: Hasta un a\u00f1o en envase original cerrado. No inflamable.<br \/>\n\u00b7 COV: 2004\/42\/II A (d) (150\/130)Max.COVS :109 g\/l.<\/p>\n<p><strong>Homologaciones y Ensayos<\/strong><br \/>\n\u00b7 Reacci\u00f3n al fuego, norma UNE-EN 13501-1:07+A1:2010, clases europeas: A2, S1, d0.<br \/>\n\u00b7 Seguridad de los juguetes (solo en satinado), parte 3.EN 71:1994\/3(+A1:2001+AC:2002).<\/p>\n<p><strong>Preparaci\u00f3n de Superficies<\/strong><br \/>\n\u00b7 Nuevas : Si son de madera o de yeso aplicar previamente 1 \u00f3 2 manos de imprimaci\u00f3n<br \/>\nSelladora y lijar suavemente. Si la superficie es de hierro dar previamente una mano de<br \/>\nMinio Antioxidante o de Blatprimer Antioxidante.<br \/>\n\u00b7 Pintadas: Si est\u00e1n en buen estado, lavar, lijar suavemente y aplicar directamente Blatem Acrylic.<\/p>\n<p>Si est\u00e1n en mal estado, eliminar totalmente las pinturas viejas, emplastecer los desperfectos y proceder como en las superficies nuevas.<\/p>\n<p><strong>Modo de empleo<\/strong><br \/>\nSobre superficies debidamente preparadas se aplica a brocha, rodillo o pistola. La disoluci\u00f3n con agua es: Para brocha o rodillo del 10 % aproximadamente y para pistola del 20<br \/>\n% aproximadamente .<\/p>\n<p><strong>Recomendaciones<\/strong><br \/>\nRemover el contenido del envase. No pintar con tiempo lluvioso, ni con temperaturas inferiores a 5\u00baC.<br \/>\nLavar los utensilios con agua inmediatamente despu\u00e9s de su uso.<\/p>\n<p><strong>Presentaci\u00f3n<\/strong><br \/>\nEn envase de: 250 ml, 750 ml y 4 Litros.<\/p>\n<p><strong>Almacenaje<\/strong><br \/>\nTiempo de almacenamiento m\u00e1ximo recomendado: 12 meses en su envase original bien<br \/>\ncerrado y resguardado de la intemperie (a cubierto y temperatura 5 y 35\u00baC).<\/p>\n<p><strong>Informaci\u00f3n de Seguridad<\/strong><br \/>\nEs imprescindible seguir las instrucciones de la etiqueta del envase. Para m\u00e1s informaci\u00f3n consultar la hoja de seguridad del producto.<\/p>\n","protected":false},"excerpt":{"rendered":"<p>Descripci\u00f3n Esmalte acr\u00edlico al agua de alta calidad, para uso en toda clase de superficies de interiores y exteriores. Propiedades Elevada resistencia a la intemperie, rendimiento, cubrici\u00f3n, flexibilidad y dureza, siendo de f\u00e1cil aplicaci\u00f3n. Aplicaciones Para decorar y proteger toda clase de superficies de madera, alba\u00f1iler\u00eda y hierro debidamente preparadas en interiores y exteriores sobre &#8230; <a title=\"Blatem Acrylic Esmalte Acr\u00edlico al Agua Ign\u00edfugo\" class=\"read-more\" href=\"https:\/\/showindustrial.com\/es\/producto\/blatem-acrylic-esmalte-acrilico-al-agua-ignifugo\/\" aria-label=\"Leer m\u00e1s sobre Blatem Acrylic Esmalte Acr\u00edlico al Agua Ign\u00edfugo\">Leer m\u00e1s<\/a><\/p>\n","protected":false},"featured_media":17269,"comment_status":"open","ping_status":"closed","template":"","meta":[],"product_cat":[94],"product_tag":[],"_links":{"self":[{"href":"https:\/\/showindustrial.com\/es\/wp-json\/wp\/v2\/product\/17268"}],"collection":[{"href":"https:\/\/showindustrial.com\/es\/wp-json\/wp\/v2\/product"}],"about":[{"href":"https:\/\/showindustrial.com\/es\/wp-json\/wp\/v2\/types\/product"}],"replies":[{"embeddable":true,"href":"https:\/\/showindustrial.com\/es\/wp-json\/wp\/v2\/comments?post=17268"}],"version-history":[{"count":1,"href":"https:\/\/showindustrial.com\/es\/wp-json\/wp\/v2\/product\/17268\/revisions"}],"predecessor-version":[{"id":17275,"href":"https:\/\/showindustrial.com\/es\/wp-json\/wp\/v2\/product\/17268\/revisions\/17275"}],"wp:featuredmedia":[{"embeddable":true,"href":"https:\/\/showindustrial.com\/es\/wp-json\/wp\/v2\/media\/17269"}],"wp:attachment":[{"href":"https:\/\/showindustrial.com\/es\/wp-json\/wp\/v2\/media?parent=17268"}],"wp:term":[{"taxonomy":"product_cat","embeddable":true,"href":"https:\/\/showindustrial.com\/es\/wp-json\/wp\/v2\/product_cat?post=17268"},{"taxonomy":"product_tag","embeddable":true,"href":"https:\/\/showindustrial.com\/es\/wp-json\/wp\/v2\/product_tag?post=17268"}],"curies":[{"name":"wp","href":"https:\/\/api.w.org\/{rel}","templated":true}]}}