{"id":17263,"date":"2024-01-23T14:03:20","date_gmt":"2024-01-23T13:03:20","guid":{"rendered":"https:\/\/showindustrial.com\/?post_type=product&#038;p=17263"},"modified":"2024-01-24T13:58:41","modified_gmt":"2024-01-24T12:58:41","slug":"anti-spatter-fireproof-paint-blatemdelfin","status":"publish","type":"product","link":"https:\/\/showindustrial.com\/es\/producto\/anti-spatter-fireproof-paint-blatemdelfin\/","title":{"rendered":"Pintura ign\u00edfuga antisalpicaduras Blatemdelfin"},"content":{"rendered":"<p><strong><span style=\"vertical-align: inherit;\"><span style=\"vertical-align: inherit;\"><span style=\"vertical-align: inherit;\">Descripci\u00f3n<\/span><\/span><\/span><\/strong><br \/>\n<span style=\"vertical-align: inherit;\"><span style=\"vertical-align: inherit;\"><span style=\"vertical-align: inherit;\"> Pintura pl\u00e1stica mate de excelente cubrici\u00f3n para interiores y exteriores, excepto fachadas, formulada con la m\u00e1s avanzada tecnolog\u00eda en copol\u00edmeros acr\u00edlicos, estirenada en emulsi\u00f3n y con pigmentos y cargas de la m\u00e1s alta calidad. Incombustible. Propiedades Excelente cubrici\u00f3n y adherencia, as\u00ed como muy buenas propiedades de aplicaci\u00f3n, rendimiento y resistencia al frote h\u00famedo.<\/span><\/span><\/span><\/p>\n<p><strong><span style=\"vertical-align: inherit;\"><span style=\"vertical-align: inherit;\"><span style=\"vertical-align: inherit;\">Aplicaciones<\/span><\/span><\/span><\/strong><br \/>\n<span style=\"vertical-align: inherit;\"><span style=\"vertical-align: inherit;\"><span style=\"vertical-align: inherit;\"> Para pintado de interiores y exteriores, excepto fachadas, sobre yeso, cemento, ladrillo, fibrocemento, etc. cuando se quiera ofrecer una excelente pintura interior con un muy buen equilibrio en propiedades t\u00e9cnicas.<\/span><\/span><\/span><\/p>\n<p><strong><span style=\"vertical-align: inherit;\"><span style=\"vertical-align: inherit;\"><span style=\"vertical-align: inherit;\">Caracter\u00edsticas T\u00e9cnicas<\/span><\/span><\/span><\/strong><br \/>\n<span style=\"vertical-align: inherit;\"><span style=\"vertical-align: inherit;\"><span style=\"vertical-align: inherit;\"> \u00b7 Aspecto: Liso y mate. <\/span><\/span><\/span><br \/>\n<span style=\"vertical-align: inherit;\"><span style=\"vertical-align: inherit;\"><span style=\"vertical-align: inherit;\">\u00b7 Blancura: excelente. <\/span><\/span><\/span><br \/>\n<span style=\"vertical-align: inherit;\"><span style=\"vertical-align: inherit;\"><span style=\"vertical-align: inherit;\">\u00b7 Lavabilidad: 1300\u00b1 300 PSD. (Dobles pasadas) Normas DIN 53.778 Y UNE 48284. <\/span><\/span><\/span><br \/>\n<span style=\"vertical-align: inherit;\"><span style=\"vertical-align: inherit;\"><span style=\"vertical-align: inherit;\">\u00b7 Adhesi\u00f3n: Excelente. <\/span><\/span><\/span><br \/>\n<span style=\"vertical-align: inherit;\"><span style=\"vertical-align: inherit;\"><span style=\"vertical-align: inherit;\">\u00b7 Finura: 6,5 \u00b1 1 HG. (Grados Hegman) (UNE-EN-ISO 1524). <\/span><\/span><\/span><br \/>\n<span style=\"vertical-align: inherit;\"><span style=\"vertical-align: inherit;\"><span style=\"vertical-align: inherit;\">\u00b7 Repintado: 4-6 horas. <\/span><\/span><\/span><br \/>\n<span style=\"vertical-align: inherit;\"><span style=\"vertical-align: inherit;\"><span style=\"vertical-align: inherit;\">\u00b7 Viscosidad: 115 \u00b1 15 UK (Unidades Krebs) a 25o \u00b1 10oC (UNE 48-076) <\/span><\/span><\/span><br \/>\n<span style=\"vertical-align: inherit;\"><span style=\"vertical-align: inherit;\"><span style=\"vertical-align: inherit;\">\u00b7 Densidad: 1,63 \u00b1 0,10 gr\/cc (UNE-EN-ISO 2811-1). <\/span><\/span><\/span><br \/>\n<span style=\"vertical-align: inherit;\"><span style=\"vertical-align: inherit;\"><span style=\"vertical-align: inherit;\">\u00b7 Cobertura: Extraordinaria. <\/span><\/span><\/span><br \/>\n<span style=\"vertical-align: inherit;\"><span style=\"vertical-align: inherit;\"><span style=\"vertical-align: inherit;\">\u00b7 Rendimiento: 8-12 m2\/l, y a mano. <\/span><\/span><\/span><br \/>\n<span style=\"vertical-align: inherit;\"><span style=\"vertical-align: inherit;\"><span style=\"vertical-align: inherit;\">\u00b7 Secado: 30 a 60 minutos. <\/span><\/span><\/span><br \/>\n<span style=\"vertical-align: inherit;\"><span style=\"vertical-align: inherit;\"><span style=\"vertical-align: inherit;\">\u00b7 Utensilios: Limpieza con agua. <\/span><\/span><\/span><br \/>\n<span style=\"vertical-align: inherit;\"><span style=\"vertical-align: inherit;\"><span style=\"vertical-align: inherit;\">\u00b7 Estabilidad en embalaje: Hasta un a\u00f1o en embalaje original cerrado. <\/span><\/span><\/span><br \/>\n<span style=\"vertical-align: inherit;\"><span style=\"vertical-align: inherit;\"><span style=\"vertical-align: inherit;\">\u00b7 No es inflamable<\/span><\/span><\/span><\/p>\n<p><strong><span style=\"vertical-align: inherit;\"><span style=\"vertical-align: inherit;\"><span style=\"vertical-align: inherit;\">Homologaciones y Ensayos<\/span><\/span><\/span><\/strong><br \/>\n<span style=\"vertical-align: inherit;\"><span style=\"vertical-align: inherit;\"><span style=\"vertical-align: inherit;\"> Reacci\u00f3n al fuego, norma UNE-EN 13501-1:07+A1:2010, clases europeas: A2, S1, d0.<\/span><\/span><\/span><\/p>\n<p><strong><span style=\"vertical-align: inherit;\"><span style=\"vertical-align: inherit;\"><span style=\"vertical-align: inherit;\">Preparaci\u00f3n de Superficies<\/span><\/span><\/span><\/strong><br \/>\n<span style=\"vertical-align: inherit;\"><span style=\"vertical-align: inherit;\"><span style=\"vertical-align: inherit;\"> \u00b7 Nuevas: Eliminar partes sueltas, tapar grietas, etc. <\/span><\/span><\/span><br \/>\n<span style=\"vertical-align: inherit;\"><span style=\"vertical-align: inherit;\"><span style=\"vertical-align: inherit;\">\u00b7 Pintadas: Con t\u00e9mpera o cal, retirar previamente. Con pintura retirar las piezas en mal estado.<\/span><\/span><\/span><\/p>\n<p><strong><span style=\"vertical-align: inherit;\"><span style=\"vertical-align: inherit;\"><span style=\"vertical-align: inherit;\">Modo de empleo<\/span><\/span><\/span><\/strong><br \/>\n<span style=\"vertical-align: inherit;\"><span style=\"vertical-align: inherit;\"><span style=\"vertical-align: inherit;\"> Aplicar una primera mano diluida con un 15-25% de agua potable y una segunda mano <\/span><\/span><\/span><br \/>\n<span style=\"vertical-align: inherit;\"><span style=\"vertical-align: inherit;\"><span style=\"vertical-align: inherit;\">con aproximadamente un 5-15%, aplicada con brocha, rodillo o pistola. <\/span><\/span><\/span><br \/>\n<span style=\"vertical-align: inherit;\"><span style=\"vertical-align: inherit;\"><span style=\"vertical-align: inherit;\">Si la superficie tiene problemas de adherencia, anclarla previamente con nuestro FIJADOR ACR\u00cdLICO o FIJADOR AL DISOLVENTE.<\/span><\/span><\/span><\/p>\n<p><strong><span style=\"vertical-align: inherit;\"><span style=\"vertical-align: inherit;\"><span style=\"vertical-align: inherit;\">Recomendaciones<\/span><\/span><\/span><\/strong><br \/>\n<span style=\"vertical-align: inherit;\"><span style=\"vertical-align: inherit;\"><span style=\"vertical-align: inherit;\"> No pintar con tiempo de lluvia o con temperaturas inferiores a 5\u00baC. Retire el contenido del recipiente. <\/span><\/span><\/span><br \/>\n<span style=\"vertical-align: inherit;\"><span style=\"vertical-align: inherit;\"><span style=\"vertical-align: inherit;\">No lave la superficie pintada hasta despu\u00e9s de 20 d\u00edas.<\/span><\/span><\/span><\/p>\n<p><strong><span style=\"vertical-align: inherit;\"><span style=\"vertical-align: inherit;\"><span style=\"vertical-align: inherit;\">Presentaci\u00f3n<\/span><\/span><\/span><\/strong><br \/>\n<span style=\"vertical-align: inherit;\"><span style=\"vertical-align: inherit;\"><span style=\"vertical-align: inherit;\"> En envases de 750 ml, 4 L, 12 L, 15 L.<\/span><\/span><\/span><\/p>\n<p><strong><span style=\"vertical-align: inherit;\"><span style=\"vertical-align: inherit;\"><span style=\"vertical-align: inherit;\">Almacenamiento<\/span><\/span><\/span><\/strong><br \/>\n<span style=\"vertical-align: inherit;\"><span style=\"vertical-align: inherit;\"><span style=\"vertical-align: inherit;\"> Tiempo m\u00e1ximo de almacenamiento recomendado: 12 meses en su envase original, bien <\/span><\/span><\/span><br \/>\n<span style=\"vertical-align: inherit;\"><span style=\"vertical-align: inherit;\"><span style=\"vertical-align: inherit;\">cerrado y protegido de la intemperie (tapado y a una temperatura entre 5 y 35\u00baC).<\/span><\/span><\/span><\/p>\n<p><strong><span style=\"vertical-align: inherit;\"><span style=\"vertical-align: inherit;\"><span style=\"vertical-align: inherit;\">Informaci\u00f3n de Seguridad<\/span><\/span><\/span><\/strong><br \/>\n<span style=\"vertical-align: inherit;\"><span style=\"vertical-align: inherit;\"><span style=\"vertical-align: inherit;\"> Es imprescindible seguir las instrucciones de la etiqueta del envase. Para m\u00e1s informaci\u00f3n <\/span><\/span><\/span><br \/>\n<span style=\"vertical-align: inherit;\"><span style=\"vertical-align: inherit;\"><span style=\"vertical-align: inherit;\">consultar la ficha de seguridad del producto.<\/span><\/span><\/span><\/p>\n","protected":false},"excerpt":{"rendered":"<p>Descripci\u00f3n Pintura pl\u00e1stica mate de excelente cubrici\u00f3n para interiores y exteriores, excepto fachadas, formulada con la m\u00e1s avanzada tecnolog\u00eda en copol\u00edmeros acr\u00edlicos, estirenada en emulsi\u00f3n y con pigmentos y cargas de la m\u00e1s alta calidad. Incombustible. Propiedades Excelente cubrici\u00f3n y adherencia, as\u00ed como muy buenas propiedades de aplicaci\u00f3n, rendimiento y resistencia al frote h\u00famedo. Aplicaciones &#8230; <a title=\"Pintura ign\u00edfuga antisalpicaduras Blatemdelfin\" class=\"read-more\" href=\"https:\/\/showindustrial.com\/es\/producto\/anti-spatter-fireproof-paint-blatemdelfin\/\" aria-label=\"Leer m\u00e1s sobre Pintura ign\u00edfuga antisalpicaduras Blatemdelfin\">Leer m\u00e1s<\/a><\/p>\n","protected":false},"featured_media":17217,"comment_status":"open","ping_status":"closed","template":"","meta":[],"product_cat":[94],"product_tag":[],"_links":{"self":[{"href":"https:\/\/showindustrial.com\/es\/wp-json\/wp\/v2\/product\/17263"}],"collection":[{"href":"https:\/\/showindustrial.com\/es\/wp-json\/wp\/v2\/product"}],"about":[{"href":"https:\/\/showindustrial.com\/es\/wp-json\/wp\/v2\/types\/product"}],"replies":[{"embeddable":true,"href":"https:\/\/showindustrial.com\/es\/wp-json\/wp\/v2\/comments?post=17263"}],"version-history":[{"count":2,"href":"https:\/\/showindustrial.com\/es\/wp-json\/wp\/v2\/product\/17263\/revisions"}],"predecessor-version":[{"id":17344,"href":"https:\/\/showindustrial.com\/es\/wp-json\/wp\/v2\/product\/17263\/revisions\/17344"}],"wp:featuredmedia":[{"embeddable":true,"href":"https:\/\/showindustrial.com\/es\/wp-json\/wp\/v2\/media\/17217"}],"wp:attachment":[{"href":"https:\/\/showindustrial.com\/es\/wp-json\/wp\/v2\/media?parent=17263"}],"wp:term":[{"taxonomy":"product_cat","embeddable":true,"href":"https:\/\/showindustrial.com\/es\/wp-json\/wp\/v2\/product_cat?post=17263"},{"taxonomy":"product_tag","embeddable":true,"href":"https:\/\/showindustrial.com\/es\/wp-json\/wp\/v2\/product_tag?post=17263"}],"curies":[{"name":"wp","href":"https:\/\/api.w.org\/{rel}","templated":true}]}}