{"id":18702,"date":"2024-02-11T23:50:43","date_gmt":"2024-02-11T22:50:43","guid":{"rendered":"https:\/\/showindustrial.com\/politica-de-privacidad\/"},"modified":"2024-02-12T00:52:36","modified_gmt":"2024-02-11T23:52:36","slug":"politica-de-privacidad","status":"publish","type":"page","link":"https:\/\/showindustrial.com\/es\/politica-de-privacidad\/","title":{"rendered":"Pol\u00edtica de Privacidad"},"content":{"rendered":"\n<p>La visita a este sitio Web no implica que el usuario est\u00e9 obligado a facilitar ninguna informaci\u00f3n. En el caso de que el usuario facilite alguna informaci\u00f3n de car\u00e1cter personal, los datos recogidos en este sitio web ser\u00e1n tratados de forma leal y l\u00edcita con sujeci\u00f3n en todo momento a los principios y derechos recogidos en el Reglamento (UE) 2016\/679, de 27 de abril, General de Protecci\u00f3n de Datos (RGPD) y dem\u00e1s normativa aplicable.<\/p>\n\n\n\n<p>En cumplimiento de lo dispuesto en el art\u00edculo 13 del RGPD te informamos de lo siguiente:<\/p>\n\n\n\n<h2 class=\"wp-block-heading\"><strong>Responsable<\/strong><\/h2>\n\n\n\n<p>FRANCISCO JAVIER SEGURANYES GUILLOT (en adelante, SHOW INDUSTRIAL)<\/p>\n\n\n\n<h2 class=\"wp-block-heading\"><strong>\u00bfQu\u00e9 hacemos con tus datos?<\/strong><\/h2>\n\n\n\n<p>&#8211; Apartado \u00abFormulario de Contacto\u00bb<br>Recogeremos datos con el fin de gestionar el centro de soporte de SHOW INDUSTRIAL y el contacto con el cliente v\u00eda email a fin de poder atender su petici\u00f3n.<\/p>\n\n\n\n<p>&#8211; Informaci\u00f3n recogida orientada a mejoras web<br>Para mejorar nuestros servicios y la compra on-line estamos analizando el portal de SHOW INDUSTRIAL y la correcta navegaci\u00f3n del usuario. Esta informaci\u00f3n ser\u00e1 confidencial y \u00fanicamente ser\u00e1 utilizada para mejorar la seguridad y funcionamiento de nuestra tienda on-line y para fines estad\u00edsticos.&nbsp;<\/p>\n\n\n\n<h2 class=\"wp-block-heading\"><strong>Base jur\u00eddica de los tratamientos<\/strong><\/h2>\n\n\n\n<p>Para el registro, compra y la gesti\u00f3n de las garant\u00edas basaremos el tratamiento de los datos en la ejecuci\u00f3n del contrato de compra o en el marco de la relaci\u00f3n precontractual.<\/p>\n\n\n\n<p>Para el env\u00edo de informaci\u00f3n comercial basaremos el tratamiento en su consentimiento aunque si Vd. ya es cliente podremos enviarle informaci\u00f3n sobre productos similares proporcion\u00e1ndole siempre un medio sencillo y gratuito para darse de baja.<\/p>\n\n\n\n<p>El consentimiento aqu\u00ed prestado por el Titular para comunicaci\u00f3n de datos a terceros tiene car\u00e1cter revocable en todo momento, sin efectos retroactivos.<\/p>\n\n\n\n<h2 class=\"wp-block-heading\"><strong>Destinatarios<\/strong><\/h2>\n\n\n\n<p>Con motivo de la compra sus datos pueden ser comunicados a los siguientes destinatarios:<\/p>\n\n\n\n<ul>\n<li>Entidades bancarias para el pago las compras mediante tarjeta y\/o estudio de financiaci\u00f3n de compras y obtenci\u00f3n de cr\u00e9ditos al consumo.<\/li>\n\n\n\n<li>A la Oficina de consumidores y usuarios en caso de existir alguna reclamaci\u00f3n.<\/li>\n\n\n\n<li>En los supuestos legalmente establecidos, como es el caso de las Fuerzas y Cuerpos de Seguridad.<\/li>\n\n\n\n<li>A las administraciones p\u00fablicas a las que tengamos que facilitar informaci\u00f3n con motivo del cumplimiento de nuestras obligaciones legales.<\/li>\n<\/ul>\n\n\n\n<p>SHOW INDUSTRIAL asegura la confidencialidad de los datos aportados y garantiza que, en ning\u00fan caso, ser\u00e1n cedidos para ning\u00fan otro uso sin mediar consentimiento previo y expreso de nuestros clientes. S\u00f3lo le pediremos aquellos datos necesarios para la prestaci\u00f3n del servicio requerido y \u00fanicamente ser\u00e1n empleados para este fin.<\/p>\n\n\n\n<h2 class=\"wp-block-heading\"><strong>Derechos de los interesados<\/strong><\/h2>\n\n\n\n<p>El interesado tiene los siguientes derechos:<\/p>\n\n\n\n<ul>\n<li>Podr\u00e1 solicitar informaci\u00f3n sobre los datos de car\u00e1cter personal almacenados que le conciernan (acceso)<\/li>\n\n\n\n<li>Podr\u00e1 solicitar que se corrija la inexactitud de sus datos personales. (rectificaci\u00f3n)<\/li>\n\n\n\n<li>Podr\u00e1 solicitar la eliminaci\u00f3n o limitaci\u00f3n del tratamiento de sus datos personales y (supresi\u00f3n y limitaci\u00f3n)<\/li>\n\n\n\n<li>Tambi\u00e9n podr\u00e1 solicitar que se le pongan a disposici\u00f3n sus datos personales en un formato estructurado, corriente y de lectura mec\u00e1nica.(portabilidad)<\/li>\n<\/ul>\n\n\n\n<p>Para ello deber\u00e1 dirigirse por escrito adjuntando una copia del DNI o documento que le identifique, a trav\u00e9s de nuestro formulario o al correo electr\u00f3nico show@showindustrial.com. SHOW INDUSTRIAL.<\/p>\n\n\n\n<p>El interesado tambi\u00e9n tiene derecho a presentar una reclamaci\u00f3n ante las autoridades de protecci\u00f3n de datos (Agencia Espa\u00f1ola de Protecci\u00f3n de Datos). No obstante, cualquier cuesti\u00f3n relacionada con los datos le invitamos a contactar con nosotros para solucionarla.<\/p>\n\n\n\n<h2 class=\"wp-block-heading\"><strong>Protecci\u00f3n de datos<\/strong><\/h2>\n\n\n\n<p>Para cualquier cuesti\u00f3n relacionada con sus datos personales. Puede contactara trav\u00e9s de la direcci\u00f3n show@showindustrial.com<\/p>\n\n\n\n<h2 class=\"wp-block-heading\"><strong>Calidad de los datos<\/strong><\/h2>\n\n\n\n<p>Los usuarios deber\u00e1n garantizar la veracidad, exactitud, autenticidad y vigencia de los datos de car\u00e1cter personal que les hayan sido recogidos.<\/p>\n\n\n\n<h2 class=\"wp-block-heading\"><strong>Protecci\u00f3n de los menores<\/strong><\/h2>\n\n\n\n<p>No recogemos datos personales de menores. Es responsabilidad del padre\/madre\/tutor legal velar por para la privacidad de los menores, haciendo todo lo posible para asegurar que han autorizado la recogida y el uso de los datos personales del menor.<\/p>\n\n\n\n<h2 class=\"wp-block-heading\"><strong>Redes Sociales<\/strong><\/h2>\n\n\n\n<p>A trav\u00e9s de nuestra p\u00e1gina web puede acceder a las redes sociales Instagram y\/o TikTok de acceso abierto a todos los usuarios. Se trata de sitios web donde el usuario puede registrase y seguirnos gratuitamente. En estas redes sociales los usuarios podr\u00e1n conocer de nuestras actividades, opiniones, acceder a las fotos y v\u00eddeos. Los usuarios de estas redes sociales deben ser conscientes de que este lugar es independiente de la web www.showindustrial.com y est\u00e1 abierto, es decir, es visible para todos sus usuarios, y las pol\u00edticas de privacidad a aplicar a estos contenidos son las fijadas por Facebook, Twitter o Youtube. SHOW INDUSTRIAL no es titular de las redes sociales<\/p>\n","protected":false},"excerpt":{"rendered":"<p>La visita a este sitio Web no implica que el usuario est\u00e9 obligado a facilitar ninguna informaci\u00f3n. En el caso de que el usuario facilite alguna informaci\u00f3n de car\u00e1cter personal, los datos recogidos en este sitio web ser\u00e1n tratados de forma leal y l\u00edcita con sujeci\u00f3n en todo momento a los principios y derechos recogidos &#8230; <a title=\"Pol\u00edtica de Privacidad\" class=\"read-more\" href=\"https:\/\/showindustrial.com\/es\/politica-de-privacidad\/\" aria-label=\"Leer m\u00e1s sobre Pol\u00edtica de Privacidad\">Leer m\u00e1s<\/a><\/p>\n","protected":false},"author":1,"featured_media":0,"parent":0,"menu_order":0,"comment_status":"closed","ping_status":"closed","template":"","meta":{"footnotes":""},"_links":{"self":[{"href":"https:\/\/showindustrial.com\/es\/wp-json\/wp\/v2\/pages\/18702"}],"collection":[{"href":"https:\/\/showindustrial.com\/es\/wp-json\/wp\/v2\/pages"}],"about":[{"href":"https:\/\/showindustrial.com\/es\/wp-json\/wp\/v2\/types\/page"}],"author":[{"embeddable":true,"href":"https:\/\/showindustrial.com\/es\/wp-json\/wp\/v2\/users\/1"}],"replies":[{"embeddable":true,"href":"https:\/\/showindustrial.com\/es\/wp-json\/wp\/v2\/comments?post=18702"}],"version-history":[{"count":2,"href":"https:\/\/showindustrial.com\/es\/wp-json\/wp\/v2\/pages\/18702\/revisions"}],"predecessor-version":[{"id":18725,"href":"https:\/\/showindustrial.com\/es\/wp-json\/wp\/v2\/pages\/18702\/revisions\/18725"}],"wp:attachment":[{"href":"https:\/\/showindustrial.com\/es\/wp-json\/wp\/v2\/media?parent=18702"}],"curies":[{"name":"wp","href":"https:\/\/api.w.org\/{rel}","templated":true}]}}