{"id":18218,"date":"2024-02-08T14:06:38","date_gmt":"2024-02-08T13:06:38","guid":{"rendered":"https:\/\/showindustrial.com\/?post_type=product&#038;p=18218"},"modified":"2025-04-12T12:08:35","modified_gmt":"2025-04-12T10:08:35","slug":"basmat-cronos-felpudo-alumini-17-mm-amplada-especial-2","status":"publish","type":"product","link":"https:\/\/showindustrial.com\/ca\/producte\/basmat-cronos-felpudo-alumini-17-mm-amplada-especial-2\/","title":{"rendered":"Basmat Cronos &#8211; Felpudo Alumini 17 mm (Amplada Especial)"},"content":{"rendered":"<p><strong><span style=\"vertical-align: inherit;\"><span class=\"\" style=\"vertical-align: inherit;\">T\u00e8xtil<\/span><\/span><\/strong><\/p>\n<p><img decoding=\"async\" class=\"alignnone size-medium wp-image-18213\" src=\"http:\/\/showindustrial.com\/wp-content\/uploads\/2024\/02\/felpudo-aluminio-17-mm-ancho-especial-400x53.webp\" alt=\"\" width=\"400\" height=\"53\" srcset=\"https:\/\/showindustrial.com\/wp-content\/uploads\/2024\/02\/felpudo-aluminio-17-mm-ancho-especial-400x53.webp 400w, https:\/\/showindustrial.com\/wp-content\/uploads\/2024\/02\/felpudo-aluminio-17-mm-ancho-especial-1300x174.webp 1300w, https:\/\/showindustrial.com\/wp-content\/uploads\/2024\/02\/felpudo-aluminio-17-mm-ancho-especial-768x103.webp 768w, https:\/\/showindustrial.com\/wp-content\/uploads\/2024\/02\/felpudo-aluminio-17-mm-ancho-especial-1536x205.webp 1536w, https:\/\/showindustrial.com\/wp-content\/uploads\/2024\/02\/felpudo-aluminio-17-mm-ancho-especial-430x57.webp 430w, https:\/\/showindustrial.com\/wp-content\/uploads\/2024\/02\/felpudo-aluminio-17-mm-ancho-especial-700x94.webp 700w, https:\/\/showindustrial.com\/wp-content\/uploads\/2024\/02\/felpudo-aluminio-17-mm-ancho-especial.webp 1766w\" sizes=\"(max-width: 400px) 100vw, 400px\" \/><\/p>\n<p><strong><span style=\"vertical-align: inherit;\">Al\u00e7ada<\/span><\/strong><br \/>\n<span style=\"vertical-align: inherit;\"> 17 mm. <\/span><br \/>\n<strong><span style=\"vertical-align: inherit;\">Amplada del perfil<\/span><\/strong><br \/>\n<span style=\"vertical-align: inherit;\"> 93 mm. <\/span><br \/>\n<strong><span style=\"vertical-align: inherit;\">Perfils per metre lineal<\/span><\/strong><br \/>\n<span style=\"vertical-align: inherit;\"> 14 unitats. <\/span><br \/>\n<strong><span style=\"vertical-align: inherit;\">Estructura<\/span><\/strong><br \/>\n<span style=\"vertical-align: inherit;\"> 100% alumini. Acabat anoditzat. <\/span><br \/>\n<span style=\"vertical-align: inherit;\">7,35 kg dalumini per m2.<\/span><\/p>\n<p><strong><span style=\"vertical-align: inherit;\">Acabat<\/span><\/strong><br \/>\n<span style=\"vertical-align: inherit;\"> T\u00e8xtil. <\/span><br \/>\n<strong><span style=\"vertical-align: inherit;\">A\u00efllament i consolidaci\u00f3<\/span><\/strong><br \/>\n<span style=\"vertical-align: inherit;\"> Foam de polietil\u00e8 autoadhesiu <\/span><br \/>\n<span style=\"vertical-align: inherit;\">amb malla de subjecci\u00f3. <\/span><br \/>\n<strong><span style=\"vertical-align: inherit;\">Accessoris opcionals<\/span><\/strong><br \/>\n<span style=\"vertical-align: inherit;\"> Perfils laterals i cantonades. <\/span><br \/>\n<strong><span style=\"vertical-align: inherit;\">Nivell de dificultat<\/span><\/strong><br \/>\n<span style=\"vertical-align: inherit;\"> Mitj\u00e0. 20 min\/m2. <\/span><br \/>\n<strong><span style=\"vertical-align: inherit;\">Indicat per<\/span><\/strong><br \/>\n<span style=\"vertical-align: inherit;\"> a Instal\u00b7laci\u00f3 encastada. <\/span><br \/>\n<strong><span style=\"vertical-align: inherit;\">Dimensions m\u00e0ximes<\/span><\/strong><br \/>\n<span style=\"vertical-align: inherit;\"> Ample: 3 m\/sense l\u00edmits (intercalat). <\/span><br \/>\n<span style=\"vertical-align: inherit;\">Llarg: Sense l\u00edmits.<\/span><\/p>\n<p><img decoding=\"async\" class=\"alignnone wp-image-18060\" src=\"http:\/\/showindustrial.com\/wp-content\/uploads\/2024\/02\/colores-textil-felpudo-400x203.png\" alt=\"\" width=\"300\" height=\"152\" srcset=\"https:\/\/showindustrial.com\/wp-content\/uploads\/2024\/02\/colores-textil-felpudo-400x203.png 400w, https:\/\/showindustrial.com\/wp-content\/uploads\/2024\/02\/colores-textil-felpudo-768x389.png 768w, https:\/\/showindustrial.com\/wp-content\/uploads\/2024\/02\/colores-textil-felpudo-430x218.png 430w, https:\/\/showindustrial.com\/wp-content\/uploads\/2024\/02\/colores-textil-felpudo-700x355.png 700w, https:\/\/showindustrial.com\/wp-content\/uploads\/2024\/02\/colores-textil-felpudo.png 892w\" sizes=\"(max-width: 300px) 100vw, 300px\" \/><\/p>\n<p><img decoding=\"async\" class=\"alignnone wp-image-18064\" src=\"http:\/\/showindustrial.com\/wp-content\/uploads\/2024\/02\/Captura-de-pantalla-2024-02-07-a-las-23.16.18.png\" alt=\"\" width=\"72\" height=\"81\" \/><\/p>\n<p><strong><span style=\"vertical-align: inherit;\">Foc &#8211; Producci\u00f3 <\/span><\/strong> <strong><span style=\"vertical-align: inherit;\">d&#8217;humus<\/span><\/strong><br \/>\n<span style=\"vertical-align: inherit;\"> B fl &#8211; S1 <\/span><br \/>\n<strong><span style=\"vertical-align: inherit;\">C\u00e0rrega vertical<\/span><\/strong><br \/>\n<span style=\"vertical-align: inherit;\"> 50 KN (5.000 kg): Ok <\/span><br \/>\n<strong><span style=\"vertical-align: inherit;\">Resbaladicitat<\/span><\/strong><br \/>\n<span style=\"vertical-align: inherit;\"> Classe 3<\/span><\/p>\n","protected":false},"excerpt":{"rendered":"<p>T\u00e8xtil Al\u00e7ada 17 mm. Amplada del perfil 93 mm. Perfils per metre lineal 14 unitats. Estructura 100% alumini. Acabat anoditzat. 7,35 kg dalumini per m2. Acabat T\u00e8xtil. A\u00efllament i consolidaci\u00f3 Foam de polietil\u00e8 autoadhesiu amb malla de subjecci\u00f3. Accessoris opcionals Perfils laterals i cantonades. Nivell de dificultat Mitj\u00e0. 20 min\/m2. Indicat per a Instal\u00b7laci\u00f3 encastada. &#8230; <a title=\"Basmat Cronos &#8211; Felpudo Alumini 17 mm (Amplada Especial)\" class=\"read-more\" href=\"https:\/\/showindustrial.com\/ca\/producte\/basmat-cronos-felpudo-alumini-17-mm-amplada-especial-2\/\" aria-label=\"M\u00e9s informaci\u00f3 sobre Basmat Cronos &#8211; Felpudo Alumini 17 mm (Amplada Especial)\">Llegiu m\u00e9s<\/a><\/p>\n","protected":false},"featured_media":18210,"comment_status":"open","ping_status":"closed","template":"","meta":[],"product_cat":[106],"product_tag":[],"_links":{"self":[{"href":"https:\/\/showindustrial.com\/ca\/wp-json\/wp\/v2\/product\/18218"}],"collection":[{"href":"https:\/\/showindustrial.com\/ca\/wp-json\/wp\/v2\/product"}],"about":[{"href":"https:\/\/showindustrial.com\/ca\/wp-json\/wp\/v2\/types\/product"}],"replies":[{"embeddable":true,"href":"https:\/\/showindustrial.com\/ca\/wp-json\/wp\/v2\/comments?post=18218"}],"version-history":[{"count":1,"href":"https:\/\/showindustrial.com\/ca\/wp-json\/wp\/v2\/product\/18218\/revisions"}],"predecessor-version":[{"id":18219,"href":"https:\/\/showindustrial.com\/ca\/wp-json\/wp\/v2\/product\/18218\/revisions\/18219"}],"wp:featuredmedia":[{"embeddable":true,"href":"https:\/\/showindustrial.com\/ca\/wp-json\/wp\/v2\/media\/18210"}],"wp:attachment":[{"href":"https:\/\/showindustrial.com\/ca\/wp-json\/wp\/v2\/media?parent=18218"}],"wp:term":[{"taxonomy":"product_cat","embeddable":true,"href":"https:\/\/showindustrial.com\/ca\/wp-json\/wp\/v2\/product_cat?post=18218"},{"taxonomy":"product_tag","embeddable":true,"href":"https:\/\/showindustrial.com\/ca\/wp-json\/wp\/v2\/product_tag?post=18218"}],"curies":[{"name":"wp","href":"https:\/\/api.w.org\/{rel}","templated":true}]}}