{"id":18201,"date":"2024-02-08T14:01:11","date_gmt":"2024-02-08T13:01:11","guid":{"rendered":"https:\/\/showindustrial.com\/?post_type=product&#038;p=18201"},"modified":"2024-02-11T13:42:44","modified_gmt":"2024-02-11T12:42:44","slug":"basmat-cronos-felpudo-alumini-17-mm-amplada-especial","status":"publish","type":"product","link":"https:\/\/showindustrial.com\/ca\/producte\/basmat-cronos-felpudo-alumini-17-mm-amplada-especial\/","title":{"rendered":"Basmat Cronos &#8211; Pelfut Alumini 17 mm (Amplada Especial)"},"content":{"rendered":"<p><strong><span style=\"vertical-align: inherit;\">T\u00e8xtil<\/span><\/strong><\/p>\n<p><img decoding=\"async\" class=\"alignnone size-medium wp-image-18192\" src=\"http:\/\/showindustrial.com\/wp-content\/uploads\/2024\/02\/felpudo-aluminio-ancho-tecnico-400x54.webp\" alt=\"\" width=\"400\" height=\"54\" srcset=\"https:\/\/showindustrial.com\/wp-content\/uploads\/2024\/02\/felpudo-aluminio-ancho-tecnico-400x54.webp 400w, https:\/\/showindustrial.com\/wp-content\/uploads\/2024\/02\/felpudo-aluminio-ancho-tecnico-1300x176.webp 1300w, https:\/\/showindustrial.com\/wp-content\/uploads\/2024\/02\/felpudo-aluminio-ancho-tecnico-768x104.webp 768w, https:\/\/showindustrial.com\/wp-content\/uploads\/2024\/02\/felpudo-aluminio-ancho-tecnico-1536x208.webp 1536w, https:\/\/showindustrial.com\/wp-content\/uploads\/2024\/02\/felpudo-aluminio-ancho-tecnico-430x58.webp 430w, https:\/\/showindustrial.com\/wp-content\/uploads\/2024\/02\/felpudo-aluminio-ancho-tecnico-700x95.webp 700w, https:\/\/showindustrial.com\/wp-content\/uploads\/2024\/02\/felpudo-aluminio-ancho-tecnico.webp 1776w\" sizes=\"(max-width: 400px) 100vw, 400px\" \/><\/p>\n<p><strong><span style=\"vertical-align: inherit;\">Al\u00e7ada<\/span><\/strong><br \/>\n<span style=\"vertical-align: inherit;\"> 17 mm. <\/span><br \/>\n<strong><span style=\"vertical-align: inherit;\">Amplada del perfil<\/span><\/strong><br \/>\n<span style=\"vertical-align: inherit;\"> 69 mm. <\/span><br \/>\n<strong><span style=\"vertical-align: inherit;\">Perfils per metre lineal<\/span><\/strong><br \/>\n<span style=\"vertical-align: inherit;\"> 14 unitats. <\/span><br \/>\n<strong><span style=\"vertical-align: inherit;\">Estructura<\/span><\/strong><br \/>\n<span style=\"vertical-align: inherit;\"> 100% alumini. Acabat anoditzat. <\/span><br \/>\n<span style=\"vertical-align: inherit;\">8,8 kg dalumini per m2.<\/span><\/p>\n<p><strong><span style=\"vertical-align: inherit;\">Acabat<\/span><\/strong><br \/>\n<span style=\"vertical-align: inherit;\"> T\u00e8xtil. <\/span><br \/>\n<strong><span style=\"vertical-align: inherit;\">A\u00efllament i consolidaci\u00f3<\/span><\/strong><br \/>\n<span style=\"vertical-align: inherit;\"> Foam de polietil\u00e8 autoadhesiu <\/span><br \/>\n<span style=\"vertical-align: inherit;\">amb malla de subjecci\u00f3. <\/span><br \/>\n<strong><span style=\"vertical-align: inherit;\">Accessoris opcionals<\/span><\/strong><br \/>\n<span style=\"vertical-align: inherit;\"> Perfils laterals i cantonades. <\/span><br \/>\n<strong><span style=\"vertical-align: inherit;\">Nivell de dificultat<\/span><\/strong><br \/>\n<span style=\"vertical-align: inherit;\"> Molt baix. 10 min\/m2. <\/span><br \/>\n<strong><span style=\"vertical-align: inherit;\">Indicat per<\/span><\/strong><br \/>\n<span style=\"vertical-align: inherit;\"> a Instal\u00b7laci\u00f3 encastada. Grans instal\u00b7lacions. <\/span><br \/>\n<strong><span style=\"vertical-align: inherit;\">Dimensions m\u00e0ximes<\/span><\/strong><br \/>\n<span style=\"vertical-align: inherit;\"> Ample: 3 m\/sense l\u00edmits (intercalat). <\/span><br \/>\n<span style=\"vertical-align: inherit;\">Llarg: Sense l\u00edmits.<\/span><\/p>\n<p><img decoding=\"async\" class=\"alignnone wp-image-18060\" src=\"http:\/\/showindustrial.com\/wp-content\/uploads\/2024\/02\/colores-textil-felpudo-400x203.png\" alt=\"\" width=\"305\" height=\"155\" srcset=\"https:\/\/showindustrial.com\/wp-content\/uploads\/2024\/02\/colores-textil-felpudo-400x203.png 400w, https:\/\/showindustrial.com\/wp-content\/uploads\/2024\/02\/colores-textil-felpudo-768x389.png 768w, https:\/\/showindustrial.com\/wp-content\/uploads\/2024\/02\/colores-textil-felpudo-430x218.png 430w, https:\/\/showindustrial.com\/wp-content\/uploads\/2024\/02\/colores-textil-felpudo-700x355.png 700w, https:\/\/showindustrial.com\/wp-content\/uploads\/2024\/02\/colores-textil-felpudo.png 892w\" sizes=\"(max-width: 305px) 100vw, 305px\" \/><\/p>\n<p><img decoding=\"async\" class=\"alignnone wp-image-18064\" src=\"http:\/\/showindustrial.com\/wp-content\/uploads\/2024\/02\/Captura-de-pantalla-2024-02-07-a-las-23.16.18.png\" alt=\"\" width=\"78\" height=\"88\" \/><\/p>\n<p><strong><span style=\"vertical-align: inherit;\">Incendi &#8211; Producci\u00f3 de fum<\/span><\/strong><br \/>\n<span style=\"vertical-align: inherit;\"> B fl &#8211; S1 <\/span><br \/>\n<strong><span style=\"vertical-align: inherit;\">C\u00e0rrega vertical<\/span><\/strong><br \/>\n<span style=\"vertical-align: inherit;\"> 50 KN (5,000 kg): Ok <\/span><br \/>\n<strong><span style=\"vertical-align: inherit;\">Resbaladicidad<\/span><\/strong><br \/>\n<span style=\"vertical-align: inherit;\"> Classe 3<\/span><\/p>\n","protected":false},"excerpt":{"rendered":"<p>T\u00e8xtil Al\u00e7ada 17 mm. Amplada del perfil 69 mm. Perfils per metre lineal 14 unitats. Estructura 100% alumini. Acabat anoditzat. 8,8 kg dalumini per m2. Acabat T\u00e8xtil. A\u00efllament i consolidaci\u00f3 Foam de polietil\u00e8 autoadhesiu amb malla de subjecci\u00f3. Accessoris opcionals Perfils laterals i cantonades. Nivell de dificultat Molt baix. 10 min\/m2. Indicat per a Instal\u00b7laci\u00f3 &#8230; <a title=\"Basmat Cronos &#8211; Pelfut Alumini 17 mm (Amplada Especial)\" class=\"read-more\" href=\"https:\/\/showindustrial.com\/ca\/producte\/basmat-cronos-felpudo-alumini-17-mm-amplada-especial\/\" aria-label=\"M\u00e9s informaci\u00f3 sobre Basmat Cronos &#8211; Pelfut Alumini 17 mm (Amplada Especial)\">Llegiu m\u00e9s<\/a><\/p>\n","protected":false},"featured_media":18197,"comment_status":"open","ping_status":"closed","template":"","meta":[],"product_cat":[106],"product_tag":[],"_links":{"self":[{"href":"https:\/\/showindustrial.com\/ca\/wp-json\/wp\/v2\/product\/18201"}],"collection":[{"href":"https:\/\/showindustrial.com\/ca\/wp-json\/wp\/v2\/product"}],"about":[{"href":"https:\/\/showindustrial.com\/ca\/wp-json\/wp\/v2\/types\/product"}],"replies":[{"embeddable":true,"href":"https:\/\/showindustrial.com\/ca\/wp-json\/wp\/v2\/comments?post=18201"}],"version-history":[{"count":2,"href":"https:\/\/showindustrial.com\/ca\/wp-json\/wp\/v2\/product\/18201\/revisions"}],"predecessor-version":[{"id":18544,"href":"https:\/\/showindustrial.com\/ca\/wp-json\/wp\/v2\/product\/18201\/revisions\/18544"}],"wp:featuredmedia":[{"embeddable":true,"href":"https:\/\/showindustrial.com\/ca\/wp-json\/wp\/v2\/media\/18197"}],"wp:attachment":[{"href":"https:\/\/showindustrial.com\/ca\/wp-json\/wp\/v2\/media?parent=18201"}],"wp:term":[{"taxonomy":"product_cat","embeddable":true,"href":"https:\/\/showindustrial.com\/ca\/wp-json\/wp\/v2\/product_cat?post=18201"},{"taxonomy":"product_tag","embeddable":true,"href":"https:\/\/showindustrial.com\/ca\/wp-json\/wp\/v2\/product_tag?post=18201"}],"curies":[{"name":"wp","href":"https:\/\/api.w.org\/{rel}","templated":true}]}}