{"id":18166,"date":"2024-02-08T13:47:42","date_gmt":"2024-02-08T12:47:42","guid":{"rendered":"https:\/\/showindustrial.com\/?post_type=product&#038;p=18166"},"modified":"2024-02-11T20:24:17","modified_gmt":"2024-02-11T19:24:17","slug":"basmat-atenea-rampes-felpudo-alumini-no-necessita-fos","status":"publish","type":"product","link":"https:\/\/showindustrial.com\/ca\/producte\/basmat-atenea-rampes-felpudo-alumini-no-necessita-fos\/","title":{"rendered":"Basmat Aten. + Rampes &#8211; Pelfut (No necessita F\u00f3s)"},"content":{"rendered":"<p>&nbsp;<\/p>\n<table>\n<thead>\n<tr>\n<th><span style=\"vertical-align: inherit;\">Caracter\u00edstiques<\/span><\/th>\n<th><span style=\"vertical-align: inherit;\">T\u00e8xtil &#8211; Rampes<\/span><\/p>\n<p><img fetchpriority=\"high\" decoding=\"async\" class=\"alignnone size-medium wp-image-18052\" src=\"http:\/\/showindustrial.com\/wp-content\/uploads\/2024\/02\/textil-felpudo-aluminio-400x162.png\" alt=\"\" width=\"400\" height=\"162\" srcset=\"https:\/\/showindustrial.com\/wp-content\/uploads\/2024\/02\/textil-felpudo-aluminio-400x162.png 400w, https:\/\/showindustrial.com\/wp-content\/uploads\/2024\/02\/textil-felpudo-aluminio-430x174.png 430w, https:\/\/showindustrial.com\/wp-content\/uploads\/2024\/02\/textil-felpudo-aluminio-700x283.png 700w, https:\/\/showindustrial.com\/wp-content\/uploads\/2024\/02\/textil-felpudo-aluminio.png 712w\" sizes=\"(max-width: 400px) 100vw, 400px\" \/><\/th>\n<th><span style=\"vertical-align: inherit;\">Goma &#8211; Rampes<\/span><\/p>\n<p><img decoding=\"async\" class=\"alignnone size-medium wp-image-18056\" src=\"http:\/\/showindustrial.com\/wp-content\/uploads\/2024\/02\/goma-felpudo-aluminio-400x138.png\" alt=\"\" width=\"400\" height=\"138\" srcset=\"https:\/\/showindustrial.com\/wp-content\/uploads\/2024\/02\/goma-felpudo-aluminio-400x138.png 400w, https:\/\/showindustrial.com\/wp-content\/uploads\/2024\/02\/goma-felpudo-aluminio-430x148.png 430w, https:\/\/showindustrial.com\/wp-content\/uploads\/2024\/02\/goma-felpudo-aluminio-700x241.png 700w, https:\/\/showindustrial.com\/wp-content\/uploads\/2024\/02\/goma-felpudo-aluminio.png 748w\" sizes=\"(max-width: 400px) 100vw, 400px\" \/><\/th>\n<th><span style=\"vertical-align: inherit;\">Raspalls &#8211; Rampes<\/span><\/p>\n<p><img decoding=\"async\" class=\"alignnone size-medium wp-image-18155\" src=\"http:\/\/showindustrial.com\/wp-content\/uploads\/2024\/02\/cepillos-aluminio-tecnico-felpudo-400x101.webp\" alt=\"\" width=\"400\" height=\"101\" srcset=\"https:\/\/showindustrial.com\/wp-content\/uploads\/2024\/02\/cepillos-aluminio-tecnico-felpudo-400x101.webp 400w, https:\/\/showindustrial.com\/wp-content\/uploads\/2024\/02\/cepillos-aluminio-tecnico-felpudo-768x193.webp 768w, https:\/\/showindustrial.com\/wp-content\/uploads\/2024\/02\/cepillos-aluminio-tecnico-felpudo-430x108.webp 430w, https:\/\/showindustrial.com\/wp-content\/uploads\/2024\/02\/cepillos-aluminio-tecnico-felpudo-700x176.webp 700w, https:\/\/showindustrial.com\/wp-content\/uploads\/2024\/02\/cepillos-aluminio-tecnico-felpudo.webp 826w\" sizes=\"(max-width: 400px) 100vw, 400px\" \/><\/th>\n<\/tr>\n<\/thead>\n<tbody>\n<tr>\n<td><span style=\"vertical-align: inherit;\">Al\u00e7ada<\/span><\/td>\n<td><span style=\"vertical-align: inherit;\">9 mm<\/span><\/td>\n<td><span style=\"vertical-align: inherit;\">9 mm<\/span><\/td>\n<td><span style=\"vertical-align: inherit;\">9 mm<\/span><\/td>\n<\/tr>\n<tr>\n<td><span style=\"vertical-align: inherit;\">Amplada del perfil<\/span><\/td>\n<td><span style=\"vertical-align: inherit;\">33 mm<\/span><\/td>\n<td><span style=\"vertical-align: inherit;\">33 mm<\/span><\/td>\n<td><span style=\"vertical-align: inherit;\">33 mm<\/span><\/td>\n<\/tr>\n<tr>\n<td><span style=\"vertical-align: inherit;\">Perfils per metre lineal<\/span><\/td>\n<td><span style=\"vertical-align: inherit;\">30 unitats<\/span><\/td>\n<td><span style=\"vertical-align: inherit;\">30 unitats<\/span><\/td>\n<td><span style=\"vertical-align: inherit;\">30 unitats<\/span><\/td>\n<\/tr>\n<tr>\n<td><span style=\"vertical-align: inherit;\">Estructura<\/span><\/td>\n<td><span style=\"vertical-align: inherit;\">100% alumini. Acabat anoditzat<\/span><\/td>\n<td><span style=\"vertical-align: inherit;\">100% alumini. Acabat anoditzat<\/span><\/td>\n<td><span style=\"vertical-align: inherit;\">100% alumini. Acabat anoditzat<\/span><\/td>\n<\/tr>\n<tr>\n<td><span style=\"vertical-align: inherit;\">Pes d&#8217;alumini per m2<\/span><\/td>\n<td><span style=\"vertical-align: inherit;\">7,3 kg<\/span><\/td>\n<td><span style=\"vertical-align: inherit;\">7,3 kg<\/span><\/td>\n<td><span style=\"vertical-align: inherit;\">7,3 kg<\/span><\/td>\n<\/tr>\n<tr>\n<td><span style=\"vertical-align: inherit;\">Acabat<\/span><\/td>\n<td><span style=\"vertical-align: inherit;\">T\u00e8xtil<\/span><\/td>\n<td><span style=\"vertical-align: inherit;\">Deu<\/span><\/td>\n<td><span style=\"vertical-align: inherit;\">Raspalls<\/span><\/td>\n<\/tr>\n<tr>\n<td><span style=\"vertical-align: inherit;\">A\u00efllament i consolidaci\u00f3<\/span><\/td>\n<td><span style=\"vertical-align: inherit;\">Foam de goma autoadhesiu antilliscant amb malla de subjecci\u00f3<\/span><\/td>\n<td><span style=\"vertical-align: inherit;\">Foam de goma autoadhesiu antilliscant amb malla de subjecci\u00f3<\/span><\/td>\n<td><span style=\"vertical-align: inherit;\">Foam de goma autoadhesiu antilliscant amb malla de subjecci\u00f3<\/span><\/td>\n<\/tr>\n<tr>\n<td><span style=\"vertical-align: inherit;\">Accessoris inclosos<\/span><\/td>\n<td><span style=\"vertical-align: inherit;\">Rampes i peces de cantonada<\/span><\/td>\n<td><span style=\"vertical-align: inherit;\">Rampes i peces de cantonada<\/span><\/td>\n<td><span style=\"vertical-align: inherit;\">Rampes i peces de cantonada<\/span><\/td>\n<\/tr>\n<tr>\n<td><span style=\"vertical-align: inherit;\">Nivell de dificultat<\/span><\/td>\n<td><span style=\"vertical-align: inherit;\">Baix. 15 min\/m2<\/span><\/td>\n<td><span style=\"vertical-align: inherit;\">Baix. 15 min\/m2<\/span><\/td>\n<td><span style=\"vertical-align: inherit;\">Baix. 15 min\/m2<\/span><\/td>\n<\/tr>\n<tr>\n<td><span style=\"vertical-align: inherit;\">Indicat per<\/span><\/td>\n<td><span style=\"vertical-align: inherit;\">Paviments en qu\u00e8 no existeix fossat<\/span><\/td>\n<td><span style=\"vertical-align: inherit;\">Paviments en qu\u00e8 no existeix fossat<\/span><\/td>\n<td><span style=\"vertical-align: inherit;\">Paviments en qu\u00e8 no existeix fossat<\/span><\/td>\n<\/tr>\n<tr>\n<td><span style=\"vertical-align: inherit;\"><span class=\"VIpgJd-yAWNEb-VIpgJd-fmcmS-sn54Q\" style=\"vertical-align: inherit;\">Dimensions m\u00e0ximes<\/span><\/span><\/td>\n<td><span style=\"vertical-align: inherit;\">Ample: 3 m\/sense l\u00edmits (intercalat). Llarg: Sense l\u00edmits<\/span><\/td>\n<td><span style=\"vertical-align: inherit;\">Ample: 3 m\/sense l\u00edmits (intercalat). Llarg: Sense l\u00edmits<\/span><\/td>\n<td><span style=\"vertical-align: inherit;\">Ample: 3 m\/sense l\u00edmits (intercalat). Llarg: Sense l\u00edmits<\/span><\/td>\n<\/tr>\n<tr>\n<td><span style=\"vertical-align: inherit;\">Incendi &#8211; Producci\u00f3 de fum<\/span><\/td>\n<td><span style=\"vertical-align: inherit;\">B a S1<\/span><\/td>\n<td><span style=\"vertical-align: inherit;\">D fl &#8211; S1<\/span><\/td>\n<td><span style=\"vertical-align: inherit;\">B a S1<\/span><\/td>\n<\/tr>\n<tr>\n<td><span style=\"vertical-align: inherit;\">C\u00e0rrega vertical<\/span><\/td>\n<td><span style=\"vertical-align: inherit;\">50 KN (5.000 kg): D&#8217;acord<\/span><\/td>\n<td><span style=\"vertical-align: inherit;\">50 KN (5.000 kg): D&#8217;acord<\/span><\/td>\n<td><span style=\"vertical-align: inherit;\">50 KN (5.000 kg): D&#8217;acord<\/span><\/td>\n<\/tr>\n<tr>\n<td><span style=\"vertical-align: inherit;\">Resbaladdicitat<\/span><\/td>\n<td><span style=\"vertical-align: inherit;\">Classe 3<\/span><\/td>\n<td><span style=\"vertical-align: inherit;\">Classe 3<\/span><\/td>\n<td><span style=\"vertical-align: inherit;\">Classe 3<\/span><\/td>\n<\/tr>\n<tr>\n<td><span style=\"vertical-align: inherit;\">Colors<\/span><\/td>\n<td><img loading=\"lazy\" decoding=\"async\" class=\"alignnone size-medium wp-image-18060\" src=\"http:\/\/showindustrial.com\/wp-content\/uploads\/2024\/02\/colores-textil-felpudo-400x203.png\" alt=\"\" width=\"400\" height=\"203\" srcset=\"https:\/\/showindustrial.com\/wp-content\/uploads\/2024\/02\/colores-textil-felpudo-400x203.png 400w, https:\/\/showindustrial.com\/wp-content\/uploads\/2024\/02\/colores-textil-felpudo-768x389.png 768w, https:\/\/showindustrial.com\/wp-content\/uploads\/2024\/02\/colores-textil-felpudo-430x218.png 430w, https:\/\/showindustrial.com\/wp-content\/uploads\/2024\/02\/colores-textil-felpudo-700x355.png 700w, https:\/\/showindustrial.com\/wp-content\/uploads\/2024\/02\/colores-textil-felpudo.png 892w\" sizes=\"(max-width: 400px) 100vw, 400px\" \/><\/p>\n<p><img loading=\"lazy\" decoding=\"async\" class=\"alignnone wp-image-18064\" src=\"http:\/\/showindustrial.com\/wp-content\/uploads\/2024\/02\/Captura-de-pantalla-2024-02-07-a-las-23.16.18.png\" alt=\"\" width=\"66\" height=\"74\" \/><\/td>\n<td><img loading=\"lazy\" decoding=\"async\" class=\"alignnone wp-image-18068\" src=\"http:\/\/showindustrial.com\/wp-content\/uploads\/2024\/02\/felpudo-goma-colores.png\" alt=\"\" width=\"62\" height=\"75\" \/><\/td>\n<td><img loading=\"lazy\" decoding=\"async\" class=\"alignnone size-medium wp-image-18072\" src=\"http:\/\/showindustrial.com\/wp-content\/uploads\/2024\/02\/colores-felpudo-cepillo-400x107.png\" alt=\"\" width=\"400\" height=\"107\" srcset=\"https:\/\/showindustrial.com\/wp-content\/uploads\/2024\/02\/colores-felpudo-cepillo-400x107.png 400w, https:\/\/showindustrial.com\/wp-content\/uploads\/2024\/02\/colores-felpudo-cepillo-768x205.png 768w, https:\/\/showindustrial.com\/wp-content\/uploads\/2024\/02\/colores-felpudo-cepillo-430x115.png 430w, https:\/\/showindustrial.com\/wp-content\/uploads\/2024\/02\/colores-felpudo-cepillo-700x187.png 700w, https:\/\/showindustrial.com\/wp-content\/uploads\/2024\/02\/colores-felpudo-cepillo.png 868w\" sizes=\"(max-width: 400px) 100vw, 400px\" \/><\/td>\n<\/tr>\n<\/tbody>\n<\/table>\n","protected":false},"excerpt":{"rendered":"<p>&nbsp; Caracter\u00edstiques T\u00e8xtil &#8211; Rampes Goma &#8211; Rampes Raspalls &#8211; Rampes Al\u00e7ada 9 mm 9 mm 9 mm Amplada del perfil 33 mm 33 mm 33 mm Perfils per metre lineal 30 unitats 30 unitats 30 unitats Estructura 100% alumini. Acabat anoditzat 100% alumini. Acabat anoditzat 100% alumini. Acabat anoditzat Pes d&#8217;alumini per m2 7,3 &#8230; <a title=\"Basmat Aten. + Rampes &#8211; Pelfut (No necessita F\u00f3s)\" class=\"read-more\" href=\"https:\/\/showindustrial.com\/ca\/producte\/basmat-atenea-rampes-felpudo-alumini-no-necessita-fos\/\" aria-label=\"M\u00e9s informaci\u00f3 sobre Basmat Aten. + Rampes &#8211; Pelfut (No necessita F\u00f3s)\">Llegiu m\u00e9s<\/a><\/p>\n","protected":false},"featured_media":18160,"comment_status":"open","ping_status":"closed","template":"","meta":[],"product_cat":[106],"product_tag":[],"_links":{"self":[{"href":"https:\/\/showindustrial.com\/ca\/wp-json\/wp\/v2\/product\/18166"}],"collection":[{"href":"https:\/\/showindustrial.com\/ca\/wp-json\/wp\/v2\/product"}],"about":[{"href":"https:\/\/showindustrial.com\/ca\/wp-json\/wp\/v2\/types\/product"}],"replies":[{"embeddable":true,"href":"https:\/\/showindustrial.com\/ca\/wp-json\/wp\/v2\/comments?post=18166"}],"version-history":[{"count":5,"href":"https:\/\/showindustrial.com\/ca\/wp-json\/wp\/v2\/product\/18166\/revisions"}],"predecessor-version":[{"id":18644,"href":"https:\/\/showindustrial.com\/ca\/wp-json\/wp\/v2\/product\/18166\/revisions\/18644"}],"wp:featuredmedia":[{"embeddable":true,"href":"https:\/\/showindustrial.com\/ca\/wp-json\/wp\/v2\/media\/18160"}],"wp:attachment":[{"href":"https:\/\/showindustrial.com\/ca\/wp-json\/wp\/v2\/media?parent=18166"}],"wp:term":[{"taxonomy":"product_cat","embeddable":true,"href":"https:\/\/showindustrial.com\/ca\/wp-json\/wp\/v2\/product_cat?post=18166"},{"taxonomy":"product_tag","embeddable":true,"href":"https:\/\/showindustrial.com\/ca\/wp-json\/wp\/v2\/product_tag?post=18166"}],"curies":[{"name":"wp","href":"https:\/\/api.w.org\/{rel}","templated":true}]}}