{"id":18128,"date":"2024-02-08T12:58:34","date_gmt":"2024-02-08T11:58:34","guid":{"rendered":"https:\/\/showindustrial.com\/?post_type=product&#038;p=18128"},"modified":"2024-02-08T13:09:18","modified_gmt":"2024-02-08T12:09:18","slug":"basmat-hermes-pelfut-17-mm","status":"publish","type":"product","link":"https:\/\/showindustrial.com\/ca\/producte\/basmat-hermes-pelfut-17-mm\/","title":{"rendered":"Basmat Hermes &#8211; Pelfut 17 mm"},"content":{"rendered":"<p><strong><span style=\"vertical-align: inherit;\">T\u00e8xtil<\/span><\/strong><\/p>\n<p><img decoding=\"async\" class=\"alignnone wp-image-18052\" src=\"http:\/\/showindustrial.com\/wp-content\/uploads\/2024\/02\/textil-felpudo-aluminio-400x162.png\" alt=\"\" width=\"207\" height=\"84\" srcset=\"https:\/\/showindustrial.com\/wp-content\/uploads\/2024\/02\/textil-felpudo-aluminio-400x162.png 400w, https:\/\/showindustrial.com\/wp-content\/uploads\/2024\/02\/textil-felpudo-aluminio-430x174.png 430w, https:\/\/showindustrial.com\/wp-content\/uploads\/2024\/02\/textil-felpudo-aluminio-700x283.png 700w, https:\/\/showindustrial.com\/wp-content\/uploads\/2024\/02\/textil-felpudo-aluminio.png 712w\" sizes=\"(max-width: 207px) 100vw, 207px\" \/><\/p>\n<p><strong><span style=\"vertical-align: inherit;\">Al\u00e7ada<\/span><\/strong><br \/>\n<span style=\"vertical-align: inherit;\"> 17 mm. <\/span><br \/>\n<strong><span style=\"vertical-align: inherit;\">Amplada del perfil<\/span><\/strong><br \/>\n<span style=\"vertical-align: inherit;\"> 33 mm. <\/span><br \/>\n<strong><span style=\"vertical-align: inherit;\">Perfils per metre lineal<\/span><\/strong><br \/>\n<span style=\"vertical-align: inherit;\"> 30 unitats. <\/span><br \/>\n<strong><span style=\"vertical-align: inherit;\">Estructura<\/span><\/strong><br \/>\n<span style=\"vertical-align: inherit;\"> 100% alumini. Acabat anoditzat. <\/span><br \/>\n<span style=\"vertical-align: inherit;\">10 kg d&#8217;alumini per m2<\/span><\/p>\n<p><strong><span style=\"vertical-align: inherit;\">Acabat<\/span><\/strong><br \/>\n<span style=\"vertical-align: inherit;\"> T\u00e8xtil. <\/span><br \/>\n<strong><span style=\"vertical-align: inherit;\">A\u00efllament i consolidaci\u00f3<\/span><\/strong><br \/>\n<span style=\"vertical-align: inherit;\"> Foam de polietil\u00e8 autoadhesiu <\/span><br \/>\n<span style=\"vertical-align: inherit;\">amb malla de subjecci\u00f3. <\/span><br \/>\n<strong><span style=\"vertical-align: inherit;\">Accessoris opcionals<\/span><\/strong><br \/>\n<span style=\"vertical-align: inherit;\"> Perfils laterals i cantonades. <\/span><br \/>\n<strong><span style=\"vertical-align: inherit;\">Nivell de dificultat<\/span><\/strong><br \/>\n<span style=\"vertical-align: inherit;\"> Baix. 15 min\/m2. <\/span><br \/>\n<strong><span style=\"vertical-align: inherit;\">Indicat per<\/span><\/strong><br \/>\n<span style=\"vertical-align: inherit;\"> a Instal\u00b7laci\u00f3 encastada. <\/span><br \/>\n<strong><span style=\"vertical-align: inherit;\">Dimensions m\u00e0ximes<\/span><\/strong><br \/>\n<span style=\"vertical-align: inherit;\"> Ample: 3 m\/sense l\u00edmits (intercalat). <\/span><br \/>\n<span style=\"vertical-align: inherit;\">Llarg: Sense l\u00edmits.<\/span><\/p>\n<p><strong><span style=\"vertical-align: inherit;\">Polipropil\u00e8<\/span><\/strong><\/p>\n<p><img decoding=\"async\" class=\"alignnone wp-image-18060\" src=\"http:\/\/showindustrial.com\/wp-content\/uploads\/2024\/02\/colores-textil-felpudo-400x203.png\" alt=\"\" width=\"288\" height=\"146\" srcset=\"https:\/\/showindustrial.com\/wp-content\/uploads\/2024\/02\/colores-textil-felpudo-400x203.png 400w, https:\/\/showindustrial.com\/wp-content\/uploads\/2024\/02\/colores-textil-felpudo-768x389.png 768w, https:\/\/showindustrial.com\/wp-content\/uploads\/2024\/02\/colores-textil-felpudo-430x218.png 430w, https:\/\/showindustrial.com\/wp-content\/uploads\/2024\/02\/colores-textil-felpudo-700x355.png 700w, https:\/\/showindustrial.com\/wp-content\/uploads\/2024\/02\/colores-textil-felpudo.png 892w\" sizes=\"(max-width: 288px) 100vw, 288px\" \/><\/p>\n<p><strong><span style=\"vertical-align: inherit;\">Polipropil\u00e8 &#8211; Diamant<\/span><\/strong><\/p>\n<p><img decoding=\"async\" class=\"alignnone wp-image-18064\" src=\"http:\/\/showindustrial.com\/wp-content\/uploads\/2024\/02\/Captura-de-pantalla-2024-02-07-a-las-23.16.18.png\" alt=\"\" width=\"70\" height=\"79\" \/><\/p>\n<p><strong><span style=\"vertical-align: inherit;\">Deu<\/span><\/strong><\/p>\n<p><img loading=\"lazy\" decoding=\"async\" class=\"alignnone wp-image-18056\" src=\"http:\/\/showindustrial.com\/wp-content\/uploads\/2024\/02\/goma-felpudo-aluminio-400x138.png\" alt=\"\" width=\"241\" height=\"83\" srcset=\"https:\/\/showindustrial.com\/wp-content\/uploads\/2024\/02\/goma-felpudo-aluminio-400x138.png 400w, https:\/\/showindustrial.com\/wp-content\/uploads\/2024\/02\/goma-felpudo-aluminio-430x148.png 430w, https:\/\/showindustrial.com\/wp-content\/uploads\/2024\/02\/goma-felpudo-aluminio-700x241.png 700w, https:\/\/showindustrial.com\/wp-content\/uploads\/2024\/02\/goma-felpudo-aluminio.png 748w\" sizes=\"(max-width: 241px) 100vw, 241px\" \/><\/p>\n<p><strong><span style=\"vertical-align: inherit;\">Al\u00e7ada<\/span><\/strong><br \/>\n<span style=\"vertical-align: inherit;\"> 17 mm. <\/span><br \/>\n<strong><span style=\"vertical-align: inherit;\">Amplada del perfil<\/span><\/strong><br \/>\n<span style=\"vertical-align: inherit;\"> 33 mm. <\/span><br \/>\n<strong><span style=\"vertical-align: inherit;\">Perfils per metre lineal<\/span><\/strong><br \/>\n<span style=\"vertical-align: inherit;\"> 30 unitats. <\/span><br \/>\n<strong><span style=\"vertical-align: inherit;\">Estructura<\/span><\/strong><br \/>\n<span style=\"vertical-align: inherit;\"> 100% alumini. Acabat anoditzat. <\/span><br \/>\n<span style=\"vertical-align: inherit;\">10 kg d&#8217;alumini per m2<\/span><\/p>\n<p><strong><span style=\"vertical-align: inherit;\">Acabat<\/span><\/strong><br \/>\n<span style=\"vertical-align: inherit;\"> Goma. <\/span><br \/>\n<strong><span style=\"vertical-align: inherit;\">A\u00efllament i consolidaci\u00f3<\/span><\/strong><br \/>\n<span style=\"vertical-align: inherit;\"> Foam de polietil\u00e8 autoadhesiu <\/span><br \/>\n<span style=\"vertical-align: inherit;\">amb malla de subjecci\u00f3. <\/span><br \/>\n<strong><span style=\"vertical-align: inherit;\">Accessoris opcionals<\/span><\/strong><br \/>\n<span style=\"vertical-align: inherit;\"> Perfils laterals i cantonades. <\/span><br \/>\n<strong><span style=\"vertical-align: inherit;\">Nivell de dificultat<\/span><\/strong><br \/>\n<span style=\"vertical-align: inherit;\"> Baix. 15 min\/m2 <\/span><br \/>\n<strong><span style=\"vertical-align: inherit;\">Indicat per<\/span><\/strong><br \/>\n<span style=\"vertical-align: inherit;\"> a Instal\u00b7laci\u00f3 encastada. <\/span><br \/>\n<strong><span style=\"vertical-align: inherit;\">Dimensions m\u00e0ximes<\/span><\/strong><br \/>\n<span style=\"vertical-align: inherit;\"> Ample: 3 m\/sense l\u00edmits (intercalat). <\/span><br \/>\n<span style=\"vertical-align: inherit;\">Llarg: Sense l\u00edmits.<\/span><\/p>\n<p><img loading=\"lazy\" decoding=\"async\" class=\"alignnone wp-image-18068\" src=\"http:\/\/showindustrial.com\/wp-content\/uploads\/2024\/02\/felpudo-goma-colores.png\" alt=\"\" width=\"72\" height=\"87\" \/><\/p>\n<p><strong><span style=\"vertical-align: inherit;\">Raspalls<\/span><\/strong><\/p>\n<p><img loading=\"lazy\" decoding=\"async\" class=\"alignnone wp-image-18076\" src=\"http:\/\/showindustrial.com\/wp-content\/uploads\/2024\/02\/cepillos-felpudo-aluminio-400x161.webp\" alt=\"\" width=\"241\" height=\"97\" srcset=\"https:\/\/showindustrial.com\/wp-content\/uploads\/2024\/02\/cepillos-felpudo-aluminio-400x161.webp 400w, https:\/\/showindustrial.com\/wp-content\/uploads\/2024\/02\/cepillos-felpudo-aluminio-430x173.webp 430w, https:\/\/showindustrial.com\/wp-content\/uploads\/2024\/02\/cepillos-felpudo-aluminio-700x281.webp 700w, https:\/\/showindustrial.com\/wp-content\/uploads\/2024\/02\/cepillos-felpudo-aluminio.webp 702w\" sizes=\"(max-width: 241px) 100vw, 241px\" \/><\/p>\n<p><strong><span style=\"vertical-align: inherit;\">Al\u00e7ada<\/span><\/strong><br \/>\n<span style=\"vertical-align: inherit;\"> 17 mm. <\/span><br \/>\n<strong><span style=\"vertical-align: inherit;\">Amplada del perfil<\/span><\/strong><br \/>\n<span style=\"vertical-align: inherit;\"> 33 mm. <\/span><br \/>\n<strong><span style=\"vertical-align: inherit;\">Perfils per metre lineal<\/span><\/strong><br \/>\n<span style=\"vertical-align: inherit;\"> 30 unitats. <\/span><br \/>\n<strong><span style=\"vertical-align: inherit;\">Estructura<\/span><\/strong><br \/>\n<span style=\"vertical-align: inherit;\"> 100% alumini. Acabat anoditzat. <\/span><br \/>\n<span style=\"vertical-align: inherit;\">10 kg dalumini per m2.<\/span><\/p>\n<p><strong><span style=\"vertical-align: inherit;\">Acabat<\/span><\/strong><br \/>\n<span style=\"vertical-align: inherit;\"> Raspalls. <\/span><br \/>\n<strong><span style=\"vertical-align: inherit;\">A\u00efllament i consolidaci\u00f3<\/span><\/strong><br \/>\n<span style=\"vertical-align: inherit;\"> Foam de polietil\u00e8 autoadhesiu <\/span><br \/>\n<span style=\"vertical-align: inherit;\">amb malla de subjecci\u00f3. <\/span><br \/>\n<strong><span style=\"vertical-align: inherit;\">Accessoris opcionals<\/span><\/strong><br \/>\n<span style=\"vertical-align: inherit;\"> Perfils laterals i cantonades. <\/span><br \/>\n<strong><span style=\"vertical-align: inherit;\">Nivell de dificultat<\/span><\/strong><br \/>\n<span style=\"vertical-align: inherit;\"> Baix. 15 min\/m2. <\/span><br \/>\n<strong><span style=\"vertical-align: inherit;\">Indicat per<\/span><\/strong><br \/>\n<span style=\"vertical-align: inherit;\"> a Instal\u00b7laci\u00f3 encastada. <\/span><br \/>\n<strong><span style=\"vertical-align: inherit;\">Dimensions m\u00e0ximes<\/span><\/strong><br \/>\n<span style=\"vertical-align: inherit;\"> Ample: 3 m\/sense l\u00edmits (intercalat). <\/span><br \/>\n<span style=\"vertical-align: inherit;\">Llarg: Sense l\u00edmits.<\/span><\/p>\n<p><img loading=\"lazy\" decoding=\"async\" class=\"alignnone wp-image-18072\" src=\"http:\/\/showindustrial.com\/wp-content\/uploads\/2024\/02\/colores-felpudo-cepillo-400x107.png\" alt=\"\" width=\"280\" height=\"75\" srcset=\"https:\/\/showindustrial.com\/wp-content\/uploads\/2024\/02\/colores-felpudo-cepillo-400x107.png 400w, https:\/\/showindustrial.com\/wp-content\/uploads\/2024\/02\/colores-felpudo-cepillo-768x205.png 768w, https:\/\/showindustrial.com\/wp-content\/uploads\/2024\/02\/colores-felpudo-cepillo-430x115.png 430w, https:\/\/showindustrial.com\/wp-content\/uploads\/2024\/02\/colores-felpudo-cepillo-700x187.png 700w, https:\/\/showindustrial.com\/wp-content\/uploads\/2024\/02\/colores-felpudo-cepillo.png 868w\" sizes=\"(max-width: 280px) 100vw, 280px\" \/><\/p>\n","protected":false},"excerpt":{"rendered":"<p>T\u00e8xtil Al\u00e7ada 17 mm. Amplada del perfil 33 mm. Perfils per metre lineal 30 unitats. Estructura 100% alumini. Acabat anoditzat. 10 kg d&#8217;alumini per m2 Acabat T\u00e8xtil. A\u00efllament i consolidaci\u00f3 Foam de polietil\u00e8 autoadhesiu amb malla de subjecci\u00f3. Accessoris opcionals Perfils laterals i cantonades. Nivell de dificultat Baix. 15 min\/m2. Indicat per a Instal\u00b7laci\u00f3 encastada. &#8230; <a title=\"Basmat Hermes &#8211; Pelfut 17 mm\" class=\"read-more\" href=\"https:\/\/showindustrial.com\/ca\/producte\/basmat-hermes-pelfut-17-mm\/\" aria-label=\"M\u00e9s informaci\u00f3 sobre Basmat Hermes &#8211; Pelfut 17 mm\">Llegiu m\u00e9s<\/a><\/p>\n","protected":false},"featured_media":18119,"comment_status":"open","ping_status":"closed","template":"","meta":[],"product_cat":[106],"product_tag":[],"_links":{"self":[{"href":"https:\/\/showindustrial.com\/ca\/wp-json\/wp\/v2\/product\/18128"}],"collection":[{"href":"https:\/\/showindustrial.com\/ca\/wp-json\/wp\/v2\/product"}],"about":[{"href":"https:\/\/showindustrial.com\/ca\/wp-json\/wp\/v2\/types\/product"}],"replies":[{"embeddable":true,"href":"https:\/\/showindustrial.com\/ca\/wp-json\/wp\/v2\/comments?post=18128"}],"version-history":[{"count":1,"href":"https:\/\/showindustrial.com\/ca\/wp-json\/wp\/v2\/product\/18128\/revisions"}],"predecessor-version":[{"id":18129,"href":"https:\/\/showindustrial.com\/ca\/wp-json\/wp\/v2\/product\/18128\/revisions\/18129"}],"wp:featuredmedia":[{"embeddable":true,"href":"https:\/\/showindustrial.com\/ca\/wp-json\/wp\/v2\/media\/18119"}],"wp:attachment":[{"href":"https:\/\/showindustrial.com\/ca\/wp-json\/wp\/v2\/media?parent=18128"}],"wp:term":[{"taxonomy":"product_cat","embeddable":true,"href":"https:\/\/showindustrial.com\/ca\/wp-json\/wp\/v2\/product_cat?post=18128"},{"taxonomy":"product_tag","embeddable":true,"href":"https:\/\/showindustrial.com\/ca\/wp-json\/wp\/v2\/product_tag?post=18128"}],"curies":[{"name":"wp","href":"https:\/\/api.w.org\/{rel}","templated":true}]}}