{"id":18044,"date":"2024-02-07T23:23:16","date_gmt":"2024-02-07T22:23:16","guid":{"rendered":"https:\/\/showindustrial.com\/?post_type=product&#038;p=18044"},"modified":"2024-02-07T23:24:59","modified_gmt":"2024-02-07T22:24:59","slug":"basmat-atenea-pelfut-alumini-9-mm","status":"publish","type":"product","link":"https:\/\/showindustrial.com\/ca\/producte\/basmat-atenea-pelfut-alumini-9-mm\/","title":{"rendered":"Basmat Atenea &#8211; Pelfut Alumini 9 mm"},"content":{"rendered":"<p><strong><span style=\"vertical-align: inherit;\"><span style=\"vertical-align: inherit;\">T\u00e8xtil<\/span><\/span><\/strong><\/p>\n<p><img decoding=\"async\" class=\"alignnone wp-image-18049\" src=\"http:\/\/showindustrial.com\/wp-content\/uploads\/2024\/02\/textil-felpudo-aluminio-400x162.png\" alt=\"\" width=\"254\" height=\"103\" srcset=\"https:\/\/showindustrial.com\/wp-content\/uploads\/2024\/02\/textil-felpudo-aluminio-400x162.png 400w, https:\/\/showindustrial.com\/wp-content\/uploads\/2024\/02\/textil-felpudo-aluminio-430x174.png 430w, https:\/\/showindustrial.com\/wp-content\/uploads\/2024\/02\/textil-felpudo-aluminio-700x283.png 700w, https:\/\/showindustrial.com\/wp-content\/uploads\/2024\/02\/textil-felpudo-aluminio.png 712w\" sizes=\"(max-width: 254px) 100vw, 254px\" \/><\/p>\n<p><strong><span style=\"vertical-align: inherit;\"><span style=\"vertical-align: inherit;\">Al\u00e7ada<\/span><\/span><\/strong><br \/>\n<span style=\"vertical-align: inherit;\"><span style=\"vertical-align: inherit;\"> 17 mm. <\/span><\/span><br \/>\n<strong><span style=\"vertical-align: inherit;\"><span style=\"vertical-align: inherit;\">Amplada del perfil<\/span><\/span><\/strong><br \/>\n<span style=\"vertical-align: inherit;\"><span style=\"vertical-align: inherit;\"> 33 mm. <\/span><\/span><br \/>\n<strong><span style=\"vertical-align: inherit;\"><span style=\"vertical-align: inherit;\">Perfils per metre lineal<\/span><\/span><\/strong><br \/>\n<span style=\"vertical-align: inherit;\"><span style=\"vertical-align: inherit;\"> 30 unitats. <\/span><\/span><br \/>\n<strong><span style=\"vertical-align: inherit;\"><span style=\"vertical-align: inherit;\">Estructura<\/span><\/span><\/strong><br \/>\n<span style=\"vertical-align: inherit;\"><span style=\"vertical-align: inherit;\"> 100% alumini. Acabat anoditzat. <\/span><\/span><br \/>\n<span style=\"vertical-align: inherit;\"><span style=\"vertical-align: inherit;\">10 kg d&#8217;alumini per m2<\/span><\/span><\/p>\n<p><strong><span style=\"vertical-align: inherit;\"><span style=\"vertical-align: inherit;\">Acabat T\u00e8xtil<\/span><\/span><\/strong><br \/>\n<span style=\"vertical-align: inherit;\"><span style=\"vertical-align: inherit;\"> A\u00efllament i consolidaci\u00f3 <\/span><\/span><br \/>\n<span style=\"vertical-align: inherit;\"><span style=\"vertical-align: inherit;\">Foam de polietil\u00e8 autoadhesiu <\/span><\/span><br \/>\n<span style=\"vertical-align: inherit;\"><span style=\"vertical-align: inherit;\">amb malla de subjecci\u00f3. <\/span><\/span><br \/>\n<span style=\"vertical-align: inherit;\"><span style=\"vertical-align: inherit;\">Accessoris opcionals <\/span><\/span><br \/>\n<span style=\"vertical-align: inherit;\"><span style=\"vertical-align: inherit;\">Perfils laterals i cantonades. <\/span><\/span><br \/>\n<span style=\"vertical-align: inherit;\"><span style=\"vertical-align: inherit;\">Nivell de dificultat <\/span><\/span><br \/>\n<span style=\"vertical-align: inherit;\"><span style=\"vertical-align: inherit;\">Baix. 15 min\/m2 <\/span><\/span><br \/>\n<strong><span style=\"vertical-align: inherit;\"><span style=\"vertical-align: inherit;\">Indicat per<\/span><\/span><\/strong><br \/>\n<span style=\"vertical-align: inherit;\"><span style=\"vertical-align: inherit;\"> a Instal\u00b7laci\u00f3 encastada. <\/span><\/span><br \/>\n<strong><span style=\"vertical-align: inherit;\"><span style=\"vertical-align: inherit;\">Dimensions m\u00e0ximes<\/span><\/span><\/strong><br \/>\n<span style=\"vertical-align: inherit;\"><span style=\"vertical-align: inherit;\"> Ample: 3 m\/sense l\u00edmits (intercalat). <\/span><\/span><br \/>\n<span style=\"vertical-align: inherit;\"><span style=\"vertical-align: inherit;\">Llarg: Sense l\u00edmits.<\/span><\/span><\/p>\n<p><strong><span style=\"vertical-align: inherit;\"><span style=\"vertical-align: inherit;\">Colors Propil\u00e8<\/span><\/span><\/strong><\/p>\n<p><img fetchpriority=\"high\" decoding=\"async\" class=\"alignnone wp-image-18057\" src=\"http:\/\/showindustrial.com\/wp-content\/uploads\/2024\/02\/colores-textil-felpudo-400x203.png\" alt=\"\" width=\"337\" height=\"171\" srcset=\"https:\/\/showindustrial.com\/wp-content\/uploads\/2024\/02\/colores-textil-felpudo-400x203.png 400w, https:\/\/showindustrial.com\/wp-content\/uploads\/2024\/02\/colores-textil-felpudo-768x389.png 768w, https:\/\/showindustrial.com\/wp-content\/uploads\/2024\/02\/colores-textil-felpudo-430x218.png 430w, https:\/\/showindustrial.com\/wp-content\/uploads\/2024\/02\/colores-textil-felpudo-700x355.png 700w, https:\/\/showindustrial.com\/wp-content\/uploads\/2024\/02\/colores-textil-felpudo.png 892w\" sizes=\"(max-width: 337px) 100vw, 337px\" \/><\/p>\n<p><strong><span style=\"vertical-align: inherit;\"><span style=\"vertical-align: inherit;\">Colors Propil\u00e8 &#8211; Diamant<\/span><\/span><\/strong><\/p>\n<p><img decoding=\"async\" class=\"alignnone wp-image-18061\" src=\"http:\/\/showindustrial.com\/wp-content\/uploads\/2024\/02\/Captura-de-pantalla-2024-02-07-a-las-23.16.18.png\" alt=\"\" width=\"77\" height=\"87\" \/><\/p>\n<p><span style=\"vertical-align: inherit;\"><span style=\"vertical-align: inherit;\">Incendi &#8211; Producci\u00f3 de fum <\/span><\/span><br \/>\n<span style=\"vertical-align: inherit;\"><span style=\"vertical-align: inherit;\">B fl &#8211; S1 <\/span><\/span><br \/>\n<span style=\"vertical-align: inherit;\"><span style=\"vertical-align: inherit;\">C\u00e0rrega vertical <\/span><\/span><br \/>\n<span style=\"vertical-align: inherit;\"><span style=\"vertical-align: inherit;\">50 KN (5,000 kg): Ok <\/span><\/span><br \/>\n<span style=\"vertical-align: inherit;\"><span style=\"vertical-align: inherit;\">Resbaladicidad <\/span><\/span><br \/>\n<span style=\"vertical-align: inherit;\"><span style=\"vertical-align: inherit;\">Classe 3<\/span><\/span><\/p>\n<p><strong><span style=\"vertical-align: inherit;\"><span style=\"vertical-align: inherit;\">Deu<\/span><\/span><\/strong><\/p>\n<p><img loading=\"lazy\" decoding=\"async\" class=\"alignnone wp-image-18053\" src=\"http:\/\/showindustrial.com\/wp-content\/uploads\/2024\/02\/goma-felpudo-aluminio-400x138.png\" alt=\"\" width=\"287\" height=\"99\" srcset=\"https:\/\/showindustrial.com\/wp-content\/uploads\/2024\/02\/goma-felpudo-aluminio-400x138.png 400w, https:\/\/showindustrial.com\/wp-content\/uploads\/2024\/02\/goma-felpudo-aluminio-430x148.png 430w, https:\/\/showindustrial.com\/wp-content\/uploads\/2024\/02\/goma-felpudo-aluminio-700x241.png 700w, https:\/\/showindustrial.com\/wp-content\/uploads\/2024\/02\/goma-felpudo-aluminio.png 748w\" sizes=\"(max-width: 287px) 100vw, 287px\" \/><\/p>\n<p><strong><span style=\"vertical-align: inherit;\"><span style=\"vertical-align: inherit;\">Al\u00e7ada<\/span><\/span><\/strong><br \/>\n<span style=\"vertical-align: inherit;\"><span style=\"vertical-align: inherit;\"> 17 mm. <\/span><\/span><br \/>\n<strong><span style=\"vertical-align: inherit;\"><span style=\"vertical-align: inherit;\">Amplada del perfil<\/span><\/span><\/strong><br \/>\n<span style=\"vertical-align: inherit;\"><span style=\"vertical-align: inherit;\"> 33 mm. <\/span><\/span><br \/>\n<span style=\"vertical-align: inherit;\"><span style=\"vertical-align: inherit;\">Perfils per metre lineal <\/span><\/span><br \/>\n<span style=\"vertical-align: inherit;\"><span style=\"vertical-align: inherit;\">30 unitats. <\/span><\/span><br \/>\n<strong><span style=\"vertical-align: inherit;\"><span style=\"vertical-align: inherit;\">Estructura<\/span><\/span><\/strong><br \/>\n<span style=\"vertical-align: inherit;\"><span style=\"vertical-align: inherit;\"> 100% alumini. Acabat anoditzat. <\/span><\/span><br \/>\n<span style=\"vertical-align: inherit;\"><span style=\"vertical-align: inherit;\">10 kg dalumini per m2 <\/span><\/span><br \/>\n<strong><span style=\"vertical-align: inherit;\"><span style=\"vertical-align: inherit;\">Acabat<\/span><\/span><\/strong><br \/>\n<span style=\"vertical-align: inherit;\"><span style=\"vertical-align: inherit;\"> Goma. <\/span><\/span><br \/>\n<strong><span style=\"vertical-align: inherit;\"><span style=\"vertical-align: inherit;\">A\u00efllament i consolidaci\u00f3<\/span><\/span><\/strong><br \/>\n<span style=\"vertical-align: inherit;\"><span style=\"vertical-align: inherit;\"> Foam de polietil\u00e8 autoadhesiu <\/span><\/span><br \/>\n<span style=\"vertical-align: inherit;\"><span style=\"vertical-align: inherit;\">amb malla de subjecci\u00f3. <\/span><\/span><br \/>\n<strong><span style=\"vertical-align: inherit;\"><span style=\"vertical-align: inherit;\">Accessoris opcionals<\/span><\/span><\/strong><br \/>\n<span style=\"vertical-align: inherit;\"><span style=\"vertical-align: inherit;\"> Perfils laterals i cantonades. <\/span><\/span><br \/>\n<strong><span style=\"vertical-align: inherit;\"><span style=\"vertical-align: inherit;\">Nivell de dificultat<\/span><\/span><\/strong><br \/>\n<span style=\"vertical-align: inherit;\"><span style=\"vertical-align: inherit;\"> Baix. 15 min\/m2. <\/span><\/span><br \/>\n<strong><span style=\"vertical-align: inherit;\"><span style=\"vertical-align: inherit;\">Indicat per<\/span><\/span><\/strong><br \/>\n<span style=\"vertical-align: inherit;\"><span style=\"vertical-align: inherit;\"> a Instal\u00b7laci\u00f3 encastada. <\/span><\/span><br \/>\n<strong><span style=\"vertical-align: inherit;\"><span style=\"vertical-align: inherit;\">Dimensions m\u00e0ximes<\/span><\/span><\/strong><br \/>\n<span style=\"vertical-align: inherit;\"><span style=\"vertical-align: inherit;\"> Ample: 3 m\/sense l\u00edmits (intercalat). <\/span><\/span><br \/>\n<span style=\"vertical-align: inherit;\"><span style=\"vertical-align: inherit;\">Llarg: Sense l\u00edmits.<\/span><\/span><\/p>\n<p><img loading=\"lazy\" decoding=\"async\" class=\"alignnone wp-image-18065\" src=\"http:\/\/showindustrial.com\/wp-content\/uploads\/2024\/02\/felpudo-goma-colores.png\" alt=\"\" width=\"72\" height=\"87\" \/><\/p>\n<p><span style=\"vertical-align: inherit;\"><span style=\"vertical-align: inherit;\">Incendi &#8211; Producci\u00f3 de fum <\/span><\/span><br \/>\n<span style=\"vertical-align: inherit;\"><span style=\"vertical-align: inherit;\">D fl &#8211; S1 <\/span><\/span><br \/>\n<span style=\"vertical-align: inherit;\"><span style=\"vertical-align: inherit;\">C\u00e0rrega vertical <\/span><\/span><br \/>\n<span style=\"vertical-align: inherit;\"><span style=\"vertical-align: inherit;\">50 KN (5,000 kg): Ok <\/span><\/span><br \/>\n<span style=\"vertical-align: inherit;\"><span style=\"vertical-align: inherit;\">Resbaladicidad <\/span><\/span><br \/>\n<span style=\"vertical-align: inherit;\"><span style=\"vertical-align: inherit;\">Classe 3<\/span><\/span><\/p>\n<p><strong><span style=\"vertical-align: inherit;\"><span style=\"vertical-align: inherit;\">Respalls<\/span><\/span><\/strong><\/p>\n<p><img loading=\"lazy\" decoding=\"async\" class=\"alignnone wp-image-18073\" src=\"http:\/\/showindustrial.com\/wp-content\/uploads\/2024\/02\/cepillos-felpudo-aluminio-400x161.webp\" alt=\"\" width=\"258\" height=\"104\" srcset=\"https:\/\/showindustrial.com\/wp-content\/uploads\/2024\/02\/cepillos-felpudo-aluminio-400x161.webp 400w, https:\/\/showindustrial.com\/wp-content\/uploads\/2024\/02\/cepillos-felpudo-aluminio-430x173.webp 430w, https:\/\/showindustrial.com\/wp-content\/uploads\/2024\/02\/cepillos-felpudo-aluminio-700x281.webp 700w, https:\/\/showindustrial.com\/wp-content\/uploads\/2024\/02\/cepillos-felpudo-aluminio.webp 702w\" sizes=\"(max-width: 258px) 100vw, 258px\" \/><\/p>\n<p><strong><span style=\"vertical-align: inherit;\"><span style=\"vertical-align: inherit;\">Al\u00e7ada<\/span><\/span><\/strong><br \/>\n<span style=\"vertical-align: inherit;\"><span style=\"vertical-align: inherit;\"> 17 mm. <\/span><\/span><br \/>\n<strong><span style=\"vertical-align: inherit;\"><span style=\"vertical-align: inherit;\">Amplada del perfil<\/span><\/span><\/strong><br \/>\n<span style=\"vertical-align: inherit;\"><span style=\"vertical-align: inherit;\"> 33 mm. <\/span><\/span><br \/>\n<strong><span style=\"vertical-align: inherit;\"><span style=\"vertical-align: inherit;\">Perfils per metre lineal<\/span><\/span><\/strong><br \/>\n<span style=\"vertical-align: inherit;\"><span style=\"vertical-align: inherit;\"> 30 unitats. <\/span><\/span><br \/>\n<strong><span style=\"vertical-align: inherit;\"><span style=\"vertical-align: inherit;\">Estructura<\/span><\/span><\/strong><br \/>\n<span style=\"vertical-align: inherit;\"><span style=\"vertical-align: inherit;\"> 100% alumini. Acabat anoditzat. <\/span><\/span><br \/>\n<span style=\"vertical-align: inherit;\"><span style=\"vertical-align: inherit;\">10 kg dalumini per m2.<\/span><\/span><\/p>\n<p><strong><span style=\"vertical-align: inherit;\"><span style=\"vertical-align: inherit;\">Acabat<\/span><\/span><\/strong><br \/>\n<span style=\"vertical-align: inherit;\"><span style=\"vertical-align: inherit;\"> Raspalls. <\/span><\/span><br \/>\n<span style=\"vertical-align: inherit;\"><span style=\"vertical-align: inherit;\">A\u00efllament i consolidaci\u00f3 <\/span><\/span><br \/>\n<strong><span style=\"vertical-align: inherit;\"><span style=\"vertical-align: inherit;\">Foam de polietil\u00e8 autoadhesiu<\/span><\/span><\/strong><br \/>\n<span style=\"vertical-align: inherit;\"><span style=\"vertical-align: inherit;\"> amb malla de subjecci\u00f3. <\/span><\/span><br \/>\n<strong><span style=\"vertical-align: inherit;\"><span style=\"vertical-align: inherit;\">Accessoris opcionals<\/span><\/span><\/strong><br \/>\n<span style=\"vertical-align: inherit;\"><span style=\"vertical-align: inherit;\"> Perfils laterals i cantonades. <\/span><\/span><br \/>\n<strong><span style=\"vertical-align: inherit;\"><span style=\"vertical-align: inherit;\">Nivell de dificultat<\/span><\/span><\/strong><br \/>\n<span style=\"vertical-align: inherit;\"><span style=\"vertical-align: inherit;\"> Baix. 15 min\/m2. <\/span><\/span><br \/>\n<strong><span style=\"vertical-align: inherit;\"><span style=\"vertical-align: inherit;\">Indicat per<\/span><\/span><\/strong><br \/>\n<span style=\"vertical-align: inherit;\"><span style=\"vertical-align: inherit;\"> a Instal\u00b7laci\u00f3 encastada. <\/span><\/span><br \/>\n<strong><span style=\"vertical-align: inherit;\"><span style=\"vertical-align: inherit;\">Dimensions m\u00e0ximes<\/span><\/span><\/strong><br \/>\n<span style=\"vertical-align: inherit;\"><span style=\"vertical-align: inherit;\"> Ample: 3 m\/sense l\u00edmits (intercalat). <\/span><\/span><br \/>\n<span style=\"vertical-align: inherit;\"><span style=\"vertical-align: inherit;\">Llarg: Sense l\u00edmits.<\/span><\/span><\/p>\n<p><img loading=\"lazy\" decoding=\"async\" class=\"alignnone wp-image-18069\" src=\"http:\/\/showindustrial.com\/wp-content\/uploads\/2024\/02\/colores-felpudo-cepillo-400x107.png\" alt=\"\" width=\"280\" height=\"75\" srcset=\"https:\/\/showindustrial.com\/wp-content\/uploads\/2024\/02\/colores-felpudo-cepillo-400x107.png 400w, https:\/\/showindustrial.com\/wp-content\/uploads\/2024\/02\/colores-felpudo-cepillo-768x205.png 768w, https:\/\/showindustrial.com\/wp-content\/uploads\/2024\/02\/colores-felpudo-cepillo-430x115.png 430w, https:\/\/showindustrial.com\/wp-content\/uploads\/2024\/02\/colores-felpudo-cepillo-700x187.png 700w, https:\/\/showindustrial.com\/wp-content\/uploads\/2024\/02\/colores-felpudo-cepillo.png 868w\" sizes=\"(max-width: 280px) 100vw, 280px\" \/><\/p>\n<p><strong><span style=\"vertical-align: inherit;\"><span style=\"vertical-align: inherit;\">Incendi &#8211; Producci\u00f3 de fum <\/span><\/span><\/strong><br \/>\n<span style=\"vertical-align: inherit;\"><span style=\"vertical-align: inherit;\">B fl &#8211; S1 <\/span><\/span><br \/>\n<strong><span style=\"vertical-align: inherit;\"><span style=\"vertical-align: inherit;\">C\u00e0rrega vertical <\/span><\/span><\/strong><br \/>\n<span style=\"vertical-align: inherit;\"><span style=\"vertical-align: inherit;\">50 KN (5,000 kg): Ok <\/span><\/span><br \/>\n<strong><span style=\"vertical-align: inherit;\"><span style=\"vertical-align: inherit;\">Resbaladicidad <\/span><\/span><\/strong><br \/>\n<span style=\"vertical-align: inherit;\"><span style=\"vertical-align: inherit;\">Classe 3<\/span><\/span><\/p>\n","protected":false},"excerpt":{"rendered":"<p>T\u00e8xtil Al\u00e7ada 17 mm. Amplada del perfil 33 mm. Perfils per metre lineal 30 unitats. Estructura 100% alumini. Acabat anoditzat. 10 kg d&#8217;alumini per m2 Acabat T\u00e8xtil A\u00efllament i consolidaci\u00f3 Foam de polietil\u00e8 autoadhesiu amb malla de subjecci\u00f3. Accessoris opcionals Perfils laterals i cantonades. Nivell de dificultat Baix. 15 min\/m2 Indicat per a Instal\u00b7laci\u00f3 encastada. &#8230; <a title=\"Basmat Atenea &#8211; Pelfut Alumini 9 mm\" class=\"read-more\" href=\"https:\/\/showindustrial.com\/ca\/producte\/basmat-atenea-pelfut-alumini-9-mm\/\" aria-label=\"M\u00e9s informaci\u00f3 sobre Basmat Atenea &#8211; Pelfut Alumini 9 mm\">Llegiu m\u00e9s<\/a><\/p>\n","protected":false},"featured_media":18045,"comment_status":"open","ping_status":"closed","template":"","meta":[],"product_cat":[106],"product_tag":[],"_links":{"self":[{"href":"https:\/\/showindustrial.com\/ca\/wp-json\/wp\/v2\/product\/18044"}],"collection":[{"href":"https:\/\/showindustrial.com\/ca\/wp-json\/wp\/v2\/product"}],"about":[{"href":"https:\/\/showindustrial.com\/ca\/wp-json\/wp\/v2\/types\/product"}],"replies":[{"embeddable":true,"href":"https:\/\/showindustrial.com\/ca\/wp-json\/wp\/v2\/comments?post=18044"}],"version-history":[{"count":3,"href":"https:\/\/showindustrial.com\/ca\/wp-json\/wp\/v2\/product\/18044\/revisions"}],"predecessor-version":[{"id":18085,"href":"https:\/\/showindustrial.com\/ca\/wp-json\/wp\/v2\/product\/18044\/revisions\/18085"}],"wp:featuredmedia":[{"embeddable":true,"href":"https:\/\/showindustrial.com\/ca\/wp-json\/wp\/v2\/media\/18045"}],"wp:attachment":[{"href":"https:\/\/showindustrial.com\/ca\/wp-json\/wp\/v2\/media?parent=18044"}],"wp:term":[{"taxonomy":"product_cat","embeddable":true,"href":"https:\/\/showindustrial.com\/ca\/wp-json\/wp\/v2\/product_cat?post=18044"},{"taxonomy":"product_tag","embeddable":true,"href":"https:\/\/showindustrial.com\/ca\/wp-json\/wp\/v2\/product_tag?post=18044"}],"curies":[{"name":"wp","href":"https:\/\/api.w.org\/{rel}","templated":true}]}}