{"id":17838,"date":"2024-01-29T13:05:59","date_gmt":"2024-01-29T12:05:59","guid":{"rendered":"https:\/\/showindustrial.com\/?post_type=product&#038;p=17838"},"modified":"2024-01-29T13:37:56","modified_gmt":"2024-01-29T12:37:56","slug":"adriatic-gespa","status":"publish","type":"product","link":"https:\/\/showindustrial.com\/ca\/producte\/adriatic-gespa\/","title":{"rendered":"Adri\u00e0tic Gespa 30 \/ 40 mm"},"content":{"rendered":"<p><span style=\"vertical-align: inherit;\"><span style=\"vertical-align: inherit;\">La gespa artificial Adri\u00e0tica de Bonerva \u00e9s perfecta per decorar el teu jard\u00ed o terrassa La combinaci\u00f3 dels seus fils i la seva al\u00e7ada de 40mm atorga un <\/span><\/span><strong><span style=\"vertical-align: inherit;\"><span style=\"vertical-align: inherit;\">\u00a0gran aspecte natural i est\u00e8tic<\/span><\/span><\/strong><span style=\"vertical-align: inherit;\"><span style=\"vertical-align: inherit;\"> . La gespa artificial \u00e9s una molt bona elecci\u00f3 per estalviar costos en aigua i manteniment, a m\u00e9s de ser molt f\u00e0cilment instal\u00b7lable. La gespa Adri\u00e0tica t\u00e9 una\u00a0 <\/span><\/span><strong><span style=\"vertical-align: inherit;\"><span style=\"vertical-align: inherit;\">resist\u00e8ncia i una alta mem\u00f2ria vertical.<\/span><\/span><\/strong><span style=\"vertical-align: inherit;\"><span style=\"vertical-align: inherit;\"> \u00a0La gamma Adri\u00e0tic de Bonerva \u00e9s perfecta per a aquells que vulguin tenir una gespa est\u00e8tica, bonica i verda tot l&#8217;any sense haver d&#8217;invertir una gran quantitat econ\u00f2mica.<\/span><\/span><\/p>\n<h6><span style=\"vertical-align: inherit;\"><span style=\"vertical-align: inherit;\">CARACTER\u00cdSTIQUES T\u00c8CNIQUES<\/span><\/span><\/h6>\n<ul>\n<li><span style=\"vertical-align: inherit;\"><span style=\"vertical-align: inherit;\">Color: Verd amb fils de 4 colors diferents.<\/span><\/span><\/li>\n<li><span style=\"vertical-align: inherit;\"><span style=\"vertical-align: inherit;\">Al\u00e7ada 30 \/ 40 mm (+\/-1).<\/span><\/span><\/li>\n<li><span style=\"vertical-align: inherit;\"><span style=\"vertical-align: inherit;\">Fil a &#8220;C&#8221; Plus. Realisme i alta mem\u00f2ria vertical.<\/span><\/span><\/li>\n<li><span style=\"vertical-align: inherit;\"><span style=\"vertical-align: inherit;\">Fil: Fil recte PE (5.300) + Fil arrissat PP (3.600).<\/span><\/span><\/li>\n<li><span style=\"vertical-align: inherit;\"><span style=\"vertical-align: inherit;\">Puntades\/m2: 18.900 (+-3%)<\/span><\/span><\/li>\n<\/ul>\n","protected":false},"excerpt":{"rendered":"<p>La gespa artificial Adri\u00e0tica de Bonerva \u00e9s perfecta per decorar el teu jard\u00ed o terrassa La combinaci\u00f3 dels seus fils i la seva al\u00e7ada de 40mm atorga un \u00a0gran aspecte natural i est\u00e8tic . La gespa artificial \u00e9s una molt bona elecci\u00f3 per estalviar costos en aigua i manteniment, a m\u00e9s de ser molt f\u00e0cilment &#8230; <a title=\"Adri\u00e0tic Gespa 30 \/ 40 mm\" class=\"read-more\" href=\"https:\/\/showindustrial.com\/ca\/producte\/adriatic-gespa\/\" aria-label=\"M\u00e9s informaci\u00f3 sobre Adri\u00e0tic Gespa 30 \/ 40 mm\">Llegiu m\u00e9s<\/a><\/p>\n","protected":false},"featured_media":17843,"comment_status":"open","ping_status":"closed","template":"","meta":[],"product_cat":[102],"product_tag":[],"_links":{"self":[{"href":"https:\/\/showindustrial.com\/ca\/wp-json\/wp\/v2\/product\/17838"}],"collection":[{"href":"https:\/\/showindustrial.com\/ca\/wp-json\/wp\/v2\/product"}],"about":[{"href":"https:\/\/showindustrial.com\/ca\/wp-json\/wp\/v2\/types\/product"}],"replies":[{"embeddable":true,"href":"https:\/\/showindustrial.com\/ca\/wp-json\/wp\/v2\/comments?post=17838"}],"version-history":[{"count":3,"href":"https:\/\/showindustrial.com\/ca\/wp-json\/wp\/v2\/product\/17838\/revisions"}],"predecessor-version":[{"id":17917,"href":"https:\/\/showindustrial.com\/ca\/wp-json\/wp\/v2\/product\/17838\/revisions\/17917"}],"wp:featuredmedia":[{"embeddable":true,"href":"https:\/\/showindustrial.com\/ca\/wp-json\/wp\/v2\/media\/17843"}],"wp:attachment":[{"href":"https:\/\/showindustrial.com\/ca\/wp-json\/wp\/v2\/media?parent=17838"}],"wp:term":[{"taxonomy":"product_cat","embeddable":true,"href":"https:\/\/showindustrial.com\/ca\/wp-json\/wp\/v2\/product_cat?post=17838"},{"taxonomy":"product_tag","embeddable":true,"href":"https:\/\/showindustrial.com\/ca\/wp-json\/wp\/v2\/product_tag?post=17838"}],"curies":[{"name":"wp","href":"https:\/\/api.w.org\/{rel}","templated":true}]}}