{"id":17817,"date":"2024-01-29T13:01:29","date_gmt":"2024-01-29T12:01:29","guid":{"rendered":"https:\/\/showindustrial.com\/?post_type=product&#038;p=17817"},"modified":"2024-01-29T13:34:52","modified_gmt":"2024-01-29T12:34:52","slug":"estoril-gespa","status":"publish","type":"product","link":"https:\/\/showindustrial.com\/ca\/producte\/estoril-gespa\/","title":{"rendered":"Estoril Gespa 40 mm"},"content":{"rendered":"<div class=\"summary entry-summary\">\n<div class=\"woocommerce-product-details__short-description\">\n<p><span style=\"vertical-align: inherit;\"><span style=\"vertical-align: inherit;\">La gespa artificial Estoril \u00e9s perfecta per decorar el teu jard\u00ed o terrassa La combinaci\u00f3 dels seus fils i la seva al\u00e7ada de 40mm atorguen un gran aspecte natural i est\u00e8tic. La gespa artificial \u00e9s una molt bona elecci\u00f3 per estalviar costos en aigua i manteniment, a m\u00e9s de ser molt f\u00e0cilment instal\u00b7lable. La gespa Estoril t\u00e9 <\/span><\/span><strong><span style=\"vertical-align: inherit;\"><span style=\"vertical-align: inherit;\">una gran resist\u00e8ncia i una alta mem\u00f2ria vertical.<\/span><\/span><\/strong><span style=\"vertical-align: inherit;\"><span style=\"vertical-align: inherit;\"> \u00a0La gamma Estoril de Bonerva \u00e9s la millor del mercat quant a relaci\u00f3 qualitat-preu. Mantenint un\u00a0 <\/span><\/span><strong><span style=\"vertical-align: inherit;\"><span style=\"vertical-align: inherit;\">aspecte molt aconseguit<\/span><\/span><\/strong><span style=\"vertical-align: inherit;\"><span style=\"vertical-align: inherit;\"> \u00a0a un preu redu\u00eft.<\/span><\/span><\/p>\n<h6><span style=\"vertical-align: inherit;\"><span style=\"vertical-align: inherit;\">CARACTER\u00cdSTIQUES T\u00c8CNIQUES<\/span><\/span><\/h6>\n<ul>\n<li><span style=\"vertical-align: inherit;\"><span style=\"vertical-align: inherit;\">Color: verd amb fils de 4 colors diferents.<\/span><\/span><\/li>\n<li><span style=\"vertical-align: inherit;\"><span style=\"vertical-align: inherit;\">Al\u00e7ada 40 mm (+\/-1).<\/span><\/span><\/li>\n<li><span style=\"vertical-align: inherit;\"><span style=\"vertical-align: inherit;\">Fil a \u201cC\u201d.<\/span><\/span><\/li>\n<li><span style=\"vertical-align: inherit;\"><span style=\"vertical-align: inherit;\">Dtex: Fil recte PE (5.500) + Fil arrissat PP (3.300).<\/span><\/span><\/li>\n<li><span style=\"vertical-align: inherit;\"><span style=\"vertical-align: inherit;\">Puntades: 25.000(+\/- 3%).\u00a0<\/span><\/span><\/li>\n<\/ul>\n<\/div>\n<\/div>\n<div class=\"tabla-info-producto\"><\/div>\n","protected":false},"excerpt":{"rendered":"<p>La gespa artificial Estoril \u00e9s perfecta per decorar el teu jard\u00ed o terrassa La combinaci\u00f3 dels seus fils i la seva al\u00e7ada de 40mm atorguen un gran aspecte natural i est\u00e8tic. La gespa artificial \u00e9s una molt bona elecci\u00f3 per estalviar costos en aigua i manteniment, a m\u00e9s de ser molt f\u00e0cilment instal\u00b7lable. La gespa &#8230; <a title=\"Estoril Gespa 40 mm\" class=\"read-more\" href=\"https:\/\/showindustrial.com\/ca\/producte\/estoril-gespa\/\" aria-label=\"M\u00e9s informaci\u00f3 sobre Estoril Gespa 40 mm\">Llegiu m\u00e9s<\/a><\/p>\n","protected":false},"featured_media":17818,"comment_status":"open","ping_status":"closed","template":"","meta":[],"product_cat":[102],"product_tag":[],"_links":{"self":[{"href":"https:\/\/showindustrial.com\/ca\/wp-json\/wp\/v2\/product\/17817"}],"collection":[{"href":"https:\/\/showindustrial.com\/ca\/wp-json\/wp\/v2\/product"}],"about":[{"href":"https:\/\/showindustrial.com\/ca\/wp-json\/wp\/v2\/types\/product"}],"replies":[{"embeddable":true,"href":"https:\/\/showindustrial.com\/ca\/wp-json\/wp\/v2\/comments?post=17817"}],"version-history":[{"count":4,"href":"https:\/\/showindustrial.com\/ca\/wp-json\/wp\/v2\/product\/17817\/revisions"}],"predecessor-version":[{"id":17910,"href":"https:\/\/showindustrial.com\/ca\/wp-json\/wp\/v2\/product\/17817\/revisions\/17910"}],"wp:featuredmedia":[{"embeddable":true,"href":"https:\/\/showindustrial.com\/ca\/wp-json\/wp\/v2\/media\/17818"}],"wp:attachment":[{"href":"https:\/\/showindustrial.com\/ca\/wp-json\/wp\/v2\/media?parent=17817"}],"wp:term":[{"taxonomy":"product_cat","embeddable":true,"href":"https:\/\/showindustrial.com\/ca\/wp-json\/wp\/v2\/product_cat?post=17817"},{"taxonomy":"product_tag","embeddable":true,"href":"https:\/\/showindustrial.com\/ca\/wp-json\/wp\/v2\/product_tag?post=17817"}],"curies":[{"name":"wp","href":"https:\/\/api.w.org\/{rel}","templated":true}]}}