{"id":17459,"date":"2024-01-20T12:45:20","date_gmt":"2024-01-20T11:45:20","guid":{"rendered":"https:\/\/showindustrial.com\/?post_type=product&#038;p=17459"},"modified":"2024-01-26T12:50:08","modified_gmt":"2024-01-26T11:50:08","slug":"morter-intumescent-blatem","status":"publish","type":"product","link":"https:\/\/showindustrial.com\/ca\/producte\/morter-intumescent-blatem\/","title":{"rendered":"Morter Intumescent Blatem"},"content":{"rendered":"<p><strong><span style=\"vertical-align: inherit;\">Descripci\u00f3<\/span><\/strong><br \/>\n<span style=\"vertical-align: inherit;\"> Morter intumescent compost per \u00e0rids lleugers expandits, de perlita i vermiculita, <\/span><br \/>\n<span style=\"vertical-align: inherit;\">lligants hidr\u00e0ulics, controladors d&#8217;adormiment i milloradors de projecci\u00f3.<\/span><\/p>\n<p><strong><span style=\"vertical-align: inherit;\">Propietats<\/span><\/strong><br \/>\n<span style=\"vertical-align: inherit;\"> El morter forma una capa a\u00efllant entre el suport i el foc, produint un conjunt <\/span><br \/>\n<span style=\"vertical-align: inherit;\">de reaccions fisicoqu\u00edmiques que donen lloc a estructures carbon\u00edferes i a\u00efllants per exposici\u00f3 d&#8217;un material a la flama.<\/span><\/p>\n<p><strong><span style=\"vertical-align: inherit;\">Aplicacions<\/span><\/strong><br \/>\n<span style=\"vertical-align: inherit;\"> Per a protecci\u00f3 d&#8217;estructures met\u00e0l\u00b7liques, hotels, edificis p\u00fablics, pubs, discoteques, <\/span><br \/>\n<span style=\"vertical-align: inherit;\">zones d&#8217;h\u00e0bitat de vaixells, naus industrials. <\/span><br \/>\n<span style=\"vertical-align: inherit;\">Caracter\u00edstiques T\u00e8cniques <\/span><br \/>\n<span style=\"vertical-align: inherit;\">\u00b7 Densitat en pols: 550 i 650 kg\/m3. <\/span><br \/>\n<span style=\"vertical-align: inherit;\">\u00b7 pH: 12 no oxidant. <\/span><br \/>\n<span style=\"vertical-align: inherit;\">\u00b7 Reacci\u00f3 al foc: A1. <\/span><br \/>\n<span style=\"vertical-align: inherit;\">\u00b7 Resist\u00e8ncia al raig d&#8217;aigua: Norma UNE 23806-81. Conductivitat t\u00e8rmica: 0,29 W\/mK. <\/span><br \/>\n<span style=\"vertical-align: inherit;\">\u00b7 Adher\u00e8ncia: Fins a 0,15 N\/mm2. Temperatura d&#8217;aplicaci\u00f3: superior a 0\u00baC. <\/span><br \/>\n<span style=\"vertical-align: inherit;\">\u00b7 Resist\u00e8ncia a flexi\u00f3: \u2265 1 Mpa. <\/span><br \/>\n<span style=\"vertical-align: inherit;\">\u00b7 Resist\u00e8ncia a compressi\u00f3: \u2265 2 Mpa. Resist\u00e8ncia a tracci\u00f3: \u2265Mpa. <\/span><br \/>\n<span style=\"vertical-align: inherit;\">\u00b7 Color: Blanc.<\/span><\/p>\n<p><strong><span style=\"vertical-align: inherit;\">Homologacions i Assajos<\/span><\/strong><br \/>\n<span style=\"vertical-align: inherit;\"> Assajat sota normes: <\/span><br \/>\n<span style=\"vertical-align: inherit;\">Norma europea: (normativa EN) 13381-8 <\/span><br \/>\n<span style=\"vertical-align: inherit;\">Normativa xilena: Nch 935\/1. <\/span><br \/>\n<span style=\"vertical-align: inherit;\">Disposa del marcatge CE, DITE 12\/0005. <\/span><br \/>\n<span style=\"vertical-align: inherit;\">Preparaci\u00f3 de Superf\u00edcies <\/span><br \/>\n<span style=\"vertical-align: inherit;\">Per a aplicaci\u00f3 manual, es recomana col\u00b7locar pr\u00e8viament una malla met\u00e0l\u00b7lica, convenientment fixada a la superf\u00edcie a protegir.<\/span><\/p>\n<p><strong><span style=\"vertical-align: inherit;\">Utilitzaci\u00f3<\/span><\/strong><br \/>\n<span style=\"vertical-align: inherit;\"> El material est\u00e0 preparat per utilitzar-lo. <\/span><br \/>\n<span style=\"vertical-align: inherit;\">Per a la seva aplicaci\u00f3 tant manual com mec\u00e0nica, cal afegir entre 8 i 9 litres <\/span><br \/>\n<span style=\"vertical-align: inherit;\">d&#8217;aigua per sac. <\/span><br \/>\n<span style=\"vertical-align: inherit;\">L&#8217;aplicaci\u00f3 mec\u00e0nica s&#8217;ha de fer mitjan\u00e7ant m\u00e0quines de projectar morters amb <\/span><br \/>\n<span style=\"vertical-align: inherit;\">bomba de cargol sense fi per via humida tipus Putzmeister MP-25.<\/span><\/p>\n<p><strong><span style=\"vertical-align: inherit;\">Observacions generals<\/span><\/strong><br \/>\n<span style=\"vertical-align: inherit;\"> Les condicions d&#8217;humitat ambiental han de ser inferiors al 97% i la temperatura <\/span><br \/>\n<span style=\"vertical-align: inherit;\">superior als 0\u00baC.<\/span><\/p>\n<p><strong><span style=\"vertical-align: inherit;\">Presentaci\u00f3<\/span><\/strong><br \/>\n<span style=\"vertical-align: inherit;\"> En sacs de 17 Kg. <\/span><br \/>\n<span style=\"vertical-align: inherit;\">Colors: Blanc.<\/span><\/p>\n<p><strong><span style=\"vertical-align: inherit;\">Emmagatzematge<\/span><\/strong><br \/>\n<span style=\"vertical-align: inherit;\"> El MORTER INTUMESCENT est\u00e0 en r\u00e8gim d&#8217;\u00fas fins a un any despr\u00e9s del seu subministrament sempre que s&#8217;emmagatzemi protegit de la pluja, humitat i fred. <\/span><br \/>\n<span style=\"vertical-align: inherit;\">El sac s&#8217;ha de mantenir tancat i en un lloc sec.<\/span><\/p>\n<p><strong><span style=\"vertical-align: inherit;\">Informaci\u00f3 de seguretat<\/span><\/strong><br \/>\n<span style=\"vertical-align: inherit;\"> \u00c9s imprescindible seguir les instruccions de l&#8217;etiqueta de l&#8217;env\u00e0s. Per a m\u00e9s informaci\u00f3 <\/span><br \/>\n<span style=\"vertical-align: inherit;\">consulteu el full de seguretat del producte.<\/span><\/p>\n","protected":false},"excerpt":{"rendered":"<p>Descripci\u00f3 Morter intumescent compost per \u00e0rids lleugers expandits, de perlita i vermiculita, lligants hidr\u00e0ulics, controladors d&#8217;adormiment i milloradors de projecci\u00f3. Propietats El morter forma una capa a\u00efllant entre el suport i el foc, produint un conjunt de reaccions fisicoqu\u00edmiques que donen lloc a estructures carbon\u00edferes i a\u00efllants per exposici\u00f3 d&#8217;un material a la flama. Aplicacions &#8230; <a title=\"Morter Intumescent Blatem\" class=\"read-more\" href=\"https:\/\/showindustrial.com\/ca\/producte\/morter-intumescent-blatem\/\" aria-label=\"M\u00e9s informaci\u00f3 sobre Morter Intumescent Blatem\">Llegiu m\u00e9s<\/a><\/p>\n","protected":false},"featured_media":17465,"comment_status":"open","ping_status":"closed","template":"","meta":[],"product_cat":[91],"product_tag":[],"_links":{"self":[{"href":"https:\/\/showindustrial.com\/ca\/wp-json\/wp\/v2\/product\/17459"}],"collection":[{"href":"https:\/\/showindustrial.com\/ca\/wp-json\/wp\/v2\/product"}],"about":[{"href":"https:\/\/showindustrial.com\/ca\/wp-json\/wp\/v2\/types\/product"}],"replies":[{"embeddable":true,"href":"https:\/\/showindustrial.com\/ca\/wp-json\/wp\/v2\/comments?post=17459"}],"version-history":[{"count":1,"href":"https:\/\/showindustrial.com\/ca\/wp-json\/wp\/v2\/product\/17459\/revisions"}],"predecessor-version":[{"id":17460,"href":"https:\/\/showindustrial.com\/ca\/wp-json\/wp\/v2\/product\/17459\/revisions\/17460"}],"wp:featuredmedia":[{"embeddable":true,"href":"https:\/\/showindustrial.com\/ca\/wp-json\/wp\/v2\/media\/17465"}],"wp:attachment":[{"href":"https:\/\/showindustrial.com\/ca\/wp-json\/wp\/v2\/media?parent=17459"}],"wp:term":[{"taxonomy":"product_cat","embeddable":true,"href":"https:\/\/showindustrial.com\/ca\/wp-json\/wp\/v2\/product_cat?post=17459"},{"taxonomy":"product_tag","embeddable":true,"href":"https:\/\/showindustrial.com\/ca\/wp-json\/wp\/v2\/product_tag?post=17459"}],"curies":[{"name":"wp","href":"https:\/\/api.w.org\/{rel}","templated":true}]}}