{"id":17416,"date":"2024-01-25T19:05:54","date_gmt":"2024-01-25T18:05:54","guid":{"rendered":"https:\/\/showindustrial.com\/?post_type=product&#038;p=17416"},"modified":"2024-01-26T12:50:24","modified_gmt":"2024-01-26T11:50:24","slug":"inesfire-tix-blanco-422-hy-swelling","status":"publish","type":"product","link":"https:\/\/showindustrial.com\/ca\/producte\/inesfire-tix-blanco-422-hy-swelling\/","title":{"rendered":"Inesfire TIX Blanc 422 HY Intumescent"},"content":{"rendered":"<p><strong><span style=\"vertical-align: inherit;\"><span style=\"vertical-align: inherit;\"><span style=\"vertical-align: inherit;\">Descripci\u00f3<\/span><\/span><\/span><\/strong><\/p>\n<p><span style=\"vertical-align: inherit;\"><span style=\"vertical-align: inherit;\"><span style=\"vertical-align: inherit;\">Pintura intumescente retardadora del fuego.<\/span><\/span><\/span><\/p>\n<p><strong><span style=\"vertical-align: inherit;\"><span style=\"vertical-align: inherit;\"><span style=\"vertical-align: inherit;\">Propietats<\/span><\/span><\/span><\/strong><\/p>\n<p><span style=\"vertical-align: inherit;\"><span style=\"vertical-align: inherit;\"><span style=\"vertical-align: inherit;\">La pintura forma una capa a\u00efllant entre el suport i el foc, produint un conjunt de reaccions f\u00edsico-qu\u00edmiques que donen lloc a estructures carbon\u00edferes i a\u00efllants en exposar un material a la flama.<\/span><\/span><\/span><\/p>\n<p><strong><span style=\"vertical-align: inherit;\"><span style=\"vertical-align: inherit;\"><span style=\"vertical-align: inherit;\">Aplicacions<\/span><\/span><\/span><\/strong><\/p>\n<p><span style=\"vertical-align: inherit;\"><span style=\"vertical-align: inherit;\"><span style=\"vertical-align: inherit;\">Per a la protecci\u00f3 d&#8217;estructures met\u00e0l\u00b7liques, en hotels, edificis p\u00fablics, pubs, discoteques, zones d&#8217;h\u00e0bitat de vaixells, naus industrials. En el cas d&#8217;aplicacions a l&#8217;exterior, cal recobrir l&#8217;Inesfire TIX HY amb una capa d&#8217;acabat, preferiblement el nostre Satin Fireproof Blatemlac.<\/span><\/span><\/span><\/p>\n<p><strong><span style=\"vertical-align: inherit;\"><span style=\"vertical-align: inherit;\"><span style=\"vertical-align: inherit;\">Caracter\u00edstiques t\u00e8cniques<\/span><\/span><\/span><\/strong><\/p>\n<p><span style=\"vertical-align: inherit;\"><span style=\"vertical-align: inherit;\"><span style=\"vertical-align: inherit;\">\u00b7 Acabat: Blanc mat. <\/span><\/span><\/span><br \/>\n<span style=\"vertical-align: inherit;\"><span style=\"vertical-align: inherit;\"><span style=\"vertical-align: inherit;\">\u00b7 Nivelaci\u00f3: Excel\u00b7lent. <\/span><\/span><\/span><br \/>\n<span style=\"vertical-align: inherit;\"><span style=\"vertical-align: inherit;\"><span style=\"vertical-align: inherit;\">\u00b7 Adhesi\u00f3: Bona. <\/span><\/span><\/span><br \/>\n<span style=\"vertical-align: inherit;\"><span style=\"vertical-align: inherit;\"><span style=\"vertical-align: inherit;\">\u00b7 No vol\u00e0til: 72 \u00b1 3%. <\/span><\/span><\/span><br \/>\n<span style=\"vertical-align: inherit;\"><span style=\"vertical-align: inherit;\"><span style=\"vertical-align: inherit;\">\u00b7 S\u00f2lids en volum: 60 \u00b1 2%. Assecat: 2 hores. <\/span><\/span><\/span><br \/>\n<span style=\"vertical-align: inherit;\"><span style=\"vertical-align: inherit;\"><span style=\"vertical-align: inherit;\">\u00b7 Repintat: 18 &#8211; 24 hores. <\/span><\/span><\/span><br \/>\n<span style=\"vertical-align: inherit;\"><span style=\"vertical-align: inherit;\"><span style=\"vertical-align: inherit;\">\u00b7 Densitat: 1,25 \u00b1 0,1 gr\/cc (UNE-EN-ISO 2811-1 i 2). <\/span><\/span><\/span><br \/>\n<span style=\"vertical-align: inherit;\"><span style=\"vertical-align: inherit;\"><span style=\"vertical-align: inherit;\">\u00b7 Rendiment: Segons la resist\u00e8ncia al foc necess\u00e0ria (veure cat\u00e0leg). Duresa: excel\u00b7lent. <\/span><\/span><\/span><br \/>\n<span style=\"vertical-align: inherit;\"><span style=\"vertical-align: inherit;\"><span style=\"vertical-align: inherit;\">\u00b7 Estabilitat en embalatge: M\u00e9s d&#8217;un any en embalatge original tancat. <\/span><\/span><\/span><br \/>\n<span style=\"vertical-align: inherit;\"><span style=\"vertical-align: inherit;\"><span style=\"vertical-align: inherit;\">\u00b7 Neteja d&#8217;estris: Cleaning Solvent L.<\/span><\/span><\/span><\/p>\n<p><strong><span style=\"vertical-align: inherit;\"><span style=\"vertical-align: inherit;\"><span style=\"vertical-align: inherit;\">Aprovacions i proves<\/span><\/span><\/span><\/strong><\/p>\n<p><span style=\"vertical-align: inherit;\"><span style=\"vertical-align: inherit;\"><span style=\"vertical-align: inherit;\">Estabilitat al foc segons norma EN 13381-8.<\/span><\/span><\/span><\/p>\n<p><strong><span style=\"vertical-align: inherit;\"><span style=\"vertical-align: inherit;\"><span style=\"vertical-align: inherit;\">Preparaci\u00f3 de la superf\u00edcie<\/span><\/span><\/span><\/strong><\/p>\n<p><span style=\"vertical-align: inherit;\"><span style=\"vertical-align: inherit;\"><span style=\"vertical-align: inherit;\">Ferro i acer: abans de la imprimaci\u00f3, realitzar una neteja manual o mec\u00e0nica fins al grau ST 2-2.5. Les superf\u00edcies met\u00e0l\u00b7liques s&#8217;han d&#8217;imprimar pr\u00e8viament amb Antioxidant Fireproof Blatprimer, producte de classificaci\u00f3 ign\u00edfuga certificat segons UNE-EN 13501- 1:07+A1:2010, classes europees.<\/span><\/span><\/span><\/p>\n<p><strong><span style=\"vertical-align: inherit;\"><span style=\"vertical-align: inherit;\"><span style=\"vertical-align: inherit;\">Com utilitzar<\/span><\/span><\/span><\/strong><\/p>\n<p><span style=\"vertical-align: inherit;\"><span style=\"vertical-align: inherit;\"><span style=\"vertical-align: inherit;\">Pistola sense aire, pistola airmix, aer\u00f2graf: dissolvent Inesfire: 0-40% segons el tipus de pistola.<\/span><\/span><\/span><\/p>\n<p><strong><span style=\"vertical-align: inherit;\"><span style=\"vertical-align: inherit;\"><span style=\"vertical-align: inherit;\">Observacions generals<\/span><\/span><\/span><\/strong><\/p>\n<p><span style=\"vertical-align: inherit;\"><span style=\"vertical-align: inherit;\"><span style=\"vertical-align: inherit;\">El consum indicat per m2 \u00e9s te\u00f2ric. Les p\u00e8rdues s&#8217;han de calcular sobre ell. Totes les pintures intumescents tenen certificacions oficials de resist\u00e8ncia al foc en el temps, i hi ha una taula que relaciona la resist\u00e8ncia al foc amb les variables temps, gruix, c\u00e0rrega i consum. \u00b7 Fusta nova a l&#8217;exterior no exposada al sol ni a la pluja: Aplicar una capa del nostre Poliuret\u00e0 Fondo 799 (farciment de poliuret\u00e0) per segellar la fusta. A continuaci\u00f3, apliqueu dues capes de Varnilac com a la fusta interior. \u00b7 Fusta envernissada en bon estat: Un cop polida i netejada, aplicar dues capes de Varnilac a les superf\u00edcies reescalfades com en els casos anteriors. \u00b7 Fusta envernissada en mal estat: Un cop desmuntada i netejada, procedir com amb la fusta nova. Aplicar el producte en capes fines i respectant els temps de repintat.<\/span><\/span><\/span><\/p>\n<p><strong><span style=\"vertical-align: inherit;\"><span style=\"vertical-align: inherit;\"><span style=\"vertical-align: inherit;\">recomanacions<\/span><\/span><\/span><\/strong><\/p>\n<p><span style=\"vertical-align: inherit;\"><span style=\"vertical-align: inherit;\"><span style=\"vertical-align: inherit;\">No aplicar a superf\u00edcies sobreescalfades. Remeneu el contingut del recipient fins que el producte s&#8217;homogene\u00eftzi. Despr\u00e9s de l&#8217;\u00fas, tapeu el recipient, intentant deixar poc espai d&#8217;aire, en cas contrari, trigar\u00e0 molt de temps a tornar-lo a utilitzar. Presentaci\u00f3 En envasos de 4 L i 15 L. Conservaci\u00f3 Temps m\u00e0xim d&#8217;emmagatzematge recomanat: 12 mesos en el seu env\u00e0s original, ben tancat i protegit de la intemp\u00e8rie (tapat i a una temperatura entre 5 i 35\u00baC).<\/span><\/span><\/span><\/p>\n<p><strong><span style=\"vertical-align: inherit;\"><span style=\"vertical-align: inherit;\"><span style=\"vertical-align: inherit;\">Informaci\u00f3 de seguretat<\/span><\/span><\/span><\/strong><\/p>\n<p><span style=\"vertical-align: inherit;\"><span style=\"vertical-align: inherit;\"><span style=\"vertical-align: inherit;\">\u00c9s imprescindible seguir les instruccions de l&#8217;etiqueta de l&#8217;env\u00e0s. Per a m\u00e9s informaci\u00f3 consulteu la fitxa de seguretat del producte.<\/span><\/span><\/span><\/p>\n","protected":false},"excerpt":{"rendered":"<p>Descripci\u00f3 Pintura intumescente retardadora del fuego. Propietats La pintura forma una capa a\u00efllant entre el suport i el foc, produint un conjunt de reaccions f\u00edsico-qu\u00edmiques que donen lloc a estructures carbon\u00edferes i a\u00efllants en exposar un material a la flama. Aplicacions Per a la protecci\u00f3 d&#8217;estructures met\u00e0l\u00b7liques, en hotels, edificis p\u00fablics, pubs, discoteques, zones d&#8217;h\u00e0bitat &#8230; <a title=\"Inesfire TIX Blanc 422 HY Intumescent\" class=\"read-more\" href=\"https:\/\/showindustrial.com\/ca\/producte\/inesfire-tix-blanco-422-hy-swelling\/\" aria-label=\"M\u00e9s informaci\u00f3 sobre Inesfire TIX Blanc 422 HY Intumescent\">Llegiu m\u00e9s<\/a><\/p>\n","protected":false},"featured_media":17411,"comment_status":"open","ping_status":"closed","template":"","meta":[],"product_cat":[91],"product_tag":[],"_links":{"self":[{"href":"https:\/\/showindustrial.com\/ca\/wp-json\/wp\/v2\/product\/17416"}],"collection":[{"href":"https:\/\/showindustrial.com\/ca\/wp-json\/wp\/v2\/product"}],"about":[{"href":"https:\/\/showindustrial.com\/ca\/wp-json\/wp\/v2\/types\/product"}],"replies":[{"embeddable":true,"href":"https:\/\/showindustrial.com\/ca\/wp-json\/wp\/v2\/comments?post=17416"}],"version-history":[{"count":3,"href":"https:\/\/showindustrial.com\/ca\/wp-json\/wp\/v2\/product\/17416\/revisions"}],"predecessor-version":[{"id":17421,"href":"https:\/\/showindustrial.com\/ca\/wp-json\/wp\/v2\/product\/17416\/revisions\/17421"}],"wp:featuredmedia":[{"embeddable":true,"href":"https:\/\/showindustrial.com\/ca\/wp-json\/wp\/v2\/media\/17411"}],"wp:attachment":[{"href":"https:\/\/showindustrial.com\/ca\/wp-json\/wp\/v2\/media?parent=17416"}],"wp:term":[{"taxonomy":"product_cat","embeddable":true,"href":"https:\/\/showindustrial.com\/ca\/wp-json\/wp\/v2\/product_cat?post=17416"},{"taxonomy":"product_tag","embeddable":true,"href":"https:\/\/showindustrial.com\/ca\/wp-json\/wp\/v2\/product_tag?post=17416"}],"curies":[{"name":"wp","href":"https:\/\/api.w.org\/{rel}","templated":true}]}}