{"id":17396,"date":"2024-01-25T18:58:16","date_gmt":"2024-01-25T17:58:16","guid":{"rendered":"https:\/\/showindustrial.com\/?post_type=product&#038;p=17396"},"modified":"2024-01-26T12:50:49","modified_gmt":"2024-01-26T11:50:49","slug":"blatepox-terres-wd-3-pintura-epoxi-dispersio-aquosa","status":"publish","type":"product","link":"https:\/\/showindustrial.com\/ca\/producte\/blatepox-terres-wd-3-pintura-epoxi-dispersio-aquosa\/","title":{"rendered":"Blatepox terres WD\/3 Pintura Epoxi Dispersi\u00f3 Aquosa"},"content":{"rendered":"<p><strong><span style=\"vertical-align: inherit;\">Descripci\u00f3<\/span><\/strong><\/p>\n<p><span style=\"vertical-align: inherit;\">Pintura epoxi d\u00b4acabat en dispersi\u00f3 aquosa. \u00das per a interiors.<\/span><\/p>\n<p><strong><span style=\"vertical-align: inherit;\">Propietats<\/span><\/strong><\/p>\n<p><span style=\"vertical-align: inherit;\">Gran resist\u00e8ncia al\u02bbabrasi\u00f3. Resist\u00e8ncia a l&#8217;alcalinitat. Excel\u00b7lent adher\u00e8ncia. Visible el final de la mescla.<\/span><\/p>\n<p><strong><span style=\"vertical-align: inherit;\">Aplicacions<\/span><\/strong><\/p>\n<p><span style=\"vertical-align: inherit;\">Protecci\u00f3 i decoraci\u00f3 de terres de formig\u00f3, sotmesos a esfor\u00e7os mec\u00e0nics, com ara garatges, magatzems, naus industrials, etc.<\/span><\/p>\n<p><strong><span style=\"vertical-align: inherit;\">Caracter\u00edstiques t\u00e8cniques<\/span><\/strong><\/p>\n<p><span style=\"vertical-align: inherit;\">\u00b7 Color: Vermell RAL 3009, Verd RAL 6021, Gris RAL 7038 i Blanc. <\/span><br \/>\n<span style=\"vertical-align: inherit;\">\u00b7 Aspecte: Setinat. <\/span><br \/>\n<span style=\"vertical-align: inherit;\">\u00b7 Densitat: 1,64 \u00b1 0,1 gr\/cc (UNE-EN-ISO 2811-1 i 2). <\/span><br \/>\n<span style=\"vertical-align: inherit;\">\u00b7 S\u00f2lids en volum: 50 \u00b1 2 %. <\/span><br \/>\n<span style=\"vertical-align: inherit;\">\u00b7 Assecat (tacte): 6-8 hores. <\/span><br \/>\n<span style=\"vertical-align: inherit;\">\u00b7 Repintat: M\u00ednim 8 hores \/ M\u00e0xim 3 dies. <\/span><br \/>\n<span style=\"vertical-align: inherit;\">\u00b7 No inflamable. <\/span><br \/>\n<span style=\"vertical-align: inherit;\">\u00b7 Gruix recomanat: Humit 60-120 micres \/ Sec 30-60 micres. <\/span><br \/>\n<span style=\"vertical-align: inherit;\">\u00b7 Rendiment: 6-8 m 2 \/lt (50 micres). <\/span><br \/>\n<span style=\"vertical-align: inherit;\">\u00b7 Dades per a producte barrejat a 25\u00baC. <\/span><br \/>\n<span style=\"vertical-align: inherit;\">\u00b7 N\u00ba de capes: 1-2. <\/span><br \/>\n<span style=\"vertical-align: inherit;\">\u00b7 Proporci\u00f3 de mescla: Pes: 4\/1. \/ Volum: 2,44\/1. <\/span><br \/>\n<span style=\"vertical-align: inherit;\">\u00b7 Catalitzador: Catalitzador Blatepox WD\/3. <\/span><br \/>\n<span style=\"vertical-align: inherit;\">\u00b7 Vida barreja: 1 hora. <\/span><br \/>\n<span style=\"vertical-align: inherit;\">\u00b7 Estabilitat a l&#8217;env\u00e0s (lloc fresc i sec; 15-30\u00baC, RH-60%): M\u00e9s d&#8217;1 any en env\u00e0s original tancat. COV: 2004\/42\/II A(j)(140\/140) M\u00e0x. COVS 71 g\/Lt.<\/span><\/p>\n<p><strong><span style=\"vertical-align: inherit;\">Homologacions i Assajos<\/span><\/strong><\/p>\n<p><span style=\"vertical-align: inherit;\">Permeabilitat a l&#8217;aigua (Marcat CE) W &lt; 0,1 kg\/m2 h0,5 . Valor obtingut: W= 0,05 kg\/m2 h0,5 (EN 1062-3:2005). Permeabilitat al vapor d&#8217;aigua (Marcat CE) Classe ISD . Valor obtingut: SD = 1,2 m (EN-ISO 7783-1\/2). Adhesi\u00f3 mitjan\u00e7ant arrencament (Marcat CE)\u2265 1,0 (0,7) b . Valor obtingut: 4,18 \u00b1 0,22 MPa (UNE 1542:2000). Resist\u00e8ncia a l&#8217;abrasi\u00f3 (Assaig TABER) (Marcat CE). P\u00e8rdues de pes inferior a 3000 mg, queixal abrasiu H22 \/ rotaci\u00f3 1000 cicles \/ c\u00e0rrega 1000 g. Valor obtingut: 138 \u00b1 31 mg (EN-ISO 5470-1). Resist\u00e8ncia a l&#8217;impacte (Marcat CE) Classe I (\u2265 4 Nm). Valor obtingut: \u2265 4 Nm (EN-ISO 6272-1). Resist\u00e8ncia a forts atacs qu\u00edmics (Marcat CE). Disminuci\u00f3 de la duresa en menys del 50%, quan la mesura s&#8217;efectua segons el m\u00e8tode Buchholz EN-ISO 2815, o segons el m\u00e8tode Shore, EN-ISO 868, 24 hores despr\u00e9s d&#8217;haver eliminat el revestiment per immersi\u00f3 al l\u00edquid per a assaig . Valor obtingut: Classe II (28 dies sense pressi\u00f3) per als l\u00edquids d&#8217;assaig seg\u00fcents: &#8211; Grup 1 (gasolina). &#8211; Grup 3 (gasoil i oli de motor i d&#8217;engranatges inutilitzats). &#8211; Grup 11 (bases inorg\u00e0niques i les seves sals alcalines hidrolitzants en dissoluci\u00f3 aquosa (pH&gt;8) excepte les dissolucions d&#8217;amoni i les dissolucions oxidants de sals). Resbaladicitat (UNE-ENV 12633). Resist\u00e8ncia al lliscament Rd&gt;45: Classe 3. Classificaci\u00f3 al foc de paviments (UNE-EN 13501:07+A1:2010): Comportament al foc: A2 fl . Producci\u00f3 de fums: S1.<\/span><\/p>\n<p><strong><span style=\"vertical-align: inherit;\">Preparaci\u00f3 de Superf\u00edcies<\/span><\/strong><\/p>\n<p><span style=\"vertical-align: inherit;\">Formig\u00f3: Aplicar sobre imprimacions epoxi incolores o pigmentades, sigui en base solvent o aquosa.<\/span><\/p>\n<p><strong><span style=\"vertical-align: inherit;\">Mode d&#8217;ocupaci\u00f3<\/span><\/strong><\/p>\n<p><span style=\"vertical-align: inherit;\">Pistola amb aire: Tal qual, filtre 1,5-2 m\/m, 3-4 atms). Diluent: Aigua. Brotxa \/ corr\u00f3: 0-10% amb aigua. Dissolvent neteja: Aigua. Condicions d&#8217;aplicaci\u00f3: Temperatura \u2265 12\u00baC \/ humitat \u2264 80%.<\/span><\/p>\n<p><strong><span style=\"vertical-align: inherit;\">Recomanacions<\/span><\/strong><\/p>\n<p><span style=\"vertical-align: inherit;\">Remenar el contingut dels envasos i la barreja dels dos components, fins a homogene\u00eftzar el producte; no emmagatzemar envasos oberts o comen\u00e7ats. Consultar els fulls de seguretat per con\u00e8ixer les dades toxicol\u00f2giques.<\/span><\/p>\n<p><strong><span style=\"vertical-align: inherit;\">Presentaci\u00f3<\/span><\/strong><\/p>\n<p><span style=\"vertical-align: inherit;\">En envasos de 10 (8+2) Kg. Colors: Gris RAL 7038, Verd RAL 6021, Vermell RAL 3009 i Blanc. Emmagatzematge Temps d&#8217;emmagatzematge m\u00e0xim recomanat: 1 any en el seu env\u00e0s original ben tancat i arrecerat de la intemp\u00e8rie (a cobert i temperatura entre 5 i 35\u00baC.)<\/span><\/p>\n<p><strong><span style=\"vertical-align: inherit;\">Informaci\u00f3 de Seguretat<\/span><\/strong><\/p>\n<p><span style=\"vertical-align: inherit;\">Si s&#8217;aplica a pistola \u00e9s recomanable fer servir m\u00e0scara. En cas de contacte amb els ulls, renteu-lo amb aigua neta i abundant. Per a m\u00e9s informaci\u00f3 consulteu el full de seguretat del producte.<\/span><\/p>\n","protected":false},"excerpt":{"rendered":"<p>Descripci\u00f3 Pintura epoxi d\u00b4acabat en dispersi\u00f3 aquosa. \u00das per a interiors. Propietats Gran resist\u00e8ncia al\u02bbabrasi\u00f3. Resist\u00e8ncia a l&#8217;alcalinitat. Excel\u00b7lent adher\u00e8ncia. Visible el final de la mescla. Aplicacions Protecci\u00f3 i decoraci\u00f3 de terres de formig\u00f3, sotmesos a esfor\u00e7os mec\u00e0nics, com ara garatges, magatzems, naus industrials, etc. Caracter\u00edstiques t\u00e8cniques \u00b7 Color: Vermell RAL 3009, Verd RAL 6021, &#8230; <a title=\"Blatepox terres WD\/3 Pintura Epoxi Dispersi\u00f3 Aquosa\" class=\"read-more\" href=\"https:\/\/showindustrial.com\/ca\/producte\/blatepox-terres-wd-3-pintura-epoxi-dispersio-aquosa\/\" aria-label=\"M\u00e9s informaci\u00f3 sobre Blatepox terres WD\/3 Pintura Epoxi Dispersi\u00f3 Aquosa\">Llegiu m\u00e9s<\/a><\/p>\n","protected":false},"featured_media":17393,"comment_status":"open","ping_status":"closed","template":"","meta":[],"product_cat":[90],"product_tag":[],"_links":{"self":[{"href":"https:\/\/showindustrial.com\/ca\/wp-json\/wp\/v2\/product\/17396"}],"collection":[{"href":"https:\/\/showindustrial.com\/ca\/wp-json\/wp\/v2\/product"}],"about":[{"href":"https:\/\/showindustrial.com\/ca\/wp-json\/wp\/v2\/types\/product"}],"replies":[{"embeddable":true,"href":"https:\/\/showindustrial.com\/ca\/wp-json\/wp\/v2\/comments?post=17396"}],"version-history":[{"count":1,"href":"https:\/\/showindustrial.com\/ca\/wp-json\/wp\/v2\/product\/17396\/revisions"}],"predecessor-version":[{"id":17397,"href":"https:\/\/showindustrial.com\/ca\/wp-json\/wp\/v2\/product\/17396\/revisions\/17397"}],"wp:featuredmedia":[{"embeddable":true,"href":"https:\/\/showindustrial.com\/ca\/wp-json\/wp\/v2\/media\/17393"}],"wp:attachment":[{"href":"https:\/\/showindustrial.com\/ca\/wp-json\/wp\/v2\/media?parent=17396"}],"wp:term":[{"taxonomy":"product_cat","embeddable":true,"href":"https:\/\/showindustrial.com\/ca\/wp-json\/wp\/v2\/product_cat?post=17396"},{"taxonomy":"product_tag","embeddable":true,"href":"https:\/\/showindustrial.com\/ca\/wp-json\/wp\/v2\/product_tag?post=17396"}],"curies":[{"name":"wp","href":"https:\/\/api.w.org\/{rel}","templated":true}]}}