{"id":17382,"date":"2024-01-25T18:48:38","date_gmt":"2024-01-25T17:48:38","guid":{"rendered":"https:\/\/showindustrial.com\/?post_type=product&#038;p=17382"},"modified":"2024-01-26T12:50:55","modified_gmt":"2024-01-26T11:50:55","slug":"blatepox-terres-acabat-epoxi-base-dissolvent","status":"publish","type":"product","link":"https:\/\/showindustrial.com\/ca\/producte\/blatepox-terres-acabat-epoxi-base-dissolvent\/","title":{"rendered":"Blatepox Terres Acabat Epoxi Base Dissolvent"},"content":{"rendered":"<p><strong><span style=\"vertical-align: inherit;\">Descripci\u00f3<\/span><\/strong><\/p>\n<p><span style=\"vertical-align: inherit;\">Acabat epoxi a base dissolvent, curat amb poliamides modificades. Propietats Bona adher\u00e8ncia, resist\u00e8ncia a l&#8217;abrasi\u00f3, i als productes qu\u00edmics (especialment bases); bona aplicaci\u00f3, rendiment i cobriment.<\/span><\/p>\n<p><strong><span style=\"vertical-align: inherit;\">Aplicacions<\/span><\/strong><\/p>\n<p><span style=\"vertical-align: inherit;\">Pintura epoxi de gran qualitat, per a revestiment de sistemes industrials, com ara terres de p\u00e0rquings, f\u00e0briques, magatzems, etc., sobre formig\u00f3 i ciment. \u00das interior.<\/span><\/p>\n<p><strong><span style=\"vertical-align: inherit;\">Caracter\u00edstiques t\u00e8cniques<\/span><\/strong><\/p>\n<p><span style=\"vertical-align: inherit;\">\u00b7 Color: Gris terres RAL 7038, Verd terres RAL 6021 i Vermell s\u00f2ls RAL 3009. <\/span><br \/>\n<span style=\"vertical-align: inherit;\">\u00b7 Aspecte: Brillantor. <\/span><br \/>\n<span style=\"vertical-align: inherit;\">\u00b7 Densitat: 1,30 \u00b1 0,25 (UNE-EN-ISO 2811-1 i 2). <\/span><br \/>\n<span style=\"vertical-align: inherit;\">\u00b7 S\u00f2lids en volum: 50 \u00b1 2%. <\/span><br \/>\n<span style=\"vertical-align: inherit;\">\u00b7 Assecat (tacte): 2-4 hores. <\/span><br \/>\n<span style=\"vertical-align: inherit;\">\u00b7 Repintat: M\u00ednim: 12 hores \/ M\u00e0xim: 15 dies. <\/span><br \/>\n<span style=\"vertical-align: inherit;\">\u00b7 Punt d&#8217;inflamaci\u00f3: 26\u00baC. <\/span><br \/>\n<span style=\"vertical-align: inherit;\">\u00b7 Gruix recomanat: Humit: 60-100 micres \/ Sec: 30-50 micres. <\/span><br \/>\n<span style=\"vertical-align: inherit;\">\u00b7 Rendiment: 12,5 m 2 \/kg (40 micres). Dades per a producte barrejat a 25\u00baC. <\/span><br \/>\n<span style=\"vertical-align: inherit;\">\u00b7 N\u00ba de capes: 1-2. <\/span><br \/>\n<span style=\"vertical-align: inherit;\">\u00b7 Proporci\u00f3 de mescla: Pes: 100\/33 \/ Volum: 100\/50. <\/span><br \/>\n<span style=\"vertical-align: inherit;\">\u00b7 Catalitzador: Catalitzador Blatepox S\u00f2ls, Catalitzador Blatepox S\u00f2ls E 1 o Catalitzador Blatepox AD. <\/span><br \/>\n<span style=\"vertical-align: inherit;\">\u00b7 Vida barreja: 8 hores. \u00b7 Estabilitat a l&#8217;env\u00e0s (lloc fresc i sec; 15-30\u00baC, rh-60%): M\u00e9s d&#8217;1 any en env\u00e0s original tancat. COV: 2004\/42\/II A(j)(550\/500) M\u00e0x. COVS 400 g\/Lt.<\/span><\/p>\n<p><strong><span style=\"vertical-align: inherit;\">Homologacions i assaigs<\/span><\/strong><\/p>\n<p><span style=\"vertical-align: inherit;\">Permeabilitat a l&#8217;aigua (Marcat CE) W &lt; 0,1 kg\/m2 h0,5. Valor obtingut: W= 0,03 kg\/m2 h0,5 (EN 1062-3:2005). Permeabilitat al vapor d&#8217;aigua (Marcat CE) Classe ISD Valor obtingut: SD = 1,2 m (EN-ISO 7783-1\/2). Adhesi\u00f3 mitjan\u00e7ant arrencament (Marcat CE) \u2265 1,0 (0,7) b . Valor obtingut: 2,97 \u00b1 0,60 MPa (UNE 1542:2000). Resist\u00e8ncia a l&#8217;abrasi\u00f3 (Assaig TABER) (Marcat CE). P\u00e8rdues de pes inferior a 3000 mg, queixal abrasiu H22 \/ rotaci\u00f3 1000 cicles \/ c\u00e0rrega 1000 g. Valor obtingut: 126 \u00b1 24 mg (EN-ISO 5470-1). Resist\u00e8ncia a l&#8217;impacte (Marcat CE) Classe II (\u2265 10 Nm). Valor obtingut: \u2265 10 Nm (EN-ISO 6272-1). Resist\u00e8ncia a forts atacs qu\u00edmics (Marcat CE). Disminuci\u00f3 de la duresa en menys del 50%, quan la mesura s&#8217;efectua segons el m\u00e8tode Buchholz EN-ISO 2815, o segons el m\u00e8tode Shore, EN-ISO 868, 24 hores despr\u00e9s d&#8217;haver eliminat el revestiment per immersi\u00f3 al l\u00edquid per a assaig . Valor obtingut: Classe II (28 dies sense pressi\u00f3) per als l\u00edquids d&#8217;assaig seg\u00fcents: &#8211; Grup 1 (gasolina). &#8211; Grup 3 (gasoil i oli de motor i d&#8217;engranatges inutilitzats). &#8211; Grup 11 (bases inorg\u00e0niques i les seves sals alcalines hidrolitzants en dissoluci\u00f3 aquosa (pH&gt;8) excepte les dissolucions d&#8217;amoni i les dissolucions oxidants de sals). Resbaladicitat (UNE-ENV 12633). Resist\u00e8ncia al lliscament Rd&gt;45: Classe 3. Classificaci\u00f3 al foc de paviments (UNE-EN 13501:07+A1:2010): Comportament al foc: A2 fl . Producci\u00f3 de fums: S1.<\/span><\/p>\n<p><strong><span style=\"vertical-align: inherit;\">Preparaci\u00f3 de superf\u00edcies<\/span><\/strong><\/p>\n<p><span style=\"vertical-align: inherit;\">Aplicar sobre imprimaci\u00f3 epoxi o poliuret\u00e0, imprimaci\u00f3 epoxi o vinil. En pintures epoxi o poliuret\u00e0 m\u00e9s antigues, es recomana donar una lleugera rugositat pr\u00e8viament.<\/span><\/p>\n<p><strong><span style=\"vertical-align: inherit;\">Utilitzaci\u00f3<\/span><\/strong><\/p>\n<p><span style=\"vertical-align: inherit;\">Pistola amb aire: 25-30\u201d CF4 (broquet 1,5-2 m\/m, 3-4 atms). Pistola airless: Tal qual (0,018\u201d, 120 atms). Brotxa \/ corr\u00f3: 0-10% Dissolvent Blatepox. Condicions d&#8217;aplicaci\u00f3: Temperatura \u226512\u00baC \/ humitat \u226480%. Diluent: Dissolvent 333 o Dissolvent Blatepox. Dissolvent Neteja: Dissolvent Neteja L o 330.<\/span><\/p>\n<p><strong><span style=\"vertical-align: inherit;\">Recomanacions<\/span><\/strong><\/p>\n<p><span style=\"vertical-align: inherit;\">Remenar el contingut dels envasos i la barreja dels dos components, fins a homogene\u00eftzar el producte; no emmagatzemar envasos oberts o comen\u00e7ats. Consultar els fulls de seguretat per con\u00e8ixer les dades toxicol\u00f2giques.<\/span><\/p>\n<p><strong><span style=\"vertical-align: inherit;\">Presentaci\u00f3<\/span><\/strong><\/p>\n<p><span style=\"vertical-align: inherit;\">En envasos de 4 (3+1) i 20 (15+5) Kg. Colors: Gris terres RAL 7038, Verd s\u00f2ls RAL 6021 i Vermell s\u00f2ls RAL 3009.<\/span><\/p>\n<p><strong><span style=\"vertical-align: inherit;\">Emmagatzematge<\/span><\/strong><\/p>\n<p><span style=\"vertical-align: inherit;\">Temps d&#8217;emmagatzematge m\u00e0xim recomanat: 1 any en el seu env\u00e0s original ben tancat i arrecerat de la intemp\u00e8rie (a cobert i temperatura entre 5 i 35\u00baC.)<\/span><\/p>\n<p><strong><span style=\"vertical-align: inherit;\">Informaci\u00f3 de Seguretat<\/span><\/strong><\/p>\n<p><span style=\"vertical-align: inherit;\">Si s&#8217;aplica a pistola \u00e9s recomanable fer servir m\u00e0scara. En cas de contacte amb els ulls, renteu-lo amb aigua neta i abundant. Per a m\u00e9s informaci\u00f3 consulteu el full de seguretat del producte.<\/span><\/p>\n","protected":false},"excerpt":{"rendered":"<p>Descripci\u00f3 Acabat epoxi a base dissolvent, curat amb poliamides modificades. Propietats Bona adher\u00e8ncia, resist\u00e8ncia a l&#8217;abrasi\u00f3, i als productes qu\u00edmics (especialment bases); bona aplicaci\u00f3, rendiment i cobriment. Aplicacions Pintura epoxi de gran qualitat, per a revestiment de sistemes industrials, com ara terres de p\u00e0rquings, f\u00e0briques, magatzems, etc., sobre formig\u00f3 i ciment. \u00das interior. Caracter\u00edstiques t\u00e8cniques &#8230; <a title=\"Blatepox Terres Acabat Epoxi Base Dissolvent\" class=\"read-more\" href=\"https:\/\/showindustrial.com\/ca\/producte\/blatepox-terres-acabat-epoxi-base-dissolvent\/\" aria-label=\"M\u00e9s informaci\u00f3 sobre Blatepox Terres Acabat Epoxi Base Dissolvent\">Llegiu m\u00e9s<\/a><\/p>\n","protected":false},"featured_media":17378,"comment_status":"open","ping_status":"closed","template":"","meta":[],"product_cat":[90],"product_tag":[],"_links":{"self":[{"href":"https:\/\/showindustrial.com\/ca\/wp-json\/wp\/v2\/product\/17382"}],"collection":[{"href":"https:\/\/showindustrial.com\/ca\/wp-json\/wp\/v2\/product"}],"about":[{"href":"https:\/\/showindustrial.com\/ca\/wp-json\/wp\/v2\/types\/product"}],"replies":[{"embeddable":true,"href":"https:\/\/showindustrial.com\/ca\/wp-json\/wp\/v2\/comments?post=17382"}],"version-history":[{"count":1,"href":"https:\/\/showindustrial.com\/ca\/wp-json\/wp\/v2\/product\/17382\/revisions"}],"predecessor-version":[{"id":17384,"href":"https:\/\/showindustrial.com\/ca\/wp-json\/wp\/v2\/product\/17382\/revisions\/17384"}],"wp:featuredmedia":[{"embeddable":true,"href":"https:\/\/showindustrial.com\/ca\/wp-json\/wp\/v2\/media\/17378"}],"wp:attachment":[{"href":"https:\/\/showindustrial.com\/ca\/wp-json\/wp\/v2\/media?parent=17382"}],"wp:term":[{"taxonomy":"product_cat","embeddable":true,"href":"https:\/\/showindustrial.com\/ca\/wp-json\/wp\/v2\/product_cat?post=17382"},{"taxonomy":"product_tag","embeddable":true,"href":"https:\/\/showindustrial.com\/ca\/wp-json\/wp\/v2\/product_tag?post=17382"}],"curies":[{"name":"wp","href":"https:\/\/api.w.org\/{rel}","templated":true}]}}