{"id":17350,"date":"2024-01-24T14:07:19","date_gmt":"2024-01-24T13:07:19","guid":{"rendered":"https:\/\/showindustrial.com\/?post_type=product&#038;p=17350"},"modified":"2024-01-26T12:51:06","modified_gmt":"2024-01-26T11:51:06","slug":"acabat-poliureta-alifatic-acriblatem-ac-sols-amb-ions-ag","status":"publish","type":"product","link":"https:\/\/showindustrial.com\/ca\/producte\/acabat-poliureta-alifatic-acriblatem-ac-sols-amb-ions-ag\/","title":{"rendered":"Acabat Poliuret\u00e0 Alif\u00e0tic Acriblatem ac. S\u00f2ls amb ions AG+"},"content":{"rendered":"<p><strong><span style=\"vertical-align: inherit;\">Descripci\u00f3<\/span><\/strong><br \/>\n<span style=\"vertical-align: inherit;\"> Acabat de poliuret\u00e0 alif\u00e0tic, de dos components, resistent als bacteris en pel\u00b7l\u00edcula, amb gran resist\u00e8ncia a la intemp\u00e8rie i excel\u00b7lent manteniment de color i brillantor.<\/span><\/p>\n<p><strong><span style=\"vertical-align: inherit;\">Propietats<\/span><\/strong><br \/>\n<span style=\"vertical-align: inherit;\"> Gran cos i brillantor. No groguejant. Excel\u00b7lent comportament a l&#8217;exterior. Assecat r\u00e0pid. Inhibeix i prev\u00e9 el creixement de bacteris sobre la pel\u00b7l\u00edcula de pintura.<\/span><\/p>\n<p><strong><span style=\"vertical-align: inherit;\">Aplicacions<\/span><\/strong><br \/>\n<span style=\"vertical-align: inherit;\"> Capa d&#8217;acabat de gran qualitat, per a terres industrials, com p\u00e0rquings, f\u00e0briques, magatzems, hangars, estacions de servei, etc., sobre formig\u00f3 i ciment Caracter\u00edstiques<\/span><\/p>\n<p><strong><span style=\"vertical-align: inherit;\">T\u00e8cniques<\/span><\/strong><br \/>\n<span style=\"vertical-align: inherit;\"> \u00b7 Color: Transparent, blanc i carta RAL. <\/span><br \/>\n<span style=\"vertical-align: inherit;\">\u00b7 Aspecte: Brillantor, setinat, mat. <\/span><br \/>\n<span style=\"vertical-align: inherit;\">\u00b7 Densitat: 1-1,25 gr\/cc (UNE-EN-ISO 2811-1 i 2) <\/span><br \/>\n<span style=\"vertical-align: inherit;\">. S\u00f2lids en volum: 50 \u00b1 2%. \u00b7 Assecat (tacte): 30 minuts. <\/span><br \/>\n<span style=\"vertical-align: inherit;\">\u00b7 Repintat: M\u00ednim: 8 hores. \/ M\u00e0xim: 15 dies. <\/span><br \/>\n<span style=\"vertical-align: inherit;\">\u00b7 Punt d&#8217;inflamaci\u00f3: 25\u00baC. <\/span><br \/>\n<span style=\"vertical-align: inherit;\">\u00b7 Gruix recomanat: Humit: 70-100 micres. \/ Sec: 35-50 micres. <\/span><br \/>\n<span style=\"vertical-align: inherit;\">\u00b7 Rendiment: 12,5 m 2 \/lt (40 micres). Dades per a producte barrejat a 25\u00baC. <\/span><br \/>\n<span style=\"vertical-align: inherit;\">\u00b7 N\u00ba de capes: 1-2. <\/span><br \/>\n<span style=\"vertical-align: inherit;\">\u00b7 Proporci\u00f3 de mescla: Pes: 100\/25. \/ Volum: 100\/30. <\/span><br \/>\n<span style=\"vertical-align: inherit;\">\u00b7 Catalitzador: Catalitzador Acriblatem. <\/span><br \/>\n<span style=\"vertical-align: inherit;\">\u00b7 Vida barreja: 2 hores. <\/span><br \/>\n<span style=\"vertical-align: inherit;\">\u00b7 Estabilitat a l&#8217;env\u00e0s (lloc fresc i sec; 15-30\u00baC, RH-60%): M\u00e9s d&#8217;1 any en env\u00e0s original tancat. <\/span><br \/>\n<span style=\"vertical-align: inherit;\">\u00b7 Resist\u00e8ncia qu\u00edmica:<\/span><\/p>\n<p><span style=\"vertical-align: inherit;\">&#8211; Bona \u00c0cid sulf\u00faric 20% <\/span><br \/>\n<span style=\"vertical-align: inherit;\">&#8211; Bona \u00c0cid n\u00edtric 10% <\/span><br \/>\n<span style=\"vertical-align: inherit;\">&#8211; Bona \u00c0cid ac\u00e8tic 5% <\/span><br \/>\n<span style=\"vertical-align: inherit;\">&#8211; Bona \u00c0cid clorh\u00eddric 36% &#8211; <\/span><br \/>\n<span style=\"vertical-align: inherit;\">Bona Hidr\u00f2xid s\u00f2dic 20% <\/span><br \/>\n<span style=\"vertical-align: inherit;\">&#8211; Bona Hidr\u00f2xid pot\u00e0ssic 10% <\/span><br \/>\n<span style=\"vertical-align: inherit;\">&#8211; Bona <\/span><br \/>\n<span style=\"vertical-align: inherit;\">Quemonis <\/span><br \/>\n<span style=\"vertical-align: inherit;\">&#8211; Bona Amon\u00edac <\/span><br \/>\n<span style=\"vertical-align: inherit;\">5% -oil <\/span><br \/>\n<span style=\"vertical-align: inherit;\">&#8211; Bona Fuel-oil<\/span><\/p>\n<p><span style=\"vertical-align: inherit;\">Resist\u00e8ncia als bacteris m\u00e9s comuns sobre la pel\u00b7l\u00edcula de pintura: S. aureus, legionel\u00b7la.<\/span><\/p>\n<p><span style=\"vertical-align: inherit;\">Assaig de capacitat antimicrobiana mitjan\u00e7ant est\u00e0ndard JIS Z 2801 (ISO 22196).<\/span><\/p>\n<p><span style=\"vertical-align: inherit;\">Resultat: R\u22651. Significa eliminaci\u00f3 de la poblaci\u00f3 bacteriana igual o m\u00e9s gran al 90%. R\u22652. Significa eliminaci\u00f3 de la poblaci\u00f3 bacteriana igual o m\u00e9s gran al 99%. COV: 2004\/42\/II A(j)(550\/500) M\u00e0x. COVS 480 g\/Lt.<\/span><\/p>\n<p><strong><span style=\"vertical-align: inherit;\">Homologacions i assaigs<\/span><\/strong><br \/>\n<span style=\"vertical-align: inherit;\"> Permeabilitat al vapor d&#8217;aigua (Marcat CE) Classe I SD Valor obtingut: SD= 1,2 m (EN-ISO 7783-1\/2). Permeabilitat a l&#8217;aigua (Marcat CE) W &lt; 0,1 kg\/m 2 h0,5. Valor obtingut: W= 0,01 kg\/m 2 h0,5 (EN 1062-3:2005). Adhesi\u00f3 mitjan\u00e7ant arrencament (Marcat CE) \u2265 1,0(0,7) b . Valor obtingut: 4,18 \u00b1 0,22 MPA (UNE 1542:2000). Resist\u00e8ncia a l&#8217;abrasi\u00f3 (Assaig TABER) (Marcat CE). P\u00e8rdua de pes inferior a 3000 mg, queixal abrasiu H22 \/ rotaci\u00f3 1000 cicles \/ c\u00e0rrega 1000 g. Valor obtingut: 110 \u00b1 26 mg (EN-ISO 5470-1). Resist\u00e8ncia a l&#8217;impacte (Marcat CE) Classe II \u2265 10 Nm. Valor obtingut: \u2265 10 Nm (EN-ISO 6272-1). Resist\u00e8ncia a forts atacs qu\u00edmics (Marcat CE). Disminuci\u00f3 de la duresa en menys del 50%, quan la mesura s&#8217;efectua segons el m\u00e8tode Buchholz EN-ISO 2815, o segons el m\u00e8tode Shore, EN-ISO 868, 24 hores despr\u00e9s d&#8217;haver eliminat el revestiment per immersi\u00f3 al l\u00edquid per a assaig . Valor obtingut: Classe II (28 dies sense pressi\u00f3) per als l\u00edquids d&#8217;assaig seg\u00fcents: &#8211; Grup 1 (gasolina). &#8211; Grup 3 (gasoil i oli de motor i d&#8217;engranatges inutilitzats). &#8211; Grup 11 (Bases inorg\u00e0niques i les seves sals alcalines hidrolitzants en dissoluci\u00f3 aquosa (pH&gt;8) excepte les dissolucions d&#8217;amoni i les dissolucions oxidants de sals). Resbaladicitat (UNE-ENV 12633). Resist\u00e8ncia al lliscament Rd&gt;45: Classe 3. Classificaci\u00f3 al foc de paviments (UNE-EN 13501:07+A1:2010): Comportament al foc: A2 fl . Producci\u00f3 de fums: S1.<\/span><\/p>\n<p><strong><span style=\"vertical-align: inherit;\">Preparaci\u00f3 de Superf\u00edcies<\/span><\/strong><br \/>\n<span style=\"vertical-align: inherit;\"> Imprimaci\u00f3 epoxi o poliuret\u00e0. <\/span><br \/>\n<span style=\"vertical-align: inherit;\">Formig\u00f3: Imprimaci\u00f3 epoxi incolora.<\/span><\/p>\n<p><strong><span style=\"vertical-align: inherit;\">Mode d&#8217;ocupaci\u00f3<\/span><\/strong><br \/>\n<span style=\"vertical-align: inherit;\"> Pistola amb aire: 25-30\u201d CF4 (broquet 1-1,5 m\/m, 3-4 atms). Pistola airless: Tal qual (0,018\u201d, 120 atms). Condicions aplicaci\u00f3: Temperatura \u2265 10\u00baC \/ humitat Diluent: Dissolvent Poliuret\u00e0. Dissolvent neteja: Dissolvent Neteja L o 330.<\/span><\/p>\n<p><strong><span style=\"vertical-align: inherit;\">Recomanacions<\/span><\/strong><br \/>\n<span style=\"vertical-align: inherit;\"> Remenar el contingut dels envasos i la barreja dels dos components, fins a homogene\u00eftzar el producte; no emmagatzemar envasos oberts o comen\u00e7ats. Consultar els fulls de seguretat per con\u00e8ixer les dades toxicol\u00f2giques.<\/span><\/p>\n<p><strong><span style=\"vertical-align: inherit;\">Presentaci\u00f3<\/span><\/strong><br \/>\n<span style=\"vertical-align: inherit;\"> En envasos de 5 L (4+1) i 25 L (20+5) Colors: Transparent, blanc i carta RAL.<\/span><\/p>\n<p><strong><span style=\"vertical-align: inherit;\">Emmagatzematge<\/span><\/strong><br \/>\n<span style=\"vertical-align: inherit;\"> Temps d&#8217;emmagatzematge m\u00e0xim recomanat: 1 any en el seu env\u00e0s original ben tancat i arrecerat de la intemp\u00e8rie (a cobert i temperatura entre 5 i 35\u00baC).<\/span><\/p>\n<p><strong><span style=\"vertical-align: inherit;\">Informaci\u00f3 de Seguretat<\/span><\/strong><br \/>\n<span style=\"vertical-align: inherit;\"> Si s&#8217;aplica a pistola \u00e9s recomanable fer servir m\u00e0scara. En cas de contacte amb els ulls, renteu-lo amb aigua neta i abundant. Per a m\u00e9s informaci\u00f3 consulteu el full de seguretat del producte.<\/span><\/p>\n","protected":false},"excerpt":{"rendered":"<p>Descripci\u00f3 Acabat de poliuret\u00e0 alif\u00e0tic, de dos components, resistent als bacteris en pel\u00b7l\u00edcula, amb gran resist\u00e8ncia a la intemp\u00e8rie i excel\u00b7lent manteniment de color i brillantor. Propietats Gran cos i brillantor. No groguejant. Excel\u00b7lent comportament a l&#8217;exterior. Assecat r\u00e0pid. Inhibeix i prev\u00e9 el creixement de bacteris sobre la pel\u00b7l\u00edcula de pintura. Aplicacions Capa d&#8217;acabat de &#8230; <a title=\"Acabat Poliuret\u00e0 Alif\u00e0tic Acriblatem ac. S\u00f2ls amb ions AG+\" class=\"read-more\" href=\"https:\/\/showindustrial.com\/ca\/producte\/acabat-poliureta-alifatic-acriblatem-ac-sols-amb-ions-ag\/\" aria-label=\"M\u00e9s informaci\u00f3 sobre Acabat Poliuret\u00e0 Alif\u00e0tic Acriblatem ac. S\u00f2ls amb ions AG+\">Llegiu m\u00e9s<\/a><\/p>\n","protected":false},"featured_media":17353,"comment_status":"open","ping_status":"closed","template":"","meta":[],"product_cat":[90],"product_tag":[],"_links":{"self":[{"href":"https:\/\/showindustrial.com\/ca\/wp-json\/wp\/v2\/product\/17350"}],"collection":[{"href":"https:\/\/showindustrial.com\/ca\/wp-json\/wp\/v2\/product"}],"about":[{"href":"https:\/\/showindustrial.com\/ca\/wp-json\/wp\/v2\/types\/product"}],"replies":[{"embeddable":true,"href":"https:\/\/showindustrial.com\/ca\/wp-json\/wp\/v2\/comments?post=17350"}],"version-history":[{"count":2,"href":"https:\/\/showindustrial.com\/ca\/wp-json\/wp\/v2\/product\/17350\/revisions"}],"predecessor-version":[{"id":17356,"href":"https:\/\/showindustrial.com\/ca\/wp-json\/wp\/v2\/product\/17350\/revisions\/17356"}],"wp:featuredmedia":[{"embeddable":true,"href":"https:\/\/showindustrial.com\/ca\/wp-json\/wp\/v2\/media\/17353"}],"wp:attachment":[{"href":"https:\/\/showindustrial.com\/ca\/wp-json\/wp\/v2\/media?parent=17350"}],"wp:term":[{"taxonomy":"product_cat","embeddable":true,"href":"https:\/\/showindustrial.com\/ca\/wp-json\/wp\/v2\/product_cat?post=17350"},{"taxonomy":"product_tag","embeddable":true,"href":"https:\/\/showindustrial.com\/ca\/wp-json\/wp\/v2\/product_tag?post=17350"}],"curies":[{"name":"wp","href":"https:\/\/api.w.org\/{rel}","templated":true}]}}