{"id":17335,"date":"2024-01-24T11:36:30","date_gmt":"2024-01-24T10:36:30","guid":{"rendered":"https:\/\/showindustrial.com\/?post_type=product&#038;p=17335"},"modified":"2024-01-26T12:51:11","modified_gmt":"2024-01-26T11:51:11","slug":"pintura-blatprimer-ignifuga-antioxidant","status":"publish","type":"product","link":"https:\/\/showindustrial.com\/ca\/producte\/pintura-blatprimer-ignifuga-antioxidant\/","title":{"rendered":"Pintura Blatprimer Ign\u00edfuga Antioxidant"},"content":{"rendered":"<p><strong><span style=\"vertical-align: inherit;\">Descripci\u00f3<\/span><\/strong><br \/>\n<span style=\"vertical-align: inherit;\">Imprimaci\u00f3 anticorrosiva ign\u00edfuga de gran rapidesa de secat per \u00fas en superf\u00edcies de ferro.<\/span><\/p>\n<p><strong><span style=\"vertical-align: inherit;\">Propietats<\/span><\/strong><br \/>\n<span style=\"vertical-align: inherit;\"> Assecat molt r\u00e0pid, bon poder anticorrosiu i facilitat d&#8217;aplicaci\u00f3, aix\u00ed com elevat rendiment i cobriment.<\/span><\/p>\n<p><strong><span style=\"vertical-align: inherit;\">Aplicacions<\/span><\/strong><br \/>\n<span style=\"vertical-align: inherit;\"> Per a la protecci\u00f3 davant l&#8217;oxidaci\u00f3 de tota mena de superf\u00edcies de ferro, reixats, finestres, portes, estructures, etc&#8230; tant en taller com a obra.<\/span><\/p>\n<p><strong><span style=\"vertical-align: inherit;\">Caracter\u00edstiques T\u00e8cniques<\/span><\/strong><br \/>\n<span style=\"vertical-align: inherit;\"> \u00b7 Color: Gris. <\/span><br \/>\n<span style=\"vertical-align: inherit;\">\u00b7 Efectivitat anticorrosiva: Bona (en ambients urbans i industrials moderats). <\/span><br \/>\n<span style=\"vertical-align: inherit;\">\u00b7 Adher\u00e8ncia: Bona. <\/span><br \/>\n<span style=\"vertical-align: inherit;\">\u00b7 Assecat tacte: 15 \u00b1 7 minuts a 25 \u00b1 8oC. <\/span><br \/>\n<span style=\"vertical-align: inherit;\">\u00b7 Repintat: Entre 2-4 hores. <\/span><br \/>\n<span style=\"vertical-align: inherit;\">\u00b7 Viscositat: 160 \u00b1 30\u201d F-4 (copa Ford no4) a 25 \u00b1 8oC (ASTM D-1200). <\/span><br \/>\n<span style=\"vertical-align: inherit;\">\u00b7 Densitat: 1,44 \u00b1 0,15 gr\/cc (UNE-EN-ISO 2811-1 i 2). <\/span><br \/>\n<span style=\"vertical-align: inherit;\">\u00b7 Finura: 6,5 \u00b1 1 HG(graus Hegman) (UNE-EN-ISO 1524). <\/span><br \/>\n<span style=\"vertical-align: inherit;\">\u00b7 Rendiment: 5-7 m2\/kg. <\/span><br \/>\n<span style=\"vertical-align: inherit;\">\u00b7 Estabilitat en env\u00e0s: M\u00e9s d&#8217;1 any en env\u00e0s original tancat. <\/span><br \/>\n<span style=\"vertical-align: inherit;\">\u00b7 Estris: Neteja amb Dissolvent de Neteja o Dissolvent Universal.<\/span><\/p>\n<p><strong><span style=\"vertical-align: inherit;\">Homologacions i Assajos<\/span><\/strong><br \/>\n<span style=\"vertical-align: inherit;\"> Reacci\u00f3 al foc, norma UNE-EN 13501-1:07+A1:2010, classes europees: A2, S1, d0. <\/span><br \/>\n<span style=\"vertical-align: inherit;\">Preparaci\u00f3 de Superf\u00edcies <\/span><br \/>\n<span style=\"vertical-align: inherit;\">Netejar i desgreixar b\u00e9 la superf\u00edcie, eliminar les pintures mal adherides i raspallar els <\/span><br \/>\n<span style=\"vertical-align: inherit;\">punts d&#8217;\u00f2xid o les parts rovellades, fins a obtenir ferro brillant (st.2).<\/span><\/p>\n<p><strong><span style=\"vertical-align: inherit;\">Com utilitzar<\/span><\/strong><br \/>\n<span style=\"vertical-align: inherit;\"> Rebaixar amb el nostre Dissolvent Universal fins a viscositat d&#8217;aplicaci\u00f3 a pistola. Cal <\/span><br \/>\n<span style=\"vertical-align: inherit;\">aplicar a pistola deixant uniforme el repartiment. <\/span><br \/>\n<span style=\"vertical-align: inherit;\">sobre aquestes imprimacions cal aplicar els nostres esmalts sint\u00e8tics d\u00b4acabat <\/span><br \/>\n<span style=\"vertical-align: inherit;\">tipus Blatemlux, Pintaluz, etc.<\/span><\/p>\n<p><strong><span style=\"vertical-align: inherit;\">Recomanacions<\/span><\/strong><br \/>\n<span style=\"vertical-align: inherit;\"> Remenar el contingut de l&#8217;env\u00e0s fins a homogene\u00eftzar el producte. <\/span><br \/>\n<span style=\"vertical-align: inherit;\">Despr\u00e9s d&#8217;usar, tapeu l&#8217;env\u00e0s, procurant deixar poca c\u00e0mera d&#8217;aire si s&#8217;ha de trigar <\/span><br \/>\n<span style=\"vertical-align: inherit;\">a utilitzar de nou.<\/span><\/p>\n<p><strong><span style=\"vertical-align: inherit;\">Presentaci\u00f3<\/span><\/strong><br \/>\n<span style=\"vertical-align: inherit;\"> En envasos de 5 i 20 kg.<\/span><\/p>\n<p><strong><span style=\"vertical-align: inherit;\">Emmagatzematge<\/span><\/strong><br \/>\n<span style=\"vertical-align: inherit;\"> Temps d&#8217;emmagatzematge m\u00e0xim recomanat: 12 mesos en el seu env\u00e0s original ben <\/span><br \/>\n<span style=\"vertical-align: inherit;\">tancat i arrecerat de la intemp\u00e8rie (a cobert i temperatura entre 5 i 35\u00baC).<\/span><\/p>\n<p><strong><span style=\"vertical-align: inherit;\">Informaci\u00f3 de seguretat<\/span><\/strong><br \/>\n<span style=\"vertical-align: inherit;\"> \u00c9s imprescindible seguir les instruccions de l&#8217;etiqueta de l&#8217;env\u00e0s. Per a m\u00e9s informaci\u00f3 <\/span><br \/>\n<span style=\"vertical-align: inherit;\">consulteu el full de seguretat del producte.<\/span><\/p>\n","protected":false},"excerpt":{"rendered":"<p>Descripci\u00f3 Imprimaci\u00f3 anticorrosiva ign\u00edfuga de gran rapidesa de secat per \u00fas en superf\u00edcies de ferro. Propietats Assecat molt r\u00e0pid, bon poder anticorrosiu i facilitat d&#8217;aplicaci\u00f3, aix\u00ed com elevat rendiment i cobriment. Aplicacions Per a la protecci\u00f3 davant l&#8217;oxidaci\u00f3 de tota mena de superf\u00edcies de ferro, reixats, finestres, portes, estructures, etc&#8230; tant en taller com a &#8230; <a title=\"Pintura Blatprimer Ign\u00edfuga Antioxidant\" class=\"read-more\" href=\"https:\/\/showindustrial.com\/ca\/producte\/pintura-blatprimer-ignifuga-antioxidant\/\" aria-label=\"M\u00e9s informaci\u00f3 sobre Pintura Blatprimer Ign\u00edfuga Antioxidant\">Llegiu m\u00e9s<\/a><\/p>\n","protected":false},"featured_media":17327,"comment_status":"open","ping_status":"closed","template":"","meta":[],"product_cat":[90,91],"product_tag":[],"_links":{"self":[{"href":"https:\/\/showindustrial.com\/ca\/wp-json\/wp\/v2\/product\/17335"}],"collection":[{"href":"https:\/\/showindustrial.com\/ca\/wp-json\/wp\/v2\/product"}],"about":[{"href":"https:\/\/showindustrial.com\/ca\/wp-json\/wp\/v2\/types\/product"}],"replies":[{"embeddable":true,"href":"https:\/\/showindustrial.com\/ca\/wp-json\/wp\/v2\/comments?post=17335"}],"version-history":[{"count":1,"href":"https:\/\/showindustrial.com\/ca\/wp-json\/wp\/v2\/product\/17335\/revisions"}],"predecessor-version":[{"id":17336,"href":"https:\/\/showindustrial.com\/ca\/wp-json\/wp\/v2\/product\/17335\/revisions\/17336"}],"wp:featuredmedia":[{"embeddable":true,"href":"https:\/\/showindustrial.com\/ca\/wp-json\/wp\/v2\/media\/17327"}],"wp:attachment":[{"href":"https:\/\/showindustrial.com\/ca\/wp-json\/wp\/v2\/media?parent=17335"}],"wp:term":[{"taxonomy":"product_cat","embeddable":true,"href":"https:\/\/showindustrial.com\/ca\/wp-json\/wp\/v2\/product_cat?post=17335"},{"taxonomy":"product_tag","embeddable":true,"href":"https:\/\/showindustrial.com\/ca\/wp-json\/wp\/v2\/product_tag?post=17335"}],"curies":[{"name":"wp","href":"https:\/\/api.w.org\/{rel}","templated":true}]}}